{"id":997,"date":"2013-09-18T10:18:31","date_gmt":"2013-09-18T13:18:31","guid":{"rendered":"https:\/\/www.infraestruturameioambiente.sp.gov.br\/pgibt\/?page_id=997"},"modified":"2013-09-18T10:18:31","modified_gmt":"2013-09-18T13:18:31","slug":"2011-fernanda-susi-luccas","status":"publish","type":"page","link":"https:\/\/www.infraestruturameioambiente.sp.gov.br\/pgibt\/dissertacoesteses\/2011-fernanda-susi-luccas\/","title":{"rendered":"Fernanda Susi Luccas MS"},"content":{"rendered":"<h2 style=\"text-align: center\"><a href=\"https:\/\/smastr16.blob.core.windows.net\/pgibt\/2015\/02\/faixapos6.jpg\"><img decoding=\"async\" loading=\"lazy\" class=\"aligncenter size-full wp-image-3777\" style=\"border: 0px\" alt=\"faixapos6\" src=\"https:\/\/smastr16.blob.core.windows.net\/pgibt\/2015\/02\/faixapos6.jpg\" width=\"950\" height=\"163\" srcset=\"https:\/\/smastr16.blob.core.windows.net\/pgibt\/2015\/02\/faixapos6.jpg 950w, https:\/\/smastr16.blob.core.windows.net\/pgibt\/2015\/02\/faixapos6-768x131.jpg 768w\" sizes=\"(max-width: 950px) 100vw, 950px\" \/><\/a><\/h2>\n<hr align=\"center\" noshade=\"noshade\" size=\"1\" width=\"100%\" \/>\n<h2 style=\"text-align: center\">Fernanda Susi Luccas<\/h2>\n<hr align=\"center\" noshade=\"noshade\" size=\"1\" width=\"100%\" \/>\n<p style=\"text-align: center\">No dia 16 de maio de 2011, a aluna Fernanda Susi Luccas do curso de P\u00f3s Gradua\u00e7\u00e3o em Biodiversidade Vegetal e Meio Ambiente,<br \/>\ndefendeu sua disserta\u00e7\u00e3o intitulada:<br \/>\n\u201cEstoques de necromassa em um cerrado <em>sensu stricto<\/em> e uma Floresta Ombr\u00f3fila Densa Montana, no estado de S\u00e3o Paulo\u201d.<\/p>\n<p style=\"text-align: center\">A banca examinadora composta pela Dra Dr. Marcos Pereira Marinho Aidar (Orientador \u2013 Inst. Bot\u00e2nica de S\u00e3o Paulo), Dr. Humberto Ribeiro da Rocha (IAG \/USP \u2013 S\u00e3o Paulo) e Dr. Pl\u00ednio Barbosa de Camargo (ESALQ \/ USP &#8211; Piracicaba).<\/p>\n<hr align=\"center\" noshade=\"noshade\" size=\"1\" width=\"100%\" \/>\n<h3 style=\"text-align: center\">Estoque de Necromassa em um cerrado <em>sensu stricto<\/em> e uma Floresta Ombr\u00f3fila Densa Montana, no estado de S\u00e3o Paulo.<\/h3>\n<hr align=\"center\" noshade=\"noshade\" size=\"1\" width=\"100%\" \/>\n<h4 style=\"text-align: center\"><strong>RESUMO<\/strong><\/h4>\n<p style=\"text-align: justify\">A necromassa desempenha um papel essencial para os processos ecol\u00f3gicos nas florestas. Se poucos estudos de necromassa foram realizados em florestas tropicais, n\u00e3o h\u00e1 nenhum estudo para o cerrado\u00a0<strong><em>sensu stricto<\/em><\/strong>\u00a0(savana brasileira) e a Floresta Ombr\u00f3fila Densa Montana (floresta tropical), do estado de S\u00e3o Paulo, Brasil.\u00a0O objetivo deste trabalho foi quantificar e descrever os padr\u00f5es de necromassa de um cerrado\u00a0<em>sensu stricto<\/em>\u00a0e uma Floresta Ombr\u00f3fila Densa Montana, ambos no estado de S\u00e3o Paulo. A hip\u00f3tese de que \u00e1rea de floresta produz mais necromassa que o cerrado n\u00e3o se confirmou.\u00a0O cerrado apresentou maiores densidades de necromassa que a floresta nas\u00a0 3 classes de decomposi\u00e7\u00e3o, distribuidas entre \u00a0classes de di\u00e2metro (cm) &#8220;P-M&#8221; [2,0 &#8211; 9,9] e &#8220;G&#8221; (\u2265 10,0), necro &#8211; grupos (Dicotiled\u00f4neas arb\u00f3reas, lianas, samambaias, palmeiras, bambus), assim como nos indiv\u00edduos ca\u00eddos e mortos em p\u00e9. A avalia\u00e7\u00e3o do volume e n\u00famero total de pe\u00e7as, apresentou respectivamente, 20470 m\u00b3.ha<sup>-1<\/sup>\u00a0 com\u00a0 30000 pe\u00e7as. ha<sup>-1<\/sup>\u00a0em T1, 13201 m\u00b3.ha<sup>-1<\/sup>\u00a0 com\u00a0\u00a0 22150 pe\u00e7as. ha<sup>-1\u00a0<\/sup>em T2 para a\u00a0 Floresta enquanto o cerrado apresentou\u00a0 12300 m\u00b3.ha<sup>-1<\/sup>\u00a0 com\u00a0\u00a0 15500 pe\u00e7as. ha<sup>-1<\/sup>\u00a0em T1, 6860 m\u00b3.ha<sup>-1<\/sup>\u00a0 com\u00a0 11350 pe\u00e7as. ha<sup>-1\u00a0<\/sup>em T2 . Os estoques anuais de necromassa em T1 e T2 foram respectivamente 4,89 Mg.ha<sup>-1<\/sup>\u00a0(\u00b10,16) e 2,82 Mg.ha<sup>-1<\/sup>\u00a0(\u00b10,18) para o\u00a0 cerrado e de 3,44 Mg.ha<sup>-1\u00a0<\/sup>(\u00b10,26) e 2,66 (\u00b10,32) Mg.ha<sup>-1\u00a0<\/sup>para a floresta. H\u00e1 uma invers\u00e3o da ordem de import\u00e2ncia das quantidades necromassa em cada uma das classe de decomposi\u00e7\u00e3o, entre o per\u00edodo de dados coletados (intervalo 12 meses): se em\u00a0 &#8220;T1&#8221;\u00a0\u00a0\u00a0 a ordem foi grau 2-1-3,\u00a0 em &#8220;T2&#8221; foi 3-1-2. O valor encontrado na necromassa do cerrado \u00e9 explicada pela aus\u00eancia de inc\u00eandios, excelentes condi\u00e7\u00f5es nutricionais do solo e maior densidade, esta provavelmente uma resposta ao ambiente x\u00e9rico.\u00a0 A floresta, al\u00e9m de ter sido desmatada at\u00e9 1977, como uma floresta tropical, tem grande disponibilidade h\u00eddrica e\u00a0 diversidade de esp\u00e9cies, distribuindo o carbono e os recursos minerais de maneira ampla, tornando a densidade e a produ\u00e7\u00e3o total necromassa mais baixas que o cerrado. O Teste de Wilcoxon revelou que n\u00e3o h\u00e1 diferen\u00e7a estatisticamente significativa entre os estoques de necromassa dos diferentes s\u00edtios (p-valor &gt; 0,05).<\/p>\n<p style=\"text-align: justify\"><strong>Palavras-chave:<\/strong>\u00a0Necromassa ca\u00edda e em P\u00e9; cerrado\u00a0<strong><em>sensu stricto<\/em><\/strong>, Floresta Ombr\u00f3fila Densa Montana; 3 classes de decomposi\u00e7\u00e3o; Densidade da necromassa; Estimativa de perda massa de necromassa; Estimativa necromassa de ecossistemas tropicais.<\/p>\n<hr align=\"center\" noshade=\"noshade\" size=\"1\" width=\"100%\" \/>\n<p style=\"text-align: center\"><a href=\"https:\/\/smastr16.blob.core.windows.net\/pgibt\/2013\/09\/pdf_grande.gif\"><img decoding=\"async\" loading=\"lazy\" class=\"aligncenter size-full wp-image-2313\" style=\"border: 0px\" alt=\"pdf_grande\" src=\"https:\/\/smastr16.blob.core.windows.net\/pgibt\/2013\/09\/pdf_grande.gif\" width=\"60\" height=\"60\" \/><\/a><a href=\"https:\/\/smastr16.blob.core.windows.net\/pgibt\/2013\/09\/Fernanda_Susi_Luccas_MS.pdf\" target=\"_blank\">Fernanda Susi Luccas<br \/>\nEstoque de Necromassa em um cerrado sensu stricto e uma Floresta Ombr\u00f3fila Densa Montana, no estado de S\u00e3o Paulo.<\/a><\/p>\n<hr align=\"center\" noshade=\"noshade\" size=\"1\" width=\"100%\" \/>\n<p style=\"text-align: center\"><strong>\u00a0<a href=\"https:\/\/www.infraestruturameioambiente.sp.gov.br\/pgibt\/dissertacoesteses\/\">VOLTAR AS DISSERTA\u00c7\u00d5ES E TESES<\/a><\/strong><\/p>\n<hr align=\"center\" noshade=\"noshade\" size=\"1\" width=\"100%\" \/>\n","protected":false},"excerpt":{"rendered":"<p>Fernanda Susi Luccas No dia 16 de maio de 2011, a aluna Fernanda Susi Luccas do curso de P\u00f3s Gradua\u00e7\u00e3o em Biodiversidade Vegetal e Meio Ambiente, defendeu sua disserta\u00e7\u00e3o intitulada: \u201cEstoques de necromassa em um cerrado sensu stricto e uma Floresta Ombr\u00f3fila Densa Montana, no estado de S\u00e3o Paulo\u201d. A banca examinadora composta pela Dra [&hellip;]<\/p>\n","protected":false},"author":1,"featured_media":0,"parent":249,"menu_order":0,"comment_status":"closed","ping_status":"closed","template":"fullpage.php","meta":[],"_links":{"self":[{"href":"https:\/\/www.infraestruturameioambiente.sp.gov.br\/pgibt\/wp-json\/wp\/v2\/pages\/997"}],"collection":[{"href":"https:\/\/www.infraestruturameioambiente.sp.gov.br\/pgibt\/wp-json\/wp\/v2\/pages"}],"about":[{"href":"https:\/\/www.infraestruturameioambiente.sp.gov.br\/pgibt\/wp-json\/wp\/v2\/types\/page"}],"author":[{"embeddable":true,"href":"https:\/\/www.infraestruturameioambiente.sp.gov.br\/pgibt\/wp-json\/wp\/v2\/users\/1"}],"replies":[{"embeddable":true,"href":"https:\/\/www.infraestruturameioambiente.sp.gov.br\/pgibt\/wp-json\/wp\/v2\/comments?post=997"}],"version-history":[{"count":0,"href":"https:\/\/www.infraestruturameioambiente.sp.gov.br\/pgibt\/wp-json\/wp\/v2\/pages\/997\/revisions"}],"up":[{"embeddable":true,"href":"https:\/\/www.infraestruturameioambiente.sp.gov.br\/pgibt\/wp-json\/wp\/v2\/pages\/249"}],"wp:attachment":[{"href":"https:\/\/www.infraestruturameioambiente.sp.gov.br\/pgibt\/wp-json\/wp\/v2\/media?parent=997"}],"curies":[{"name":"wp","href":"https:\/\/api.w.org\/{rel}","templated":true}]}}