{"id":9789,"date":"2025-09-17T10:22:40","date_gmt":"2025-09-17T13:22:40","guid":{"rendered":"https:\/\/www.infraestruturameioambiente.sp.gov.br\/pgibt\/?page_id=9789"},"modified":"2025-09-17T10:24:13","modified_gmt":"2025-09-17T13:24:13","slug":"karoliny-portes-alves-ms","status":"publish","type":"page","link":"https:\/\/www.infraestruturameioambiente.sp.gov.br\/pgibt\/karoliny-portes-alves-ms\/","title":{"rendered":"Karoliny Portes Alves &#8211; MS"},"content":{"rendered":"<p><img decoding=\"async\" loading=\"lazy\" class=\"size-full wp-image-8353 aligncenter\" src=\"https:\/\/smastr16.blob.core.windows.net\/pgibt\/sites\/242\/2023\/01\/faixaposipa.jpg\" alt=\"\" width=\"950\" height=\"163\" srcset=\"https:\/\/smastr16.blob.core.windows.net\/pgibt\/sites\/242\/2023\/01\/faixaposipa.jpg 950w, https:\/\/smastr16.blob.core.windows.net\/pgibt\/sites\/242\/2023\/01\/faixaposipa-320x55.jpg 320w, https:\/\/smastr16.blob.core.windows.net\/pgibt\/sites\/242\/2023\/01\/faixaposipa-768x132.jpg 768w, https:\/\/smastr16.blob.core.windows.net\/pgibt\/sites\/242\/2023\/01\/faixaposipa-250x43.jpg 250w, https:\/\/smastr16.blob.core.windows.net\/pgibt\/sites\/242\/2023\/01\/faixaposipa-550x94.jpg 550w, https:\/\/smastr16.blob.core.windows.net\/pgibt\/sites\/242\/2023\/01\/faixaposipa-800x137.jpg 800w\" sizes=\"(max-width: 950px) 100vw, 950px\" \/><\/p>\n<hr align=\"center\" noshade=\"noshade\" size=\"1\" width=\"100%\" \/>\n<h2 style=\"text-align: center\">Karoliny Portes Alves<\/h2>\n<hr align=\"center\" noshade=\"noshade\" size=\"1\" width=\"100%\" \/>\n<p style=\"text-align: center\">RESUMO: A Floresta Atl\u00e2ntica possui uma elevada diversidade de esp\u00e9cies e alto grau de endemismo. Apresenta diferentes fitofisionomias, incluindo os Campos de Altitude, restrito aos topos das cadeias de montanhas mais elevadas da regi\u00e3o sudeste do Brasil, como as do Parque Nacional do Capara\u00f3, uma Unidade de Conserva\u00e7\u00e3o localizada entre Minas Gerais e Esp\u00edrito Santo. O objetivo deste trabalho foi realizar um estudo flor\u00edstico e ecol\u00f3gico com as bri\u00f3fitas deste parque. Foram encontradas 648 esp\u00e9cies para a localidade, na qual os musgos foram os mais representativos com 374 esp\u00e9cies, seguido das hep\u00e1ticas (269 spp.) e ant\u00f3ceros (5 spp.). Tamb\u00e9m avaliamos dados sobre a distribui\u00e7\u00e3o geogr\u00e1fica regional e global, al\u00e9m de aspectos reprodutivos e ecol\u00f3gicos, como formas de vida e substratos colonizados. Os principais dom\u00ednios fitogeogr\u00e1ficos compartilhados foram a Mata Atl\u00e2ntica, o Cerrado e a Amaz\u00f4nia, com predom\u00ednio de esp\u00e9cies neotropicais (50,5%). Os substratos rup\u00edcolas foram os mais comuns (26,3%), refletindo a influ\u00eancia dos Campos de Altitude. Em rela\u00e7\u00e3o \u00e0s formas de vida, os tapetes foram os mais frequentes (32,6%). O sistema sexual predominante foi di\u00f3ico (54,7%), e 22% das esp\u00e9cies apresentaram espor\u00f3fitos. Em rela\u00e7\u00e3o ao estudo ecol\u00f3gico, os resultados mostraram que houve predomin\u00e2ncia de musgos, e que a maioria das esp\u00e9cies tinham uma ocorr\u00eancia rara. Para a similaridade, foi constatado que as tr\u00eas \u00e1reas analisadas (duas no Esp\u00edrito Santo e uma em Minas Gerais) s\u00e3o homog\u00eaneas e de acordo com as caracter\u00edsticas morfo-ecol\u00f3gicas a vari\u00e1vel umidade e modo de vida influenciaram positivamente a composi\u00e7\u00e3o das comunidades de bri\u00f3fitas encontradas no Capara\u00f3. O desenvolvimento deste trabalho tamb\u00e9m possibilitou reencontrar uma esp\u00e9cie end\u00eamica do Capara\u00f3 em que s\u00f3 havia conhecimento e registro do material Tipo, assim, tamb\u00e9m foi feita uma an\u00e1lise do status de conserva\u00e7\u00e3o desta esp\u00e9cie. Al\u00e9m disso, o estudo tamb\u00e9m proporcionou a identifica\u00e7\u00e3o de duas novas esp\u00e9cies de musgos pleuroc\u00e1rpicos. Esses resultados ressaltam a import\u00e2ncia do Capara\u00f3 para a conserva\u00e7\u00e3o da biodiversidade, contribuindo significativamente para o conhecimento da flora de bri\u00f3fitas no Brasil.<\/p>\n<hr align=\"center\" noshade=\"noshade\" size=\"1\" width=\"100%\" \/>\n<h3 style=\"text-align: center\">Bri\u00f3fitas do Parque Nacional do Capara\u00f3, Esp\u00edrito Santo e Minas Gerais, Brasil<\/h3>\n<hr align=\"center\" noshade=\"noshade\" size=\"1\" width=\"100%\" \/>\n<h4 style=\"text-align: center\"><strong>RESUMO<\/strong><\/h4>\n<p style=\"text-align: justify\">A Floresta Atl\u00e2ntica possui uma elevada diversidade de esp\u00e9cies e alto grau de endemismo. Apresenta diferentes fitofisionomias, incluindo os Campos de Altitude, restrito aos topos das cadeias de montanhas mais elevadas da regi\u00e3o sudeste do Brasil, como as do Parque Nacional do Capara\u00f3, uma Unidade de Conserva\u00e7\u00e3o localizada entre Minas Gerais e Esp\u00edrito Santo. O objetivo deste trabalho foi realizar um estudo flor\u00edstico e ecol\u00f3gico com as bri\u00f3fitas deste parque. Foram encontradas 648 esp\u00e9cies para a localidade, na qual os musgos foram os mais representativos com 374 esp\u00e9cies, seguido das hep\u00e1ticas (269 spp.) e ant\u00f3ceros (5 spp.). Tamb\u00e9m avaliamos dados sobre a distribui\u00e7\u00e3o geogr\u00e1fica regional e global, al\u00e9m de aspectos reprodutivos e ecol\u00f3gicos, como formas de vida e substratos colonizados. Os principais dom\u00ednios fitogeogr\u00e1ficos compartilhados foram a Mata Atl\u00e2ntica, o Cerrado e a Amaz\u00f4nia, com predom\u00ednio de esp\u00e9cies neotropicais (50,5%). Os substratos rup\u00edcolas foram os mais comuns (26,3%), refletindo a influ\u00eancia dos Campos de Altitude. Em rela\u00e7\u00e3o \u00e0s formas de vida, os tapetes foram os mais frequentes (32,6%). O sistema sexual predominante foi di\u00f3ico (54,7%), e 22% das esp\u00e9cies apresentaram espor\u00f3fitos. Em rela\u00e7\u00e3o ao estudo ecol\u00f3gico, os resultados mostraram que houve predomin\u00e2ncia de musgos, e que a maioria das esp\u00e9cies tinham uma ocorr\u00eancia rara. Para a similaridade, foi constatado que as tr\u00eas \u00e1reas analisadas (duas no Esp\u00edrito Santo e uma em Minas Gerais) s\u00e3o homog\u00eaneas e de acordo com as caracter\u00edsticas morfo-ecol\u00f3gicas a vari\u00e1vel umidade e modo de vida influenciaram positivamente a composi\u00e7\u00e3o das comunidades de bri\u00f3fitas encontradas no Capara\u00f3. O desenvolvimento deste trabalho tamb\u00e9m possibilitou reencontrar uma esp\u00e9cie end\u00eamica do Capara\u00f3 em que s\u00f3 havia conhecimento e registro do material Tipo, assim, tamb\u00e9m foi feita uma an\u00e1lise do status de conserva\u00e7\u00e3o desta esp\u00e9cie. Al\u00e9m disso, o estudo tamb\u00e9m proporcionou a identifica\u00e7\u00e3o de duas novas esp\u00e9cies de musgos pleuroc\u00e1rpicos. Esses resultados ressaltam a import\u00e2ncia do Capara\u00f3 para a conserva\u00e7\u00e3o da biodiversidade, contribuindo significativamente para o conhecimento da flora de bri\u00f3fitas no Brasil.<\/p>\n<p style=\"text-align: justify\"><strong>Palavras-chave:\u00a0<\/strong> Invent\u00e1rio flor\u00edstico, conserva\u00e7\u00e3o, biodiversidade<\/p>\n<p style=\"text-align: center\"><strong>ABSTRACT<\/strong><\/p>\n<p style=\"text-align: justify\">The Atlantic Forest has a high species diversity and a high degree of endemism. It presents different phytophysiognomies, including the High-Altitude Grasslands, which are restricted to the summits of the highest mountain ranges in southeastern Brazil, such as those in the Capara\u00f3 National Park, a Conservation Unit located between the states of Minas Gerais and Esp\u00edrito Santo. The objective of this study was to carry out a floristic and ecological survey of the bryophytes in this park. A total of 648 species were found in the area, with mosses being the most representative group (374 species), followed by liverworts (269 spp.) and hornworts (5 spp.). We also assessed data on regional and global geographic distribution, as well as reproductive and ecological aspects, such as life forms and colonized substrates. The main shared phytogeographic domains were the Atlantic Forest, the Cerrado, and the Amazon, with a predominance of Neotropical species (50.5%). Rock-dwelling substrates were the most common (26.3%), reflecting the influence of the High-Altitude Grasslands. As for life forms, mats were the most frequent (32.6%). The predominant sexual system was dioicous (54.7%), and 22% of the species presented sporophytes. Regarding the ecological study, results showed a predominance of mosses, and most of the species had rare occurrences. Similarity analysis indicated that the areas studied (two in Esp\u00edrito Santo and one in Minas Gerais) are homogeneous, and based on the morpho-ecological characteristics, the variables humidity and life form had a positive influence on the composition of the bryophyte communities found in Capara\u00f3. This study also enabled the rediscovery of a species endemic to Capara\u00f3, which until then was only known from its type specimen. Consequently, a conservation status assessment of this species was conducted. Additionally, the study led to the identification of two new species of pleurocarpous mosses. These results highlight the importance of Capara\u00f3 for biodiversity conservation, making a significant contribution to the knowledge of bryophyte flora in Brazil.<\/p>\n<p style=\"text-align: justify\"><strong>\u00a0Key words: <\/strong>Floristic inventory, conservation, biodiversity.<\/p>\n<hr align=\"center\" noshade=\"noshade\" size=\"1\" width=\"100%\" \/>\n<p style=\"text-align: center\"><a href=\"https:\/\/smastr16.blob.core.windows.net\/pgibt\/sites\/242\/2025\/09\/karoliny_portes_alves-ms.pdf\" target=\"_blank\" rel=\"noopener\"><img decoding=\"async\" loading=\"lazy\" class=\"aligncenter\" src=\"https:\/\/smastr16.blob.core.windows.net\/pgibt\/2013\/09\/pdf_grande.gif\" alt=\"pdf_grande\" width=\"60\" height=\"60\" \/><\/a><a href=\"https:\/\/smastr16.blob.core.windows.net\/pgibt\/sites\/242\/2025\/09\/karoliny_portes_alves-ms.pdf\"><strong>Karoliny Portes Alves<\/strong><\/a><br \/>\n<a href=\"https:\/\/smastr16.blob.core.windows.net\/pgibt\/sites\/242\/2025\/09\/karoliny_portes_alves-ms.pdf\">Bri\u00f3fitas do Parque Nacional do Capara\u00f3, Esp\u00edrito Santo e Minas Gerais, Brasil<\/a><\/p>\n<hr align=\"center\" noshade=\"noshade\" size=\"1\" width=\"100%\" \/>\n<p style=\"text-align: center\"><strong>\u00a0<a href=\"www.infraestruturameioambiente.sp.gov.br\/pgibt\/dissertacoesteses\/\">VOLTAR AS DISSERTA\u00c7\u00d5ES E TESES<\/a><\/strong><\/p>\n<hr align=\"center\" noshade=\"noshade\" size=\"1\" width=\"&quot;10&lt;\/p\" \/>\n","protected":false},"excerpt":{"rendered":"<p>Karoliny Portes Alves RESUMO: A Floresta Atl\u00e2ntica possui uma elevada diversidade de esp\u00e9cies e alto grau de endemismo. Apresenta diferentes fitofisionomias, incluindo os Campos de Altitude, restrito aos topos das cadeias de montanhas mais elevadas da regi\u00e3o sudeste do Brasil, como as do Parque Nacional do Capara\u00f3, uma Unidade de Conserva\u00e7\u00e3o localizada entre Minas Gerais [&hellip;]<\/p>\n","protected":false},"author":187,"featured_media":0,"parent":0,"menu_order":0,"comment_status":"closed","ping_status":"closed","template":"","meta":[],"_links":{"self":[{"href":"https:\/\/www.infraestruturameioambiente.sp.gov.br\/pgibt\/wp-json\/wp\/v2\/pages\/9789"}],"collection":[{"href":"https:\/\/www.infraestruturameioambiente.sp.gov.br\/pgibt\/wp-json\/wp\/v2\/pages"}],"about":[{"href":"https:\/\/www.infraestruturameioambiente.sp.gov.br\/pgibt\/wp-json\/wp\/v2\/types\/page"}],"author":[{"embeddable":true,"href":"https:\/\/www.infraestruturameioambiente.sp.gov.br\/pgibt\/wp-json\/wp\/v2\/users\/187"}],"replies":[{"embeddable":true,"href":"https:\/\/www.infraestruturameioambiente.sp.gov.br\/pgibt\/wp-json\/wp\/v2\/comments?post=9789"}],"version-history":[{"count":2,"href":"https:\/\/www.infraestruturameioambiente.sp.gov.br\/pgibt\/wp-json\/wp\/v2\/pages\/9789\/revisions"}],"predecessor-version":[{"id":9792,"href":"https:\/\/www.infraestruturameioambiente.sp.gov.br\/pgibt\/wp-json\/wp\/v2\/pages\/9789\/revisions\/9792"}],"wp:attachment":[{"href":"https:\/\/www.infraestruturameioambiente.sp.gov.br\/pgibt\/wp-json\/wp\/v2\/media?parent=9789"}],"curies":[{"name":"wp","href":"https:\/\/api.w.org\/{rel}","templated":true}]}}