{"id":9753,"date":"2025-08-27T14:52:53","date_gmt":"2025-08-27T17:52:53","guid":{"rendered":"https:\/\/www.infraestruturameioambiente.sp.gov.br\/pgibt\/?page_id=9753"},"modified":"2025-08-27T14:52:53","modified_gmt":"2025-08-27T17:52:53","slug":"gabriela-de-jesus-lavagnolli-ms","status":"publish","type":"page","link":"https:\/\/www.infraestruturameioambiente.sp.gov.br\/pgibt\/gabriela-de-jesus-lavagnolli-ms\/","title":{"rendered":"Gabriela de Jesus Lavagnolli &#8211; MS"},"content":{"rendered":"<p><img decoding=\"async\" loading=\"lazy\" class=\"size-full wp-image-8353 aligncenter\" src=\"https:\/\/smastr16.blob.core.windows.net\/pgibt\/sites\/242\/2023\/01\/faixaposipa.jpg\" alt=\"\" width=\"950\" height=\"163\" srcset=\"https:\/\/smastr16.blob.core.windows.net\/pgibt\/sites\/242\/2023\/01\/faixaposipa.jpg 950w, https:\/\/smastr16.blob.core.windows.net\/pgibt\/sites\/242\/2023\/01\/faixaposipa-320x55.jpg 320w, https:\/\/smastr16.blob.core.windows.net\/pgibt\/sites\/242\/2023\/01\/faixaposipa-768x132.jpg 768w, https:\/\/smastr16.blob.core.windows.net\/pgibt\/sites\/242\/2023\/01\/faixaposipa-250x43.jpg 250w, https:\/\/smastr16.blob.core.windows.net\/pgibt\/sites\/242\/2023\/01\/faixaposipa-550x94.jpg 550w, https:\/\/smastr16.blob.core.windows.net\/pgibt\/sites\/242\/2023\/01\/faixaposipa-800x137.jpg 800w\" sizes=\"(max-width: 950px) 100vw, 950px\" \/><\/p>\n<hr align=\"center\" noshade=\"noshade\" size=\"1\" width=\"100%\" \/>\n<h2 style=\"text-align: center\"><span data-olk-copy-source=\"MessageBody\">Gabriela de Jesus Lavagnolli<\/span><\/h2>\n<hr align=\"center\" noshade=\"noshade\" size=\"1\" width=\"100%\" \/>\n<p style=\"text-align: center\">Em 29 de abril de 2025, Gabriela de Jesus Lavagnolli, aluna de mestrado do Programa de P\u00f3s-Gradua\u00e7\u00e3o em Biodiversidade Vegetal e Meio Ambiente do Instituto de Pesquisas Ambientais, defendeu sua Disserta\u00e7\u00e3o de Mestrado, de forma remota por videoconfer\u00eancia, \u00e0s 14h, intitulada \u201cEfeitos do aquecimento e enriquecimento por N sobre a biomassa e estrutura da comunidade de algas no perif\u00edton\u201d.<\/p>\n<p style=\"text-align: center\"><img decoding=\"async\" loading=\"lazy\" class=\"aligncenter size-full wp-image-9754\" src=\"https:\/\/smastr16.blob.core.windows.net\/pgibt\/sites\/242\/2025\/08\/gabriela-de-jesus-lavagnolli.jpg\" alt=\"\" width=\"903\" height=\"636\" srcset=\"https:\/\/smastr16.blob.core.windows.net\/pgibt\/sites\/242\/2025\/08\/gabriela-de-jesus-lavagnolli.jpg 903w, https:\/\/smastr16.blob.core.windows.net\/pgibt\/sites\/242\/2025\/08\/gabriela-de-jesus-lavagnolli-273x192.jpg 273w, https:\/\/smastr16.blob.core.windows.net\/pgibt\/sites\/242\/2025\/08\/gabriela-de-jesus-lavagnolli-768x541.jpg 768w, https:\/\/smastr16.blob.core.windows.net\/pgibt\/sites\/242\/2025\/08\/gabriela-de-jesus-lavagnolli-250x176.jpg 250w, https:\/\/smastr16.blob.core.windows.net\/pgibt\/sites\/242\/2025\/08\/gabriela-de-jesus-lavagnolli-550x387.jpg 550w, https:\/\/smastr16.blob.core.windows.net\/pgibt\/sites\/242\/2025\/08\/gabriela-de-jesus-lavagnolli-800x563.jpg 800w, https:\/\/smastr16.blob.core.windows.net\/pgibt\/sites\/242\/2025\/08\/gabriela-de-jesus-lavagnolli-256x180.jpg 256w, https:\/\/smastr16.blob.core.windows.net\/pgibt\/sites\/242\/2025\/08\/gabriela-de-jesus-lavagnolli-426x300.jpg 426w, https:\/\/smastr16.blob.core.windows.net\/pgibt\/sites\/242\/2025\/08\/gabriela-de-jesus-lavagnolli-710x500.jpg 710w\" sizes=\"(max-width: 903px) 100vw, 903px\" \/><br \/>\nA banca examinadora foi presidida por sua orientadora, Dra. Carla Ferragut (Instituto de Pesquisas Ambientais \u2013 IPA), e composta pela Dra. Gisele Carolina Marquardt (Universidade Federal do Paran\u00e1) e pelo Dr. Jo\u00e3o Alexandre Saviolo Osti (Universidade de Guarulhos).<\/p>\n<hr align=\"center\" noshade=\"noshade\" size=\"1\" width=\"100%\" \/>\n<h3 style=\"text-align: center\">Efeitos do aquecimento e enriquecimento por N sobre a biomassa e estrutura da comunidade de algas no perif\u00edton<\/h3>\n<hr align=\"center\" noshade=\"noshade\" size=\"1\" width=\"100%\" \/>\n<h4 style=\"text-align: center\"><strong>RESUMO<\/strong><\/h4>\n<p style=\"text-align: justify\">O aquecimento global pode favorecer a desnitrifica\u00e7\u00e3o nos ecossistemas aqu\u00e1ticos e, consequentemente, causar limita\u00e7\u00e3o por nitrog\u00eanio para a comunidade de algas e cianobact\u00e9rias. O presente estudo analisou o efeito do aquecimento sobre o perif\u00edton em condi\u00e7\u00f5es de alta disponibilidade de nitrog\u00eanio, visando analisar as mudan\u00e7as na biomassa e estrutura da comunidade de algas e cianobact\u00e9rias em um poss\u00edvel cen\u00e1rio futuro. Dois questionamentos foram respondidos: <em>i)<\/em> A biomassa e o biovolume de algas e cianobact\u00e9rias no perif\u00edton podem ser afetados negativamente pelo aquecimento em condi\u00e7\u00f5es de alta disponibilidade de N?; <em>ii)<\/em> Com base na variabilidade da comunidade de algas e cianobact\u00e9rias em dois cen\u00e1rios de temperatura, as esp\u00e9cies descritoras foram associadas ao aquecimento e a varia\u00e7\u00e3o na disponibilidade de N? Para responder os questionamentos, um experimento foi realizado para simular um ambiente com elevada disponibilidade de nitrog\u00eanio e elevada temperatura para o per\u00edodo de inverno. A estrutura da comunidade de algas e cianobact\u00e9rias perif\u00edticas em substrato artificial foi avaliada durante um per\u00edodo de coloniza\u00e7\u00e3o de 24 dias. A amostragem da \u00e1gua e do perif\u00edton foram realizadas nos dias 3, 10, 17 e 24 do per\u00edodo experimental. O experimento foi realizado em mesocosmos inseridos em c\u00e2maras de crescimento com condi\u00e7\u00f5es controladas de luz, temperatura e umidade (c\u00e2mara controle e aquecida). O experimento foi constitu\u00eddo de dois tratamentos em r\u00e9plicas (n = 4): <em>tratamento com adi\u00e7\u00e3o de nitrog\u00eanio e <u>sem<\/u> aquecimento<\/em>; <strong>AN<\/strong> <em>tratamento com adi\u00e7\u00e3o de nitrog\u00eanio e <u>com<\/u> aquecimento<\/em>.\u00a0 Com base nos dados do IPPC, a temperatura do ambiente foi mantida elevada na c\u00e2mara aquecida, sendo 5,7\u00ba C maior do que o ambiente da c\u00e2mara controle. O aquecimento do ambiente teve efeito sobre as condi\u00e7\u00f5es abi\u00f3ticas e bi\u00f3ticas da \u00e1gua, especialmente sobre a concentra\u00e7\u00e3o de nitrog\u00eanio inorg\u00e2nico dissolvido, que foi significativamente reduzida. Os resultados mostraram que o aquecimento levou a perda N do sistema. Apesar da aus\u00eancia de diferen\u00e7a significativa entre tratamentos, a biomassa fotossint\u00e9tica do perif\u00edton foi reduzida (44,5%) com aumento de temperatura e em baixa de disponibilidade de nitrog\u00eanio inorg\u00e2nico dissolvido. Apesar das fases mais avan\u00e7adas na coloniza\u00e7\u00e3o apresentarem os maiores valores de massa seca livre de cinzas, o componente algal foi bastante reduzido, conforme evidenciado pelo aumento da raz\u00e3o MSCL:Clorofila-a. O aquecimento aliado a redu\u00e7\u00e3o do nitrog\u00eanio inorg\u00e2nico dissolvido tornou a comunidade mais heterotr\u00f3fica ao longo da coloniza\u00e7\u00e3o. O aquecimento causou mudan\u00e7as na estrutura da comunidade de algas e cianobact\u00e9rias ao longo da coloniza\u00e7\u00e3o, redirecionado mudan\u00e7as na composi\u00e7\u00e3o de esp\u00e9cies ao longo da coloniza\u00e7\u00e3o. O aquecimento favoreceu o aumento do biovolume m\u00e9dio de esp\u00e9cies mixotr\u00f3ficas (<em>Trachelomonas volvocinopsis, Trachelomonas lacustris) <\/em>e desm\u00eddias pequenas (&lt;20 \u00b5m de m\u00e1xima dimens\u00e3o linear; S<em>taurastrum<\/em> sp. e <em>Cosmarium pachydermum<\/em>). Os resultados encontrados sugerem que o aquecimento global pode reduzir seu papel ecol\u00f3gico do perif\u00edton nos ecossistemas lacustres devido \u00e0 redu\u00e7\u00e3o da biomassa fotossint\u00e9tica, biovolume algal e mudan\u00e7as na composi\u00e7\u00e3o de esp\u00e9cies. Os resultados obtidos podem aprimorar a compreens\u00e3o sobre as respostas da biomassa e a estrutura das comunidades de algas e cianobact\u00e9rias no perif\u00edton de lagos mesotr\u00f3ficos, especialmente em um cen\u00e1rio futuro de aquecimento global.<\/p>\n<p style=\"text-align: justify\"><strong>\u00a0<\/strong><strong>Palavras-chave: <\/strong>algas e cianobact\u00e9rias, biomassa, enriquecimento por nitrog\u00eanio, perif\u00edton, temperatura<\/p>\n<p>&nbsp;<\/p>\n<p style=\"text-align: center\"><strong>ABSTRACT<\/strong><\/p>\n<p style=\"text-align: justify\">Global warming can favor denitrification in aquatic ecosystems and, consequently, cause nitrogen limitations for the algal and cyanobacterial community. This study analyzed the warming effect on periphyton under N-enriched conditions, evaluating the changes in the biomass and algal and cyanobacterial community structure. Two questions were answered: i) Can the biomass and biovolume of algae and cyanobacteria in periphyton be negatively affected by warming under N-enriched conditions? ii) Based on the variability of the algal and cyanobacterial community under two temperature scenarios, were the descriptor species associated with warming and the variation in N availability? To answer these questions, an experiment was conducted to simulate an environment with high nitrogen availability and high temperatures during the winter period. The community structure of periphytic algae and cyanobacteria on an artificial substrate was evaluated during a 24-day colonization period. Water and periphyton sampling were performed on days 3, 10, 17, and 24 of the experimental time. The experiment was conducted in mesocosms inserted in growth chambers with controlled light, temperature, and humidity conditions (control and warming chamber). The experiment consisted of two replicate treatments (n = 4): treatment with nitrogen addition and without warming; and treatment with nitrogen addition and warming (IPPC, 5.7\u00b0C). Warming the ambient temperature influenced the abiotic and biotic conditions of the water, especially on the dissolved inorganic nitrogen concentration, which was significantly reduced. The results showed that warming led to N loss. Despite the absence of significant differences between treatments, periphyton photosynthetic biomass decreased (44.5%) with increasing temperature and decreasing dissolved inorganic nitrogen availability. Although the most advanced colonization phases presented the highest ash-free dry mass, the algal component was significantly reduced, as evidenced by the increased AFDM: Chlorophyll-<em>a<\/em> ratio. The periphyton was more heterotrophic throughout colonization. Warming caused changes in community structure of algae and cyanobacteria throughout colonization, redirecting changes in species composition. Warming favored an increase in the average biovolume of mixotrophic species (<em>Trachelomonas volvocinopsis<\/em>, <em>Trachelomonas lacustris<\/em>) and small desmids (&lt;20 \u00b5m MDL; <em>Staurastrum<\/em> sp. and <em>Cosmarium pachydermum<\/em>). The results suggest that global warming may reduce the ecological role of periphyton in the lake ecosystems due to reduced photosynthetic biomass, algal biovolume, and changes in species composition. The results obtained may improve the understanding of the biomass responses and structure of algal and cyanobacterial communities in the periphyton of mesotrophic lakes, especially in a future global warming scenario.<\/p>\n<p style=\"text-align: justify\"><strong>\u00a0<\/strong><strong>Keywords:<\/strong> algae and cyanobacteria, biomass, nitrogen enrichment, periphyton, temperature<\/p>\n<hr align=\"center\" noshade=\"noshade\" size=\"1\" width=\"100%\" \/>\n<p style=\"text-align: center\"><a href=\"https:\/\/smastr16.blob.core.windows.net\/pgibt\/sites\/242\/2025\/08\/gabriela_de_jesus_lavagnolli_ms.pdf\" target=\"_blank\" rel=\"noopener\"><img decoding=\"async\" loading=\"lazy\" class=\"aligncenter\" src=\"https:\/\/smastr16.blob.core.windows.net\/pgibt\/2013\/09\/pdf_grande.gif\" alt=\"pdf_grande\" width=\"60\" height=\"60\" \/><\/a><a href=\"https:\/\/smastr16.blob.core.windows.net\/pgibt\/sites\/242\/2025\/08\/gabriela_de_jesus_lavagnolli_ms.pdf\"><strong><span data-olk-copy-source=\"MessageBody\">Gabriela de Jesus Lavagnolli<\/span><\/strong><\/a><br \/>\n<a href=\"https:\/\/smastr16.blob.core.windows.net\/pgibt\/sites\/242\/2025\/08\/gabriela_de_jesus_lavagnolli_ms.pdf\">Efeitos do aquecimento e enriquecimento por N sobre a biomassa e estrutura da comunidade de algas no perif\u00edton<\/a><\/p>\n<hr align=\"center\" noshade=\"noshade\" size=\"1\" width=\"100%\" \/>\n<p style=\"text-align: center\"><strong>\u00a0<a href=\"www.infraestruturameioambiente.sp.gov.br\/pgibt\/dissertacoesteses\/\">VOLTAR AS DISSERTA\u00c7\u00d5ES E TESES<\/a><\/strong><\/p>\n<hr align=\"center\" noshade=\"noshade\" size=\"1\" width=\"&quot;10&lt;\/p\" \/>\n","protected":false},"excerpt":{"rendered":"<p>Gabriela de Jesus Lavagnolli Em 29 de abril de 2025, Gabriela de Jesus Lavagnolli, aluna de mestrado do Programa de P\u00f3s-Gradua\u00e7\u00e3o em Biodiversidade Vegetal e Meio Ambiente do Instituto de Pesquisas Ambientais, defendeu sua Disserta\u00e7\u00e3o de Mestrado, de forma remota por videoconfer\u00eancia, \u00e0s 14h, intitulada \u201cEfeitos do aquecimento e enriquecimento por N sobre a biomassa [&hellip;]<\/p>\n","protected":false},"author":187,"featured_media":0,"parent":0,"menu_order":0,"comment_status":"closed","ping_status":"closed","template":"","meta":[],"_links":{"self":[{"href":"https:\/\/www.infraestruturameioambiente.sp.gov.br\/pgibt\/wp-json\/wp\/v2\/pages\/9753"}],"collection":[{"href":"https:\/\/www.infraestruturameioambiente.sp.gov.br\/pgibt\/wp-json\/wp\/v2\/pages"}],"about":[{"href":"https:\/\/www.infraestruturameioambiente.sp.gov.br\/pgibt\/wp-json\/wp\/v2\/types\/page"}],"author":[{"embeddable":true,"href":"https:\/\/www.infraestruturameioambiente.sp.gov.br\/pgibt\/wp-json\/wp\/v2\/users\/187"}],"replies":[{"embeddable":true,"href":"https:\/\/www.infraestruturameioambiente.sp.gov.br\/pgibt\/wp-json\/wp\/v2\/comments?post=9753"}],"version-history":[{"count":1,"href":"https:\/\/www.infraestruturameioambiente.sp.gov.br\/pgibt\/wp-json\/wp\/v2\/pages\/9753\/revisions"}],"predecessor-version":[{"id":9756,"href":"https:\/\/www.infraestruturameioambiente.sp.gov.br\/pgibt\/wp-json\/wp\/v2\/pages\/9753\/revisions\/9756"}],"wp:attachment":[{"href":"https:\/\/www.infraestruturameioambiente.sp.gov.br\/pgibt\/wp-json\/wp\/v2\/media?parent=9753"}],"curies":[{"name":"wp","href":"https:\/\/api.w.org\/{rel}","templated":true}]}}