{"id":967,"date":"2013-09-18T09:13:47","date_gmt":"2013-09-18T12:13:47","guid":{"rendered":"https:\/\/www.infraestruturameioambiente.sp.gov.br\/pgibt\/?page_id=967"},"modified":"2013-09-18T09:13:47","modified_gmt":"2013-09-18T12:13:47","slug":"2007-cristiane-de-almeida-nascimento","status":"publish","type":"page","link":"https:\/\/www.infraestruturameioambiente.sp.gov.br\/pgibt\/dissertacoesteses\/2007-cristiane-de-almeida-nascimento\/","title":{"rendered":"Cristiane de Almeida Nascimento MS"},"content":{"rendered":"<h2 style=\"text-align: center\"><a href=\"https:\/\/smastr16.blob.core.windows.net\/pgibt\/2015\/02\/faixapos6.jpg\"><img decoding=\"async\" loading=\"lazy\" class=\"aligncenter size-full wp-image-3777\" style=\"border: 0px\" alt=\"faixapos6\" src=\"https:\/\/smastr16.blob.core.windows.net\/pgibt\/2015\/02\/faixapos6.jpg\" width=\"950\" height=\"163\" srcset=\"https:\/\/smastr16.blob.core.windows.net\/pgibt\/2015\/02\/faixapos6.jpg 950w, https:\/\/smastr16.blob.core.windows.net\/pgibt\/2015\/02\/faixapos6-768x131.jpg 768w\" sizes=\"(max-width: 950px) 100vw, 950px\" \/><\/a><\/h2>\n<hr align=\"center\" noshade=\"noshade\" size=\"1\" width=\"100%\" \/>\n<h2 style=\"text-align: center\">Cristiane de Almeida Nascimento<\/h2>\n<hr align=\"center\" noshade=\"noshade\" size=\"1\" width=\"100%\" \/>\n<p style=\"text-align: center\">Cristiane de Almeida Nascimento, aluna de p\u00f3s-gradua\u00e7\u00e3o em Biodiversidade Vegetal e Meio Ambiente, do Instituto de Bot\u00e2nica de S\u00e3o Paulo (IBt), bolsista Cnpq, defendeu no dia 5 de fevereiro de 2007 sua disserta\u00e7\u00e3o de Mestrado intitulada:<br \/>\n&#8220;Diversidade de\u00a0Chytridiomycota\u00a0do Parque Estadual da Serra da Cantareira, estado de S\u00e3o Paulo&#8221;.<\/p>\n<p style=\"text-align: center\">A banca examinadora foi composta pela sua orientadora Dra.Carmen Lidia Amorim Pires Zottarelli (Instituto de Bot\u00e2nica),<br \/>\nDr. Adauto Ivo Milanez (Instituto de Bot\u00e2nica) e Dr. Jos\u00e9 de Ribamar de Sousa Rocha (Universidade Federal do Piau\u00ed).<\/p>\n<div id=\"attachment_971\" style=\"width: 256px\" class=\"wp-caption aligncenter\"><a href=\"https:\/\/smastr16.blob.core.windows.net\/pgibt\/2013\/09\/cris_almeida2.jpg\"><img aria-describedby=\"caption-attachment-971\" decoding=\"async\" loading=\"lazy\" class=\"size-full wp-image-971\" alt=\"Dr. Jos\u00e9 de Ribamar de Sousa Rocha(UF Piaui), Dra.Cardem Lidia Amorim Pires Zottarelli(IBt) e  Dr. Adauto Ivo Milanez(IBt)\" src=\"https:\/\/smastr16.blob.core.windows.net\/pgibt\/2013\/09\/cris_almeida2.jpg\" width=\"246\" height=\"185\" \/><\/a><p id=\"caption-attachment-971\" class=\"wp-caption-text\">Dr. Jos\u00e9 de Ribamar de Sousa Rocha(UF Piaui), Dra.Cardem Lidia Amorim Pires Zottarelli(IBt) e<br \/>Dr. Adauto Ivo Milanez(IBt)<\/p><\/div>\n<hr align=\"center\" noshade=\"noshade\" size=\"1\" width=\"100%\" \/>\n<h3 style=\"text-align: center\">Diversidade de\u00a0Chytridiomycota\u00a0do Parque Estadual da Serra da Cantareira, estado de S\u00e3o Paulo<\/h3>\n<hr align=\"center\" noshade=\"noshade\" size=\"1\" width=\"100%\" \/>\n<h4 style=\"text-align: center\"><strong>RESUMO<\/strong><\/h4>\n<p style=\"text-align: justify\">O presente trabalho teve como principais objetivos realizar um levantamento dos quitridiomicetos ocorrentes no Parque Estadual da Serra da Cantareira, munic\u00edpio de S\u00e3o Paulo, SP e, por meio da an\u00e1lise de componentes principais (ACP), correlacionar os fatores abi\u00f3ticos mensurados com a ocorr\u00eancia dos t\u00e1xons mais freq\u00fcentemente isolados. O isolamento destes fungos foi realizado a partir do m\u00e9todo de iscagem m\u00faltipla das amostras de \u00e1gua e solo com substratos celul\u00f3sicos, quitinosos e queratinosos, em laborat\u00f3rio e, utiliza\u00e7\u00e3o de frutos submersos nos corpos d&#8217;\u00e1gua, em campo. 29 t\u00e1xons foram identificados e, dentre estes, seis s\u00e3o primeira cita\u00e7\u00e3o para o Brasil e um \u00e9 nova ocorr\u00eancia para o estado de S\u00e3o Paulo.<\/p>\n<p style=\"text-align: center\"><a href=\"https:\/\/smastr16.blob.core.windows.net\/pgibt\/2013\/09\/cristiane1.jpg\"><img decoding=\"async\" loading=\"lazy\" class=\"aligncenter  wp-image-3182\" style=\"border: 0px\" alt=\"cristiane1\" src=\"https:\/\/smastr16.blob.core.windows.net\/pgibt\/2013\/09\/cristiane1.jpg\" width=\"696\" height=\"481\" \/><\/a><\/p>\n<p>&nbsp;<\/p>\n<hr align=\"center\" noshade=\"noshade\" size=\"1\" width=\"100%\" \/>\n<p style=\"text-align: center\"><a href=\"https:\/\/smastr16.blob.core.windows.net\/pgibt\/2013\/09\/pdf_grande.gif\"><img decoding=\"async\" loading=\"lazy\" class=\"aligncenter size-full wp-image-2313\" style=\"border: 0px\" alt=\"pdf_grande\" src=\"https:\/\/smastr16.blob.core.windows.net\/pgibt\/2013\/09\/pdf_grande.gif\" width=\"60\" height=\"60\" \/><\/a><a href=\"https:\/\/smastr16.blob.core.windows.net\/pgibt\/2013\/09\/Cristiane_de_Almeida_Nascimento_MS.pdf\" target=\"_blank\">Cristiane de Almeida Nascimento<br \/>\nDiversidade de\u00a0Chytridiomycota\u00a0do Parque Estadual da Serra da Cantareira, estado de S\u00e3o Paulo<\/a><\/p>\n<hr align=\"center\" noshade=\"noshade\" size=\"1\" width=\"100%\" \/>\n<p style=\"text-align: center\"><strong>\u00a0<a href=\"https:\/\/www.infraestruturameioambiente.sp.gov.br\/pgibt\/dissertacoesteses\/\">VOLTAR AS DISSERTA\u00c7\u00d5ES E TESES<\/a><\/strong><\/p>\n<hr align=\"center\" noshade=\"noshade\" size=\"1\" width=\"100%\" \/>\n","protected":false},"excerpt":{"rendered":"<p>Cristiane de Almeida Nascimento Cristiane de Almeida Nascimento, aluna de p\u00f3s-gradua\u00e7\u00e3o em Biodiversidade Vegetal e Meio Ambiente, do Instituto de Bot\u00e2nica de S\u00e3o Paulo (IBt), bolsista Cnpq, defendeu no dia 5 de fevereiro de 2007 sua disserta\u00e7\u00e3o de Mestrado intitulada: &#8220;Diversidade de\u00a0Chytridiomycota\u00a0do Parque Estadual da Serra da Cantareira, estado de S\u00e3o Paulo&#8221;. A banca examinadora [&hellip;]<\/p>\n","protected":false},"author":1,"featured_media":0,"parent":249,"menu_order":0,"comment_status":"closed","ping_status":"closed","template":"fullpage.php","meta":[],"_links":{"self":[{"href":"https:\/\/www.infraestruturameioambiente.sp.gov.br\/pgibt\/wp-json\/wp\/v2\/pages\/967"}],"collection":[{"href":"https:\/\/www.infraestruturameioambiente.sp.gov.br\/pgibt\/wp-json\/wp\/v2\/pages"}],"about":[{"href":"https:\/\/www.infraestruturameioambiente.sp.gov.br\/pgibt\/wp-json\/wp\/v2\/types\/page"}],"author":[{"embeddable":true,"href":"https:\/\/www.infraestruturameioambiente.sp.gov.br\/pgibt\/wp-json\/wp\/v2\/users\/1"}],"replies":[{"embeddable":true,"href":"https:\/\/www.infraestruturameioambiente.sp.gov.br\/pgibt\/wp-json\/wp\/v2\/comments?post=967"}],"version-history":[{"count":0,"href":"https:\/\/www.infraestruturameioambiente.sp.gov.br\/pgibt\/wp-json\/wp\/v2\/pages\/967\/revisions"}],"up":[{"embeddable":true,"href":"https:\/\/www.infraestruturameioambiente.sp.gov.br\/pgibt\/wp-json\/wp\/v2\/pages\/249"}],"wp:attachment":[{"href":"https:\/\/www.infraestruturameioambiente.sp.gov.br\/pgibt\/wp-json\/wp\/v2\/media?parent=967"}],"curies":[{"name":"wp","href":"https:\/\/api.w.org\/{rel}","templated":true}]}}