{"id":9653,"date":"2025-05-26T08:38:07","date_gmt":"2025-05-26T11:38:07","guid":{"rendered":"https:\/\/www.infraestruturameioambiente.sp.gov.br\/pgibt\/?page_id=9653"},"modified":"2025-05-26T08:38:57","modified_gmt":"2025-05-26T11:38:57","slug":"fernando-da-costa-pinheiro-dr","status":"publish","type":"page","link":"https:\/\/www.infraestruturameioambiente.sp.gov.br\/pgibt\/fernando-da-costa-pinheiro-dr\/","title":{"rendered":"Fernando da Costa Pinheiro &#8211; DR"},"content":{"rendered":"<p><img decoding=\"async\" loading=\"lazy\" class=\"size-full wp-image-8353 aligncenter\" src=\"https:\/\/smastr16.blob.core.windows.net\/pgibt\/sites\/242\/2023\/01\/faixaposipa.jpg\" alt=\"\" width=\"950\" height=\"163\" srcset=\"https:\/\/smastr16.blob.core.windows.net\/pgibt\/sites\/242\/2023\/01\/faixaposipa.jpg 950w, https:\/\/smastr16.blob.core.windows.net\/pgibt\/sites\/242\/2023\/01\/faixaposipa-320x55.jpg 320w, https:\/\/smastr16.blob.core.windows.net\/pgibt\/sites\/242\/2023\/01\/faixaposipa-768x132.jpg 768w, https:\/\/smastr16.blob.core.windows.net\/pgibt\/sites\/242\/2023\/01\/faixaposipa-250x43.jpg 250w, https:\/\/smastr16.blob.core.windows.net\/pgibt\/sites\/242\/2023\/01\/faixaposipa-550x94.jpg 550w, https:\/\/smastr16.blob.core.windows.net\/pgibt\/sites\/242\/2023\/01\/faixaposipa-800x137.jpg 800w\" sizes=\"(max-width: 950px) 100vw, 950px\" \/><\/p>\n<hr align=\"center\" noshade=\"noshade\" size=\"1\" width=\"100%\" \/>\n<h2 style=\"text-align: center\">Fernando da Costa Pinheiro<\/h2>\n<hr align=\"center\" noshade=\"noshade\" size=\"1\" width=\"100%\" \/>\n<p style=\"text-align: center\">\u00c0s 14h do dia 25 de fevereiro de 2025, Fernando da Costa Pinheiro, aluno de doutorado do programa de P\u00f3s-Gradua\u00e7\u00e3o em Biodiversidade Vegetal e Meio Ambiente do Instituto de Pesquisas Ambientais IPA\u2013 SP, defendeu sua tese intitulada, \u201cPROGRAMA Reflora &#8211; Do Repatriamento de Dados \u00e0 Utiliza\u00e7\u00e3o da Fotografia Digital como Ferramentas para Estudos em Biodiversidade\u201d, atrav\u00e9s de videoconfer\u00eancia.<\/p>\n<p style=\"text-align: center\"><img decoding=\"async\" loading=\"lazy\" class=\"aligncenter wp-image-9654 size-wcfixedheight\" src=\"https:\/\/smastr16.blob.core.windows.net\/pgibt\/sites\/242\/2025\/05\/fernando-da-costa-pinheiro-dr-e1748259333435-895x500.jpg\" alt=\"\" width=\"895\" height=\"500\" srcset=\"https:\/\/www.infraestruturameioambiente.sp.gov.br\/pgibt\/wp-content\/uploads\/sites\/242\/2025\/05\/fernando-da-costa-pinheiro-dr-e1748259333435-895x500.jpg 895w, https:\/\/www.infraestruturameioambiente.sp.gov.br\/pgibt\/wp-content\/uploads\/sites\/242\/2025\/05\/fernando-da-costa-pinheiro-dr-e1748259333435-320x179.jpg 320w, https:\/\/www.infraestruturameioambiente.sp.gov.br\/pgibt\/wp-content\/uploads\/sites\/242\/2025\/05\/fernando-da-costa-pinheiro-dr-e1748259333435-1024x572.jpg 1024w, https:\/\/www.infraestruturameioambiente.sp.gov.br\/pgibt\/wp-content\/uploads\/sites\/242\/2025\/05\/fernando-da-costa-pinheiro-dr-e1748259333435-768x429.jpg 768w, https:\/\/www.infraestruturameioambiente.sp.gov.br\/pgibt\/wp-content\/uploads\/sites\/242\/2025\/05\/fernando-da-costa-pinheiro-dr-e1748259333435-250x140.jpg 250w, https:\/\/www.infraestruturameioambiente.sp.gov.br\/pgibt\/wp-content\/uploads\/sites\/242\/2025\/05\/fernando-da-costa-pinheiro-dr-e1748259333435-550x307.jpg 550w, https:\/\/www.infraestruturameioambiente.sp.gov.br\/pgibt\/wp-content\/uploads\/sites\/242\/2025\/05\/fernando-da-costa-pinheiro-dr-e1748259333435-800x447.jpg 800w, https:\/\/www.infraestruturameioambiente.sp.gov.br\/pgibt\/wp-content\/uploads\/sites\/242\/2025\/05\/fernando-da-costa-pinheiro-dr-e1748259333435-322x180.jpg 322w, https:\/\/www.infraestruturameioambiente.sp.gov.br\/pgibt\/wp-content\/uploads\/sites\/242\/2025\/05\/fernando-da-costa-pinheiro-dr-e1748259333435-537x300.jpg 537w, https:\/\/www.infraestruturameioambiente.sp.gov.br\/pgibt\/wp-content\/uploads\/sites\/242\/2025\/05\/fernando-da-costa-pinheiro-dr-e1748259333435.jpg 1162w\" sizes=\"(max-width: 895px) 100vw, 895px\" \/>O Programa \u201cPlantas do Brasil: Resgate Hist\u00f3rico e Herb\u00e1rio Virtual para o Conhecimento e Conserva\u00e7\u00e3o da Flora Brasileira \u2013 Reflora\u201d, lan\u00e7ado pelo Conselho Nacional de Desenvolvimento Cient\u00edfico e Tecnol\u00f3gico (CNPq) em 2010, teve como objetivo resgatar e disponibilizar imagens e informa\u00e7\u00f5es de exemplares herborizados de plantas brasileiras depositadas em cole\u00e7\u00f5es no exterior. Envolveu in\u00fameros parceiros, em n\u00edvel internacional, federal, estadual e empresas privadas, totalizando aproximadamente 24,5 milh\u00f5es de reais em investimentos no per\u00edodo de 5 anos. O Programa financiou projetos de pesquisas que abordaram aspectos de taxonomia, evolu\u00e7\u00e3o a adapta\u00e7\u00e3o fitogeogr\u00e1fica, din\u00e2mica populacional, biologia molecular, conserva\u00e7\u00e3o, uso e aspectos hist\u00f3ricos das expedi\u00e7\u00f5es e a rela\u00e7\u00e3o com a coloniza\u00e7\u00e3o do Brasil.<\/p>\n<p style=\"text-align: center\">O principal legado do Programa foi a cria\u00e7\u00e3o do Herb\u00e1rio Virtual Reflora, implementado pelo Jardim Bot\u00e2nico do Rio de Janeiro, permitindo o cumprimento dos objetivos iniciais com o acolhimento e disponibiliza\u00e7\u00e3o de mais de 530 mil imagens e dados repatriados de exemplares herborizados das plantas coletadas no Brasil entre os s\u00e9culos XVII e XX, que est\u00e3o depositados nos herb\u00e1rios do Royal Botanic Gardens de Kew (RBG-Kew), Inglaterra e do Mus\u00e9um National d\u2019Histoire Naturelle de Paris (MNHN-Paris) \u2013 Fran\u00e7a.<\/p>\n<p style=\"text-align: center\">O Programa foi fundamentado na necessidade dos especialistas bot\u00e2nicos (taxonomistas brasileiros) em consultar materiais depositados em cole\u00e7\u00f5es do exterior em fun\u00e7\u00e3o de que, a maioria das amostras hist\u00f3ricas, est\u00e3o depositadas nos herb\u00e1rios europeus e americanos, principalmente os tipos nomenclaturais, fundamentais para as pesquisas taxon\u00f4micas. Neste sentido, o Herb\u00e1rio Virtual Reflora foi criado e hoje visa servir de alicerce para o avan\u00e7o do conhecimento, do uso sustent\u00e1vel e da conserva\u00e7\u00e3o da flora brasileira. Atualmente o Herb\u00e1rio Virtual Reflora conta com milh\u00f5es de dados e imagens de outros herb\u00e1rios nacionais e internacionais.<\/p>\n<hr align=\"center\" noshade=\"noshade\" size=\"1\" width=\"100%\" \/>\n<h3 style=\"text-align: center\">PROGRAMA Reflora &#8211; Do Repatriamento de Dados \u00e0 Utiliza\u00e7\u00e3o da Fotografia Digital como Ferramentas para Estudos em Biodiversidade<\/h3>\n<hr align=\"center\" noshade=\"noshade\" size=\"1\" width=\"100%\" \/>\n<h4 style=\"text-align: center\"><strong>RESUMO<\/strong><\/h4>\n<p style=\"text-align: justify\">O Programa \u201cPlantas do Brasil: Resgate Hist\u00f3rico e Herb\u00e1rio Virtual para o Conhecimento e Conserva\u00e7\u00e3o da Flora Brasileira \u2013 Reflora\u201d, lan\u00e7ado pelo Conselho Nacional de Desenvolvimento Cient\u00edfico e Tecnol\u00f3gico (CNPq) em 2010, envolveu in\u00fameros parceiros, em n\u00edvel internacional, federal, estadual e empresas privadas, totalizando aproximadamente 24,5 milh\u00f5es de reais em investimentos no per\u00edodo de 5 anos. Teve como objetivo resgatar e disponibilizar imagens e informa\u00e7\u00f5es de exemplares herborizados de plantas brasileiras depositadas em cole\u00e7\u00f5es no exterior. Sob os ausp\u00edcios do Programa, projetos de pesquisas foram financiados com recursos de custeio, capital e bolsas, e abordaram aspectos de taxonomia, evolu\u00e7\u00e3o a adapta\u00e7\u00e3o fitogeogr\u00e1fica, din\u00e2mica populacional, biologia molecular, conserva\u00e7\u00e3o, uso e aspectos hist\u00f3ricos das expedi\u00e7\u00f5es e a rela\u00e7\u00e3o com a coloniza\u00e7\u00e3o do Brasil. Adicionalmente, com os subs\u00eddios do Programa Reflora, o Herb\u00e1rio Virtual Reflora foi criado, permitindo o cumprimento dos objetivos iniciais do Programa com o acolhimento de mais de 530 mil imagens e dados repatriados dos herb\u00e1rios do RBG-Kew e do MNHN de Paris, assim como, dados e imagens de outros herb\u00e1rios nacionais e internacionais, que foram sendo agregados posteriormente. Este trabalho descreve o contexto hist\u00f3rico de cria\u00e7\u00e3o e de implementa\u00e7\u00e3o do Programa e do Herb\u00e1rio Virtual Reflora, considerando sua complexidade e recursos investidos, sob o ponto de vista da gest\u00e3o p\u00fablica, no sentido de demonstrar as metas alcan\u00e7adas e a import\u00e2ncia para a sociedade como importante ferramenta para pesquisas em biodiversidade e conserva\u00e7\u00e3o al\u00e9m de contribuir para o cumprimento de metas e acordos internacionais como a Flora do Brasil 2020 <em>online<\/em>. Al\u00e9m disso, aborda o uso da fotografia digital como ferramenta fundamental para a digitaliza\u00e7\u00e3o e o gerenciamento dos acervos, permitindo a ampla disponibiliza\u00e7\u00e3o das informa\u00e7\u00f5es contidas nos herb\u00e1rios de forma a subsidiar os avan\u00e7os das pesquisas e do conhecimento sobre a biodiversidade.<\/p>\n<p style=\"text-align: justify\"><strong>Palavras-Chave:<\/strong> Repatriamento de Dados, Cole\u00e7\u00f5es Bot\u00e2nicas, Digitaliza\u00e7\u00e3o de Herb\u00e1rios, Fotografia<\/p>\n<p style=\"text-align: center\"><strong>ABSTRACT<\/strong><\/p>\n<p style=\"text-align: justify\">The program \u201cReflora &#8211; Brazilian Plants: Historic Rescue and Virtual Herbarium for Knowledge and Conservation of the Brazilian Flora\u201d was established by the National Council for Scientific and Technological Development (CNPq) in 2010, involved numerous participants at the international, federal, state, and private company levels, and included approximately 24.5 million reais in investments over a period of 5 years. It had the objective of rescuing and making available images and information about herbarium specimens of Brazilian plants deposited in foreign collections. Under the auspices of this program, research projects were financed with consumable, durable, and grant resources that covered aspects of taxonomy, evolution and phytogeographic adaptation, molecular biology, conservation, use, and historical details of expeditions and their relationship to the colonization of Brazil. Additionally, using subsidies from the Reflora Program, the Reflora Virtual Herbarium was created allowing the program to fulfill its initial objectives of receiving 530 thousand images and repatriating data from the RBG-Kew and MNHN-Paris herbaria, as well as data and images from other national and foreign herbaria that were subsequently added. This work describes the historical context of creating and implementing the Reflora Program and the Reflora Virtual Herbarium, considering its complexity and the resources invested, from a public management perspective. It aims to highlight the goals achieved and their importance to society as key tools for biodiversity and conservation research. It also fulfills international goals and agreements, such as the Flora of Brazil 2020 online. Additionally, it discusses the use of digital photography as a fundamental tool for digitizing and managing collections, enabling the broad dissemination of herbarium data to support advances in research and knowledge on plant biodiversity.<\/p>\n<p style=\"text-align: justify\"><strong>Keywords<\/strong>: Data Repatriation, Botanical Collections, Digitization of Herbaria, Digital Photography<\/p>\n<hr align=\"center\" noshade=\"noshade\" size=\"1\" width=\"100%\" \/>\n<p style=\"text-align: center\"><a href=\"https:\/\/smastr16.blob.core.windows.net\/pgibt\/sites\/242\/2025\/05\/fernando_da_costa_pinheiro-dr.pdf\" target=\"_blank\" rel=\"noopener\"><img decoding=\"async\" loading=\"lazy\" class=\"aligncenter\" src=\"https:\/\/smastr16.blob.core.windows.net\/pgibt\/2013\/09\/pdf_grande.gif\" alt=\"pdf_grande\" width=\"60\" height=\"60\" \/><\/a><a href=\"https:\/\/smastr16.blob.core.windows.net\/pgibt\/sites\/242\/2025\/05\/fernando_da_costa_pinheiro-dr.pdf\"><strong>Fernando da Costa Pinheiro<\/strong><\/a><br \/>\n<a href=\"https:\/\/smastr16.blob.core.windows.net\/pgibt\/sites\/242\/2025\/05\/fernando_da_costa_pinheiro-dr.pdf\">PROGRAMA Reflora &#8211; Do Repatriamento de Dados \u00e0 Utiliza\u00e7\u00e3o da Fotografia Digital como Ferramentas para Estudos em Biodiversidade<\/a><\/p>\n<hr align=\"center\" noshade=\"noshade\" size=\"1\" width=\"100%\" \/>\n<p style=\"text-align: center\"><strong>\u00a0<a href=\"www.infraestruturameioambiente.sp.gov.br\/pgibt\/dissertacoesteses\/\">VOLTAR AS DISSERTA\u00c7\u00d5ES E TESES<\/a><\/strong><\/p>\n<hr align=\"center\" noshade=\"noshade\" size=\"1\" width=\"&quot;10&lt;\/p\" \/>\n","protected":false},"excerpt":{"rendered":"<p>Fernando da Costa Pinheiro \u00c0s 14h do dia 25 de fevereiro de 2025, Fernando da Costa Pinheiro, aluno de doutorado do programa de P\u00f3s-Gradua\u00e7\u00e3o em Biodiversidade Vegetal e Meio Ambiente do Instituto de Pesquisas Ambientais IPA\u2013 SP, defendeu sua tese intitulada, \u201cPROGRAMA Reflora &#8211; Do Repatriamento de Dados \u00e0 Utiliza\u00e7\u00e3o da Fotografia Digital como Ferramentas [&hellip;]<\/p>\n","protected":false},"author":187,"featured_media":0,"parent":0,"menu_order":0,"comment_status":"closed","ping_status":"closed","template":"","meta":[],"_links":{"self":[{"href":"https:\/\/www.infraestruturameioambiente.sp.gov.br\/pgibt\/wp-json\/wp\/v2\/pages\/9653"}],"collection":[{"href":"https:\/\/www.infraestruturameioambiente.sp.gov.br\/pgibt\/wp-json\/wp\/v2\/pages"}],"about":[{"href":"https:\/\/www.infraestruturameioambiente.sp.gov.br\/pgibt\/wp-json\/wp\/v2\/types\/page"}],"author":[{"embeddable":true,"href":"https:\/\/www.infraestruturameioambiente.sp.gov.br\/pgibt\/wp-json\/wp\/v2\/users\/187"}],"replies":[{"embeddable":true,"href":"https:\/\/www.infraestruturameioambiente.sp.gov.br\/pgibt\/wp-json\/wp\/v2\/comments?post=9653"}],"version-history":[{"count":2,"href":"https:\/\/www.infraestruturameioambiente.sp.gov.br\/pgibt\/wp-json\/wp\/v2\/pages\/9653\/revisions"}],"predecessor-version":[{"id":9659,"href":"https:\/\/www.infraestruturameioambiente.sp.gov.br\/pgibt\/wp-json\/wp\/v2\/pages\/9653\/revisions\/9659"}],"wp:attachment":[{"href":"https:\/\/www.infraestruturameioambiente.sp.gov.br\/pgibt\/wp-json\/wp\/v2\/media?parent=9653"}],"curies":[{"name":"wp","href":"https:\/\/api.w.org\/{rel}","templated":true}]}}