{"id":9639,"date":"2025-04-23T07:50:12","date_gmt":"2025-04-23T10:50:12","guid":{"rendered":"https:\/\/www.infraestruturameioambiente.sp.gov.br\/pgibt\/?page_id=9639"},"modified":"2025-09-17T10:03:47","modified_gmt":"2025-09-17T13:03:47","slug":"jessica-soares-de-lima-dr","status":"publish","type":"page","link":"https:\/\/www.infraestruturameioambiente.sp.gov.br\/pgibt\/jessica-soares-de-lima-dr\/","title":{"rendered":"J\u00e9ssica Soares de Lima &#8211; DR"},"content":{"rendered":"<p><img decoding=\"async\" loading=\"lazy\" class=\"size-full wp-image-8353 aligncenter\" src=\"https:\/\/smastr16.blob.core.windows.net\/pgibt\/sites\/242\/2023\/01\/faixaposipa.jpg\" alt=\"\" width=\"950\" height=\"163\" srcset=\"https:\/\/smastr16.blob.core.windows.net\/pgibt\/sites\/242\/2023\/01\/faixaposipa.jpg 950w, https:\/\/smastr16.blob.core.windows.net\/pgibt\/sites\/242\/2023\/01\/faixaposipa-320x55.jpg 320w, https:\/\/smastr16.blob.core.windows.net\/pgibt\/sites\/242\/2023\/01\/faixaposipa-768x132.jpg 768w, https:\/\/smastr16.blob.core.windows.net\/pgibt\/sites\/242\/2023\/01\/faixaposipa-250x43.jpg 250w, https:\/\/smastr16.blob.core.windows.net\/pgibt\/sites\/242\/2023\/01\/faixaposipa-550x94.jpg 550w, https:\/\/smastr16.blob.core.windows.net\/pgibt\/sites\/242\/2023\/01\/faixaposipa-800x137.jpg 800w\" sizes=\"(max-width: 950px) 100vw, 950px\" \/><\/p>\n<hr align=\"center\" noshade=\"noshade\" size=\"1\" width=\"100%\" \/>\n<h2 style=\"text-align: center\">J\u00e9ssica Soares de Lima<\/h2>\n<hr align=\"center\" noshade=\"noshade\" size=\"1\" width=\"100%\" \/>\n<p style=\"text-align: center\">A defesa aconteceu \u00e0s 14:00 do dia 20 de mar\u00e7o de 2020 via Teams, participaram da Banca: Profa. Dra. Aline Matos de Souza, Prof. Dr. Danilo Soares Gissi, Profa. Dra.\u00a0 Ju\u00e7ara Bordin e Profa. Dra. M\u00e9rcia Silva.<\/p>\n<p style=\"text-align: center\"><img decoding=\"async\" loading=\"lazy\" class=\"aligncenter size-full wp-image-9640\" src=\"https:\/\/smastr16.blob.core.windows.net\/pgibt\/sites\/242\/2025\/04\/jessica-soares-de-lima-dr.png\" alt=\"\" width=\"642\" height=\"357\" srcset=\"https:\/\/smastr16.blob.core.windows.net\/pgibt\/sites\/242\/2025\/04\/jessica-soares-de-lima-dr.png 642w, https:\/\/smastr16.blob.core.windows.net\/pgibt\/sites\/242\/2025\/04\/jessica-soares-de-lima-dr-320x178.png 320w, https:\/\/smastr16.blob.core.windows.net\/pgibt\/sites\/242\/2025\/04\/jessica-soares-de-lima-dr-250x139.png 250w, https:\/\/smastr16.blob.core.windows.net\/pgibt\/sites\/242\/2025\/04\/jessica-soares-de-lima-dr-550x306.png 550w, https:\/\/smastr16.blob.core.windows.net\/pgibt\/sites\/242\/2025\/04\/jessica-soares-de-lima-dr-324x180.png 324w, https:\/\/smastr16.blob.core.windows.net\/pgibt\/sites\/242\/2025\/04\/jessica-soares-de-lima-dr-539x300.png 539w\" sizes=\"(max-width: 642px) 100vw, 642px\" \/>RESUMO: Os levantamentos sobre bri\u00f3fitas s\u00e3o essenciais para aprofundar o conhecimento sobre a biodiversidade, identificar \u00e1reas priorit\u00e1rias para conserva\u00e7\u00e3o, mapear a distribui\u00e7\u00e3o das esp\u00e9cies e desenvolver pol\u00edticas eficazes de manejo ambiental. Este trabalho, que se baseou em uma ampla revis\u00e3o bibliogr\u00e1fica de artigos publicados at\u00e9 novembro de 2024, compilou dados de 44 estudos cobrindo 49 localidades no Brasil, resultando no registro de 1.347 esp\u00e9cies de bri\u00f3fitas, incluindo informa\u00e7\u00f5es sobre seus h\u00e1bitos e localiza\u00e7\u00e3o geogr\u00e1fica. Dentre essas esp\u00e9cies, 177 s\u00e3o end\u00eamicas do Brasil, sendo destacadas como importantes indicadoras do grau de preserva\u00e7\u00e3o das \u00e1reas em que ocorrem. A Mata Atl\u00e2ntica destacou-se como o dom\u00ednio mais biodiverso, abrigando 711 das 908 esp\u00e9cies classificadas neste estudo como regionais. A distribui\u00e7\u00e3o das bri\u00f3fitas nos diferentes dom\u00ednios est\u00e1 fortemente relacionada \u00e0s condi\u00e7\u00f5es ambientais e ao tipo de substrato dispon\u00edvel. As estrat\u00e9gias reprodutivas e adapta\u00e7\u00f5es morfol\u00f3gicas das bri\u00f3fitas se mostram importantes para a sobreviv\u00eancia das esp\u00e9cies em seus diferentes ambientes. Esp\u00e9cies com ampla distribui\u00e7\u00e3o em todos os dom\u00ednios brasileiros exibem caracter\u00edsticas adaptativas not\u00e1veis, como por exemplo a produ\u00e7\u00e3o de gemas. As rela\u00e7\u00f5es flor\u00edsticas entre as diferentes fitofisionomias da Mata Atl\u00e2ntica, mostrou que as bri\u00f3fitas end\u00eamicas desse bioma, especialmente os musgos, t\u00eam uma forte prefer\u00eancia por troncos como substrato. A varia\u00e7\u00e3o nas fitofisionomias da Mata Atl\u00e2ntica, que inclui desde vales \u00famidos e est\u00e1veis at\u00e9 afloramentos rochosos expostos a condi\u00e7\u00f5es extremas como fogo e frio, tamb\u00e9m influencia a composi\u00e7\u00e3o e distribui\u00e7\u00e3o das esp\u00e9cies de bri\u00f3fitas end\u00eamicas desse dom\u00ednio.<\/p>\n<p style=\"text-align: center\">Gostar\u00edamos de agradecer ao Instituto de Pesquisas Ambientais (IPA) e ao Programa de P\u00f3s Gradua\u00e7\u00e3o em Biodiversidade Vegetal e Meio Ambiente, pela infraestrutura e suporte durante esses 4 anos que desenvolvi esse trabalho. \u00c0 CAPES pela bolsa de doutorado concedida e \u00e0 verba PROAP pela ajuda de custo durante as coletas e participa\u00e7\u00e3o de congressos, e aos membros da banca de defesa e qualifica\u00e7\u00e3o.<\/p>\n<hr align=\"center\" noshade=\"noshade\" size=\"1\" width=\"100%\" \/>\n<h3 style=\"text-align: center\">Regionalidade de Bri\u00f3fitas nos Dom\u00ednios Fitogeogr\u00e1ficos Brasileiros<\/h3>\n<hr align=\"center\" noshade=\"noshade\" size=\"1\" width=\"100%\" \/>\n<h4 style=\"text-align: center\"><strong>RESUMO<\/strong><\/h4>\n<p style=\"text-align: justify\">Os levantamentos sobre bri\u00f3fitas s\u00e3o essenciais para aprofundar o conhecimento sobre a biodiversidade, identificar \u00e1reas priorit\u00e1rias para conserva\u00e7\u00e3o, mapear a distribui\u00e7\u00e3o das esp\u00e9cies e desenvolver pol\u00edticas eficazes de manejo ambiental. Este trabalho, que se baseou em uma ampla revis\u00e3o bibliogr\u00e1fica de artigos publicados at\u00e9 novembro de 2024, compilou dados de 44 estudos cobrindo 49 localidades no Brasil, resultando no registro de 1.334 esp\u00e9cies de bri\u00f3fitas, incluindo informa\u00e7\u00f5es sobre seus h\u00e1bitos e localiza\u00e7\u00e3o geogr\u00e1fica. Dentre essas esp\u00e9cies, 177 s\u00e3o end\u00eamicas do Brasil, sendo destacadas como importantes indicadoras do grau de preserva\u00e7\u00e3o das \u00e1reas em que ocorrem. A Mata Atl\u00e2ntica destacou-se como o dom\u00ednio mais biodiverso, abrigando 711 das 908 esp\u00e9cies classificadas neste estudo como regionais. A distribui\u00e7\u00e3o das bri\u00f3fitas nos diferentes dom\u00ednios est\u00e1 fortemente relacionada \u00e0s condi\u00e7\u00f5es ambientais e ao tipo de substrato dispon\u00edvel. As estrat\u00e9gias reprodutivas e adapta\u00e7\u00f5es morfol\u00f3gicas das bri\u00f3fitas se mostram importantes para a sobreviv\u00eancia das esp\u00e9cies em seus diferentes ambientes. Esp\u00e9cies com ampla distribui\u00e7\u00e3o em todos os dom\u00ednios brasileiros exibem caracter\u00edsticas adaptativas not\u00e1veis, como por exemplo a produ\u00e7\u00e3o de gemas. As rela\u00e7\u00f5es flor\u00edsticas entre as diferentes fitofisionomias da Mata Atl\u00e2ntica, mostrou que as bri\u00f3fitas end\u00eamicas desse bioma, especialmente os musgos, t\u00eam uma forte prefer\u00eancia por troncos como substrato. A varia\u00e7\u00e3o nas fitofisionomias da Mata Atl\u00e2ntica, que inclui desde vales \u00famidos e est\u00e1veis at\u00e9 afloramentos rochosos expostos a condi\u00e7\u00f5es extremas como fogo e frio, tamb\u00e9m influencia a composi\u00e7\u00e3o e distribui\u00e7\u00e3o das esp\u00e9cies de bri\u00f3fitas end\u00eamicas desse dom\u00ednio. As bri\u00f3fitas pela sua ampla diversidade, adapta\u00e7\u00f5es morfol\u00f3gicas e estrat\u00e9gias reprodutivas, apresentam-se como excelentes indicadoras do estado de preserva\u00e7\u00e3o dos ecossistemas, especialmente em \u00e1reas de alta diversidade e endemismo. Al\u00e9m disso, a an\u00e1lise das suas rela\u00e7\u00f5es flor\u00edsticas revela padr\u00f5es ecol\u00f3gicos e fitogeogr\u00e1ficos que refletem a complexidade ambiental dos dom\u00ednios brasileiros, variando desde as florestas \u00famidas da Amaz\u00f4nia e da Mata Atl\u00e2ntica at\u00e9 os mais secos, como o Cerrado e a Caatinga.<\/p>\n<p style=\"text-align: justify\"><strong>Palavras-chave<\/strong>: aspectos ecol\u00f3gicos, endemismo, modo de vida.<\/p>\n<p style=\"text-align: center\"><strong>ABSTRACT<\/strong><\/p>\n<p style=\"text-align: justify\">Surveys on bryophytes are essential for deepening our understanding of biodiversity, identifying priority areas for conservation, mapping species distribution, and developing effective environmental management policies. This study, based on an extensive bibliographic review of articles published until November 2024, compiled data from 43 studies covering 48 locations in Brazil, resulting in the registration of 1,334 bryophyte species, including information on their habits and geographical location. Among these species, 177 are endemic to Brazil, highlighted as important indicators of the preservation status of the areas where they occur. The Atlantic Forest stood out as the most biodiverse domain, housing 711 of the 908 species classified in this study as regional. The distribution of bryophytes across different domains is strongly related to environmental conditions and the type of available substrate. The reproductive strategies and morphological adaptations of bryophytes are important for the survival of species in their various environments. Species with wide distribution across all Brazilian domains exhibit remarkable adaptive traits, such as gemma production. Floristic relationships between different phytophysiognomies of the Atlantic Forest showed that endemic bryophytes of this biome, especially mosses, have a strong preference for tree trunks as a substrate. The variation in phytophysiognomies within the Atlantic Forest, ranging from moist, stable valleys to rocky outcrops exposed to extreme conditions like fire and cold, also influences the composition and distribution of endemic bryophyte species in this domain. Due to their broad diversity, morphological adaptations, and reproductive strategies, bryophytes are excellent indicators of the conservation status of ecosystems, especially in areas of high diversity and endemism. Additionally, an analysis of their floristic relationships reveals ecological and phytogeographical patterns that reflect the environmental complexity of Brazil&#8217;s domains, ranging from the humid forests of the Amazon and Atlantic Forest to the drier regions like the Cerrado and Caatinga.<\/p>\n<p style=\"text-align: justify\"><strong>Key words:<\/strong> ecological aspects, endemism, life forms.<\/p>\n<hr align=\"center\" noshade=\"noshade\" size=\"1\" width=\"100%\" \/>\n<p style=\"text-align: center\"><a href=\"https:\/\/smastr16.blob.core.windows.net\/pgibt\/sites\/242\/2025\/04\/jessica_soares_de_lima_dr.pdf\" target=\"_blank\" rel=\"noopener\"><img decoding=\"async\" loading=\"lazy\" class=\"aligncenter\" src=\"https:\/\/smastr16.blob.core.windows.net\/pgibt\/2013\/09\/pdf_grande.gif\" alt=\"pdf_grande\" width=\"60\" height=\"60\" \/><\/a><a href=\"https:\/\/smastr16.blob.core.windows.net\/pgibt\/sites\/242\/2025\/04\/jessica_soares_de_lima_dr.pdf\"><strong>J\u00e9ssica Soares de Lima<\/strong><\/a><br \/>\n<a href=\"https:\/\/smastr16.blob.core.windows.net\/pgibt\/sites\/242\/2025\/04\/jessica_soares_de_lima_dr.pdf\">Regionalidade de Bri\u00f3fitas nos Dom\u00ednios Fitogeogr\u00e1ficos Brasileiros<\/a><\/p>\n<hr align=\"center\" noshade=\"noshade\" size=\"1\" width=\"100%\" \/>\n<p style=\"text-align: center\"><strong>\u00a0<a href=\"www.infraestruturameioambiente.sp.gov.br\/pgibt\/dissertacoesteses\/\">VOLTAR AS DISSERTA\u00c7\u00d5ES E TESES<\/a><\/strong><\/p>\n<hr align=\"center\" noshade=\"noshade\" size=\"1\" width=\"&quot;10&lt;\/p\" \/>\n","protected":false},"excerpt":{"rendered":"<p>J\u00e9ssica Soares de Lima A defesa aconteceu \u00e0s 14:00 do dia 20 de mar\u00e7o de 2020 via Teams, participaram da Banca: Profa. Dra. Aline Matos de Souza, Prof. Dr. Danilo Soares Gissi, Profa. Dra.\u00a0 Ju\u00e7ara Bordin e Profa. Dra. M\u00e9rcia Silva. RESUMO: Os levantamentos sobre bri\u00f3fitas s\u00e3o essenciais para aprofundar o conhecimento sobre a biodiversidade, [&hellip;]<\/p>\n","protected":false},"author":187,"featured_media":0,"parent":0,"menu_order":0,"comment_status":"closed","ping_status":"closed","template":"","meta":[],"_links":{"self":[{"href":"https:\/\/www.infraestruturameioambiente.sp.gov.br\/pgibt\/wp-json\/wp\/v2\/pages\/9639"}],"collection":[{"href":"https:\/\/www.infraestruturameioambiente.sp.gov.br\/pgibt\/wp-json\/wp\/v2\/pages"}],"about":[{"href":"https:\/\/www.infraestruturameioambiente.sp.gov.br\/pgibt\/wp-json\/wp\/v2\/types\/page"}],"author":[{"embeddable":true,"href":"https:\/\/www.infraestruturameioambiente.sp.gov.br\/pgibt\/wp-json\/wp\/v2\/users\/187"}],"replies":[{"embeddable":true,"href":"https:\/\/www.infraestruturameioambiente.sp.gov.br\/pgibt\/wp-json\/wp\/v2\/comments?post=9639"}],"version-history":[{"count":1,"href":"https:\/\/www.infraestruturameioambiente.sp.gov.br\/pgibt\/wp-json\/wp\/v2\/pages\/9639\/revisions"}],"predecessor-version":[{"id":9641,"href":"https:\/\/www.infraestruturameioambiente.sp.gov.br\/pgibt\/wp-json\/wp\/v2\/pages\/9639\/revisions\/9641"}],"wp:attachment":[{"href":"https:\/\/www.infraestruturameioambiente.sp.gov.br\/pgibt\/wp-json\/wp\/v2\/media?parent=9639"}],"curies":[{"name":"wp","href":"https:\/\/api.w.org\/{rel}","templated":true}]}}