{"id":9624,"date":"2025-03-31T14:10:41","date_gmt":"2025-03-31T17:10:41","guid":{"rendered":"https:\/\/www.infraestruturameioambiente.sp.gov.br\/pgibt\/?page_id=9624"},"modified":"2025-03-31T14:10:41","modified_gmt":"2025-03-31T17:10:41","slug":"carliana-soares-ramos-ms","status":"publish","type":"page","link":"https:\/\/www.infraestruturameioambiente.sp.gov.br\/pgibt\/carliana-soares-ramos-ms\/","title":{"rendered":"Carliana Soares Ramos &#8211; MS"},"content":{"rendered":"<p><img decoding=\"async\" loading=\"lazy\" class=\"size-full wp-image-8353 aligncenter\" src=\"https:\/\/smastr16.blob.core.windows.net\/pgibt\/sites\/242\/2023\/01\/faixaposipa.jpg\" alt=\"\" width=\"950\" height=\"163\" srcset=\"https:\/\/smastr16.blob.core.windows.net\/pgibt\/sites\/242\/2023\/01\/faixaposipa.jpg 950w, https:\/\/smastr16.blob.core.windows.net\/pgibt\/sites\/242\/2023\/01\/faixaposipa-320x55.jpg 320w, https:\/\/smastr16.blob.core.windows.net\/pgibt\/sites\/242\/2023\/01\/faixaposipa-768x132.jpg 768w, https:\/\/smastr16.blob.core.windows.net\/pgibt\/sites\/242\/2023\/01\/faixaposipa-250x43.jpg 250w, https:\/\/smastr16.blob.core.windows.net\/pgibt\/sites\/242\/2023\/01\/faixaposipa-550x94.jpg 550w, https:\/\/smastr16.blob.core.windows.net\/pgibt\/sites\/242\/2023\/01\/faixaposipa-800x137.jpg 800w\" sizes=\"(max-width: 950px) 100vw, 950px\" \/><\/p>\n<hr align=\"center\" noshade=\"noshade\" size=\"1\" width=\"100%\" \/>\n<h2 style=\"text-align: center\">Carliana Soares Ramos<\/h2>\n<hr align=\"center\" noshade=\"noshade\" size=\"1\" width=\"100%\" \/>\n<p style=\"text-align: center\">Em 24 de Abril de 2024, \u00e0s 09 horas, Carliana Soares Ramos, defendeu sua disserta\u00e7\u00e3o de mestrado intitulada \u201cEstrutura e composi\u00e7\u00e3o flor\u00edstica da comunidade de ep\u00edfitas vasculares em um fragmento de Mata Atl\u00e2ntica\u201d no programa de p\u00f3s-gradua\u00e7\u00e3o em Biodiversidade Vegetal e Meio Ambiente do Instituto de Pesquisas Ambientais (IPA), atrav\u00e9s de videoconfer\u00eancia.<\/p>\n<p style=\"text-align: center\">A banca examinadora foi presidida pelo seu orientador, Dr. Eduardo Pereira Cabral Gomes (Instituto de Pesquisas Ambientais \u2013 IPA), tendo como membros Dr. Armando Reis Tavares (Instituto Agron\u00f4mico &#8211; IAC) e\u00a0 Sergio Tadeu Meirelles (Universidade de S\u00e3o Paulo &#8211; USP).<\/p>\n<hr align=\"center\" noshade=\"noshade\" size=\"1\" width=\"100%\" \/>\n<h3 style=\"text-align: center\">Estrutura e composi\u00e7\u00e3o flor\u00edstica da comunidade de ep\u00edfitas vasculares em um fragmento de Mata Atl\u00e2ntica<\/h3>\n<hr align=\"center\" noshade=\"noshade\" size=\"1\" width=\"100%\" \/>\n<h4 style=\"text-align: center\"><strong>RESUMO<\/strong><\/h4>\n<p style=\"text-align: justify\">As ep\u00edfitas vasculares representam cerca de 10% da flora mundial e s\u00e3o bem representadas em florestas tropicais. Elas desempenham um papel crucial na din\u00e2mica e na manuten\u00e7\u00e3o dos ecossistemas florestais, sendo vulner\u00e1veis a ambientes perturbados ou fragmentados. O objetivo deste estudo foi analisar a flor\u00edstica, a estrutura e a distribui\u00e7\u00e3o espacial das ep\u00edfitas vasculares em um fragmento de floresta madura no Parque Estadual das Fontes do Ipiranga (PEFI). O estudo foi conduzido na Zona Primitiva do PEFI, uma \u00e1rea caracterizada por floresta madura e com baixa perturba\u00e7\u00e3o. Para a realizar as an\u00e1lises quantitativas e qualitativas, foram estabelecidos 13 transectos de 4 x 50 m para amostragem. No interior dessas parcelas, todas as \u00e1rvores ou palmeiras com di\u00e2metro a 1,3 de altura do solo com dap &gt;10 cm foram amostradas, registrando-se dap e altura total e a presen\u00e7a de ep\u00edfitas. As ep\u00edfitas foram classificadas quanto \u00e0s categorias ecol\u00f3gicas, s\u00edndromes de dispers\u00e3o e poliniza\u00e7\u00e3o. Ao todo, foram amostrados 41 for\u00f3fitos, os quais foram classificados quanto \u00e0 rugosidade e persist\u00eancia da casca, sendo divididos em quatro zonas ecol\u00f3gicas: fuste baixo, fuste alto, copa interna e copa externa. Para cada esp\u00e9cie de epifita vascular amostrada, foram calculadas as frequ\u00eancias absolutas e relativas, tanto sobre os for\u00f3fitos quanto sobre as zonas ecol\u00f3gicas, al\u00e9m do valor de import\u00e2ncia epif\u00edtica. Foram registradas 35 esp\u00e9cies de ep\u00edfitas, distribu\u00eddas em 12 fam\u00edlias e 22 g\u00eaneros. As fam\u00edlias mais importantes foram Polypodiaceae, Cactaceae e Araceae, enquanto que Orchidaceae e Bromeliaceae n\u00e3o foram bem representadas. A maioria das esp\u00e9cies foram classificadas como ep\u00edfitas verdadeiras. As principais s\u00edndromes observadas foram entomofilia e anemocoria. <em>Philodendron appendiculatum <\/em>foi a esp\u00e9cie com maior valor de import\u00e2ncia epif\u00edtico, apresentando maior frequ\u00eancia tanto nos for\u00f3fitos quanto nas zonas ecol\u00f3gicas. <em>Rhipsalis teres<\/em> destacou-se como a esp\u00e9cie de maior domin\u00e2ncia epif\u00edtica. A maioria dos for\u00f3fitos possuem casca \u00e1spera e persistente.<em> Syagrus romanzoffiana<\/em> foi o for\u00f3fito mais colonizado por ep\u00edfitas, enquanto que Cedrela fissilis apresentou maior domin\u00e2ncia epif\u00edtica. A floresta madura \u00e9 um ambiente prop\u00edcio para as ep\u00edfitas, devido \u00e0 diversidade de micro-habitats dispon\u00edveis. No entanto, a baixa diversidade de orqu\u00eddeas e brom\u00e9lias sugere que as perturba\u00e7\u00f5es antropog\u00eanicas \u00e0s quais o PEFI est\u00e1 sujeito podem estar prejudicando a comunidade de ep\u00edfitas.<\/p>\n<p style=\"text-align: justify\"><strong>Palavras-chave<\/strong>: Ep\u00edfita, Floresta Atl\u00e2ntica, Floresta Urbana, For\u00f3fito<\/p>\n<p style=\"text-align: center\"><strong>ABSTRACT<\/strong><\/p>\n<p style=\"text-align: justify\">Vascular epiphytes represent about 10% of the world&#8217;s flora and are well represented in tropical forests. They play a crucial role in the dynamics and maintenance of forest ecosystems, being vulnerable to disturbed or fragmented environments. The objective of this study was to analyze the floristics, structure, and spatial distribution of vascular epiphytes in a fragment of mature forest within the Parque Estadual das Fontes do Ipiranga (PEFI). The study was conducted in the Primitive Zone of PEFI, an area characterized by mature forest with low disturbance. To conduct quantitative and qualitative analyses, 13 transects of 4 x 50 m were established for sampling. Within these plots, all trees or palms with a diameter at breast height (DBH) greater than 10 cm were sampled, recording DBH, total height, and the presence of epiphytes. The epiphytes were classified according to ecological categories, dispersal syndromes, and pollination. In total, 41 phorophytes were sampled, which were classified based on bark roughness and persistence, and divided into four ecological zones: lower trunk, upper trunk, inner canopy, and outer canopy. For each species of vascular epiphyte sampled, the absolute and relative frequencies were calculated, both on the phorophytes and on the ecological zones, in addition to the epiphytic importance value. A total of 35 epiphyte species were recorded, distributed among 12 families and 22 genera. The most important families were Polypodiaceae, Cactaceae and Araceae, whereas Orchidaceae and Bromeliaceae were not well represented. Most species were classified as true epiphytes. The main syndromes observed were entomophily and anemochory. <em>Philodendron appendiculatum <\/em>was the species with the highest epiphytic importance value, showing a higher frequency both on the phorophytes and in the ecological zones. <em>Rhipsalis teres<\/em> stood out as the species with the highest epiphytic dominance. Most phorophytes have rough and persistent bark. <em>Syagrus romanzoffiana<\/em> was the phorophyte most colonized by epiphytes, while <em>Cedrela fissilis<\/em> exhibited greater epiphytic dominance. The mature forest is a favorable environment for epiphytes, due to the diversity of available microhabitats. However, the low diversity of orchids and bromeliads suggests that the anthropogenic disturbances to which PEFI is subject may be harming the epiphyte community.<\/p>\n<p style=\"text-align: justify\"><strong>Keywords<\/strong>: Epiphyte, Atlantic Forest, Urban Forest, Phorophyte<\/p>\n<hr align=\"center\" noshade=\"noshade\" size=\"1\" width=\"100%\" \/>\n<p style=\"text-align: center\"><img decoding=\"async\" loading=\"lazy\" class=\"aligncenter\" src=\"https:\/\/smastr16.blob.core.windows.net\/pgibt\/2013\/09\/pdf_grande.gif\" alt=\"pdf_grande\" width=\"60\" height=\"60\" \/>(indispon\u00edvel para consulta)<\/p>\n<p style=\"text-align: center\"><strong>Carliana Soares Ramos<\/strong><br \/>\nEstrutura e composi\u00e7\u00e3o flor\u00edstica da comunidade de ep\u00edfitas vasculares em um fragmento de Mata Atl\u00e2ntica<\/p>\n<hr align=\"center\" noshade=\"noshade\" size=\"1\" width=\"100%\" \/>\n<p style=\"text-align: center\"><strong>\u00a0<a href=\"www.infraestruturameioambiente.sp.gov.br\/pgibt\/dissertacoesteses\/\">VOLTAR AS DISSERTA\u00c7\u00d5ES E TESES<\/a><\/strong><\/p>\n<hr align=\"center\" noshade=\"noshade\" size=\"1\" width=\"&quot;10&lt;\/p\" \/>\n","protected":false},"excerpt":{"rendered":"<p>Carliana Soares Ramos Em 24 de Abril de 2024, \u00e0s 09 horas, Carliana Soares Ramos, defendeu sua disserta\u00e7\u00e3o de mestrado intitulada \u201cEstrutura e composi\u00e7\u00e3o flor\u00edstica da comunidade de ep\u00edfitas vasculares em um fragmento de Mata Atl\u00e2ntica\u201d no programa de p\u00f3s-gradua\u00e7\u00e3o em Biodiversidade Vegetal e Meio Ambiente do Instituto de Pesquisas Ambientais (IPA), atrav\u00e9s de videoconfer\u00eancia. [&hellip;]<\/p>\n","protected":false},"author":187,"featured_media":0,"parent":0,"menu_order":0,"comment_status":"closed","ping_status":"closed","template":"","meta":[],"_links":{"self":[{"href":"https:\/\/www.infraestruturameioambiente.sp.gov.br\/pgibt\/wp-json\/wp\/v2\/pages\/9624"}],"collection":[{"href":"https:\/\/www.infraestruturameioambiente.sp.gov.br\/pgibt\/wp-json\/wp\/v2\/pages"}],"about":[{"href":"https:\/\/www.infraestruturameioambiente.sp.gov.br\/pgibt\/wp-json\/wp\/v2\/types\/page"}],"author":[{"embeddable":true,"href":"https:\/\/www.infraestruturameioambiente.sp.gov.br\/pgibt\/wp-json\/wp\/v2\/users\/187"}],"replies":[{"embeddable":true,"href":"https:\/\/www.infraestruturameioambiente.sp.gov.br\/pgibt\/wp-json\/wp\/v2\/comments?post=9624"}],"version-history":[{"count":1,"href":"https:\/\/www.infraestruturameioambiente.sp.gov.br\/pgibt\/wp-json\/wp\/v2\/pages\/9624\/revisions"}],"predecessor-version":[{"id":9626,"href":"https:\/\/www.infraestruturameioambiente.sp.gov.br\/pgibt\/wp-json\/wp\/v2\/pages\/9624\/revisions\/9626"}],"wp:attachment":[{"href":"https:\/\/www.infraestruturameioambiente.sp.gov.br\/pgibt\/wp-json\/wp\/v2\/media?parent=9624"}],"curies":[{"name":"wp","href":"https:\/\/api.w.org\/{rel}","templated":true}]}}