{"id":962,"date":"2013-09-18T09:04:06","date_gmt":"2013-09-18T12:04:06","guid":{"rendered":"https:\/\/www.infraestruturameioambiente.sp.gov.br\/pgibt\/?page_id=962"},"modified":"2013-09-18T09:04:06","modified_gmt":"2013-09-18T12:04:06","slug":"2007-carla-puccinelli","status":"publish","type":"page","link":"https:\/\/www.infraestruturameioambiente.sp.gov.br\/pgibt\/dissertacoesteses\/2007-carla-puccinelli\/","title":{"rendered":"Carla Puccinelli MS"},"content":{"rendered":"<h2 style=\"text-align: center\"><a href=\"https:\/\/smastr16.blob.core.windows.net\/pgibt\/2015\/02\/faixapos6.jpg\"><img decoding=\"async\" loading=\"lazy\" class=\"aligncenter size-full wp-image-3777\" style=\"border: 0px\" alt=\"faixapos6\" src=\"https:\/\/smastr16.blob.core.windows.net\/pgibt\/2015\/02\/faixapos6.jpg\" width=\"950\" height=\"163\" srcset=\"https:\/\/smastr16.blob.core.windows.net\/pgibt\/2015\/02\/faixapos6.jpg 950w, https:\/\/smastr16.blob.core.windows.net\/pgibt\/2015\/02\/faixapos6-768x131.jpg 768w\" sizes=\"(max-width: 950px) 100vw, 950px\" \/><\/a><\/h2>\n<hr align=\"center\" noshade=\"noshade\" size=\"1\" width=\"100%\" \/>\n<h2 style=\"text-align: center\">Carla Puccinelli<\/h2>\n<hr align=\"center\" noshade=\"noshade\" size=\"1\" width=\"100%\" \/>\n<p style=\"text-align: center\">No dia 26 de julho de 2007, a aluna do Programa de P\u00f3s Gradua\u00e7\u00e3o em Biodiversidade Vegetal e Meio Ambiente do Instituto de Bot\u00e2nica\u00a0e bolsista CNPq, Carla Puccinelli defendeu sua disserta\u00e7\u00e3o de mestrado intitulada<br \/>\n\u201c<em>Marasmius<\/em> (Basidiomycota \u2013 <em>Marasmiaceae<\/em>)\u00a0do Parque Estadual das Fontes do Ipiranga (PEFI), S\u00e3o Paulo, SP, Brasil\u201d.<\/p>\n<p style=\"text-align: center\">A banca examinadora foi composta por sua orientadora Dra. Marina Capelari (Instituto de Bot\u00e2nica), Dra. Rosely Ana Piccolo Grandi (Instituto de Bot\u00e2nica)<br \/>\ne pela Dra. Margarida Pereira Fonseca (UnG).<\/p>\n<hr align=\"center\" noshade=\"noshade\" size=\"1\" width=\"100%\" \/>\n<h3 style=\"text-align: center\"><em>Marasmius<\/em> (Basidiomycota &#8211; <em>Marasmiaceae<\/em>) do Parque Estadual das Fontes do Ipiranga (PEFI),<br \/>\nS\u00e3o Paulo, SP, Brasil<\/h3>\n<hr align=\"center\" noshade=\"noshade\" size=\"1\" width=\"100%\" \/>\n<h4 style=\"text-align: center\"><strong>RESUMO<\/strong><\/h4>\n<p style=\"text-align: justify\">O trabalho consistiu no estudo taxon\u00f4mico das esp\u00e9cies do g\u00eanero <em>Marasmius<\/em> coletadas no Parque Estadual das Fontes do Ipiranga (PEFI), um importante remanescente de Mata Atl\u00e2ntica em regi\u00e3o urbana do pa\u00eds. Foram identificadas vinte e seis esp\u00e9cies, sendo que\u00a0<em>Marasmius congregatus, M. foliiphilus, M. griseoroseus, M. musicola\u00a0<\/em>e<em>\u00a0M. thwaitesii<\/em>\u00a0s\u00e3o cita\u00e7\u00f5es novas para o Brasil.\u00a0<em>Marasmius bambusiniformis, M. graminum, M. ferrugineus, M. cf. tageticolor<\/em>\u00a0e\u00a0<em>M. variabiliceps<\/em>\u00a0cita\u00e7\u00f5es novas para o estado de S\u00e3o Paulo.\u00a0<em>Marasmius bellus, M. puttemansii<\/em>\u00a0e\u00a0<em>M. vigintifolius<\/em>\u00a0cita\u00e7\u00f5es novas para o PEFI e tr\u00eas esp\u00e9cies novas para a ci\u00eancia,\u00a0<em>Marasmius dimorphus, M. pseudosetosus<\/em>\u00a0e\u00a0<em>M. rotaliscystidiatus<\/em>. Para todas as esp\u00e9cies s\u00e3o apresentadas chaves de identifica\u00e7\u00e3o, descri\u00e7\u00f5es e ilustra\u00e7\u00f5es.<\/p>\n<p style=\"text-align: center\"><a href=\"https:\/\/smastr16.blob.core.windows.net\/pgibt\/2013\/09\/carla11.jpg\"><img decoding=\"async\" loading=\"lazy\" class=\" wp-image-3176 aligncenter\" style=\"border: 0px\" alt=\"carla1\" src=\"https:\/\/smastr16.blob.core.windows.net\/pgibt\/2013\/09\/carla11.jpg\" width=\"696\" height=\"481\" \/><\/a><\/p>\n<p>&nbsp;<\/p>\n<hr align=\"center\" noshade=\"noshade\" size=\"1\" width=\"100%\" \/>\n<p style=\"text-align: center\"><a href=\"https:\/\/smastr16.blob.core.windows.net\/pgibt\/2013\/09\/pdf_grande.gif\"><img decoding=\"async\" loading=\"lazy\" class=\"aligncenter size-full wp-image-2313\" style=\"border: 0px\" alt=\"pdf_grande\" src=\"https:\/\/smastr16.blob.core.windows.net\/pgibt\/2013\/09\/pdf_grande.gif\" width=\"60\" height=\"60\" \/><\/a><a href=\"https:\/\/smastr16.blob.core.windows.net\/pgibt\/2013\/09\/Carla_Puccinelli_MS.pdf\" target=\"_blank\">Carla Puccinelli<br \/>\n<em>Marasmius<\/em> (Basidiomycota &#8211; <em>Marasmiaceae<\/em>)\u00a0do Parque Estadual das Fontes do Ipiranga (PEFI),<br \/>\nS\u00e3o Paulo, SP, Brasil<\/a><\/p>\n<hr align=\"center\" noshade=\"noshade\" size=\"1\" width=\"100%\" \/>\n<p style=\"text-align: center\"><strong>\u00a0<a href=\"https:\/\/www.infraestruturameioambiente.sp.gov.br\/pgibt\/dissertacoesteses\/\">VOLTAR AS DISSERTA\u00c7\u00d5ES E TESES<\/a><\/strong><\/p>\n<hr align=\"center\" noshade=\"noshade\" size=\"1\" width=\"100%\" \/>\n","protected":false},"excerpt":{"rendered":"<p>Carla Puccinelli No dia 26 de julho de 2007, a aluna do Programa de P\u00f3s Gradua\u00e7\u00e3o em Biodiversidade Vegetal e Meio Ambiente do Instituto de Bot\u00e2nica\u00a0e bolsista CNPq, Carla Puccinelli defendeu sua disserta\u00e7\u00e3o de mestrado intitulada \u201cMarasmius (Basidiomycota \u2013 Marasmiaceae)\u00a0do Parque Estadual das Fontes do Ipiranga (PEFI), S\u00e3o Paulo, SP, Brasil\u201d. A banca examinadora foi [&hellip;]<\/p>\n","protected":false},"author":1,"featured_media":0,"parent":249,"menu_order":0,"comment_status":"closed","ping_status":"closed","template":"fullpage.php","meta":[],"_links":{"self":[{"href":"https:\/\/www.infraestruturameioambiente.sp.gov.br\/pgibt\/wp-json\/wp\/v2\/pages\/962"}],"collection":[{"href":"https:\/\/www.infraestruturameioambiente.sp.gov.br\/pgibt\/wp-json\/wp\/v2\/pages"}],"about":[{"href":"https:\/\/www.infraestruturameioambiente.sp.gov.br\/pgibt\/wp-json\/wp\/v2\/types\/page"}],"author":[{"embeddable":true,"href":"https:\/\/www.infraestruturameioambiente.sp.gov.br\/pgibt\/wp-json\/wp\/v2\/users\/1"}],"replies":[{"embeddable":true,"href":"https:\/\/www.infraestruturameioambiente.sp.gov.br\/pgibt\/wp-json\/wp\/v2\/comments?post=962"}],"version-history":[{"count":0,"href":"https:\/\/www.infraestruturameioambiente.sp.gov.br\/pgibt\/wp-json\/wp\/v2\/pages\/962\/revisions"}],"up":[{"embeddable":true,"href":"https:\/\/www.infraestruturameioambiente.sp.gov.br\/pgibt\/wp-json\/wp\/v2\/pages\/249"}],"wp:attachment":[{"href":"https:\/\/www.infraestruturameioambiente.sp.gov.br\/pgibt\/wp-json\/wp\/v2\/media?parent=962"}],"curies":[{"name":"wp","href":"https:\/\/api.w.org\/{rel}","templated":true}]}}