{"id":9618,"date":"2025-03-31T14:00:39","date_gmt":"2025-03-31T17:00:39","guid":{"rendered":"https:\/\/www.infraestruturameioambiente.sp.gov.br\/pgibt\/?page_id=9618"},"modified":"2025-03-31T14:00:39","modified_gmt":"2025-03-31T17:00:39","slug":"caue-ricci-brandao-ms","status":"publish","type":"page","link":"https:\/\/www.infraestruturameioambiente.sp.gov.br\/pgibt\/caue-ricci-brandao-ms\/","title":{"rendered":"Cau\u00ea Ricci Brand\u00e3o &#8211; MS"},"content":{"rendered":"<p><img decoding=\"async\" loading=\"lazy\" class=\"size-full wp-image-8353 aligncenter\" src=\"https:\/\/smastr16.blob.core.windows.net\/pgibt\/sites\/242\/2023\/01\/faixaposipa.jpg\" alt=\"\" width=\"950\" height=\"163\" srcset=\"https:\/\/smastr16.blob.core.windows.net\/pgibt\/sites\/242\/2023\/01\/faixaposipa.jpg 950w, https:\/\/smastr16.blob.core.windows.net\/pgibt\/sites\/242\/2023\/01\/faixaposipa-320x55.jpg 320w, https:\/\/smastr16.blob.core.windows.net\/pgibt\/sites\/242\/2023\/01\/faixaposipa-768x132.jpg 768w, https:\/\/smastr16.blob.core.windows.net\/pgibt\/sites\/242\/2023\/01\/faixaposipa-250x43.jpg 250w, https:\/\/smastr16.blob.core.windows.net\/pgibt\/sites\/242\/2023\/01\/faixaposipa-550x94.jpg 550w, https:\/\/smastr16.blob.core.windows.net\/pgibt\/sites\/242\/2023\/01\/faixaposipa-800x137.jpg 800w\" sizes=\"(max-width: 950px) 100vw, 950px\" \/><\/p>\n<hr align=\"center\" noshade=\"noshade\" size=\"1\" width=\"100%\" \/>\n<h2 style=\"text-align: center\">Cau\u00ea Ricci Brand\u00e3o<\/h2>\n<hr align=\"center\" noshade=\"noshade\" size=\"1\" width=\"100%\" \/>\n<p style=\"text-align: center\">Em 29 de Abril de 2024, Cau\u00ea Ricci Brand\u00e3o, aluno do Programa de P\u00f3s-Gradua\u00e7\u00e3o em Biodiversidade Vegetal e Meio Ambiente do Instituto de Pesquisas Ambientais (IPA) defendeu sua disserta\u00e7\u00e3o de mestrado intitulada \u201cO g\u00eanero <em>Microstachys<\/em> A.Juss. (Euphorbiaceae) no Estado da Bahia, Brasil\u201d. A banca da defesa foi composta pelas pesquisadoras: Dra. Daniela Santos Carneiro-Torres, Dra. In\u00eas Cordeiro (orientadora) e a Dra. Ros\u00e2ngela Sim\u00e3o Bianchini.<\/p>\n<p style=\"text-align: center\">O estudo teve como objetivo principal o tratamento taxon\u00f4mico de Microstachys para a flora da Bahia. Al\u00e9m disso, o trabalho auxiliou na delimita\u00e7\u00e3o de esp\u00e9cies de ampla distribui\u00e7\u00e3o e o descobrimento de duas novas esp\u00e9cies: <em>Microstachys<\/em> <em>auriculata<\/em> e <em>Microstachys<\/em> <em>longiflora<\/em>.<\/p>\n<hr align=\"center\" noshade=\"noshade\" size=\"1\" width=\"100%\" \/>\n<h3 style=\"text-align: center\">O g\u00eanero<em> Microstachys<\/em> A.Juss. (Euphorbiaceae) no Estado da Bahia, Brasil<\/h3>\n<hr align=\"center\" noshade=\"noshade\" size=\"1\" width=\"100%\" \/>\n<h4 style=\"text-align: center\"><strong>RESUMO<\/strong><\/h4>\n<p style=\"text-align: justify\"><em>Microstachys<\/em> A. Juss. em sua atual delimita\u00e7\u00e3o, re\u00fane 15 esp\u00e9cies nos Neotr\u00f3picos e 4 na \u00c1frica e \u00c1sia. No Brasil s\u00e3o registradas 15 esp\u00e9cies. O g\u00eanero pertence \u00e0 tribo Hippomaneae da subfam\u00edlia Euphorbioideae, que em sua circunscri\u00e7\u00e3o atual inclui g\u00eaneros anteriormente pertencentes \u00e0s tribos Hureae e Pachystromateae. No Brasil, al\u00e9m de <em>Microstachys<\/em> A.Juss., ocorrem os seguintes g\u00eaneros:<em> Actinostemon <\/em>Mart. ex Klotzsch, <em>Algernonia<\/em> Baill., <em>Colliguaja <\/em>Molina, <em>Dendrothrix<\/em> Esser, <em>Gradyana<\/em> S.M. Athi\u00ea-Souza <em>et<\/em> <em>al<\/em>.,\u00a0Gymnanthes Sw., <em>Hura <\/em>L., Mabea Aubl., <em>Maprounea <\/em>Aubl., <em>Ophthalmoblapton <\/em>Allem\u00e3o,, <em>Pachystroma <\/em>M\u00fcll.Arg., <em>Pleradenophora <\/em>Esser, <em>Pseudosenefeldera <\/em>Esser, <em>Rhodothyrsus <\/em>Esser, <em>Sapium <\/em>Jacq., <em>Sebastiania <\/em>Spreng., <em>Senefeldera <\/em>Mart. e <em>Stillingia <\/em>L. O g\u00eanero <em>Microstachys<\/em> foi estabelecido por Jussieu em 1824, com base em tr\u00eas esp\u00e9cies originalmente descritas em <em>Tragia<\/em> L. O g\u00eanero \u00e9 facilmente reconhecido pelo seu h\u00e1bito geralmente subarbustivo a arbustivo, com l\u00e1tex pouco abundante e transl\u00facido, indumento bastante variado, podendo ser h\u00edspido, tomentoso, pubescente ou pub\u00e9rulo, com tricomas simples ou dentr\u00edticos, ou mesmo ausente. Suas folhas s\u00e3o alternas e de margem frequentemente serrilhada, com gl\u00e2ndulas pr\u00f3ximas a margem na face abaxial, raramente inteiras; as infloresc\u00eancias s\u00e3o tirsos espiciformes opostos \u00e0s folhas, br\u00e1cteas glandulares; as flores s\u00e3o monoclam\u00eddeas, desprovidas de nect\u00e1rios, pistil\u00f3dios e estamin\u00f3dios; ov\u00e1rio e frutos geralmente com corn\u00edculos e sementes carunculadas. Depois de analisarmos os v\u00e1rios tratamentos taxon\u00f4micos realizados com <em>Microstachys<\/em> no Brasil, decidimos sinonimizar <em>Microstachys hispida<\/em> (Mart.) F.Dietr., <em>Microstachys salicifolia<\/em> (Mart.) M.J.Silva e <em>Microstachys serrulata<\/em> (Mart.) F. Dietr. sob <em>Microstachys corniculata<\/em> (Vahl) Griseb.; <em>Microstachys glandulosa<\/em> (Mart.) F.Dietr. sob <em>Microstachys daphnoides<\/em> (Mart.) F.Dietr. e <em>Microstachys uleana<\/em> (Pax &amp; K.Hoffm.) Esser sob <em>Microstachys marginata<\/em> (Mart.) F.Dietr. Reconhecemos duas novas esp\u00e9cies end\u00eamicas para a Bahia, <em>Microstachys<\/em> <em>auriculata<\/em> e <em>Microstachys longiflora. <\/em>Em nosso tratamento para a Flora da Bahia reconhecemos 8 esp\u00e9cies paras as quais apresentamos uma chave de identifica\u00e7\u00e3o, descri\u00e7\u00f5es, coment\u00e1rios taxon\u00f4micos, ilustra\u00e7\u00f5es e mapas de distribui\u00e7\u00e3o.<\/p>\n<p style=\"text-align: justify\"><strong>Palavras-chave:<\/strong> Flor\u00edstica, Hippomaneae, taxonomia<\/p>\n<p style=\"text-align: center\"><strong>ABSTRACT<\/strong><\/p>\n<p style=\"text-align: justify\"><em>Microstachys<\/em> A. Juss. in its current delimitation it contains 15 species in the Neotropics and 4 in Africa and Asia. In Brazil, 15 species are recorded. The genus belongs to the tribe Hippomaneae of the subfamily Euphorbioideae, which in its current circumscription includes genera previously belonging to the tribes Hureae and Pachystromateae. In Brazil, in addition to <em>Microstachys<\/em> A.Juss., the following genera occur: <em>Actinostemon<\/em> Mart. ex. Arg., <em>Pleradenophora<\/em> Esser, <em>Pseudosenefeldera<\/em> Esser, <em>Rhodothyrsus<\/em> Esser, <em>Sapium<\/em> Jacq., <em>Sebastiania<\/em> Spreng., <em>Senefeldera<\/em> Mart. and <em>Stillingia<\/em> L. The genus <em>Microstachys<\/em> was established by Jussieu in 1824, based on three species originally described in <em>Tragia<\/em> L. The genus is easily recognized by its generally subshrub to shrub habit, with little abundant and translucent latex, a very varied indument, and can be hispid, tomentose, pubescent or puberulous, with simple or dentritic trichomes, or even absent. Its leaves are alternate and the margin is often serrated, with glands close to the margin on the abaxial surface, rarely entire; the inflorescences are spiky thyrs opposite the leaves, glandular bracts; the flowers are monochlamydeous, devoid of nectaries, pistillodes and staminodes; ovary and fruits generally with cornicles and carunculated seeds. After analyzing the various taxonomic treatments carried out with <em>Microstachys<\/em> in Brazil, we decided to synonymize <em>Microstachys<\/em> <em>hispida<\/em> (Mart.) F.Dietr., <em>Microstachys<\/em> <em>salicifolia<\/em> (Mart.) M.J.Silva and <em>Microstachys<\/em> <em>serrulata<\/em> (Mart.) F. Dietr. under <em>Microstachys<\/em> <em>corniculata<\/em> (Vahl) Griseb.; <em>Microstachys<\/em> <em>glandulosa<\/em> (Mart.) F.Dietr. under <em>Microstachys<\/em> <em>daphnoides<\/em> (Mart.) F.Dietr. and <em>Microstachys uleana<\/em> (Pax &amp; K.Hoffm.) Esser under <em>Microstachys<\/em> <em>marginata<\/em> (Mart.) F.Dietr. We recognized two new species endemics to Bahia, <em>Microstachys auriculata<\/em> and <em>Microstachys longiflora<\/em>. In our treatment of the Flora of Bahia we recorded 8 species for which we present an identification key, geometric, taxonomic comments, illustrations and distribution maps.<\/p>\n<p style=\"text-align: justify\"><strong>Keywords:<\/strong> Floristic, Hippomaneae, taxonomy<\/p>\n<hr align=\"center\" noshade=\"noshade\" size=\"1\" width=\"100%\" \/>\n<p style=\"text-align: center\"><img decoding=\"async\" loading=\"lazy\" class=\"aligncenter\" src=\"https:\/\/smastr16.blob.core.windows.net\/pgibt\/2013\/09\/pdf_grande.gif\" alt=\"pdf_grande\" width=\"60\" height=\"60\" \/>(indispon\u00edvel para consulta)<\/p>\n<p style=\"text-align: center\"><strong>Cau\u00ea Ricci Brand\u00e3o<\/strong><br \/>\nO g\u00eanero <em>Microstachys<\/em> A.Juss. (Euphorbiaceae) no Estado da Bahia, Brasil<\/p>\n<hr align=\"center\" noshade=\"noshade\" size=\"1\" width=\"100%\" \/>\n<p style=\"text-align: center\"><strong>\u00a0<a href=\"www.infraestruturameioambiente.sp.gov.br\/pgibt\/dissertacoesteses\/\">VOLTAR AS DISSERTA\u00c7\u00d5ES E TESES<\/a><\/strong><\/p>\n<hr align=\"center\" noshade=\"noshade\" size=\"1\" width=\"&quot;10&lt;\/p\" \/>\n","protected":false},"excerpt":{"rendered":"<p>Cau\u00ea Ricci Brand\u00e3o Em 29 de Abril de 2024, Cau\u00ea Ricci Brand\u00e3o, aluno do Programa de P\u00f3s-Gradua\u00e7\u00e3o em Biodiversidade Vegetal e Meio Ambiente do Instituto de Pesquisas Ambientais (IPA) defendeu sua disserta\u00e7\u00e3o de mestrado intitulada \u201cO g\u00eanero Microstachys A.Juss. (Euphorbiaceae) no Estado da Bahia, Brasil\u201d. A banca da defesa foi composta pelas pesquisadoras: Dra. Daniela [&hellip;]<\/p>\n","protected":false},"author":187,"featured_media":0,"parent":0,"menu_order":0,"comment_status":"closed","ping_status":"closed","template":"","meta":[],"_links":{"self":[{"href":"https:\/\/www.infraestruturameioambiente.sp.gov.br\/pgibt\/wp-json\/wp\/v2\/pages\/9618"}],"collection":[{"href":"https:\/\/www.infraestruturameioambiente.sp.gov.br\/pgibt\/wp-json\/wp\/v2\/pages"}],"about":[{"href":"https:\/\/www.infraestruturameioambiente.sp.gov.br\/pgibt\/wp-json\/wp\/v2\/types\/page"}],"author":[{"embeddable":true,"href":"https:\/\/www.infraestruturameioambiente.sp.gov.br\/pgibt\/wp-json\/wp\/v2\/users\/187"}],"replies":[{"embeddable":true,"href":"https:\/\/www.infraestruturameioambiente.sp.gov.br\/pgibt\/wp-json\/wp\/v2\/comments?post=9618"}],"version-history":[{"count":1,"href":"https:\/\/www.infraestruturameioambiente.sp.gov.br\/pgibt\/wp-json\/wp\/v2\/pages\/9618\/revisions"}],"predecessor-version":[{"id":9619,"href":"https:\/\/www.infraestruturameioambiente.sp.gov.br\/pgibt\/wp-json\/wp\/v2\/pages\/9618\/revisions\/9619"}],"wp:attachment":[{"href":"https:\/\/www.infraestruturameioambiente.sp.gov.br\/pgibt\/wp-json\/wp\/v2\/media?parent=9618"}],"curies":[{"name":"wp","href":"https:\/\/api.w.org\/{rel}","templated":true}]}}