{"id":9612,"date":"2025-03-31T13:40:04","date_gmt":"2025-03-31T16:40:04","guid":{"rendered":"https:\/\/www.infraestruturameioambiente.sp.gov.br\/pgibt\/?page_id=9612"},"modified":"2025-03-31T13:40:04","modified_gmt":"2025-03-31T16:40:04","slug":"lucas-sales-dos-santos-ms","status":"publish","type":"page","link":"https:\/\/www.infraestruturameioambiente.sp.gov.br\/pgibt\/lucas-sales-dos-santos-ms\/","title":{"rendered":"Lucas Sales dos Santos &#8211; MS"},"content":{"rendered":"<p><img decoding=\"async\" loading=\"lazy\" class=\"size-full wp-image-8353 aligncenter\" src=\"https:\/\/smastr16.blob.core.windows.net\/pgibt\/sites\/242\/2023\/01\/faixaposipa.jpg\" alt=\"\" width=\"950\" height=\"163\" srcset=\"https:\/\/smastr16.blob.core.windows.net\/pgibt\/sites\/242\/2023\/01\/faixaposipa.jpg 950w, https:\/\/smastr16.blob.core.windows.net\/pgibt\/sites\/242\/2023\/01\/faixaposipa-320x55.jpg 320w, https:\/\/smastr16.blob.core.windows.net\/pgibt\/sites\/242\/2023\/01\/faixaposipa-768x132.jpg 768w, https:\/\/smastr16.blob.core.windows.net\/pgibt\/sites\/242\/2023\/01\/faixaposipa-250x43.jpg 250w, https:\/\/smastr16.blob.core.windows.net\/pgibt\/sites\/242\/2023\/01\/faixaposipa-550x94.jpg 550w, https:\/\/smastr16.blob.core.windows.net\/pgibt\/sites\/242\/2023\/01\/faixaposipa-800x137.jpg 800w\" sizes=\"(max-width: 950px) 100vw, 950px\" \/><\/p>\n<hr align=\"center\" noshade=\"noshade\" size=\"1\" width=\"100%\" \/>\n<h2 style=\"text-align: center\">Lucas Sales dos Santos<\/h2>\n<hr align=\"center\" noshade=\"noshade\" size=\"1\" width=\"100%\" \/>\n<p style=\"text-align: center\">No dia 28 de fevereiro de 2023, Patricia Mar\u00eda Gonz\u00e1lez S\u00e1nchez, aluna de Doutorado do Programa de P\u00f3s-gradua\u00e7\u00e3o em Biodiversidade Vegetal e Meio Ambiente do Instituto de Pesquisas Ambientais defendeu sua tese intitulada \u201cDiversidade e filogenia do complexo <em>Laurencia<\/em> (Ceramiales, Rhodophyta) no arquip\u00e9lago cubano\u201d, de forma remota atrav\u00e9s da plataforma Microsoft Teams.<\/p>\n<p style=\"text-align: center\">A banca examinadora foi presidida pela Profa. Dra. Mutue Toyota Fujii (Instituto de Pesquisas Ambientais), tendo como membros Dr. Abel Sent\u00edes Granados (Universidad Aut\u00f3noma Metropolitana\u2013 UAMI, M\u00e9xico), Profa. Dra. Maria Beatriz Barbosa de Barros Barreto (Instituto de Biologia, Universidade Federal do Rio de Janeiro), Profa. Dra. Ligia Collado-Vides (Florida International University) e Prof. Dr. Jos\u00e9 Marcos de Castro Nunes (Universidade Federal da Bahia \u2013 UFBA).<\/p>\n<hr align=\"center\" noshade=\"noshade\" size=\"1\" width=\"100%\" \/>\n<h3 style=\"text-align: center\">Rela\u00e7\u00f5es flor\u00edsticas, estrutura rb\u00f3rea e estoque de carbono de florestas urbanas da cidade de S\u00e3o Paulo, SP<\/h3>\n<hr align=\"center\" noshade=\"noshade\" size=\"1\" width=\"100%\" \/>\n<h4 style=\"text-align: center\"><strong>RESUMO<\/strong><\/h4>\n<p style=\"text-align: justify\">Estudos ecol\u00f3gicos t\u00eam mostrado a din\u00e2mica e o funcionamento de floresta prim\u00e1rias e secund\u00e1rias na Amaz\u00f4nia e Mata Atl\u00e2ntica, por\u00e9m pouco se conhece sobre estes atributos em florestas urbanas no Brasil. As cidades brasileiras t\u00eam crescido de forma desorganizada com elevados \u00edndices demogr\u00e1ficos e com s\u00e9rios problemas de altera\u00e7\u00e3o da paisagem, fato que pode trazer complica\u00e7\u00f5es para a biodiversidade e promover uma s\u00e9rie de implica\u00e7\u00f5es no ciclo do carbono e nitrog\u00eanio, promovendo efeitos de retroalimenta\u00e7\u00e3o que comprometam a manuten\u00e7\u00e3o dos ecossistemas. Este trabalho visa compreender alguns processos da din\u00e2mica de comunidades arb\u00f3reas em florestas urbanas da cidade de S\u00e3o Paulo com foco no remanescente do Parque Natural Municipal Fazenda do Carmo. Para isso, foram instaladas parcelas permanentes em tr\u00eas florestas urbanas paulistanas. O objetivo foi: i) compreender as rela\u00e7\u00f5es flor\u00edsticas nas diferentes florestas destacando o efeito e hist\u00f3rico da interfer\u00eancia antr\u00f3pica; ii) avaliar e comparar a estrutura das comunidades arb\u00f3reas ao longo das \u00e1reas selecionadas. Estas informa\u00e7\u00f5es auxiliar\u00e3o na maior compreens\u00e3o da din\u00e2mica de florestas tropicais e tamb\u00e9m nos mecanismos que controlam e regulam a biodiversidade nestas \u00e1reas. Os resultados mostram a composi\u00e7\u00e3o flor\u00edstica do Parque do Carmo mais semelhante a florestas maduras, e o estoque de carbono abaixo de outras florestas urbanas.<\/p>\n<p style=\"text-align: justify\"><strong>Palavras-chave<\/strong>: Biodiversidade, Estoque de carbono, Florestas tropicais, Flor\u00edstica<\/p>\n<p style=\"text-align: center\"><strong>ABSTRACT<\/strong><\/p>\n<p style=\"text-align: justify\">Ecological studies have shown the dynamics and functioning of primary and secondary forests in the Amazon and Atlantic Forest, but little is known about these attributes in urban forests in Brazil. Brazilian cities have grown in a disorganized way with high demographic indexes and with serious problems of landscape alteration, a fact that can bring complications to biodiversity and promote a series of implications on the carbon and nitrogen cycle, promoting feedback effects that compromise the maintenance of ecosystems. This study aims to understand some of the processes involved in the dynamics of tree communities in urban forests in the city of S\u00e3o Paulo, with a focus on the remnants of the Fazenda do Carmo Municipal Natural Park. To this end, permanent plots were installed in three urban forests in S\u00e3o Paulo. The objective was: i) to understand the floristic relationships in different forests, highlighting the effect and history of human interference; ii) evaluate and compare the structure of tree communities throughout the selected areas. This information will help to better understand the dynamics of tropical forests and also the mechanisms that control and regulate biodiversity in these areas. The results show the floristic composition of Parque do Carmo more similar to mature forests, and the carbon stock below that of other urban forests.<\/p>\n<p style=\"text-align: justify\"><strong>Keywords:<\/strong> Biodiversity, Carbon storage, Floristic, Urban forests<\/p>\n<hr align=\"center\" noshade=\"noshade\" size=\"1\" width=\"100%\" \/>\n<p style=\"text-align: center\"><img decoding=\"async\" loading=\"lazy\" class=\"aligncenter\" src=\"https:\/\/smastr16.blob.core.windows.net\/pgibt\/2013\/09\/pdf_grande.gif\" alt=\"pdf_grande\" width=\"60\" height=\"60\" \/>(indispon\u00edvel para consulta)<\/p>\n<p style=\"text-align: center\"><strong>Lucas Sales dos Santos<\/strong><br \/>\nRela\u00e7\u00f5es flor\u00edsticas, estrutura rb\u00f3rea e estoque de carbono de florestas urbanas da cidade de S\u00e3o Paulo, SP<\/p>\n<hr align=\"center\" noshade=\"noshade\" size=\"1\" width=\"100%\" \/>\n<p style=\"text-align: center\"><strong>\u00a0<a href=\"www.infraestruturameioambiente.sp.gov.br\/pgibt\/dissertacoesteses\/\">VOLTAR AS DISSERTA\u00c7\u00d5ES E TESES<\/a><\/strong><\/p>\n<hr align=\"center\" noshade=\"noshade\" size=\"1\" width=\"&quot;10&lt;\/p\" \/>\n","protected":false},"excerpt":{"rendered":"<p>Lucas Sales dos Santos No dia 28 de fevereiro de 2023, Patricia Mar\u00eda Gonz\u00e1lez S\u00e1nchez, aluna de Doutorado do Programa de P\u00f3s-gradua\u00e7\u00e3o em Biodiversidade Vegetal e Meio Ambiente do Instituto de Pesquisas Ambientais defendeu sua tese intitulada \u201cDiversidade e filogenia do complexo Laurencia (Ceramiales, Rhodophyta) no arquip\u00e9lago cubano\u201d, de forma remota atrav\u00e9s da plataforma Microsoft [&hellip;]<\/p>\n","protected":false},"author":187,"featured_media":0,"parent":0,"menu_order":0,"comment_status":"closed","ping_status":"closed","template":"","meta":[],"_links":{"self":[{"href":"https:\/\/www.infraestruturameioambiente.sp.gov.br\/pgibt\/wp-json\/wp\/v2\/pages\/9612"}],"collection":[{"href":"https:\/\/www.infraestruturameioambiente.sp.gov.br\/pgibt\/wp-json\/wp\/v2\/pages"}],"about":[{"href":"https:\/\/www.infraestruturameioambiente.sp.gov.br\/pgibt\/wp-json\/wp\/v2\/types\/page"}],"author":[{"embeddable":true,"href":"https:\/\/www.infraestruturameioambiente.sp.gov.br\/pgibt\/wp-json\/wp\/v2\/users\/187"}],"replies":[{"embeddable":true,"href":"https:\/\/www.infraestruturameioambiente.sp.gov.br\/pgibt\/wp-json\/wp\/v2\/comments?post=9612"}],"version-history":[{"count":1,"href":"https:\/\/www.infraestruturameioambiente.sp.gov.br\/pgibt\/wp-json\/wp\/v2\/pages\/9612\/revisions"}],"predecessor-version":[{"id":9613,"href":"https:\/\/www.infraestruturameioambiente.sp.gov.br\/pgibt\/wp-json\/wp\/v2\/pages\/9612\/revisions\/9613"}],"wp:attachment":[{"href":"https:\/\/www.infraestruturameioambiente.sp.gov.br\/pgibt\/wp-json\/wp\/v2\/media?parent=9612"}],"curies":[{"name":"wp","href":"https:\/\/api.w.org\/{rel}","templated":true}]}}