{"id":9607,"date":"2025-03-31T13:34:45","date_gmt":"2025-03-31T16:34:45","guid":{"rendered":"https:\/\/www.infraestruturameioambiente.sp.gov.br\/pgibt\/?page_id=9607"},"modified":"2025-03-31T13:36:22","modified_gmt":"2025-03-31T16:36:22","slug":"mariana-fernandes-dr","status":"publish","type":"page","link":"https:\/\/www.infraestruturameioambiente.sp.gov.br\/pgibt\/mariana-fernandes-dr\/","title":{"rendered":"Mariana Fernandes &#8211; DR"},"content":{"rendered":"<p><img decoding=\"async\" loading=\"lazy\" class=\"size-full wp-image-8353 aligncenter\" src=\"https:\/\/smastr16.blob.core.windows.net\/pgibt\/sites\/242\/2023\/01\/faixaposipa.jpg\" alt=\"\" width=\"950\" height=\"163\" srcset=\"https:\/\/smastr16.blob.core.windows.net\/pgibt\/sites\/242\/2023\/01\/faixaposipa.jpg 950w, https:\/\/smastr16.blob.core.windows.net\/pgibt\/sites\/242\/2023\/01\/faixaposipa-320x55.jpg 320w, https:\/\/smastr16.blob.core.windows.net\/pgibt\/sites\/242\/2023\/01\/faixaposipa-768x132.jpg 768w, https:\/\/smastr16.blob.core.windows.net\/pgibt\/sites\/242\/2023\/01\/faixaposipa-250x43.jpg 250w, https:\/\/smastr16.blob.core.windows.net\/pgibt\/sites\/242\/2023\/01\/faixaposipa-550x94.jpg 550w, https:\/\/smastr16.blob.core.windows.net\/pgibt\/sites\/242\/2023\/01\/faixaposipa-800x137.jpg 800w\" sizes=\"(max-width: 950px) 100vw, 950px\" \/><\/p>\n<hr align=\"center\" noshade=\"noshade\" size=\"1\" width=\"100%\" \/>\n<h2 style=\"text-align: center\">Mariana Fernandes<\/h2>\n<hr align=\"center\" noshade=\"noshade\" size=\"1\" width=\"100%\" \/>\n<p style=\"text-align: center\">Em 30 de Julho de 2024, Mariana Fernandes, aluna de doutorado do programa de P\u00f3s-Gradua\u00e7\u00e3o em Biodiversidade Vegetal e Meio Ambiente do Instituto de Pesquisas Ambientais IPA \u2013 SP, bolsista CAPES, defendeu sua tese de Doutorado intitulada, \u201cSISTEM\u00c1TICA DE POL\u00cdPOROS TRAMETOIDES (POLYPORALES, BASIDIOMYCOTA) EM \u00c1REAS DE MATA ATL\u00c2NTICA COM \u00caNFASE NO ESTADO DE S\u00c3O PAULO.\u201d, no modo virtual.<\/p>\n<p style=\"text-align: center\"><img decoding=\"async\" loading=\"lazy\" class=\"aligncenter size-full wp-image-9608\" src=\"https:\/\/smastr16.blob.core.windows.net\/pgibt\/sites\/242\/2025\/03\/mariana-fernandes-dr.jpg\" alt=\"\" width=\"666\" height=\"260\" srcset=\"https:\/\/smastr16.blob.core.windows.net\/pgibt\/sites\/242\/2025\/03\/mariana-fernandes-dr.jpg 666w, https:\/\/smastr16.blob.core.windows.net\/pgibt\/sites\/242\/2025\/03\/mariana-fernandes-dr-320x125.jpg 320w, https:\/\/smastr16.blob.core.windows.net\/pgibt\/sites\/242\/2025\/03\/mariana-fernandes-dr-250x98.jpg 250w, https:\/\/smastr16.blob.core.windows.net\/pgibt\/sites\/242\/2025\/03\/mariana-fernandes-dr-550x215.jpg 550w, https:\/\/smastr16.blob.core.windows.net\/pgibt\/sites\/242\/2025\/03\/mariana-fernandes-dr-461x180.jpg 461w\" sizes=\"(max-width: 666px) 100vw, 666px\" \/>A banca examinadora foi presidida pela sua orientadora, Profa. Dra. Adriana de Mello Gugliotta (Instituto de Pesquisas Ambientais \u2013 IPA) e composta pela Prof.\u00aa Dra. Raquel Cordeiro Theodoro (Universidade Federal do Rio Grande do Norte &#8211; UFRN), Prof. Dr. Juliano Marcon Baltazar (Universidade Federal de S\u00e3o Carlos &#8211; UFSCar), Prof. Dr. Jorge Luiz Fortuna (Universidade Estadual do Sul da Bahia &#8211; UNEB) e pela Profa. Dra.\u00a0 Iracema Helena Schoenlein-Crusius (Instituto de Pesquisas Ambientais &#8211; IPA).<\/p>\n<p style=\"text-align: center\">O Reino Fungi \u00e9 um reino megadiverso: desde seu ancestral at\u00e9 as formas mais derivadas, possui a maior linhagem dentre os eucariotos. O termo poli\u0301poro e\u0301 utilizado para denominar macro fungos pertencentes filo Basidiomycota que apresentam himeno\u0301foro tubular e que formam um grupo polifile\u0301tico inclui\u0301dos em diversas ordens da classe Agaricomycetes, sendo Polyporales a maior delas. Nessa ordem, Polyporaceae \u00e9 a fam\u00edlia que abarca, dentre outros t\u00e1xons, os pol\u00edporos trametoides que, aqui, se refere a <em>Trametes <\/em>Fr. e g\u00eaneros correlatos. Nesse estudo, foram feitas ana\u0301lises morfolo\u0301gicas e moleculares dos espe\u0301cimes coletados nas regio\u0303es sul e sudeste da Mata Atla\u0302ntica brasileira, cujos resultados foram discutidos sob a \u00f3ptica de suas implicac\u0327o\u0303es para a taxonomia e sistem\u00e1tica do grupo. Assim, este estudo contribuiu para sanar <em>de\u0301ficits<\/em> no conhecimento das diversidades gen\u00e9tica, morfolo\u0301gica, de distribuic\u0327a\u0303o geogra\u0301fica e das rela\u00e7\u00f5es de ancestralidade e parentesco dos pol\u00edporos trametoides na Mata Atla\u0302ntica.<\/p>\n<hr align=\"center\" noshade=\"noshade\" size=\"1\" width=\"100%\" \/>\n<h3 style=\"text-align: center\">Sistem\u00e1tica de pol\u00edporos trametoides (polyporales, basidiomycota) em \u00e1reas de mata atl\u00e2ntica com \u00eanfase no estado de S\u00e3o Paulo<\/h3>\n<hr align=\"center\" noshade=\"noshade\" size=\"1\" width=\"100%\" \/>\n<h4 style=\"text-align: center\"><strong>RESUMO<\/strong><\/h4>\n<p style=\"text-align: justify\">O termo poli\u0301poro e\u0301 utilizado para denominar os fungos do filo Basidiomycota que apresentam himeno\u0301foro tubular. Estes fungos formam um grupo polifile\u0301tico inclui\u0301dos em diversas ordens da classe Agaricomycetes, sendo Polyporales a maior delas. Nessa ordem, Polyporaceae \u00e9 a fam\u00edlia que abarca, dentre outros t\u00e1xons, os pol\u00edporos trametoides. O termo trametoide se refere a <em>Trametes <\/em>Fr. e g\u00eaneros correlatos e tem sido usado para definir espe\u0301cies com basidioma anual, se\u0301ssil a efuso-reflexo, de consiste\u0302ncia coria\u0301cea que, microscopicamente, possuem sistema hifal trimi\u0301tico, hifas generativas septadas e basido\u0301sporos cil\u00edndricos de paredes finas, inamiloides e indextrinoides. O presente estudo, realizado entre 2019 e 2024, aborda ana\u0301lises morfolo\u0301gicas e moleculares dos espe\u0301cimes coletados nas regio\u0303es sul e sudeste da Mata Atla\u0302ntica brasileira e suas implicac\u0327o\u0303es para a taxonomia e sistem\u00e1tica do grupo. Um total de 107 espe\u0301cimes foram coletados dos quais 72 foram identificados como pol\u00edporos trametoides. Os resultados sa\u0303o discutidos sob o ponto de vista taxon\u00f4mico e filogen\u00e9tico com base em estudos morfolo\u0301gicos e moleculares de t\u00e1xons coletados nos estados de S\u00e3o Paulo, Santa Catarina, Parana\u0301, e Rio Grande do Sul. Foram identificadas 19 espe\u0301cies distribu\u00eddas em sete ge\u0302neros: <em>Cerrena caperata <\/em>(Berk.) Murr<em>., Datronia mollis<\/em> (Sommerf.) Donk,<em> Datronia stereoides <\/em>(Fr.) Ryvarden, <em>Earliella scabrosa <\/em>(Pers.) Gilb. &amp; Ryvarden<em>, Funalia rigida <\/em>(Berk. and Mont.) Peck, <em>Eneydaea papyracea <\/em>Fernandes &amp; Gugliotta (que representa um novo g\u00eanero proposto)<em>, Hexagonia hydnoides <\/em>(Fr.) M. Fidalgo, <em>Trametes cubensis <\/em>(Mont.) Sacc., <em>Trametes decipiens <\/em>Bres.,<em> Trametes elegans <\/em>(Spreng.: Fr.) Fr<em>., Trametes hirsuta <\/em>(Fr.) Pila\u0301t<em>, Trametes lactinea <\/em>(Berk.) Sacc.,<em> Trametes membranacea <\/em>(Sw.:Fr.) Kreisel, <em>Trametes ochracea <\/em>(Pers.) Gilb. &amp; Ryvarden, <em>Trametes neovillosa <\/em>Fernandes &amp; Gugliotta, <em>Trametes polyzona <\/em>(Pers.) Justo, <em>Trametes sanguinea <\/em>(L.) Lloyd<em>, Trametes versicolor <\/em>(L.) Lloyd e <em>Trametes villosa <\/em>(Fr.) Kreisel.\u00a0 As espe\u0301cies sa\u0303o descritas, discutidas e chaves de identificac\u0327a\u0303o sa\u0303o apresentadas. Molecularmente, 202 seque\u0302ncias das regio\u0303es ITS, LSU e <em>tef1 e RPB2<\/em>, foram geradas e 158 foram utilizadas em ana\u0301lises filogene\u0301ticas. Este estudo, contribuiu para sanar <em>de\u0301ficits<\/em> no conhecimento das diversidades ge\u0302n\u00e9tica, morfolo\u0301gica, de distribuic\u0327a\u0303o geogra\u0301fica e das relac\u0327o\u0303es filogene\u0301ticas dos pol\u00edporos trametoides na Mata Atla\u0302ntica.<\/p>\n<p style=\"text-align: justify\"><strong>Palavras-chave:<\/strong> biodiversidade, funga, Polyporaceae, sistema\u0301tica molecula Trametoide<\/p>\n<p style=\"text-align: center\"><strong>ABSTRACT<\/strong><\/p>\n<p style=\"text-align: justify\">The term &#8220;polypore&#8221; is used to designate fungi of the phylum Basidiomycota that exhibit a tubular hymenophore. These fungi form a polyphyletic group encompassed within various orders of the class Agaricomycetes, with Polyporales being the largest of these orders. Within this order, Polyporaceae is the family that includes, among other taxa, trametoid polypores. The term &#8220;trametoid&#8221; refers to Trametes Fr. and related genera, and has been used to define species with annual basidiomata, sessile to effuse-reflexed, coriaceous consistency, and microscopic features including a trimitic hyphal system, septate generative hyphae, and cylindrical basidiospores with thin walls that are inamyloid and indextrinoid This study, conducted between 2019 and 2024, addresses morphological and molecular analyses of specimens collected in the southern and southeastern regions of the Brazilian Atlantic Forest, focusing on their implications for the taxonomy and systematics of the group. A total of 107 specimens were collected, with 72 identified as trametoid polypores. The results are discussed from both taxonomic and phylogenetic perspectives based on morphological and molecular studies of taxa collected in the states of S\u00e3o Paulo, Santa Catarina, Paran\u00e1, and Rio Grande do Sul. Nineteen species distributed across seven genera were identified: Cerrena caperata (Berk.) Murr., Datronia mollis (Sommerf.) Donk, Datronia stereoides (Fr.) Ryvarden, Earliella scabrosa (Pers.) Gilb. &amp; Ryvarden, Funalia rigida (Berk. and Mont.) Peck, Eneydaea papyracea Fernandes &amp; Gugliotta (representing a newly proposed genus), Hexagonia hydnoides (Fr.) M. Fidalgo, Trametes cubensis (Mont.) Sacc., Trametes decipiens Bres., Trametes elegans (Spreng.: Fr.) Fr., Trametes hirsuta (Fr.) Pila\u0301t, Trametes lactinea (Berk.) Sacc., Trametes membranacea (Sw.) Kreisel, Trametes ochracea (Pers.) Gilb. &amp; Ryvarden, Trametes neovillosa Fernandes &amp; Gugliotta, Trametes polyzona (Pers.) Justo, Trametes sanguinea (L.) Lloyd, Trametes versicolor (L.) Lloyd, and Trametes villosa (Fr.) Kreisel. The species are described, discussed, and identification keys are provided. Molecularly, 202 sequences from the ITS, LSU, tef1, and RPB2 regions were generated, with 158 used in phylogenetic analyses. This study contributes to addressing deficits in the knowledge of genetic diversity, morphological characteristics, geographic distribution, and phylogenetic relationships of trametoid polypores in the Atlantic Forest.<\/p>\n<p style=\"text-align: justify\"><strong>Keywords:<\/strong> Biodiversity, Molecular systematics, funga, Polyporaceae, Trametoid<\/p>\n<hr align=\"center\" noshade=\"noshade\" size=\"1\" width=\"100%\" \/>\n<p style=\"text-align: center\"><img decoding=\"async\" loading=\"lazy\" class=\"aligncenter\" src=\"https:\/\/smastr16.blob.core.windows.net\/pgibt\/2013\/09\/pdf_grande.gif\" alt=\"pdf_grande\" width=\"60\" height=\"60\" \/>(indispon\u00edvel para consulta)<\/p>\n<p style=\"text-align: center\"><strong>Mariana Fernandes<\/strong><br \/>\nSistem\u00e1tica de pol\u00edporos trametoides (polyporales, basidiomycota) em \u00e1reas de mata atl\u00e2ntica com \u00eanfase no estado de S\u00e3o Paulo<\/p>\n<hr align=\"center\" noshade=\"noshade\" size=\"1\" width=\"100%\" \/>\n<p style=\"text-align: center\"><strong>\u00a0<a href=\"www.infraestruturameioambiente.sp.gov.br\/pgibt\/dissertacoesteses\/\">VOLTAR AS DISSERTA\u00c7\u00d5ES E TESES<\/a><\/strong><\/p>\n<hr align=\"center\" noshade=\"noshade\" size=\"1\" width=\"&quot;10&lt;\/p\" \/>\n","protected":false},"excerpt":{"rendered":"<p>Mariana Fernandes Em 30 de Julho de 2024, Mariana Fernandes, aluna de doutorado do programa de P\u00f3s-Gradua\u00e7\u00e3o em Biodiversidade Vegetal e Meio Ambiente do Instituto de Pesquisas Ambientais IPA \u2013 SP, bolsista CAPES, defendeu sua tese de Doutorado intitulada, \u201cSISTEM\u00c1TICA DE POL\u00cdPOROS TRAMETOIDES (POLYPORALES, BASIDIOMYCOTA) EM \u00c1REAS DE MATA ATL\u00c2NTICA COM \u00caNFASE NO ESTADO DE [&hellip;]<\/p>\n","protected":false},"author":187,"featured_media":0,"parent":0,"menu_order":0,"comment_status":"closed","ping_status":"closed","template":"","meta":[],"_links":{"self":[{"href":"https:\/\/www.infraestruturameioambiente.sp.gov.br\/pgibt\/wp-json\/wp\/v2\/pages\/9607"}],"collection":[{"href":"https:\/\/www.infraestruturameioambiente.sp.gov.br\/pgibt\/wp-json\/wp\/v2\/pages"}],"about":[{"href":"https:\/\/www.infraestruturameioambiente.sp.gov.br\/pgibt\/wp-json\/wp\/v2\/types\/page"}],"author":[{"embeddable":true,"href":"https:\/\/www.infraestruturameioambiente.sp.gov.br\/pgibt\/wp-json\/wp\/v2\/users\/187"}],"replies":[{"embeddable":true,"href":"https:\/\/www.infraestruturameioambiente.sp.gov.br\/pgibt\/wp-json\/wp\/v2\/comments?post=9607"}],"version-history":[{"count":2,"href":"https:\/\/www.infraestruturameioambiente.sp.gov.br\/pgibt\/wp-json\/wp\/v2\/pages\/9607\/revisions"}],"predecessor-version":[{"id":9611,"href":"https:\/\/www.infraestruturameioambiente.sp.gov.br\/pgibt\/wp-json\/wp\/v2\/pages\/9607\/revisions\/9611"}],"wp:attachment":[{"href":"https:\/\/www.infraestruturameioambiente.sp.gov.br\/pgibt\/wp-json\/wp\/v2\/media?parent=9607"}],"curies":[{"name":"wp","href":"https:\/\/api.w.org\/{rel}","templated":true}]}}