{"id":9586,"date":"2025-03-31T13:03:30","date_gmt":"2025-03-31T16:03:30","guid":{"rendered":"https:\/\/www.infraestruturameioambiente.sp.gov.br\/pgibt\/?page_id=9586"},"modified":"2025-03-31T14:08:06","modified_gmt":"2025-03-31T17:08:06","slug":"patricia-maria-gonzalez-sanchez-dr","status":"publish","type":"page","link":"https:\/\/www.infraestruturameioambiente.sp.gov.br\/pgibt\/patricia-maria-gonzalez-sanchez-dr\/","title":{"rendered":"Patricia Mar\u00eda Gonz\u00e1lez S\u00e1nchez &#8211; DR"},"content":{"rendered":"<p><img decoding=\"async\" loading=\"lazy\" class=\"size-full wp-image-8353 aligncenter\" src=\"https:\/\/smastr16.blob.core.windows.net\/pgibt\/sites\/242\/2023\/01\/faixaposipa.jpg\" alt=\"\" width=\"950\" height=\"163\" srcset=\"https:\/\/smastr16.blob.core.windows.net\/pgibt\/sites\/242\/2023\/01\/faixaposipa.jpg 950w, https:\/\/smastr16.blob.core.windows.net\/pgibt\/sites\/242\/2023\/01\/faixaposipa-320x55.jpg 320w, https:\/\/smastr16.blob.core.windows.net\/pgibt\/sites\/242\/2023\/01\/faixaposipa-768x132.jpg 768w, https:\/\/smastr16.blob.core.windows.net\/pgibt\/sites\/242\/2023\/01\/faixaposipa-250x43.jpg 250w, https:\/\/smastr16.blob.core.windows.net\/pgibt\/sites\/242\/2023\/01\/faixaposipa-550x94.jpg 550w, https:\/\/smastr16.blob.core.windows.net\/pgibt\/sites\/242\/2023\/01\/faixaposipa-800x137.jpg 800w\" sizes=\"(max-width: 950px) 100vw, 950px\" \/><\/p>\n<hr align=\"center\" noshade=\"noshade\" size=\"1\" width=\"100%\" \/>\n<h2 style=\"text-align: center\">Patricia Mar\u00eda Gonz\u00e1lez S\u00e1nchez<\/h2>\n<hr align=\"center\" noshade=\"noshade\" size=\"1\" width=\"100%\" \/>\n<p style=\"text-align: center\">No dia 28 de fevereiro de 2023, Patricia Mar\u00eda Gonz\u00e1lez S\u00e1nchez, aluna de Doutorado do Programa de P\u00f3s-gradua\u00e7\u00e3o em Biodiversidade Vegetal e Meio Ambiente do Instituto de Pesquisas Ambientais defendeu sua tese intitulada \u201cDiversidade e filogenia do complexo <em>Laurencia<\/em> (Ceramiales, Rhodophyta) no arquip\u00e9lago cubano\u201d, de forma remota atrav\u00e9s da plataforma Microsoft Teams.<\/p>\n<p style=\"text-align: center\">A banca examinadora foi presidida pela Profa. Dra. Mutue Toyota Fujii (Instituto de Pesquisas Ambientais), tendo como membros Dr. Abel Sent\u00edes Granados (Universidad Aut\u00f3noma Metropolitana\u2013 UAMI, M\u00e9xico), Profa. Dra. Maria Beatriz Barbosa de Barros Barreto (Instituto de Biologia, Universidade Federal do Rio de Janeiro), Profa. Dra. Ligia Collado-Vides (Florida International University) e Prof. Dr. Jos\u00e9 Marcos de Castro Nunes (Universidade Federal da Bahia \u2013 UFBA).<\/p>\n<hr align=\"center\" noshade=\"noshade\" size=\"1\" width=\"100%\" \/>\n<h3 style=\"text-align: center\">Diversidade e filogenia do complexo <em>laurencia<\/em> (ceramiales, rhodophyta) no arquip\u00e9lago cubano<\/h3>\n<hr align=\"center\" noshade=\"noshade\" size=\"1\" width=\"100%\" \/>\n<h4 style=\"text-align: center\"><strong>RESUMO<\/strong><\/h4>\n<p style=\"text-align: justify\">O complexo <em>Laurencia <\/em>(Ceramiales, Rhodophyta) apresenta uma alta diversidade e &#8220;complexidade&#8221; tornando quase imposs\u00edvel identificar seus representantes apenas pela morfologia. Ultimamente, pesquisadores tem modificado substancialmente a taxonomia do complexo <em>Laurencia <\/em>em v\u00e1rias regi\u00f5es do mundo e, particularmente no Atl\u00e2ntico Ocidental tropical e subtropical, o uso de ferramentas moleculares tem revelado um n\u00famero significativo de novos t\u00e1xons. Na regi\u00e3o do Caribe, o arquip\u00e9lago cubano \u00e9 uma das \u00e1reas reconhecidas por sua alta diversidade de macroalgas marinhas, no entanto, estudos moleculares de seus esp\u00e9cimes s\u00e3o praticamente inexistentes, representando uma lacuna no conhecimento taxon\u00f4mico atual. Neste contexto, a diversidade do complexo <em>Laurencia <\/em>foi investigada pela primeira vez em Cuba sob uma abordagem molecular, complementada com dados morfol\u00f3gicos e padr\u00f5es de distribui\u00e7\u00e3o das esp\u00e9cies. As coletas abrangeram os litorais norte e sul e as tr\u00eas regi\u00f5es em que se divide o arquip\u00e9lago (ocidental, central e oriental). Foram utilizados os marcadores o mitocondrial do tipo DNA Barcode COI-5P e o plastidial <em>rbc<\/em>L para infer\u00eancias filogen\u00e9ticas. Cinco m\u00e9todos de delimita\u00e7\u00e3o de esp\u00e9cies (ABGD, ASAP, PTP, GMYCs e GMYCm) foram aplicados para avaliar a diversidade do complexo em um conjunto de dados do COI-5P. Nossos resultados confirmaram a presen\u00e7a de 13 t\u00e1xons para a plataforma cubana: <em>Laurencia caduciramulosa, L. catarinensis<\/em>, <em>L. dendroidea<\/em>, <em>L<\/em>. <em>microcladia<\/em>\u00b8 <em>Laurenciella namii<\/em>, <em>Palisada corallopsis<\/em>, <em>P<\/em>. aff. <em>perforata <\/em>3, <em>Palisada <\/em>sp. 1, <em>Palisada <\/em>sp. 2, <em>Yuzurua iridescens<\/em>, <em>Y<\/em>. <em>poiteaui<\/em>, <em>Yuzurua <\/em>sp. 1 e <em>Yuzurua <\/em>sp. 2. <em>Laurencia catarinensis <\/em>constitui um novo registro para Cuba e regi\u00e3o do Caribe, ampliando sua \u00e1rea de distribui\u00e7\u00e3o. <em>Laurenciella namii<\/em>, al\u00e9m de ser outro novo registro para Cuba, aumenta o n\u00famero de g\u00eaneros do complexo <em>Laurencia <\/em>reconhecidos at\u00e9 agora para o pa\u00eds. Das quatro esp\u00e9cies n\u00e3o identificadas em n\u00edvel espec\u00edfico (duas de <em>Palisada <\/em>e duas de <em>Yuzurua<\/em>), tr\u00eas coincidem com sequ\u00eancias do GenBank, por\u00e9m mais estudos s\u00e3o necess\u00e1rios para esclarecer seus status taxon\u00f4mico. Das esp\u00e9cies citadas para Cuba, <em>Laurencia brongniartii<\/em>, <em>L. caraibica<\/em>, <em>L. chondrioides<\/em>, <em>L. intricata<\/em>, <em>L. minuscula<\/em>, <em>L. obtusa<\/em>, <em>Osmundea coelenterata<\/em>, <em>Palisada cervicornis<\/em>, <em>P. flagellifera <\/em>e <em>Yuzurua poiteaui <\/em>var. <em>gemmifera<\/em>, n\u00e3o foram encontradas nas nossas coletas e, n\u00e3o puderam ser confirmadas neste estudo. Nossas an\u00e1lises moelculares com o COI-5P, incluindo os m\u00e9todos de delimita\u00e7\u00e3o de esp\u00e9cies, mostraram que <em>L. dendroidea <\/em>e <em>P. perforata <\/em>formam complexos de esp\u00e9cies. As an\u00e1lises moleculares e a compara\u00e7\u00e3o morfol\u00f3gica detalhada de <em>Palisada corallopsis <\/em>e <em>P. furcata <\/em>de suas localidades tipo ap\u00f3iam a coespecificidade desses t\u00e1xons, tendo <em>P. corallopsis <\/em>prioridade sobre o primeiro. O marcador COI-5P mostrou ser mais eficiente na distin\u00e7\u00e3o de esp\u00e9cies do que o <em>rbc<\/em>L, revelando a necessidade de revis\u00e3o taxon\u00f4mica para alguns t\u00e1xons, como <em>L. dendroidea <\/em>e <em>P. perforata<\/em>. As esp\u00e9cies do complexo <em>Laurencia <\/em>apresentaram um padr\u00e3o de distribui\u00e7\u00e3o heterog\u00eaneo, com o maior n\u00famero de esp\u00e9cies e indiv\u00edduos encontrados no litoral norte. A An\u00e1lise de Parcim\u00f4nia de Endemicidade (PAE, sigla em ingl\u00eas) revelou \u00e1reas end\u00eamicas determinadas pela presen\u00e7a de esp\u00e9cies raras ou incomuns do complexo para o arquip\u00e9lago cubano dentro e fora das \u00c1reas Marinhas Protegidas. <em>Laurencia dendroidea<\/em>, <em>Palisada perforata <\/em>e <em>Yuzurua poiteaui <\/em>foram as esp\u00e9cies mais comuns e frequentes registradas na costa cubana. Nosso estudo representa um primeiro esfor\u00e7o para relevar a diversidade do complexo <em>Laurencia <\/em>em Cuba com base em dados moleculares, fornecendo informa\u00e7\u00f5es valiosas sobre a biodiversidade de algas no arquip\u00e9lago e no Atl\u00e2ntico ocidental tropical, e destaca a import\u00e2ncia de gerar um conjunto de dados de refer\u00eancia preciso para futuros esfor\u00e7os de monitoramento. No entanto, os resultados obtidos indicam que a diversidade do complexo pode estar superestimada e amostragens mais amplas s\u00e3o necess\u00e1rias, incorporando novos marcadores \u00e0s an\u00e1lises visando esclarecer sua diversidade e melhor inferir as rela\u00e7\u00f5es intra- e interespec\u00edficas deste complexo de algas.<\/p>\n<p style=\"text-align: justify\"><strong>Palavras-chave:<\/strong> Taxonomia, COI-5P, <em>rbc<\/em>L, m\u00e9todos de delimita\u00e7\u00e3o de esp\u00e9cies, PAE<\/p>\n<p style=\"text-align: center\"><strong>ABSTRACT<\/strong><\/p>\n<p style=\"text-align: justify\">The <em>Laurencia <\/em>complex (Ceramiales, Rhodophyta) presents a high diversity and &#8220;complexity&#8221; making it almost impossible to identify its representatives only by morphology. Lately, researchers have substantially modified the taxonomy of the <em>Laurencia <\/em>complex in several regions of the world and, particularly in the tropical and subtropical Western Atlantic, the use of molecular tools has revealed a significant number of new taxa. In the Caribbean region, the Cuban archipelago is one of the areas recognized for its high diversity of marine macroalgae, however, molecular studies of its specimens are practically non-existent, representing a gap in current taxonomic knowledge. In this context, the diversity of the <em>Laurencia <\/em>complex was investigated for the first time in Cuba under a molecular approach, complemented with morphological data and species distribution patterns. The collections covered the north and south coasts and the three regions into which the archipelago is divided (western, central and eastern). Mitochondrial DNA Barcode COI-5P and plastid <em>rbc<\/em>L markers were used for phylogenetic inferences. Five species delimitation methods (ABGD, ASAP, PTP, GMYCs and GMYCm) were applied to assess complex diversity in a COI-5P dataset. Our results confirmed the presence of 13 taxa for the Cuban shelf: <em>Laurencia caduciramulosa<\/em>, <em>L. catarinensis<\/em>, <em>L. dendroidea<\/em>, <em>L. microcladia<\/em>\u00b8 <em>Laurenciella namii<\/em>, <em>Palisada corallopsis<\/em>, <em>P<\/em>. aff. <em>perforata <\/em>3, <em>Palisada <\/em>sp. 1, <em>Palisada <\/em>sp. 2, <em>Yuzurua iridescens<\/em>, <em>Y. poiteaui<\/em>, <em>Yuzurua <\/em>sp. 1, and <em>Yuzurua <\/em>sp. 2. <em>Laurencia catarinensis <\/em>constitutes a new record for Cuba and the Caribbean region, expanding its distribution area. <em>Laurenciella namii<\/em>, in addition to being another new record for Cuba, increases the number of genera of the <em>Laurencia <\/em>complex recognized so far for the country. Of the four species not identified at specific level (two from <em>Palisada <\/em>and two from <em>Yuzurua<\/em>), three match GenBank sequences, but further studies are needed to clarify their taxonomic status. Of the species cited for Cuba, <em>Laurencia brongniartii<\/em>, <em>L. caraibica<\/em>, <em>L. chondrioides<\/em>, <em>L. intricata<\/em>, <em>L. minuscula<\/em>, <em>L. obtusa<\/em>, <em>Osmundea coelenterata<\/em>, <em>Palisada cervicornis<\/em>, <em>P. flagellifera <\/em>and <em>Yuzurua poiteaui <\/em>var. <em>gemmifera<\/em>, were not found in our collections and could not be confirmed in this study. Our molecular analyzes with COI-5P, including the species delimitation methods, showed that <em>L. dendroidea <\/em>and <em>P. perforata <\/em>form species complexes. Molecular analyzes and detailed morphological comparison of <em>Palisada corallopsis <\/em>and <em>P. furcata <\/em>from their type localities support the cospecificity of these taxa, with <em>P. corallopsis <\/em>having priority over the former. The COI-5P marker proved to be more efficient in distinguishing species than <em>rbc<\/em>L, revealing the need for a taxonomic revision for some taxa, such as <em>L. dendroidea <\/em>and <em>P. perforata<\/em>. Species from the <em>Laurencia <\/em>complex showed a heterogeneous distribution pattern, with the highest number of species and individuals found on the north coast. The Endemicity Parsimony Analysis (PAE) revealed endemic areas determined by the presence of rare or unusual species of the complex for the Cuban archipelago inside and outside the Marine Protected Areas. <em>Laurencia dendroidea<\/em>, <em>Palisada perforata <\/em>and <em>Yuzurua poiteaui <\/em>were the most common and frequent species recorded on the Cuban coast. Our study represents a first effort to reveal the diversity of the <em>Laurencia <\/em>complex in Cuba based on molecular data, providing valuable information on algal biodiversity in the archipelago and the tropical western Atlantic, and highlights the importance of generating an accurate reference dataset. for future monitoring efforts. However, the results indicate that the complex&#8217;s diversity may be overestimated and broader sampling is needed, incorporating new markers to the analysis to clarify its diversity and better infer the intra- and interspecific relationships of this algae complex.<\/p>\n<p style=\"text-align: justify\"><strong>Keywords<\/strong>: Taxonomy, COI-5P, <em>rbc<\/em>L, species delimitation methods, PAE<\/p>\n<hr align=\"center\" noshade=\"noshade\" size=\"1\" width=\"100%\" \/>\n<p style=\"text-align: center\"><img decoding=\"async\" loading=\"lazy\" class=\"aligncenter\" src=\"https:\/\/smastr16.blob.core.windows.net\/pgibt\/2013\/09\/pdf_grande.gif\" alt=\"pdf_grande\" width=\"60\" height=\"60\" \/>(indispon\u00edvel para consulta)<\/p>\n<p style=\"text-align: center\"><strong>Patricia Mar\u00eda Gonz\u00e1lez S\u00e1nchez<\/strong><br \/>\nDiversidade e filogenia do complexo <em>laurencia<\/em> (ceramiales, rhodophyta) no arquip\u00e9lago cubano<\/p>\n<hr align=\"center\" noshade=\"noshade\" size=\"1\" width=\"100%\" \/>\n<p style=\"text-align: center\"><strong>\u00a0<a href=\"www.infraestruturameioambiente.sp.gov.br\/pgibt\/dissertacoesteses\/\">VOLTAR AS DISSERTA\u00c7\u00d5ES E TESES<\/a><\/strong><\/p>\n<hr align=\"center\" noshade=\"noshade\" size=\"1\" width=\"&quot;10&lt;\/p\" \/>\n","protected":false},"excerpt":{"rendered":"<p>Patricia Mar\u00eda Gonz\u00e1lez S\u00e1nchez No dia 28 de fevereiro de 2023, Patricia Mar\u00eda Gonz\u00e1lez S\u00e1nchez, aluna de Doutorado do Programa de P\u00f3s-gradua\u00e7\u00e3o em Biodiversidade Vegetal e Meio Ambiente do Instituto de Pesquisas Ambientais defendeu sua tese intitulada \u201cDiversidade e filogenia do complexo Laurencia (Ceramiales, Rhodophyta) no arquip\u00e9lago cubano\u201d, de forma remota atrav\u00e9s da plataforma Microsoft [&hellip;]<\/p>\n","protected":false},"author":187,"featured_media":0,"parent":0,"menu_order":0,"comment_status":"closed","ping_status":"closed","template":"","meta":[],"_links":{"self":[{"href":"https:\/\/www.infraestruturameioambiente.sp.gov.br\/pgibt\/wp-json\/wp\/v2\/pages\/9586"}],"collection":[{"href":"https:\/\/www.infraestruturameioambiente.sp.gov.br\/pgibt\/wp-json\/wp\/v2\/pages"}],"about":[{"href":"https:\/\/www.infraestruturameioambiente.sp.gov.br\/pgibt\/wp-json\/wp\/v2\/types\/page"}],"author":[{"embeddable":true,"href":"https:\/\/www.infraestruturameioambiente.sp.gov.br\/pgibt\/wp-json\/wp\/v2\/users\/187"}],"replies":[{"embeddable":true,"href":"https:\/\/www.infraestruturameioambiente.sp.gov.br\/pgibt\/wp-json\/wp\/v2\/comments?post=9586"}],"version-history":[{"count":2,"href":"https:\/\/www.infraestruturameioambiente.sp.gov.br\/pgibt\/wp-json\/wp\/v2\/pages\/9586\/revisions"}],"predecessor-version":[{"id":9625,"href":"https:\/\/www.infraestruturameioambiente.sp.gov.br\/pgibt\/wp-json\/wp\/v2\/pages\/9586\/revisions\/9625"}],"wp:attachment":[{"href":"https:\/\/www.infraestruturameioambiente.sp.gov.br\/pgibt\/wp-json\/wp\/v2\/media?parent=9586"}],"curies":[{"name":"wp","href":"https:\/\/api.w.org\/{rel}","templated":true}]}}