{"id":9583,"date":"2025-03-31T11:31:07","date_gmt":"2025-03-31T14:31:07","guid":{"rendered":"https:\/\/www.infraestruturameioambiente.sp.gov.br\/pgibt\/?page_id=9583"},"modified":"2025-03-31T11:31:07","modified_gmt":"2025-03-31T14:31:07","slug":"higor-antonio-domingues-dr","status":"publish","type":"page","link":"https:\/\/www.infraestruturameioambiente.sp.gov.br\/pgibt\/higor-antonio-domingues-dr\/","title":{"rendered":"Higor Antonio Domingues &#8211; DR"},"content":{"rendered":"<p><img decoding=\"async\" loading=\"lazy\" class=\"size-full wp-image-8353 aligncenter\" src=\"https:\/\/smastr16.blob.core.windows.net\/pgibt\/sites\/242\/2023\/01\/faixaposipa.jpg\" alt=\"\" width=\"950\" height=\"163\" srcset=\"https:\/\/smastr16.blob.core.windows.net\/pgibt\/sites\/242\/2023\/01\/faixaposipa.jpg 950w, https:\/\/smastr16.blob.core.windows.net\/pgibt\/sites\/242\/2023\/01\/faixaposipa-320x55.jpg 320w, https:\/\/smastr16.blob.core.windows.net\/pgibt\/sites\/242\/2023\/01\/faixaposipa-768x132.jpg 768w, https:\/\/smastr16.blob.core.windows.net\/pgibt\/sites\/242\/2023\/01\/faixaposipa-250x43.jpg 250w, https:\/\/smastr16.blob.core.windows.net\/pgibt\/sites\/242\/2023\/01\/faixaposipa-550x94.jpg 550w, https:\/\/smastr16.blob.core.windows.net\/pgibt\/sites\/242\/2023\/01\/faixaposipa-800x137.jpg 800w\" sizes=\"(max-width: 950px) 100vw, 950px\" \/><\/p>\n<hr align=\"center\" noshade=\"noshade\" size=\"1\" width=\"100%\" \/>\n<h2 style=\"text-align: center\">Higor Antonio Domingues<\/h2>\n<hr align=\"center\" noshade=\"noshade\" size=\"1\" width=\"100%\" \/>\n<p style=\"text-align: center\">O Dr. Higor Antonio-Domingues juntamente com a sua orientadora Dr. Cynthia Luz e demais parcerias nacionais e internacionais, auxiliaram a compreender a historia evolutiva de um grupo de plantas da familia do feij\u00e3o e do pau brazil (Leguminosae). Esse resultado para as plantas conhecidas como \u201cAdesmias\u201d, pode ser utilizado como modelo para futuros estudos com evolu\u00e7\u00e3o dos gr\u00e3o de p\u00f3len e auxilia no entendimento de como as estruturas reprodutoras desse grupo se moldaram ao longo do tempo e promoveram o sucesso evolutivo dentre as leguminosas. Atualmente, Higor esta trabalhando no Royal Botanical Garden, Kew, em Londres no Reino Unido, em um projeto similar com a familia dos gira-sois e dentes de le\u00e3o que ocorrem na \u00c1frica e na Asia.<\/p>\n<hr align=\"center\" noshade=\"noshade\" size=\"1\" width=\"100%\" \/>\n<h3 style=\"text-align: center\">Palinotaxonomia e evolu\u00e7\u00e3o de caracteres pol\u00ednicos de representantes do clado informal Adesmia (Leguminosae \u2013 Papilionoideae \u2013 Dalbergieae)<\/h3>\n<hr align=\"center\" noshade=\"noshade\" size=\"1\" width=\"100%\" \/>\n<h4 style=\"text-align: center\"><strong>RESUMO<\/strong><\/h4>\n<p style=\"text-align: justify\">Dentre as angiospermas, Leguminosae \u00e9 a maior fam\u00edlia, a mais importante economicamente e merece aten\u00e7\u00e3o o clado informal Adesmia. Esse t\u00e1xon est\u00e1 circunscrito dentre as dalbergioides (Papilionoideae) e \u00e9 atualmente representado por quatro g\u00eaneros exclusivamente americanos (<em>Adesmia, Amicia, Nissolia, Poiretia<\/em>) e um g\u00eanero pantropical (<em>Zornia<\/em>). Esse clado que vem sendo amplamente estudado filogeneticamente, por\u00e9m os estudos palinol\u00f3gicos s\u00e3o escassos. Sabendo que os gr\u00e3os de p\u00f3len s\u00e3o uma importante ferramenta para a taxonomia e para elucidar a hist\u00f3ria evolutiva dos diversos grupos de angiospermas a presente tese almejou descrever a morfologia pol\u00ednica bem como a ultraescultura e ultraestrutura da exina dos cinco g\u00eaneros que comp\u00f5em o t\u00e1xon utilizando a metodologia padr\u00e3o para palinotaxonomia. Visando a robustez dos dados, foram tamb\u00e9m aplicadas an\u00e1lises estat\u00edsticas multivariadas al\u00e9m do mapeando dos caracteres palinol\u00f3gicos utilizando a filogenia mais recente. Foram analisados 145 esp\u00e9cimes distribu\u00eddos por 78 esp\u00e9cies dos cinco g\u00eaneros do clado. Atrav\u00e9s da palinologia foi poss\u00edvel a delimita\u00e7\u00e3o de esp\u00e9cies bem como de tipos pol\u00ednicos dentro dos g\u00eaneros. Os tipos pol\u00ednicos estabelecidos para os g\u00eaneros <em>Amicia <\/em>e <em>Nissolia<\/em>, utilizando a morfologia pol\u00ednica e ultraescutura corroboram os clados infragen\u00e9ricos estabelecidos filogeneticamente auxiliando assim com dados morfol\u00f3gicos para o reconhecimento dos taxa. Todas as linhagens do clado Adesmia foram recuperadas com pelo menos um ou mais homoplasias\/apomorfias, exceto pelo g\u00eanero <em>Adesmia<\/em>.<\/p>\n<p style=\"text-align: justify\">Palavras-chave: Dalbergieae, Fabaceae, morfologia pol\u00ednica, palinologia, Papilionoideae.<\/p>\n<p style=\"text-align: center\"><strong>ABSTRACT<\/strong><\/p>\n<p style=\"text-align: justify\">Among the angiosperms, Leguminosae is the most diverse family and economically significant, and the Informal Adesmia Clade deserves attention. This taxon is circumscribed among the dalbergiods (Papilionoideae) and is currently represented by four exclusively American genera (<em>Adesmia, Amicia, Nissolia, Poiretia<\/em>) and one pantropical genus (<em>Zornia<\/em>). This clade has been widely studied phylogenetically and anatomically, but palynological studies are scarce. Knowing the pollen grains&#8217; importance for the taxonomy and elucidating the evolutionary history of the various groups of angiosperms, this thesis aimed to describe the pollen morphology and the ultrasculpture and ultrastructure of the exine of the five genera included in the taxa using the standard methodology for palinotaxonomy. Aiming for data robustness, multivariate analyses were also applied in addition to mapping palynological characters using the most recent phylogeny. Analyzed 145 specimens from 78 species of the five genera of the clade, and it was possible to delimit species and pollen types within genera. The pollen types established for the genera <em>Amicia <\/em>and <em>Nissolia<\/em>, using pollen morphology and ultrasculpture, corroborate the phylogenetically established infrageneric clades, thus helping with morphological data for the recognition of taxa. The description of the exine ultrastructure is new for the five genera of the Adesmia clade and is helpful for future studies of the phylogeny of the tribe Dalbergieae. All lineages of the Adesmia clade from the molecular phylogeny were recovered with at least one or more homoplasies\/apomorphies, except by <em>Adesmia <\/em>genus.<\/p>\n<p style=\"text-align: justify\">Keywords: Dalbergieae, Fabaceae, palynology, Papilionoideae, pollen morphology.<\/p>\n<hr align=\"center\" noshade=\"noshade\" size=\"1\" width=\"100%\" \/>\n<p style=\"text-align: center\"><img decoding=\"async\" loading=\"lazy\" class=\"aligncenter\" src=\"https:\/\/smastr16.blob.core.windows.net\/pgibt\/2013\/09\/pdf_grande.gif\" alt=\"pdf_grande\" width=\"60\" height=\"60\" \/>(indispon\u00edvel para consulta)<\/p>\n<p style=\"text-align: center\"><strong>Higor Antonio Domingues<\/strong><br \/>\nPalinotaxonomia e evolu\u00e7\u00e3o de caracteres pol\u00ednicos de representantes do clado informal Adesmia (Leguminosae \u2013 Papilionoideae \u2013 Dalbergieae)<\/p>\n<hr align=\"center\" noshade=\"noshade\" size=\"1\" width=\"100%\" \/>\n<p style=\"text-align: center\"><strong>\u00a0<a href=\"www.infraestruturameioambiente.sp.gov.br\/pgibt\/dissertacoesteses\/\">VOLTAR AS DISSERTA\u00c7\u00d5ES E TESES<\/a><\/strong><\/p>\n<hr align=\"center\" noshade=\"noshade\" size=\"1\" width=\"&quot;10&lt;\/p\" \/>\n","protected":false},"excerpt":{"rendered":"<p>Higor Antonio Domingues O Dr. Higor Antonio-Domingues juntamente com a sua orientadora Dr. Cynthia Luz e demais parcerias nacionais e internacionais, auxiliaram a compreender a historia evolutiva de um grupo de plantas da familia do feij\u00e3o e do pau brazil (Leguminosae). Esse resultado para as plantas conhecidas como \u201cAdesmias\u201d, pode ser utilizado como modelo para [&hellip;]<\/p>\n","protected":false},"author":187,"featured_media":0,"parent":0,"menu_order":0,"comment_status":"closed","ping_status":"closed","template":"","meta":[],"_links":{"self":[{"href":"https:\/\/www.infraestruturameioambiente.sp.gov.br\/pgibt\/wp-json\/wp\/v2\/pages\/9583"}],"collection":[{"href":"https:\/\/www.infraestruturameioambiente.sp.gov.br\/pgibt\/wp-json\/wp\/v2\/pages"}],"about":[{"href":"https:\/\/www.infraestruturameioambiente.sp.gov.br\/pgibt\/wp-json\/wp\/v2\/types\/page"}],"author":[{"embeddable":true,"href":"https:\/\/www.infraestruturameioambiente.sp.gov.br\/pgibt\/wp-json\/wp\/v2\/users\/187"}],"replies":[{"embeddable":true,"href":"https:\/\/www.infraestruturameioambiente.sp.gov.br\/pgibt\/wp-json\/wp\/v2\/comments?post=9583"}],"version-history":[{"count":1,"href":"https:\/\/www.infraestruturameioambiente.sp.gov.br\/pgibt\/wp-json\/wp\/v2\/pages\/9583\/revisions"}],"predecessor-version":[{"id":9584,"href":"https:\/\/www.infraestruturameioambiente.sp.gov.br\/pgibt\/wp-json\/wp\/v2\/pages\/9583\/revisions\/9584"}],"wp:attachment":[{"href":"https:\/\/www.infraestruturameioambiente.sp.gov.br\/pgibt\/wp-json\/wp\/v2\/media?parent=9583"}],"curies":[{"name":"wp","href":"https:\/\/api.w.org\/{rel}","templated":true}]}}