{"id":9576,"date":"2025-03-31T11:21:40","date_gmt":"2025-03-31T14:21:40","guid":{"rendered":"https:\/\/www.infraestruturameioambiente.sp.gov.br\/pgibt\/?page_id=9576"},"modified":"2025-03-31T11:21:40","modified_gmt":"2025-03-31T14:21:40","slug":"marina-pires-correa-dos-santos-ms","status":"publish","type":"page","link":"https:\/\/www.infraestruturameioambiente.sp.gov.br\/pgibt\/marina-pires-correa-dos-santos-ms\/","title":{"rendered":"Marina Pires Corr\u00eaa dos Santos &#8211; MS"},"content":{"rendered":"<p><img decoding=\"async\" loading=\"lazy\" class=\"size-full wp-image-8353 aligncenter\" src=\"https:\/\/smastr16.blob.core.windows.net\/pgibt\/sites\/242\/2023\/01\/faixaposipa.jpg\" alt=\"\" width=\"950\" height=\"163\" srcset=\"https:\/\/smastr16.blob.core.windows.net\/pgibt\/sites\/242\/2023\/01\/faixaposipa.jpg 950w, https:\/\/smastr16.blob.core.windows.net\/pgibt\/sites\/242\/2023\/01\/faixaposipa-320x55.jpg 320w, https:\/\/smastr16.blob.core.windows.net\/pgibt\/sites\/242\/2023\/01\/faixaposipa-768x132.jpg 768w, https:\/\/smastr16.blob.core.windows.net\/pgibt\/sites\/242\/2023\/01\/faixaposipa-250x43.jpg 250w, https:\/\/smastr16.blob.core.windows.net\/pgibt\/sites\/242\/2023\/01\/faixaposipa-550x94.jpg 550w, https:\/\/smastr16.blob.core.windows.net\/pgibt\/sites\/242\/2023\/01\/faixaposipa-800x137.jpg 800w\" sizes=\"(max-width: 950px) 100vw, 950px\" \/><\/p>\n<hr align=\"center\" noshade=\"noshade\" size=\"1\" width=\"100%\" \/>\n<h2 style=\"text-align: center\">Marina Pires Corr\u00eaa dos Santos<\/h2>\n<hr align=\"center\" noshade=\"noshade\" size=\"1\" width=\"100%\" \/>\n<p style=\"text-align: center\">No dia 28 de fevereiro de 2023, Patricia Mar\u00eda Gonz\u00e1lez S\u00e1nchez, aluna de Doutorado do Programa de P\u00f3s-gradua\u00e7\u00e3o em Biodiversidade Vegetal e Meio Ambiente do Instituto de Pesquisas Ambientais defendeu sua tese intitulada \u201cDiversidade e filogenia do complexo <em>Laurencia<\/em> (Ceramiales, Rhodophyta) no arquip\u00e9lago cubano\u201d, de forma remota atrav\u00e9s da plataforma Microsoft Teams.<\/p>\n<p style=\"text-align: center\">A banca examinadora foi presidida pela Profa. Dra. Mutue Toyota Fujii (Instituto de Pesquisas Ambientais), tendo como membros Dr. Abel Sent\u00edes Granados (Universidad Aut\u00f3noma Metropolitana\u2013 UAMI, M\u00e9xico), Profa. Dra. Maria Beatriz Barbosa de Barros Barreto (Instituto de Biologia, Universidade Federal do Rio de Janeiro), Profa. Dra. Ligia Collado-Vides (Florida International University) e Prof. Dr. Jos\u00e9 Marcos de Castro Nunes (Universidade Federal da Bahia \u2013 UFBA).<\/p>\n<hr align=\"center\" noshade=\"noshade\" size=\"1\" width=\"100%\" \/>\n<h3 style=\"text-align: center\">Diversidade e an\u00e1lise dos fatores de cultivo <em>in vitro<\/em> de cogumelos comest\u00edveis silvestres<em> Lentinus<\/em> spp.<\/h3>\n<hr align=\"center\" noshade=\"noshade\" size=\"1\" width=\"100%\" \/>\n<h4 style=\"text-align: center\"><strong>RESUMO<\/strong><\/h4>\n<p style=\"text-align: justify\">Dentre as 22 mil esp\u00e9cies de cogumelos conhecidas, mais de 2.000 s\u00e3o comest\u00edveis e apenas 100 esp\u00e9cies s\u00e3o cultivadas mundialmente. Esp\u00e9cies de ocorr\u00eancia natural nas matas brasileiras podem ser bastante promissoras para estudos de cultivo e futura inser\u00e7\u00e3o no mercado nacional de cogumelos comest\u00edveis. Dessa forma, o objetivo deste trabalho \u00e9 conhecer a diversidade de esp\u00e9cies do g\u00eanero <em>Lentinus<\/em> que ocorrem principalmente em \u00e1reas de Mata Atl\u00e2ntica e investigar os fatores de cultivo <em>in vitro<\/em> em meio de cultura e em substrato de cultivo. Os isolados foram obtidos a partir de esp\u00e9cimes coletados principalmente em \u00e1reas da Mata Atl\u00e2ntica do Sudeste do pa\u00eds e do Pantanal. A identifica\u00e7\u00e3o dos isolados do g\u00eanero <em>Lentinus <\/em>foi certificada por meio da amplifica\u00e7\u00e3o e sequenciamento da regi\u00e3o interg\u00eanica ITS (<em>barcoding<\/em> para fungos) do DNAr. Os isolados identificados foram cultivados em meio de cultura BDA e submetidos a testes de crescimento micelial e forma\u00e7\u00e3o de biomassa em diferentes temperaturas (25 \u00b0C, 30 \u00b0C, 35 \u00b0C, 40 \u00b0C e 45 \u00b0C). Os isolados com melhor desempenho em meio de cultura foram crescidos em dois substratos (serragem de eucalipto e palha de arroz) para determina\u00e7\u00e3o da velocidade de crescimento <em>in vitro <\/em>em substrato de cultivo sob a melhor temperatura do teste em meio de cultura. Foram identificadas duas esp\u00e9cies (<em>L. concavus <\/em>e <em>L. scleropus<\/em>), al\u00e9m de isolados que correspondem a dois complexos de esp\u00e9cies: complexo <em>L. berteroi <\/em>e complexo <em>L. crinitus. <\/em>Os testes em meio de cultura foram realizados com um isolado de <em>L. concavus<\/em>, nove isolados do complexo <em>L. berteroi<\/em> e tr\u00eas isolados do complexo <em>L. crinitus<\/em>. Para <em>L. scleropus <\/em>n\u00e3o foi obtido isolado em cultura pura para os testes <em>in <\/em>vitro, mas sua ocorr\u00eancia no Brasil foi confirmada a partir de estudos morfol\u00f3gicos e moleculares. A melhor temperatura para crescimento em meio de cultura das tr\u00eas esp\u00e9cies foi 35 \u00b0C e o tempo de coloniza\u00e7\u00e3o das placas foi tr\u00eas dias para <em>L. berteroi<\/em> e <em>L. crinitus<\/em> e quatro dias para <em>L. concavus<\/em>. Para o teste de substrato foram selecionados os isolados que tiveram melhor resultado em meio de cultura, e a melhor velocidade de crescimento micelial foi verificada no substrato \u00e0 base de palha de arroz para as tr\u00eas esp\u00e9cies, sendo testados o isolado CCIBt3009 do complexo <em>L. berteroi<\/em>, o isolado NMJ430 de<em> L. concavus <\/em>e o isolado MPCS96 do complexo <em>L. crinitus<\/em>. Apesar do crescimento mais acelerado no substrato \u00e0 base de palha de arroz, o isolado CCIBt3009 do complexo <em>L. berteroi<\/em> formou basiodiomas apenas no substrato \u00e0 base de serragem de eucalipto. Os demais isolados testados nos substratos de cultivo n\u00e3o formaram basidiomas. A pesquisa sobre o potencial de cultivo de cogumelos silvestres pode levar \u00e0 novas descoberta de esp\u00e9cies e isolados com maior produtividade e melhor adaptados \u00e0s condi\u00e7\u00f5es de habitat local do que as linhagens ex\u00f3ticas de esp\u00e9cies comest\u00edveis comercializadas.<\/p>\n<p style=\"text-align: justify\"><strong>Palavras-chave:<\/strong> domestica\u00e7\u00e3o, Mata Atl\u00e2ntica, temperatura.<\/p>\n<p style=\"text-align: center\"><strong>ABSTRACT<\/strong><\/p>\n<p style=\"text-align: justify\">Among the 22,000 known species of mushrooms, more than 2,000 are edible and only 100 species are cultivated worldwide. Species occurring naturally in the Brazilian forests can be very promising for cultivation studies and future insertion in the national market of edible mushroom. Therefore, the objective of this work is to know the diversity of species of the genus <em>Lentinus<\/em> that occur in areas of the Atlantic Forest and to investigate the <em>in vitro<\/em> factors of cultivation in culture medium and cultivation substrates. The isolates were obtained from specimens found in areas of the Atlantic Forest in the Southeast of the country and Pantanal. The identification of the isolates of the genus <em>Lentinus<\/em> was certified through amplification and sequencing of the ITS intergenic region (barcoding for fungi) of the rDNA. The identified isolates were cultivated in PDA culture medium and evaluated on mycelial growth and biomass formation tests at different temperatures (25 \u00b0C, 30 \u00b0C, 35 \u00b0C, 40 \u00b0C, and 45 \u00b0C). The isolates with the best performance in culture medium were cultivated in two substrates (eucalyptus sawdust and rice straw) to determine the <em>in vitro<\/em> growth rate in substrates for cultivation under the best temperature tested in culture medium. Two species were identified (<em>L. concavus<\/em> and <em>L. scleropus<\/em>), in addition to isolates that include two species complexes: <em>L. berteroi<\/em> complex and <em>L. crinitus<\/em> complex. Tests in culture medium were performed with one isolate of <em>L. concavus<\/em>, nine isolates of the <em>L. berteroi<\/em> complex, and three isolates of the <em>L. crinitus<\/em> complex. <em>Lentinus scleropus<\/em> was not isolated in pure culture for <em>in vitro<\/em> tests, but its occurrence in Brazil was confirmed through morphological and molecular studies. The best temperature for the three species was 35 \u00b0C and the plate colonization time was three days for <em>L. berteroi<\/em> and <em>L. crinitus<\/em> and four days for <em>L. concavus<\/em>. For the substrate test, the strains that had the best results in the culture media test were selected, and the best mycelial growth rate was verified in the rice straw-based substrate for the three species, with the tests conducted for the isolate CCIBt3009 of the <em>L. berteroi<\/em> complex., the isolate NMJ430 of <em>L. concavus<\/em>, and the isolate MPCS96 of the <em>L. crinitus<\/em> complex. Despite the faster growth in the rice straw-based substrate, the isolate CCIBt3009 of <em>L. berteroi<\/em> complex formed basiodiomata only in the eucalyptus sawdust-based substrate. The other isolates tested under the substrates for cultivation did not develop basidiomata. Research on the potential for cultivating of wild mushrooms could lead to the discovery new species and isolates with higher productivity and better adapted to local habitat conditions than exotic strains of commercialized edible species.<\/p>\n<p style=\"text-align: justify\"><strong>Keywords<\/strong>: domestication, Atlantic Forest, temperature<\/p>\n<hr align=\"center\" noshade=\"noshade\" size=\"1\" width=\"100%\" \/>\n<p style=\"text-align: center\"><img decoding=\"async\" loading=\"lazy\" class=\"aligncenter\" src=\"https:\/\/smastr16.blob.core.windows.net\/pgibt\/2013\/09\/pdf_grande.gif\" alt=\"pdf_grande\" width=\"60\" height=\"60\" \/>(indispon\u00edvel para consulta)<\/p>\n<p style=\"text-align: center\"><strong>Marina Pires Corr\u00eaa dos Santos<\/strong><br \/>\nDiversidade e an\u00e1lise dos fatores de cultivo <em>in vitro<\/em> de cogumelos comest\u00edveis silvestres<em> Lentinus<\/em> spp.<\/p>\n<hr align=\"center\" noshade=\"noshade\" size=\"1\" width=\"100%\" \/>\n<p style=\"text-align: center\"><strong>\u00a0<a href=\"www.infraestruturameioambiente.sp.gov.br\/pgibt\/dissertacoesteses\/\">VOLTAR AS DISSERTA\u00c7\u00d5ES E TESES<\/a><\/strong><\/p>\n<hr align=\"center\" noshade=\"noshade\" size=\"1\" width=\"&quot;10&lt;\/p\" \/>\n","protected":false},"excerpt":{"rendered":"<p>Marina Pires Corr\u00eaa dos Santos No dia 28 de fevereiro de 2023, Patricia Mar\u00eda Gonz\u00e1lez S\u00e1nchez, aluna de Doutorado do Programa de P\u00f3s-gradua\u00e7\u00e3o em Biodiversidade Vegetal e Meio Ambiente do Instituto de Pesquisas Ambientais defendeu sua tese intitulada \u201cDiversidade e filogenia do complexo Laurencia (Ceramiales, Rhodophyta) no arquip\u00e9lago cubano\u201d, de forma remota atrav\u00e9s da plataforma [&hellip;]<\/p>\n","protected":false},"author":187,"featured_media":0,"parent":0,"menu_order":0,"comment_status":"closed","ping_status":"closed","template":"","meta":[],"_links":{"self":[{"href":"https:\/\/www.infraestruturameioambiente.sp.gov.br\/pgibt\/wp-json\/wp\/v2\/pages\/9576"}],"collection":[{"href":"https:\/\/www.infraestruturameioambiente.sp.gov.br\/pgibt\/wp-json\/wp\/v2\/pages"}],"about":[{"href":"https:\/\/www.infraestruturameioambiente.sp.gov.br\/pgibt\/wp-json\/wp\/v2\/types\/page"}],"author":[{"embeddable":true,"href":"https:\/\/www.infraestruturameioambiente.sp.gov.br\/pgibt\/wp-json\/wp\/v2\/users\/187"}],"replies":[{"embeddable":true,"href":"https:\/\/www.infraestruturameioambiente.sp.gov.br\/pgibt\/wp-json\/wp\/v2\/comments?post=9576"}],"version-history":[{"count":1,"href":"https:\/\/www.infraestruturameioambiente.sp.gov.br\/pgibt\/wp-json\/wp\/v2\/pages\/9576\/revisions"}],"predecessor-version":[{"id":9577,"href":"https:\/\/www.infraestruturameioambiente.sp.gov.br\/pgibt\/wp-json\/wp\/v2\/pages\/9576\/revisions\/9577"}],"wp:attachment":[{"href":"https:\/\/www.infraestruturameioambiente.sp.gov.br\/pgibt\/wp-json\/wp\/v2\/media?parent=9576"}],"curies":[{"name":"wp","href":"https:\/\/api.w.org\/{rel}","templated":true}]}}