{"id":9573,"date":"2025-03-31T11:17:35","date_gmt":"2025-03-31T14:17:35","guid":{"rendered":"https:\/\/www.infraestruturameioambiente.sp.gov.br\/pgibt\/?page_id=9573"},"modified":"2025-03-31T11:17:35","modified_gmt":"2025-03-31T14:17:35","slug":"natalia-seneda-martarello-dr","status":"publish","type":"page","link":"https:\/\/www.infraestruturameioambiente.sp.gov.br\/pgibt\/natalia-seneda-martarello-dr\/","title":{"rendered":"Natalia Seneda Martarello &#8211; DR"},"content":{"rendered":"<p><img decoding=\"async\" loading=\"lazy\" class=\"size-full wp-image-8353 aligncenter\" src=\"https:\/\/smastr16.blob.core.windows.net\/pgibt\/sites\/242\/2023\/01\/faixaposipa.jpg\" alt=\"\" width=\"950\" height=\"163\" srcset=\"https:\/\/smastr16.blob.core.windows.net\/pgibt\/sites\/242\/2023\/01\/faixaposipa.jpg 950w, https:\/\/smastr16.blob.core.windows.net\/pgibt\/sites\/242\/2023\/01\/faixaposipa-320x55.jpg 320w, https:\/\/smastr16.blob.core.windows.net\/pgibt\/sites\/242\/2023\/01\/faixaposipa-768x132.jpg 768w, https:\/\/smastr16.blob.core.windows.net\/pgibt\/sites\/242\/2023\/01\/faixaposipa-250x43.jpg 250w, https:\/\/smastr16.blob.core.windows.net\/pgibt\/sites\/242\/2023\/01\/faixaposipa-550x94.jpg 550w, https:\/\/smastr16.blob.core.windows.net\/pgibt\/sites\/242\/2023\/01\/faixaposipa-800x137.jpg 800w\" sizes=\"(max-width: 950px) 100vw, 950px\" \/><\/p>\n<hr align=\"center\" noshade=\"noshade\" size=\"1\" width=\"100%\" \/>\n<h2 style=\"text-align: center\">Natalia Seneda Martarello<\/h2>\n<hr align=\"center\" noshade=\"noshade\" size=\"1\" width=\"100%\" \/>\n<p style=\"text-align: justify\">Em 14 de dezembro de 2023, a aluna Natalia S\u00eaneda Martarello do Programa de P\u00f3s-Gradua\u00e7\u00e3o em Biodiversidade Vegetal e Meio Ambiente do Instituto de Pesquisas Ambientais (IPA) defendeu a tese de doutorado intitulada \u201cPoliniza\u00e7\u00e3o e recursos florais de <em>Calophyllum brasiliense<\/em> Cambess. (Calophyllaceae J.Agardh) e <em>Garcinia gardneriana<\/em> (Planch. &amp; Triana) Zappi (Clusiaceae Lindl.) para abelhas ind\u00edgenas do Parque Estadual das Fontes do Ipiranga, S\u00e3o Paulo, Brasil\u201d.<\/p>\n<p style=\"text-align: justify\">A banca examinadora foi presidida pela orientadora, Dra. Cynthia Fernandes Pinto da Luz, e foi composta pela Dra. Rosangela Sim\u00e3o Bianchini (Instituto de Pesquisas Ambientais), Dra. Kayna Agostini (Universidade Federal de S\u00e3o Carlos), Dra. Paula de Souza S\u00e3o Thiago Cala\u00e7a (Funda\u00e7\u00e3o Ezequiel Dias) e Dr. Eduardo Custodio Gasparino (Universidade Estadual Paulista).<\/p>\n<hr align=\"center\" noshade=\"noshade\" size=\"1\" width=\"100%\" \/>\n<h3 style=\"text-align: center\">Poliniza\u00e7\u00e3o e recursos florais de <em>Calophyllum brasiliense<\/em> Cambess. (Calophyllaceae J.Agardh) e <em>Garcinia gardneriana<\/em> (Planch. &amp; Triana) Zappi (Clusiaceae Lindl.) para abelhas ind\u00edgenas do Parque Estadual das Fontes do Ipiranga, S\u00e3o Paulo, Brasil<\/h3>\n<hr align=\"center\" noshade=\"noshade\" size=\"1\" width=\"100%\" \/>\n<h4 style=\"text-align: center\"><strong>RESUMO<\/strong><\/h4>\n<p style=\"text-align: justify\">Considerando a import\u00e2ncia da preserva\u00e7\u00e3o da vegeta\u00e7\u00e3o do Parque Estadual das Fontes do Ipiranga (PEFI), relevante remanescente urbano de Mata Atl\u00e2ntica em S\u00e3o Paulo, foram analisados os aspectos da biologia reprodutiva de duas esp\u00e9cies ocorrentes na \u00e1rea, <em>Calophyllum brasiliense<\/em> Cambess. (Calophyllaceae J.Agardh) e <em>Garcinia gardneriana<\/em> (Planch. &amp; Triana) Zappi (Clusiaceae Lindl.). Ambas s\u00e3o esp\u00e9cies vegetais nativas n\u00e3o end\u00eamicas do Brasil. As flores dos g\u00eaneros <em>Calophyllum <\/em>e <em>Garcinia <\/em>s\u00e3o visitadas por abelhas Meliponini e apresentam resinas vegetais que podem ser utilizadas na elabora\u00e7\u00e3o da geopr\u00f3polis. Em <em>C. brasiliense<\/em>, esp\u00e9cie polin\u00edfera, h\u00e1 secre\u00e7\u00e3o de resina por meio de inj\u00farias causadas em sua casca do caule, enquanto em <em>G. gardneriana<\/em>, esp\u00e9cie nectar\u00edfera, h\u00e1 secre\u00e7\u00e3o de material resin\u00edfero por meio de inj\u00farias causadas \u00e0s suas flores. Era esperado que os visitantes florais, assim como os principais polinizadores das duas esp\u00e9cies vegetais, fossem pequenos insetos e abelhas, dentre elas, <em>Melipona quadrifasciata anthidioides <\/em>(Lepeletier 1836), cujas col\u00f4nias s\u00e3o mantidas no melipon\u00e1rio existente no local de estudo. A tribo Meliponini compreende as abelhas sociais sem ferr\u00e3o (abelhas ind\u00edgenas) que desempenham um importante papel na poliniza\u00e7\u00e3o de esp\u00e9cies nativas. <em>Melipona quadrifasciata<\/em> \u00e9 considerada uma esp\u00e9cie generalista, por\u00e9m apresenta prefer\u00eancias alimentares (coleta de p\u00f3len e\/ou n\u00e9ctar) por esp\u00e9cies de Fabaceae, Melastomataceae, Myrtaceae e Solanaceae. Para a comprova\u00e7\u00e3o palinol\u00f3gica da utiliza\u00e7\u00e3o de <em>C. brasiliense<\/em> e <em>G. gardneriana <\/em>como fonte para o mel e\/ou p\u00f3len utilizado na alimenta\u00e7\u00e3o das abelhas<em> M. quadrifasciata anthidioides<\/em>, bem como na produ\u00e7\u00e3o da geopr\u00f3polis, foram coletadas amostras desses produtos de col\u00f4nias do melipon\u00e1rio em v\u00e1rios meses entre os anos de 2017 e 2020. Como principais resultados, ao contr\u00e1rio do esperado, n\u00e3o foram observados indiv\u00edduos de <em>M.<\/em> <em>quadrifasciata anthidioides <\/em>em visitas \u00e0s flores das duas esp\u00e9cies vegetais, bem como n\u00e3o foram observados seus gr\u00e3os de p\u00f3len no mel, p\u00f3len de corb\u00edcula e geopr\u00f3polis produzidos por essas abelhas. Os principais polinizadores de <em>C. brasiliense<\/em> no PEFI foram <em>Apis mellifera<\/em>, <em>Paratrigona subnuda<\/em>, <em>Tetragonisca angustula<\/em> e Halictidae sp.1, e o de <em>G. gardneriana<\/em> foi <em>Plebeia droryana<\/em>. No PEFI, <em>M. quadrifasciata anthidioides<\/em> forrageou n\u00e9ctar em esp\u00e9cies de 44 fam\u00edlias, sendo a principal fonte nectar\u00edfera o <em>Eucalyptus<\/em> (planta ex\u00f3tica), com demais tipos pol\u00ednicos relevantes oriundos de plantas nectar\u00edferas nativas, principalmente de <em>Agonandra excelsa<\/em>,<em> Alchornea<\/em>,<em> Anadenanthera colubrina<\/em>,<em> Andira\/Dalbergia\/Machaerium<\/em>,<em> Arrabidaea\/Lundia<\/em>,<em> Baccharis<\/em>,<em> Distimake macrocalyx<\/em>,<em> Piptadenia gonoacantha<\/em>,<em> Scoparia<\/em>,<em> Serjania<\/em>,<em> Sloanea<\/em>, <em>Vernonia <\/em>e <em>Zornia<\/em>. Com rela\u00e7\u00e3o ao p\u00f3len de corb\u00edcula, observaram-se tipos pol\u00ednicos de 30 fam\u00edlias bot\u00e2nicas, sendo os de maior frequ\u00eancia de ocorr\u00eancia <em>Myrcia\/Psidium<\/em>, Melastomataceae\/Combretaceae e <em>Eucalyptus<\/em>, respectivamente. O espectro palinol\u00f3gico da geopr\u00f3polis apresentou grande riqueza, com tipos pol\u00ednicos de Gymnospermae e Angiospermae e de esporos de Bryophyta e Monilophyta, abrangendo 66 fam\u00edlias. <em>Eucalyptus<\/em> e Melastomataceae\/Combretaceae foram \u201cMuito frequentes\u201d nas amostras. As esp\u00e9cies vegetais do PEFI, correlacionadas aos tipos pol\u00ednicos observados nos produtos coloniais de <em>M. quadrifasciata anthidioides<\/em>, podem ter se beneficiado da poliniza\u00e7\u00e3o promovida por esta abelha, o que \u00e9 fundamental para a manuten\u00e7\u00e3o de suas popula\u00e7\u00f5es, evidenciando a import\u00e2ncia da rela\u00e7\u00e3o interespec\u00edfica.<\/p>\n<p style=\"text-align: justify\"><strong>Palavras-chave: <\/strong>An\u00e1lise pol\u00ednica, Biologia reprodutiva, Geopr\u00f3polis, Manda\u00e7aia, Meliponini, P\u00f3len, N\u00e9ctar.<\/p>\n<p style=\"text-align: center\"><strong>ABSTRACT<\/strong><\/p>\n<p style=\"text-align: justify\">Considering the importance of preserving the vegetation in the Parque Estadual das Fontes do Ipiranga (PEFI), a significant urban remnant of the Atlantic Forest in S\u00e3o Paulo, we analyzed the reproductive biology aspects of two species occurring in the area, <em>Calophyllum brasiliense<\/em> Cambess. (Calophyllaceae J.Agardh) and <em>Garcinia gardneriana<\/em> (Planch. &amp; Triana) Zappi (Clusiaceae Lindl.). Both are non-endemic native plant species in Brazil. The flowers of the <em>Calophyllum<\/em> and <em>Garcinia<\/em> genera are visited by Meliponini bees and produce plant resins that can be used in the production of geopropolis. In <em>C. brasiliense<\/em>, a polliniferous species, resin is secreted through injuries to its stem bark, while in <em>G. gardneriana<\/em>, a nectariferous species, resinous material is secreted through injuries to its flowers. It was expected that the floral visitors, as well as the primary pollinators of the two plant species, would be small insects and bees, including <em>Melipona quadrifasciata anthidioides<\/em> (Lepeletier 1836), whose colonies are maintained in the existing meliponary at the study site. The Meliponini tribe comprises stingless social bees (native bees) that play a crucial role in the pollination of native species. <em>Melipona quadrifasciata<\/em> is considered a generalist species but exhibits dietary preferences (pollen and\/or nectar collection) for Fabaceae, Melastomataceae, Myrtaceae, and Solanaceae species. To provide palynological evidence of the use of <em>C. brasiliense<\/em> and <em>G. gardneriana<\/em> as a source for honey and\/or pollen used in the diet of <em>M. quadrifasciata anthidioides<\/em> bees, as well as in the production of geopropolis, samples of these colony products were collected over various months between 2017 and 2020. As the main results, contrary to expectations, individuals of <em>M. quadrifasciata anthidioides<\/em> were not observed visiting the flowers of the two plant species, and their pollen grains were not found in the honey, corbicula pollen, or geopropolis produced by these bees. The primary pollinators of <em>C. brasiliense <\/em>in PEFI were <em>Apis mellifera<\/em>, <em>Paratrigona subnuda<\/em>, <em>Tetragonisca angustula<\/em>, and Halictidae sp.1, while the primary pollinator of <em>G. gardneriana <\/em>was <em>Plebeia droryana<\/em>. In PEFI, <em>M. quadrifasciata anthidioides <\/em>foraged nectar from species belonging to 44 plant families, with the primary nectar source being <em>Eucalyptus<\/em> (an exotic plant), and other relevant pollen types originating from native nectariferous plants, mainly from <em>Agonandra excelsa<\/em>, <em>Alchornea<\/em>, <em>Anadenanthera<\/em> <em>colubrina<\/em>, <em>Andira<\/em>\/<em>Dalbergia<\/em>\/<em>Machaerium<\/em>, <em>Arrabidaea<\/em>\/<em>Lundia<\/em>, <em>Baccharis<\/em>, <em>Distimake<\/em> <em>macrocalyx<\/em>, <em>Piptadenia<\/em> <em>gonoacantha<\/em>, <em>Scoparia<\/em>, <em>Serjania<\/em>, <em>Sloanea<\/em>, <em>Vernonia <\/em>and <em>Zornia<\/em>. Regarding corbicular pollen, pollen types from 30 plant families were observed, with the most frequent types being <em>Myrcia<\/em>\/<em>Psidium<\/em>, Melastomataceae\/Combretaceae, and <em>Eucalyptus<\/em>, respectively. The palynological spectrum of geopropolis exhibited significant diversity, with pollen types from Gymnospermae and Angiospermae, as well as spores from Bryophyta and Monilophyta, covering 66 plant families. <em>Eucalyptus<\/em> and Melastomataceae\/Combretaceae were &#8220;Very frequent&#8221; in the samples. The plant species in PEFI correlated with the pollen types observed in the colonial products of <em>M. quadrifasciata anthidioides<\/em> may have benefited from the pollination provided by this bee, which is essential for the maintenance of their populations, highlighting the importance of interspecific relationships.<\/p>\n<p style=\"text-align: justify\"><strong>Keywords:<\/strong> Geopropolis, Manda\u00e7aia, Meliponini, Nectar, Pollen, Pollen analysis, Reproductive biology.<\/p>\n<hr align=\"center\" noshade=\"noshade\" size=\"1\" width=\"100%\" \/>\n<p style=\"text-align: center\"><img decoding=\"async\" loading=\"lazy\" class=\"aligncenter\" src=\"https:\/\/smastr16.blob.core.windows.net\/pgibt\/2013\/09\/pdf_grande.gif\" alt=\"pdf_grande\" width=\"60\" height=\"60\" \/>(indispon\u00edvel para consulta)<\/p>\n<p style=\"text-align: center\"><strong>Natalia Seneda Martarello<\/strong><br \/>\nPoliniza\u00e7\u00e3o e recursos florais de <em>Calophyllum brasiliense<\/em> Cambess. (Calophyllaceae J.Agardh) e <em>Garcinia gardneriana<\/em> (Planch. &amp; Triana) Zappi (Clusiaceae Lindl.) para abelhas ind\u00edgenas do Parque Estadual das Fontes do Ipiranga, S\u00e3o Paulo, Brasil<\/p>\n<hr align=\"center\" noshade=\"noshade\" size=\"1\" width=\"100%\" \/>\n<p style=\"text-align: center\"><strong>\u00a0<a href=\"www.infraestruturameioambiente.sp.gov.br\/pgibt\/dissertacoesteses\/\">VOLTAR AS DISSERTA\u00c7\u00d5ES E TESES<\/a><\/strong><\/p>\n<hr align=\"center\" noshade=\"noshade\" size=\"1\" width=\"&quot;10&lt;\/p\" \/>\n","protected":false},"excerpt":{"rendered":"<p>Natalia Seneda Martarello Em 14 de dezembro de 2023, a aluna Natalia S\u00eaneda Martarello do Programa de P\u00f3s-Gradua\u00e7\u00e3o em Biodiversidade Vegetal e Meio Ambiente do Instituto de Pesquisas Ambientais (IPA) defendeu a tese de doutorado intitulada \u201cPoliniza\u00e7\u00e3o e recursos florais de Calophyllum brasiliense Cambess. (Calophyllaceae J.Agardh) e Garcinia gardneriana (Planch. &amp; Triana) Zappi (Clusiaceae Lindl.) [&hellip;]<\/p>\n","protected":false},"author":187,"featured_media":0,"parent":0,"menu_order":0,"comment_status":"closed","ping_status":"closed","template":"","meta":[],"_links":{"self":[{"href":"https:\/\/www.infraestruturameioambiente.sp.gov.br\/pgibt\/wp-json\/wp\/v2\/pages\/9573"}],"collection":[{"href":"https:\/\/www.infraestruturameioambiente.sp.gov.br\/pgibt\/wp-json\/wp\/v2\/pages"}],"about":[{"href":"https:\/\/www.infraestruturameioambiente.sp.gov.br\/pgibt\/wp-json\/wp\/v2\/types\/page"}],"author":[{"embeddable":true,"href":"https:\/\/www.infraestruturameioambiente.sp.gov.br\/pgibt\/wp-json\/wp\/v2\/users\/187"}],"replies":[{"embeddable":true,"href":"https:\/\/www.infraestruturameioambiente.sp.gov.br\/pgibt\/wp-json\/wp\/v2\/comments?post=9573"}],"version-history":[{"count":1,"href":"https:\/\/www.infraestruturameioambiente.sp.gov.br\/pgibt\/wp-json\/wp\/v2\/pages\/9573\/revisions"}],"predecessor-version":[{"id":9574,"href":"https:\/\/www.infraestruturameioambiente.sp.gov.br\/pgibt\/wp-json\/wp\/v2\/pages\/9573\/revisions\/9574"}],"wp:attachment":[{"href":"https:\/\/www.infraestruturameioambiente.sp.gov.br\/pgibt\/wp-json\/wp\/v2\/media?parent=9573"}],"curies":[{"name":"wp","href":"https:\/\/api.w.org\/{rel}","templated":true}]}}