{"id":9551,"date":"2025-03-31T10:37:27","date_gmt":"2025-03-31T13:37:27","guid":{"rendered":"https:\/\/www.infraestruturameioambiente.sp.gov.br\/pgibt\/?page_id=9551"},"modified":"2025-03-31T10:37:27","modified_gmt":"2025-03-31T13:37:27","slug":"emanuelle-lais-dos-santos-dr","status":"publish","type":"page","link":"https:\/\/www.infraestruturameioambiente.sp.gov.br\/pgibt\/emanuelle-lais-dos-santos-dr\/","title":{"rendered":"Emanuelle Lais dos Santos &#8211; DR"},"content":{"rendered":"<p><a href=\"arquivos.ambiente.sp.gov.br\/pgibt\/2015\/02\/faixapos6.jpg\"><img decoding=\"async\" loading=\"lazy\" class=\"aligncenter wp-image-3777 size-full\" style=\"border: 0px\" src=\"https:\/\/smastr16.blob.core.windows.net\/pgibt\/2015\/02\/faixapos6.jpg\" alt=\"faixapos6\" width=\"950\" height=\"163\" srcset=\"https:\/\/smastr16.blob.core.windows.net\/pgibt\/2015\/02\/faixapos6.jpg 950w, https:\/\/smastr16.blob.core.windows.net\/pgibt\/2015\/02\/faixapos6-768x131.jpg 768w\" sizes=\"(max-width: 950px) 100vw, 950px\" \/><\/a><\/p>\n<hr align=\"center\" noshade=\"noshade\" size=\"1\" width=\"100%\" \/>\n<h2 style=\"text-align: center\">Emanuelle Lais dos Santos<\/h2>\n<hr align=\"center\" noshade=\"noshade\" size=\"1\" width=\"100%\" \/>\n<p style=\"text-align: center\"><img decoding=\"async\" loading=\"lazy\" class=\"aligncenter size-full wp-image-9553\" src=\"https:\/\/smastr16.blob.core.windows.net\/pgibt\/sites\/242\/2025\/03\/emanuelle-lais-dos-santos-01.png\" alt=\"\" width=\"642\" height=\"347\" srcset=\"https:\/\/smastr16.blob.core.windows.net\/pgibt\/sites\/242\/2025\/03\/emanuelle-lais-dos-santos-01.png 642w, https:\/\/smastr16.blob.core.windows.net\/pgibt\/sites\/242\/2025\/03\/emanuelle-lais-dos-santos-01-320x173.png 320w, https:\/\/smastr16.blob.core.windows.net\/pgibt\/sites\/242\/2025\/03\/emanuelle-lais-dos-santos-01-250x135.png 250w, https:\/\/smastr16.blob.core.windows.net\/pgibt\/sites\/242\/2025\/03\/emanuelle-lais-dos-santos-01-550x297.png 550w, https:\/\/smastr16.blob.core.windows.net\/pgibt\/sites\/242\/2025\/03\/emanuelle-lais-dos-santos-01-333x180.png 333w, https:\/\/smastr16.blob.core.windows.net\/pgibt\/sites\/242\/2025\/03\/emanuelle-lais-dos-santos-01-555x300.png 555w\" sizes=\"(max-width: 642px) 100vw, 642px\" \/>A defesa aconteceu \u00e0s 14:00 do dia 19 de fevereiro de 2021 via plataforma Google Meet, com a presen\u00e7a da banca de avalia\u00e7\u00e3o constitu\u00edda pelos doutores Denilson F. Peralta, Ju\u00e7ara Bordin, Cynthia Luz, Aline de Matos Souza e Adriana Gugliotta.<\/p>\n<p style=\"text-align: center\">Esse estudo foi a primeira revis\u00e3o do g\u00eanero <em>Trematodon<\/em> ap\u00f3s o trabalho de Roth em 1911, e tamb\u00e9m o primeiro tratamento para as esp\u00e9cies da Am\u00e9rica do Sul, sendo que as esp\u00e9cies que ocorrem no Brasil est\u00e3o agora bem delimitadas.<\/p>\n<p style=\"text-align: center\">\u00a0A partir dessa tese, o conhecimento taxon\u00f4mico de <em>Trematodon<\/em> avan\u00e7ou, pois os tipos foram reavaliados, e conseguimos usar a microscopia eletr\u00f4nica de varredura para caracterizar os esporos, o que foi determinante para diferenciar e sinonimizar v\u00e1rias esp\u00e9cies. O tratamento mundial do g\u00eanero apresentado aqui possui todas as informa\u00e7\u00f5es descritas e discutidas, e esperamos que ele estimule novas coletas de <em>Trematodon<\/em> porque observamos poucas amostras recentes depositadas nos herb\u00e1rios.<\/p>\n<p style=\"text-align: center\">Os resultados desta tese est\u00e3o apresentados em 3 cap\u00edtulos: Cap\u00edtulo 1 &#8211; The genus <em>Trematodon<\/em> Michx. (Bryophyta, Bruchiaceae) in Brazil, que reconhece 8 esp\u00e9cies de <em>Trematodon<\/em> para o Brasil; Cap\u00edtulo 2 &#8211; O complexo <em>Trematodon longicollis<\/em>, t\u00e1xons amplamente distribu\u00eddos? Aborda a reavalia\u00e7\u00e3o cr\u00edtica da esp\u00e9cie e reconhece 3 t\u00e1xons, sendo 2 esp\u00e9cies e uma variedade; e o Cap\u00edtulo 3 &#8211; Revis\u00e3o mundial das esp\u00e9cies de <em>Trematodon <\/em>Michx. (Bryophyta, Bruchiaceae) que totaliza 52 esp\u00e9cies, incluindo <em>T. longicollis<\/em>. Foram indicados 17 nomes duvidosos, 32 nomes incertos (<em>nomen nudum<\/em>), propostos 4 sin\u00f4nimos, e designados 6 lect\u00f3tipos. Est\u00e3o sendo apresentadas chave interativa que ir\u00e1 ficar dispon\u00edvel on-line (http:\/\/www.xper3.fr\/xper3GeneratedFiles\/publish\/identification\/-3183583351986239701\/mkey.html), descri\u00e7\u00f5es e ilustra\u00e7\u00f5es diagn\u00f3sticas incluindo a ornamenta\u00e7\u00e3o dos esporos que foi considerada a caracter\u00edstica mais \u00fatil para a separa\u00e7\u00e3o das esp\u00e9cies.<\/p>\n<p style=\"text-align: center\"><img decoding=\"async\" loading=\"lazy\" class=\"aligncenter size-full wp-image-9552\" src=\"https:\/\/smastr16.blob.core.windows.net\/pgibt\/sites\/242\/2025\/03\/emanuelle-lais-dos-santos-02.png\" alt=\"\" width=\"964\" height=\"430\" srcset=\"https:\/\/smastr16.blob.core.windows.net\/pgibt\/sites\/242\/2025\/03\/emanuelle-lais-dos-santos-02.png 964w, https:\/\/smastr16.blob.core.windows.net\/pgibt\/sites\/242\/2025\/03\/emanuelle-lais-dos-santos-02-320x143.png 320w, https:\/\/smastr16.blob.core.windows.net\/pgibt\/sites\/242\/2025\/03\/emanuelle-lais-dos-santos-02-768x343.png 768w, https:\/\/smastr16.blob.core.windows.net\/pgibt\/sites\/242\/2025\/03\/emanuelle-lais-dos-santos-02-250x112.png 250w, https:\/\/smastr16.blob.core.windows.net\/pgibt\/sites\/242\/2025\/03\/emanuelle-lais-dos-santos-02-550x245.png 550w, https:\/\/smastr16.blob.core.windows.net\/pgibt\/sites\/242\/2025\/03\/emanuelle-lais-dos-santos-02-800x357.png 800w, https:\/\/smastr16.blob.core.windows.net\/pgibt\/sites\/242\/2025\/03\/emanuelle-lais-dos-santos-02-404x180.png 404w, https:\/\/smastr16.blob.core.windows.net\/pgibt\/sites\/242\/2025\/03\/emanuelle-lais-dos-santos-02-673x300.png 673w\" sizes=\"(max-width: 964px) 100vw, 964px\" \/>Gostaria de agradecer ao Instituto de Bot\u00e2nica de S\u00e3o Paulo (IBt) pela infraestrutura prestada para a realiza\u00e7\u00e3o do trabalho e ao Conselho Nacional de Desenvolvimento Cient\u00edfico e Tecnol\u00f3gico (CNPq) pelo financiamento deste doutorado.<\/p>\n<hr align=\"center\" noshade=\"noshade\" size=\"1\" width=\"100%\" \/>\n<h3 style=\"text-align: center\">Revis\u00e3o taxon\u00f4mica de Trematodon MICH. (BRUCHIACEAE, BRYOPHYTA)<\/h3>\n<hr align=\"center\" noshade=\"noshade\" size=\"1\" width=\"100%\" \/>\n<h4 style=\"text-align: center\"><strong>ABSTRACT<\/strong><\/h4>\n<p style=\"text-align: justify\"><em>Trematodon<\/em> is characterized by a stroma neck with stomata, as well as the capsule, by its transverse sections of the leaf apex with a double celled margin, and by the ornamentation of the spores. The review of species occurring in Brazil, Chapter I, resulted in the recognition of 8 species, including a new one, <em>Trematodon brasiliensis<\/em> E.L. Santos &amp; D.F. Peralta. <em>Trematodon aureus<\/em> was synonymized with <em>T. longicollis<\/em>, <em>T. brevifolius<\/em> with <em>T. heterophyllus<\/em> and <em>T. mirabilis<\/em> with <em>T. vaginatus<\/em>. In Chapter II, we re-evaluated type specimens corresponding to <em>Trematodon longicollis<\/em> and their respective synonyms, in order to better understand the distribution of this species and access the characteristics that define it, resulted in the recognition of 2 species and one variety: <em>T. longicollis<\/em> var. <em>reflexus<\/em>, a new combination that occurs in South America, <em>T. africanus<\/em> until then considered synonymous with <em>T. borbonicus<\/em> from Africa and was recognized as a good species, and <em>T. longicollis<\/em>, which has 14 species reduced to synonymy. In chapter III, which refers to the world review of <em>Trematodon<\/em>, 212 type specimens were analyzed, and we recognized 52 species, 17 names are indicated as doubtful, 32 names are considered nomen nudum and, we\u00a0 still listed 6 names currently belonging to other genera. We are proposing 4 new synonyms: <em>Trematodon angolensis<\/em> with <em>T. intermedius<\/em>, <em>T. felipponei<\/em> with <em>T. crispifolius<\/em>, and both <em>T. conformis<\/em> and <em>T. fendleri<\/em> were synonymized with <em>T. shmidii<\/em>, and designating 6 lectotypes. We are providing an interactive key to the genus <em>Trematodon <\/em>that will be available online, a description with emphasis on spores, distribution, and taxonomic comments. As it is a cosmopolitan genus, and that presents a variation in the characters of the gametophyte and the sporophyte, the observation of the spore ornamentation and the cross sections in the leaves are essential to determine a good identification.<\/p>\n<p style=\"text-align: justify\"><strong>Key words<\/strong>: Acrocarpous mosses, Dicranales, Bryology, Haplolepideous mosses.<\/p>\n<h4 style=\"text-align: center\"><strong>RESUMO<\/strong><\/h4>\n<p style=\"text-align: justify\"><em>Trematodon<\/em> \u00e9 caracterizado pelo pesco\u00e7o estrumoso que possui est\u00f4matos, assim como a c\u00e1psula, pelas sec\u00e7\u00f5es transversais do \u00e1pice do fil\u00eddio oblongo lanceolado com margem dupla e pela ornamenta\u00e7\u00e3o dos esporos. A revis\u00e3o das esp\u00e9cies que ocorrem no Brasil, cap\u00edtulo I, resultou no reconhecimento de 8 esp\u00e9cies, incluindo uma esp\u00e9cie nova, <em>Trematodon brasiliensis <\/em>E.L. Santos &amp; D.F. Peralta.<em> Trematodon aureus <\/em>foi sinonimizado com <em>T. longicollis<\/em>, <em>T.<\/em> <em>brevifolius<\/em> com<em> T. heterophyllus<\/em> e <em>T. mirabilis <\/em>com<em> T. vaginatus<\/em>. No cap\u00edtulo 2, a reavalia\u00e7\u00e3o das esp\u00e9cimes tipo correspondentes a <em>Trematodon longicollis<\/em> e os seus respectivos sin\u00f4nimos, com o objetivo de entender melhor a distribui\u00e7\u00e3o dessa esp\u00e9cie e avaliar as caracter\u00edsticas que o definem resultou no reconhecimento de 2 esp\u00e9cies e uma variedade: <em>T. longicollis<\/em> var <em>reflexus<\/em>, nova combina\u00e7\u00e3o que ocorre na Am\u00e9rica do sul, <em>T. africanus <\/em>at\u00e9 ent\u00e3o considerado sin\u00f4nimo de<em> T. borbonicus<\/em> que ocorre na \u00c1frica e foi reconhecida uma como boa esp\u00e9cie, e <em>T. longicollis<\/em>, que possui 14 esp\u00e9cies reduzidas a sinon\u00edmia. No cap\u00edtulo III, que se refere a revis\u00e3o mundial de <em>Trematodon<\/em> foram analisados 212 materiais tipo, e reconhecemos 52 esp\u00e9cies, 17 nomes s\u00e3o indicados como duvidosos, 32 nomes s\u00e3o considerados <em>nomen nudum<\/em> e ainda, listamos 6 nomes que atualmente pertencem a outros g\u00eaneros. Estamos propondo 4 sin\u00f4nimos novos: <em>Trematodon angolensis <\/em>foi sinonimizado com <em>T. intermedius<\/em>, <em>T.<\/em> <em>felipponei<\/em> com<em> T. crispifolius, e tanto T. conformis quanto T. fendleri foram sinonimizados com T. shmidii<\/em>, e designando 6 lect\u00f3tipos. Est\u00e3o sendo apresentadas: chave interativa do g\u00eanero <em>Trematodon<\/em> que ficar\u00e1 dispon\u00edvel on-line, descri\u00e7\u00e3o com \u00eanfase nos esporos, distribui\u00e7\u00e3o, e coment\u00e1rios taxon\u00f4micos. Como se trata de um g\u00eanero cosmopolita, e que apresenta uma varia\u00e7\u00e3o nos caracteres do gamet\u00f3fito e do espor\u00f3fito, a observa\u00e7\u00e3o da ornamenta\u00e7\u00e3o dos esporos e das sec\u00e7\u00f5es transversais no fil\u00eddio s\u00e3o fundamentais para determinar uma boa identifica\u00e7\u00e3o.<\/p>\n<p style=\"text-align: justify\"><strong>Palavras-chave<\/strong>: Musgos acroc\u00e1rpicos, Dicranales, Briologia, Musgos haplolepideos.<\/p>\n<hr align=\"center\" noshade=\"noshade\" size=\"1\" width=\"100%\" \/>\n<p style=\"text-align: center\"><img decoding=\"async\" loading=\"lazy\" class=\"aligncenter\" src=\"https:\/\/smastr16.blob.core.windows.net\/pgibt\/2013\/09\/pdf_grande.gif\" alt=\"pdf_grande\" width=\"60\" height=\"60\" \/><span style=\"color: #000000\">(indispon\u00edvel para consulta)<\/span><\/p>\n<p style=\"text-align: center\"><span style=\"color: #000000\">Emanuelle Lais dos Santos<\/span><br \/>\nRevis\u00e3o taxon\u00f4mica de Trematodon MICH. (BRUCHIACEAE, BRYOPHYTA)<\/p>\n<hr align=\"center\" noshade=\"noshade\" size=\"1\" width=\"100%\" \/>\n<p style=\"text-align: center\"><strong>\u00a0<a href=\"www.infraestruturameioambiente.sp.gov.br\/pgibt\/dissertacoesteses\/\">VOLTAR AS DISSERTA\u00c7\u00d5ES E TESES<\/a><\/strong><\/p>\n<hr align=\"center\" noshade=\"noshade\" size=\"1\" width=\"100%\" \/>\n","protected":false},"excerpt":{"rendered":"<p>Emanuelle Lais dos Santos A defesa aconteceu \u00e0s 14:00 do dia 19 de fevereiro de 2021 via plataforma Google Meet, com a presen\u00e7a da banca de avalia\u00e7\u00e3o constitu\u00edda pelos doutores Denilson F. Peralta, Ju\u00e7ara Bordin, Cynthia Luz, Aline de Matos Souza e Adriana Gugliotta. Esse estudo foi a primeira revis\u00e3o do g\u00eanero Trematodon ap\u00f3s o [&hellip;]<\/p>\n","protected":false},"author":187,"featured_media":0,"parent":0,"menu_order":0,"comment_status":"closed","ping_status":"closed","template":"","meta":[],"_links":{"self":[{"href":"https:\/\/www.infraestruturameioambiente.sp.gov.br\/pgibt\/wp-json\/wp\/v2\/pages\/9551"}],"collection":[{"href":"https:\/\/www.infraestruturameioambiente.sp.gov.br\/pgibt\/wp-json\/wp\/v2\/pages"}],"about":[{"href":"https:\/\/www.infraestruturameioambiente.sp.gov.br\/pgibt\/wp-json\/wp\/v2\/types\/page"}],"author":[{"embeddable":true,"href":"https:\/\/www.infraestruturameioambiente.sp.gov.br\/pgibt\/wp-json\/wp\/v2\/users\/187"}],"replies":[{"embeddable":true,"href":"https:\/\/www.infraestruturameioambiente.sp.gov.br\/pgibt\/wp-json\/wp\/v2\/comments?post=9551"}],"version-history":[{"count":1,"href":"https:\/\/www.infraestruturameioambiente.sp.gov.br\/pgibt\/wp-json\/wp\/v2\/pages\/9551\/revisions"}],"predecessor-version":[{"id":9554,"href":"https:\/\/www.infraestruturameioambiente.sp.gov.br\/pgibt\/wp-json\/wp\/v2\/pages\/9551\/revisions\/9554"}],"wp:attachment":[{"href":"https:\/\/www.infraestruturameioambiente.sp.gov.br\/pgibt\/wp-json\/wp\/v2\/media?parent=9551"}],"curies":[{"name":"wp","href":"https:\/\/api.w.org\/{rel}","templated":true}]}}