{"id":9540,"date":"2025-03-31T10:19:16","date_gmt":"2025-03-31T13:19:16","guid":{"rendered":"https:\/\/www.infraestruturameioambiente.sp.gov.br\/pgibt\/?page_id=9540"},"modified":"2025-03-31T10:19:16","modified_gmt":"2025-03-31T13:19:16","slug":"marcela-castilho-boro-dr","status":"publish","type":"page","link":"https:\/\/www.infraestruturameioambiente.sp.gov.br\/pgibt\/marcela-castilho-boro-dr\/","title":{"rendered":"Marcela Castilho Boro &#8211; DR"},"content":{"rendered":"<h2 style=\"text-align: center\"><a href=\"arquivos.ambiente.sp.gov.br\/pgibt\/2015\/02\/faixapos6.jpg\"><img decoding=\"async\" loading=\"lazy\" class=\"aligncenter wp-image-3777 size-full\" style=\"border: 0px\" src=\"https:\/\/smastr16.blob.core.windows.net\/pgibt\/2015\/02\/faixapos6.jpg\" alt=\"faixapos6\" width=\"950\" height=\"163\" srcset=\"https:\/\/smastr16.blob.core.windows.net\/pgibt\/2015\/02\/faixapos6.jpg 950w, https:\/\/smastr16.blob.core.windows.net\/pgibt\/2015\/02\/faixapos6-768x131.jpg 768w\" sizes=\"(max-width: 950px) 100vw, 950px\" \/><\/a><\/h2>\n<hr align=\"center\" noshade=\"noshade\" size=\"1\" width=\"100%\" \/>\n<h2 style=\"text-align: center\">Marcela Castilho Boro<\/h2>\n<hr align=\"center\" noshade=\"noshade\" size=\"1\" width=\"100%\" \/>\n<p style=\"text-align: center\">Em 27 de fevereiro de 2018, no anfiteatro do Instituto de Bot\u00e2nica de S\u00e3o Paulo (IBt), Marcela Castilho Boro, aluna do programa de P\u00f3s-Gradua\u00e7\u00e3o em Biodiversidade Vegetal e Meio Ambiente do Instituto de Bot\u00e2nica de S\u00e3o Paulo (IBt) &#8211; \u00c1rea de Concentra\u00e7\u00e3o de Plantas Avasculares e Fungos em An\u00e1lises Ambientais (PAF), defendeu sua Tese de Doutorado intitulada \u201cLabyrinthulomycota do Parque Estadual da Ilha do Cardoso, Canan\u00e9ia, Estado de S\u00e3o Paulo: diversidade morfol\u00f3gica\/molecular e quantifica\u00e7\u00e3o de \u00e1cidos graxos\u201d.<\/p>\n<p style=\"text-align: center\"><img decoding=\"async\" loading=\"lazy\" class=\"size-large wp-image-9541 aligncenter\" src=\"https:\/\/smastr16.blob.core.windows.net\/pgibt\/sites\/242\/2025\/03\/marcela_castilho_boro_dr-1024x632.jpg\" alt=\"\" width=\"1024\" height=\"632\" srcset=\"https:\/\/smastr16.blob.core.windows.net\/pgibt\/sites\/242\/2025\/03\/marcela_castilho_boro_dr-1024x632.jpg 1024w, https:\/\/smastr16.blob.core.windows.net\/pgibt\/sites\/242\/2025\/03\/marcela_castilho_boro_dr-311x192.jpg 311w, https:\/\/smastr16.blob.core.windows.net\/pgibt\/sites\/242\/2025\/03\/marcela_castilho_boro_dr-768x474.jpg 768w, https:\/\/smastr16.blob.core.windows.net\/pgibt\/sites\/242\/2025\/03\/marcela_castilho_boro_dr-250x154.jpg 250w, https:\/\/smastr16.blob.core.windows.net\/pgibt\/sites\/242\/2025\/03\/marcela_castilho_boro_dr-550x339.jpg 550w, https:\/\/smastr16.blob.core.windows.net\/pgibt\/sites\/242\/2025\/03\/marcela_castilho_boro_dr-800x493.jpg 800w, https:\/\/smastr16.blob.core.windows.net\/pgibt\/sites\/242\/2025\/03\/marcela_castilho_boro_dr-292x180.jpg 292w, https:\/\/smastr16.blob.core.windows.net\/pgibt\/sites\/242\/2025\/03\/marcela_castilho_boro_dr-486x300.jpg 486w, https:\/\/smastr16.blob.core.windows.net\/pgibt\/sites\/242\/2025\/03\/marcela_castilho_boro_dr-811x500.jpg 811w, https:\/\/smastr16.blob.core.windows.net\/pgibt\/sites\/242\/2025\/03\/marcela_castilho_boro_dr.jpg 1088w\" sizes=\"(max-width: 1024px) 100vw, 1024px\" \/>O trabalho foi avaliado e aprovado pela banca examinadora que foi presidida pela orientadora PqC Dra. Carmen Lidia Amorim Pires-Zottarelli (N\u00facleo de Pesquisa em Micologia, Instituto de Bot\u00e2nica de S\u00e3o Paulo &#8211; IBt) e composta pela PqC Dra. Nair Yokoya (N\u00facleo de Pesquisa em Ficologia &#8211; IBt), PqC Dr. Ricardo Harakava (Laborat\u00f3rio de Bioqu\u00edmica Fitopatol\u00f3gica, Instituto Biol\u00f3gico de S\u00e3o Paulo), PqC Dra. Vera Maria Valle Vitali (N\u00facleo de Pesquisa em Micologia &#8211; IBt) e PqC Dra. Iracema Helena Schoenlein Crusius (N\u00facleo de Pesquisa em Micologia &#8211; IBt).<\/p>\n<p style=\"text-align: center\">O filo Labyrinthulomycota possui uma grande import\u00e2ncia ecol\u00f3gica e potencialidade econ\u00f4mica e o presente estudo contribuiu para a amplia\u00e7\u00e3o do escasso conhecimento da diversidade morfol\u00f3gica e molecular destes no pa\u00eds, para o conhecimento de poss\u00edveis m\u00e9todos de preserva\u00e7\u00e3o dos isolados em cultura pura e para o conhecimento do perfil de \u00e1cidos graxos de representantes brasileiros.<\/p>\n<hr align=\"center\" noshade=\"noshade\" size=\"1\" width=\"100%\" \/>\n<h3 style=\"text-align: center\"><strong>Labyrinthulomycota do Parque Estadual da Ilha do Cardoso, Canan\u00e9ia, Estado de S\u00e3o Paulo: diversidade morfol\u00f3gica\/molecular e quantifica\u00e7\u00e3o de \u00e1cidos graxos<\/strong><\/h3>\n<hr align=\"center\" noshade=\"noshade\" size=\"1\" width=\"100%\" \/>\n<h4 style=\"text-align: center\"><strong>ABSTRACT<\/strong><\/h4>\n<p style=\"text-align: justify\">The phylum Labyrinthulomycota is classified into Straminipila Kingdom and is composed of three distinct groups of the fungus-like organisms, the labyrinthulids, the thraustochytrids and the aplanochytrids. These organisms, mostly zoospore producers, are present in marine and brackish waters as saprobes and\/or parasites. In recent years, there was an increase interest in studying these organisms, due to the ability that some have to produce large amounts of lipids, among them the polyunsaturated fatty acids (PUFAs). However, in spite of the importance of the group, only four species were reported in Brazil in the 60\u2019s and 70\u2019s. Thus, considering the ecological importance and the economic potential of these organisms, as well as the limited knowledge about the diversity of this group in the country, the present study had as objectives to perform the morphological and molecular identification of the specimens collected in the \u201cParque Estadual da Ilha do Cardoso (PEIC)\u201d, an important preserved fragment of the Atlantic rainforest on the S\u00e3o Paulo state; and to quantify the different fatty acids produced by some Brazilian isolates. From six collections, between the years of 2012 and 2015, 167 specimens from water and leaf samples were identified, by means of morphological characteristics and\/or phylogenetic analysis of the SSU rDNA region, as <em>Aurantiochytrium <\/em>(111 specimens), <em>Labyrinthula <\/em>(21 specimens), <em>Parietichytrium sarkarianum <\/em>(31 specimens) e <em>Thraustochytrium <\/em>(4 specimens). The genera <em>Aurantiochytrium <\/em>and <em>Labyrinthula<\/em>, as well as the species <em>Parietichytrium sarkarianum<\/em> are new records for Brazil, and five species of <em>Aurantiochytrium<\/em> considered new species for science. Some of the representative specimens of each genera\/species were described, preserved and documented. Twenty specimens were incorporated into the culture collection of the \u201cInstituto de Bot\u00e2nica de S\u00e3o Paulo\u201d (\u201cCole\u00e7\u00e3o de Culturas de Algas, Fungos e Cianobact\u00e9rias \u2013 CCIBt\u201d) and culture collection of the \u201cInstituto Biol\u00f3gico de S\u00e3o Paulo\u201d (\u201cMicoteca M\u00e1rio Barreto Figueiredo \u2013 MMBF\u201d). Twenty-six sequences of the SSU rDNA region of Brazilian isolates from this study were deposited in the GenBank. From the identified taxa, 25 of them were analyzed for the production profile of fatty acids (12 isolates of <em>Aurantiochytrium<\/em> sp., five of <em>Aurantiochytrium<\/em> sp. nov. and eight of <em>P. sarkarianum<\/em>), with 15 days of cultivation at 25 \u00baC. The results evidenced that the Brazilian isolates collected of the PEIC synthesize significant amounts of docosahexaenoic acid (DHA) and palmitic acid (PA), reaching 105.57 mg of DHA \/g of biomass and 56.89 mg of PA \/g of biomass. The best producers of the main fatty acids, two specimens of <em>Auratiochytrium<\/em> sp., one of <em>Auratiochytrium<\/em> sp. nov. and two of <em>P. sarkarianum<\/em>, were submitted to different growing conditions, such as lower growth time (5 days) and different final cultivation temperatures (10 \u00baC and 25 \u00baC). Specimens cultivated for five days at 25 \u00baC showed a decrease in the production (mg\/g of biomass) of most fatty acids, compared to the amount produced with 15 days of growth, except for DHA in the isolates IC97 of <em>Auratiochytrium<\/em> sp. nov. and IC12 of <em>P. sarkarianum<\/em>, and DHA and PA in the isolate IC83 of <em>P. sarkarianum<\/em>. The test with different final temperatures of cultivation showed that the isolates presented increase in the production of some fatty acids when the final temperature was 10 \u00baC, except for the isolate IC83 of <em>P. sarkarianum<\/em>. This study contributes to the knowledge of this group in Brazil, for inclusion of sequences of Brazilian specimens in Genbank, for obtaining and preserving of the isolates in pure cultures for future studies in the country, as well as for knowledge of the production profile of fatty acids by Brazilian isolates of Labyrinthulomycota.<\/p>\n<p style=\"text-align: justify\"><strong>Key words: <\/strong>Atlantic Rainforest, Thraustochytriales, Labyrinthulales, zoosporic organisms, polyunsaturated fatty acids, docosahexaenoic acid<\/p>\n<h4 style=\"text-align: center\"><strong>RESUMO<\/strong><\/h4>\n<p style=\"text-align: justify\">O filo Labyrinthulomycota est\u00e1 classificado no Reino Straminipila e \u00e9 composto por tr\u00eas grupos distintos de organismos denominados \u201cfungi-like\u201d, os labirintul\u00eddeos, as traustoquitr\u00eddias e as aplanoquitr\u00eddias. Estes organismos, em sua maioria produtores de zo\u00f3sporos, est\u00e3o presentes em \u00e1guas marinhas e salobras, onde atuam como sapr\u00f3bios e\/ou parasitas. Nos \u00faltimos anos tem havido um maior interesse no grupo devido \u00e0 capacidade, de muitas de suas esp\u00e9cies, em produzir grandes quantidades de lip\u00eddios, destacando-se, dentre eles, os \u00e1cidos graxos poli-insaturados (PUFAs). No entanto, apesar da import\u00e2ncia do grupo, apenas quatro esp\u00e9cies foram relatadas no Brasil nas d\u00e9cadas de 60 e 70. Assim, diante da import\u00e2ncia ecol\u00f3gica e da potencialidade econ\u00f4mica destes organismos, bem como do escasso conhecimento da diversidade do grupo no pa\u00eds, o presente estudo teve por objetivos, realizar a identifica\u00e7\u00e3o morfol\u00f3gica e molecular de esp\u00e9cimes coletados no Parque Estadual da Ilha do Cardoso (PEIC), importante fragmento preservado da Mata Atl\u00e2ntica do estado de S\u00e3o Paulo; e quantificar os diferentes \u00e1cidos graxos produzidos por alguns isolados brasileiros. De seis coletas realizadas, entre os anos de 2012 e 2015, 167 esp\u00e9cimes provenientes de amostras de \u00e1gua e folhedo foram identificados, por meio de an\u00e1lises das caracter\u00edsticas morfol\u00f3gicas e\/ou an\u00e1lise filogen\u00e9tica da regi\u00e3o SSU do rDNA, como:<em> Aurantiochytrium <\/em>(111 esp\u00e9cimes), <em>Labyrinthula <\/em>(21 esp\u00e9cimes), <em>Parietichytrium sarkarianum <\/em>(31 esp\u00e9cimes) e <em>Thraustochytrium <\/em>(4 esp\u00e9cimes). Os g\u00eaneros <em>Aurantiochytrium <\/em>e <em>Labyrinthula<\/em>, bem como a esp\u00e9cie <em>Parietichytrium sarkarianum<\/em> s\u00e3o primeira cita\u00e7\u00e3o para o Brasil, e cinco esp\u00e9cimes de <em>Aurantiochytrium<\/em> considerados esp\u00e9cie nova para a ci\u00eancia. Alguns dos esp\u00e9cimes representativos de cada um dos g\u00eaneros\/esp\u00e9cie foram descritos, preservados e documentados, com vinte deles incorporados no acervo do Instituto de Bot\u00e2nica de S\u00e3o Paulo (Cole\u00e7\u00e3o de Culturas de Algas, Fungos e Cianobact\u00e9rias \u2013 CCIBt) e do Instituto Biol\u00f3gico de S\u00e3o Paulo (Micoteca M\u00e1rio Barreto Figueiredo \u2013 MMBF). Vinte e seis sequ\u00eancias da regi\u00e3o SSU do rDNA de isolados brasileiros provenientes deste estudo foram depositadas no GenBank. Dos t\u00e1xons identificados, 25 deles foram analisados quanto ao perfil de produ\u00e7\u00e3o de \u00e1cidos graxos (12 isolados de <em>Aurantiochytrium <\/em>sp., cinco de <em>Aurantiochytrium <\/em>sp. nov. e oito de <em>P. sarkarianum<\/em>), com 15 dias de cultivo a 25 \u00baC. Os resultados evidenciaram que os isolados brasileiros coletados no PEIC sintetizam quantidades significativas de \u00e1cido docosahexaenoico (DHA) e \u00e1cido palm\u00edtico (PA), chegando a 105,57 mg de DHA \/g de biomassa e 56,89 mg de PA \/g de biomassa. Os melhores produtores dos principais \u00e1cidos graxos, dois esp\u00e9cimes de <em>Auratiochytrium<\/em> sp., um de <em>Auratiochytrium<\/em> sp. nov. e dois de <em>P. sarkarianum<\/em>, foram submetidos \u00e0 diferentes condi\u00e7\u00f5es de cultivo, como menor tempo de crescimento (5 dias) e diferentes temperaturas finais de cultivo (10 \u00baC e 25 \u00baC). Os esp\u00e9cimes cultivados por cinco dias a 25 \u00baC apresentaram queda na produ\u00e7\u00e3o (mg\/g de biomassa) da maioria dos \u00e1cidos graxos, comparado a quantidade produzida com 15 dias de crescimento, exceto de DHA nos isolados IC97 de <em>Auratiochytrium<\/em> sp. nov. e IC12 de <em>P. sarkarianum<\/em>, e DHA e PA no isolado IC83 de <em>P. sarkarianum<\/em>. O teste com diferentes temperaturas finais de cultivo mostrou que os isolados apresentaram um aumento na produ\u00e7\u00e3o de alguns dos \u00e1cidos graxos quando a temperatura final foi de 10 \u00baC, exceto o isolado IC83 de <em>P. sarkarianum<\/em>. Este estudo contribui para a amplia\u00e7\u00e3o do conhecimento do grupo no Brasil, para a inclus\u00e3o de sequ\u00eancias de esp\u00e9cimes brasileiros no Genbank, para a obten\u00e7\u00e3o e preserva\u00e7\u00e3o de isolados em culturas puras para futuros estudos no pa\u00eds, bem como para o conhecimento do perfil de produ\u00e7\u00e3o de \u00e1cidos graxos por representantes brasileiros de Labyrinthulomycota.<\/p>\n<p style=\"text-align: justify\"><strong>Palavras chave<\/strong>: Mata Atl\u00e2ntica, Thraustochytriales, Labyrinthulales, organismos zoosp\u00f3ricos, \u00e1cidos graxos poli-insaturados, \u00e1cido docosahexaenoico<\/p>\n<hr align=\"center\" noshade=\"noshade\" size=\"1\" width=\"100%\" \/>\n<p style=\"text-align: center\"><img decoding=\"async\" loading=\"lazy\" class=\"aligncenter\" src=\"https:\/\/smastr16.blob.core.windows.net\/pgibt\/2013\/09\/pdf_grande.gif\" alt=\"pdf_grande\" width=\"60\" height=\"60\" \/><span style=\"color: #000000\">(indispon\u00edvel para consulta)<\/span><\/p>\n<p style=\"text-align: center\"><span style=\"color: #000000\">Marcela Castilho Boro<\/span><br \/>\nLabyrinthulomycota do Parque Estadual da Ilha do Cardoso, Canan\u00e9ia, Estado de S\u00e3o Paulo: diversidade morfol\u00f3gica\/molecular e quantifica\u00e7\u00e3o de \u00e1cidos graxos<\/p>\n<hr align=\"center\" noshade=\"noshade\" size=\"1\" width=\"100%\" \/>\n<p style=\"text-align: center\"><strong>\u00a0<a href=\"www.infraestruturameioambiente.sp.gov.br\/pgibt\/dissertacoesteses\/\">VOLTAR AS DISSERTA\u00c7\u00d5ES E TESES<\/a><\/strong><\/p>\n<hr align=\"center\" noshade=\"noshade\" size=\"1\" width=\"100%\" \/>\n","protected":false},"excerpt":{"rendered":"<p>Marcela Castilho Boro Em 27 de fevereiro de 2018, no anfiteatro do Instituto de Bot\u00e2nica de S\u00e3o Paulo (IBt), Marcela Castilho Boro, aluna do programa de P\u00f3s-Gradua\u00e7\u00e3o em Biodiversidade Vegetal e Meio Ambiente do Instituto de Bot\u00e2nica de S\u00e3o Paulo (IBt) &#8211; \u00c1rea de Concentra\u00e7\u00e3o de Plantas Avasculares e Fungos em An\u00e1lises Ambientais (PAF), defendeu [&hellip;]<\/p>\n","protected":false},"author":187,"featured_media":0,"parent":0,"menu_order":0,"comment_status":"closed","ping_status":"closed","template":"","meta":[],"_links":{"self":[{"href":"https:\/\/www.infraestruturameioambiente.sp.gov.br\/pgibt\/wp-json\/wp\/v2\/pages\/9540"}],"collection":[{"href":"https:\/\/www.infraestruturameioambiente.sp.gov.br\/pgibt\/wp-json\/wp\/v2\/pages"}],"about":[{"href":"https:\/\/www.infraestruturameioambiente.sp.gov.br\/pgibt\/wp-json\/wp\/v2\/types\/page"}],"author":[{"embeddable":true,"href":"https:\/\/www.infraestruturameioambiente.sp.gov.br\/pgibt\/wp-json\/wp\/v2\/users\/187"}],"replies":[{"embeddable":true,"href":"https:\/\/www.infraestruturameioambiente.sp.gov.br\/pgibt\/wp-json\/wp\/v2\/comments?post=9540"}],"version-history":[{"count":1,"href":"https:\/\/www.infraestruturameioambiente.sp.gov.br\/pgibt\/wp-json\/wp\/v2\/pages\/9540\/revisions"}],"predecessor-version":[{"id":9542,"href":"https:\/\/www.infraestruturameioambiente.sp.gov.br\/pgibt\/wp-json\/wp\/v2\/pages\/9540\/revisions\/9542"}],"wp:attachment":[{"href":"https:\/\/www.infraestruturameioambiente.sp.gov.br\/pgibt\/wp-json\/wp\/v2\/media?parent=9540"}],"curies":[{"name":"wp","href":"https:\/\/api.w.org\/{rel}","templated":true}]}}