{"id":9537,"date":"2025-03-31T10:10:06","date_gmt":"2025-03-31T13:10:06","guid":{"rendered":"https:\/\/www.infraestruturameioambiente.sp.gov.br\/pgibt\/?page_id=9537"},"modified":"2025-03-31T10:49:41","modified_gmt":"2025-03-31T13:49:41","slug":"watson-arantes-gama-junior-dr","status":"publish","type":"page","link":"https:\/\/www.infraestruturameioambiente.sp.gov.br\/pgibt\/watson-arantes-gama-junior-dr\/","title":{"rendered":"Watson Arantes Gama J\u00fanior &#8211; DR"},"content":{"rendered":"<h2 style=\"text-align: center\"><a href=\"arquivos.ambiente.sp.gov.br\/pgibt\/2015\/02\/faixapos6.jpg\"><img decoding=\"async\" loading=\"lazy\" class=\"aligncenter wp-image-3777 size-full\" style=\"border: 0px\" src=\"https:\/\/smastr16.blob.core.windows.net\/pgibt\/2015\/02\/faixapos6.jpg\" alt=\"faixapos6\" width=\"950\" height=\"163\" srcset=\"https:\/\/smastr16.blob.core.windows.net\/pgibt\/2015\/02\/faixapos6.jpg 950w, https:\/\/smastr16.blob.core.windows.net\/pgibt\/2015\/02\/faixapos6-768x131.jpg 768w\" sizes=\"(max-width: 950px) 100vw, 950px\" \/><\/a><\/h2>\n<hr align=\"center\" noshade=\"noshade\" size=\"1\" width=\"100%\" \/>\n<h2 style=\"text-align: center\">Watson Arantes Gama J\u00fanior<\/h2>\n<hr align=\"center\" noshade=\"noshade\" size=\"1\" width=\"100%\" \/>\n<p style=\"text-align: center\">No dia 23 de fevereiro de 2017, com in\u00edcio \u00e0s 13:45, o aluno da p\u00f3s-gradua\u00e7\u00e3o em Biodiversidade Vegetal e Meio Ambiente do Instituto de Bot\u00e2nica, S\u00e3o Paulo (IBt), Watson Arantes Gama J\u00fanior (bolsista FAPESP) defendeu sua Tese de Doutorado intitulada \u201cEstudo polif\u00e1sico de cianobact\u00e9rias cocoides terrestres de \u00e1reas da Mata Atl\u00e2ntica, SP, Brasil\u201d. A banca examinadora foi composta pela Dra. C\u00e9lia L. Sant\u2019Anna (orientadora\/Instituto de Bot\u00e2nica), Dra. Marli F. Fiore (CENA\/USP), Dra Maria T. Paiva Azevedo (Bioalgas), Dr. Lu\u00eds Henrique Z. Branco (IBILCE\/UNESP) e Dra. Val\u00e9ria Cassano (Universidade de S\u00e3o Paulo).<\/p>\n<p style=\"text-align: center\">O trabalho avaliou cepas de cianobact\u00e9rias cocoides isoladas de ambientes terrestres da Mata Atl\u00e2ntica por meio de uma abordagem polif\u00e1sica, o que inclui estudos morfol\u00f3gicos, ultraestruturais e moleculares. Al\u00e9m disso, foi investigado o potencial de cepas selecionados para produ\u00e7\u00e3o de subst\u00e2ncias com atividade antioxidante e antif\u00fangica. Como resultados principais, obteve-se o seguinte: a defini\u00e7\u00e3o e proposi\u00e7\u00e3o de uma nova fam\u00edlia, a descoberta de quatro novos g\u00eaneros, a descri\u00e7\u00e3o de dez novas esp\u00e9cies e a primeira caracteriza\u00e7\u00e3o com base no DNAr 16S e ITS 16S-23S do g\u00eanero <em>Asterocapsa<\/em> e das esp\u00e9cies <em>Chroococcus subviolaceus<\/em> e<em> Gloeothece interspersa<\/em>. Al\u00e9m disso, as esp\u00e9cies tipo de dois dos g\u00eaneros novos propostos mostraram-se com grande potencial para produ\u00e7\u00e3o de antioxidantes e antif\u00fangicos. Tamb\u00e9m foi proposta a defini\u00e7\u00e3o e diferencia\u00e7\u00e3o dos termos nan\u00f3citos e bae\u00f3citos, o que tem efeitos diretos na considera\u00e7\u00e3o da ordem Pleurocapsales como um grupo monofil\u00e9tico.<\/p>\n<hr align=\"center\" noshade=\"noshade\" size=\"1\" width=\"100%\" \/>\n<h3 style=\"text-align: center\">Estudo polif\u00e1sico de cianobact\u00e9rias cocoides terrestres de \u00e1reas da Mata Atl\u00e2ntica, SP, Brasil<\/h3>\n<hr align=\"center\" noshade=\"noshade\" size=\"1\" width=\"100%\" \/>\n<h4 style=\"text-align: center\"><strong>ABSTRACT<\/strong><\/h4>\n<p style=\"text-align: justify\">The taxonomy and systematics of cyanobacteria have gone through major changes after the concept of polyphasic taxonomy promoted new understanding of these organisms. Being understood only morphologically for a long time, cyanobacteria are now characterized with new tools brought about by technological advancement in science. In this sense, morphology may seem obsolete, but in fact it is a key tool for joining all preexisting and new knowledge. Therefore, it is essential to study the morphology of cyanobacteria in a precise way, especially in groups such as coccoids, which have morphologic and taxonomic characteristics that are difficult to recognize. In addition, it is essential to extend the studies to little known habitats and regions such as tropical terrestrial environments. Aiming to characterize unicellular and colonial cyanobacteria, the present study analyzed strains isolated from terrestrial environments of the Atlantic Rainforest through a polyphasic approach. Samples were collected in five different preserved areas of the Atlantic Rainforest Biome, all located in S\u00e3o Paulo State, Brazil. The sampled substrates were rocks, soils, tree barks and some were artificial, <em>e.g.<\/em> concrete. All isolated strains are kept in the Culture Collection of Institute of Botany (CCIBt) under controlled conditions. A total of 32 lineages were studied according to the morphological characterization by optical and electronic transmission microscopy and by molecular markers rDNA 16S and ITS 16S-23S, and some strains had their potential for producing antioxidant and antifungal substances investigated. Thus, based on our results, it was possible to distinguish and define the difference between baeocytes and nanocytes, besides considering the possibility that the coccoids producing baeocytes form a monophyletic group. This is based on the evidence that the clade of <em>Chroococcidiopsis thermalis<\/em> produces nanocytes and not baeocytes. It was also possible to show the heterogeneity in the genus <em>Chroococcus<\/em>, which resulted in the description of two new related genera, whose type species showed great potential for the production of antioxidants and antifungals. The genus <em>Asterocapsa<\/em> was characterized for the first time by molecular markers and showed to be widely distributed in terrestrial environments, mainly on rocks and concrete. Morphotypes similar to <em>Asterocapsa<\/em>, but found on tree barks, are phylogenetically different and have been designated as a new genus. The genus <em>Gloeothece <\/em>was characterized and its phylogenetic separation from <em>Aphanothece<\/em> was confirmed. In addition, a new genus phylogenetically related to <em>Gloeothece<\/em> was discovered. This new genus and <em>Gloeothece <\/em>were grouped in the proposed new family Gloeothecaceae. Thus, the present study confirms the expected high biodiversity of the investigated environments and contributes to the characterization of unknown coccoid cyanobacteria by means of molecular markers. It has also shown that associated with the biodiversity of cyanobacteria, there is great potential for the production of substances that can be exploited by the pharmaceutical industry.<\/p>\n<p style=\"text-align: justify\"><strong>Key words:<\/strong> Chroococcales, Pleurocapsales, Synechococcales, RNAr 16S, 16S-23S ITS, diversity, phylogeny.<\/p>\n<h4 style=\"text-align: center\"><strong>RESUMO<\/strong><\/h4>\n<p style=\"text-align: justify\">A taxonomia e sistem\u00e1tica das cianobact\u00e9rias vem passando por grandes altera\u00e7\u00f5es ap\u00f3s o conceito de taxonomia polif\u00e1sica ter aberto as portas para um novo entendimento sobre esses organismos. Por muito tempo entendidos com base apenas na morfologia, as cianobact\u00e9rias passam a ser caracterizadas por novas ferramentas ap\u00f3s o avan\u00e7o tecnol\u00f3gico na ci\u00eancia. Neste sentido, a morfologia pode parecer obsoleta, mas na verdade \u00e9 a ferramenta chave para unir o conhecimento preexistente com o novo. Assim, \u00e9 fundamental estudar a morfologia das cianobact\u00e9rias de uma maneira precisa, principalmente de grupos como as cocoides, que possuem caracteres morfo-taxon\u00f4micos de dif\u00edcil reconhecimento. Al\u00e9m disso, \u00e9 primordial a extens\u00e3o de estudos a <em>habitats<\/em> e regi\u00f5es ainda pouco conhecidos, como o caso dos ambientes terrestres tropicais. Visando a caracteriza\u00e7\u00e3o de cianobact\u00e9rias unicelulares e coloniais desses ambientes, o presente estudo analisou linhagens isoladas de ambientes terrestres da Mata Atl\u00e2ntica por meio de uma abordagem polif\u00e1sica. Foram coletadas amostras em cinco diferentes \u00e1reas preservadas do Bioma Mata Atl\u00e2ntica, todas localizadas no estado de S\u00e3o Paulo. Os substratos amostrados foram rochas, solos, cascas de \u00e1rvore e tamb\u00e9m alguns artificiais, <em>e.g.<\/em> concreto. Todas as cepas isoladas s\u00e3o mantidas na Cole\u00e7\u00e3o de Cultura do Instituto de Bot\u00e2nica (CCIBt) sob condi\u00e7\u00f5es controladas. Um total de 32 linhagens foram estudadas de acordo com a caracteriza\u00e7\u00e3o morfol\u00f3gica por microscopia \u00f3tica e eletr\u00f4nica de transmiss\u00e3o; pelos marcadores moleculares rDNA 16S e ITS 16S-23S e algumas tiveram o potencial para produ\u00e7\u00e3o de subst\u00e2ncias antioxidantes e antif\u00fangicas investigado. Dessa forma, foi poss\u00edvel definir e distinguir os termos bae\u00f3citos e nan\u00f3citos, al\u00e9m de levantar a possibilidade de que as cocoides produtoras de bae\u00f3citos formem um grupo monofil\u00e9tico. Isso porque foi evidenciado que o clado formado por <em>Chroococcidiopsis thermalis<\/em> produz nan\u00f3citos, n\u00e3o bae\u00f3citos. Tamb\u00e9m foi poss\u00edvel evidenciar a heterogeneidade encontrada no g\u00eanero <em>Chroococcus<\/em>, com a descri\u00e7\u00e3o de dois novos g\u00eaneros a ele relacionados e cujas esp\u00e9cies tipo apresentam grande potencial na produ\u00e7\u00e3o de antioxidantes e antif\u00fangicos. O g\u00eanero <em>Asterocapsa<\/em> foi caracterizado pela primeira vez por marcadores moleculares e mostrou-se amplamente distribu\u00eddo em ambientes terrestres, principalmente sobre rochas e concreto. Morfotipos similares a <em>Asterocapsa, <\/em>mas encontrados sobre casca de \u00e1rvores, s\u00e3o filogeneticamente distintos e foram designados como um novo g\u00eanero. O g\u00eanero <em>Gloeothece<\/em> foi caracterizado e sua separa\u00e7\u00e3o filogen\u00e9tica de <em>Aphanothece<\/em> confirmada. Al\u00e9m disso, descobriu-se um novo g\u00eanero filogeneticamente relacionado a <em>Gloeothece.<\/em> Esse novo g\u00eanero e <em>Gloeothece<\/em> foram agrupados na nova fam\u00edlia proposta Gloeothecaceae. Assim, o presente estudo confirma o esperado quanto a alta biodiversidade dos ambientes investigados e contribuiu para a caracteriza\u00e7\u00e3o de cocoides n\u00e3o conhecidas por meio de marcadores moleculares. Tamb\u00e9m demonstrou que associado \u00e0 biodiversidade de cianobact\u00e9ria h\u00e1 um grande potencial para produ\u00e7\u00e3o de subst\u00e2ncias que podem ser exploradas pela ind\u00fastria farmac\u00eautica.<\/p>\n<p style=\"text-align: justify\"><strong>Palavras-chave:<\/strong> Chroococcales, Pleurocapsales, Synechococcales, RNAr 16S, ITS 16S-23S, diversidade, filogenia.<\/p>\n<hr align=\"center\" noshade=\"noshade\" size=\"1\" width=\"100%\" \/>\n<p style=\"text-align: center\"><img decoding=\"async\" loading=\"lazy\" class=\"aligncenter\" src=\"https:\/\/smastr16.blob.core.windows.net\/pgibt\/2013\/09\/pdf_grande.gif\" alt=\"pdf_grande\" width=\"60\" height=\"60\" \/><span style=\"color: #000000\">(indispon\u00edvel para consulta)<\/span><\/p>\n<p style=\"text-align: center\"><span style=\"color: #000000\">Watson Arantes Gama J\u00fanior<\/span><br \/>\nEstudo polif\u00e1sico de cianobact\u00e9rias cocoides terrestres de \u00e1reas da Mata Atl\u00e2ntica, SP, Brasil<\/p>\n<hr align=\"center\" noshade=\"noshade\" size=\"1\" width=\"100%\" \/>\n<p style=\"text-align: center\"><strong>\u00a0<a href=\"www.infraestruturameioambiente.sp.gov.br\/pgibt\/dissertacoesteses\/\">VOLTAR AS DISSERTA\u00c7\u00d5ES E TESES<\/a><\/strong><\/p>\n<hr align=\"center\" noshade=\"noshade\" size=\"1\" width=\"100%\" \/>\n","protected":false},"excerpt":{"rendered":"<p>Watson Arantes Gama J\u00fanior No dia 23 de fevereiro de 2017, com in\u00edcio \u00e0s 13:45, o aluno da p\u00f3s-gradua\u00e7\u00e3o em Biodiversidade Vegetal e Meio Ambiente do Instituto de Bot\u00e2nica, S\u00e3o Paulo (IBt), Watson Arantes Gama J\u00fanior (bolsista FAPESP) defendeu sua Tese de Doutorado intitulada \u201cEstudo polif\u00e1sico de cianobact\u00e9rias cocoides terrestres de \u00e1reas da Mata Atl\u00e2ntica, [&hellip;]<\/p>\n","protected":false},"author":187,"featured_media":0,"parent":0,"menu_order":0,"comment_status":"closed","ping_status":"closed","template":"","meta":[],"_links":{"self":[{"href":"https:\/\/www.infraestruturameioambiente.sp.gov.br\/pgibt\/wp-json\/wp\/v2\/pages\/9537"}],"collection":[{"href":"https:\/\/www.infraestruturameioambiente.sp.gov.br\/pgibt\/wp-json\/wp\/v2\/pages"}],"about":[{"href":"https:\/\/www.infraestruturameioambiente.sp.gov.br\/pgibt\/wp-json\/wp\/v2\/types\/page"}],"author":[{"embeddable":true,"href":"https:\/\/www.infraestruturameioambiente.sp.gov.br\/pgibt\/wp-json\/wp\/v2\/users\/187"}],"replies":[{"embeddable":true,"href":"https:\/\/www.infraestruturameioambiente.sp.gov.br\/pgibt\/wp-json\/wp\/v2\/comments?post=9537"}],"version-history":[{"count":2,"href":"https:\/\/www.infraestruturameioambiente.sp.gov.br\/pgibt\/wp-json\/wp\/v2\/pages\/9537\/revisions"}],"predecessor-version":[{"id":9563,"href":"https:\/\/www.infraestruturameioambiente.sp.gov.br\/pgibt\/wp-json\/wp\/v2\/pages\/9537\/revisions\/9563"}],"wp:attachment":[{"href":"https:\/\/www.infraestruturameioambiente.sp.gov.br\/pgibt\/wp-json\/wp\/v2\/media?parent=9537"}],"curies":[{"name":"wp","href":"https:\/\/api.w.org\/{rel}","templated":true}]}}