{"id":953,"date":"2013-09-18T08:48:51","date_gmt":"2013-09-18T11:48:51","guid":{"rendered":"https:\/\/www.infraestruturameioambiente.sp.gov.br\/pgibt\/?page_id=953"},"modified":"2013-09-18T08:48:51","modified_gmt":"2013-09-18T11:48:51","slug":"2007-bianca-alsina-moreira","status":"publish","type":"page","link":"https:\/\/www.infraestruturameioambiente.sp.gov.br\/pgibt\/dissertacoesteses\/2007-bianca-alsina-moreira\/","title":{"rendered":"Bianca Alsina Moreira DR"},"content":{"rendered":"<h2 style=\"text-align: center\"><a href=\"https:\/\/smastr16.blob.core.windows.net\/pgibt\/2015\/02\/faixapos6.jpg\"><img decoding=\"async\" loading=\"lazy\" class=\"aligncenter size-full wp-image-3777\" style=\"border: 0px\" alt=\"faixapos6\" src=\"https:\/\/smastr16.blob.core.windows.net\/pgibt\/2015\/02\/faixapos6.jpg\" width=\"950\" height=\"163\" srcset=\"https:\/\/smastr16.blob.core.windows.net\/pgibt\/2015\/02\/faixapos6.jpg 950w, https:\/\/smastr16.blob.core.windows.net\/pgibt\/2015\/02\/faixapos6-768x131.jpg 768w\" sizes=\"(max-width: 950px) 100vw, 950px\" \/><\/a><\/h2>\n<hr align=\"center\" noshade=\"noshade\" size=\"1\" width=\"100%\" \/>\n<h2 style=\"text-align: center\">Bianca Alsina Moreira<\/h2>\n<hr align=\"center\" noshade=\"noshade\" size=\"1\" width=\"100%\" \/>\n<p style=\"text-align: center\">Bianca Alsina Moreira, aluna do Programa de P\u00f3s-Gradua\u00e7\u00e3o em Biodiversidade Vegetal e Meio Ambiente do Instituto de Bot\u00e2nica de S\u00e3o Paulo,<br \/>\ndefendeu, no dia 24 de agosto de 2007, sua tese de Doutorado intitulada:<br \/>\n&#8220;Palinotaxonomia da fam\u00edlia\u00a0Bromeliaceae<em>\u00a0<\/em>no Estado de S\u00e3o Paulo.&#8221;<\/p>\n<p style=\"text-align: center\">A banca examinadora foi composta pela sua orientadora Dra. Maria Am\u00e9lia Vitorino da Cruz-Barros (Instituto de Bot\u00e2nica),<br \/>\nDra. V\u00e2nia Gon\u00e7alves-Esteves (Universidade Federal do Rio de Janeiro), Dra. Gardene Maria de Sousa (Universidade Federal do Piau\u00ed),<br \/>\nDra. Cynthia Fernandes Pinto Luz e Dr. Luciano Maur\u00edcio Esteves (Instituto de Bot\u00e2nica).<\/p>\n<div id=\"attachment_954\" style=\"width: 267px\" class=\"wp-caption aligncenter\"><a href=\"https:\/\/smastr16.blob.core.windows.net\/pgibt\/2013\/09\/bianca2.jpg\"><img aria-describedby=\"caption-attachment-954\" decoding=\"async\" loading=\"lazy\" class=\"size-full wp-image-954\" alt=\"A banca examinadora\" src=\"https:\/\/smastr16.blob.core.windows.net\/pgibt\/2013\/09\/bianca2.jpg\" width=\"257\" height=\"193\" \/><\/a><p id=\"caption-attachment-954\" class=\"wp-caption-text\">A banca examinadora<\/p><\/div>\n<hr align=\"center\" noshade=\"noshade\" size=\"1\" width=\"100%\" \/>\n<h3 style=\"text-align: center\">Palinotaxonomia da fam\u00edlia\u00a0Bromeliaceae\u00a0no Estado de S\u00e3o Paulo<\/h3>\n<hr align=\"center\" noshade=\"noshade\" size=\"1\" width=\"100%\" \/>\n<h4 style=\"text-align: center\"><strong>RESUMO<\/strong><\/h4>\n<p style=\"text-align: justify\">O trabalho teve como objetivo analisar e descrever a morfologia pol\u00ednica de Bromeliaceae e contribuir com a taxonomia da fam\u00edlia. Foram analisados os gr\u00e3os de p\u00f3len de 55 esp\u00e9cies ocorrentes no Estado de S\u00e3o Paulo. Os gr\u00e3os de p\u00f3len foram acetolisados, medidos, descritos e fotografados sob microscopia \u00f3ptica e, em alguns casos, em microscopia eletr\u00f4nica de varredura e de transmiss\u00e3o.<\/p>\n<p style=\"text-align: justify\">Foram estudadas as seguintes esp\u00e9cies: em<em>\u00a0Bromelioideae<\/em>:\u00a0<em>Acanthostachys strobilacea (Schult. f.) Klotzch, Aechmea bocainensis E. Pereira &amp; Leme, A. caudata Lindm., A. coelestis (K. Koch) E. Morren, A. cylindrata Lindm., A. organensis Wawra, A. ornata Baker, A. pectinata Baker, A. phanerophlebia Baker, A. vanhoutteana (Van Houtte) Mez, Aechmea sp., Ananas fritzmuelleri Camargo, Billbergia nutans H. Wendl. ex Regel, B. porteana Brongn. ex Beer, B. zebrina (Herb.) Lindl., Edmundoa ambigua (Wand. &amp; Leme) Leme, E. lindenii (Regel) Leme, E. perplexa (L.B. Sm.) Leme, Fernseea bocainensis Pereira &amp; Coutinho, F. itatiaiae (Wawra) Baker, Hohenbergia augusta (Vell.) E. Morren, Neoregelia concentrica (Vell.) L.B. Sm., N. johannis (Carri\u00e8re) L.B. Sm., N. laevis (Mez) L.B. Sm., N. marmorata (Baker) L.B. Sm., Nidularium albiflorum (L.B. Sm.) Leme, N. amazonicum (Baker) Lind. &amp; Morren ex Lindm., N. antoineanum Wawra, N. bocainensis Leme, N. campos-portoi (L.B. Sm.) Wand. &amp; B.A. Moreira, N. corallinum (Leme) Leme, N. exiguum (E. Pereira &amp; Leme) B.A. Moreira, G. Martinelli &amp; Wand., N. longiflorum Ule, N. marigoi Leme, N. minutum Mez, N. picinguabense Leme, N. rubens Mez, N. rutilans E. Morren, Quesnelia arvensis (Vell.) Mez, Q. marmorata (Lem.) R.W. Read, Q. testudo Lindm., Q. violacea Wand. &amp; S.L. Proen\u00e7a, Wittrockia cyathiformis (Vell.) Leme e W. superba Lindm.; em Pitcairnioideae Dyckia encholirioides (Gaud.) Baker, D. linearifolia Mez, e Pitcairnia flammea Lindl.; em Tillandsioideae: Catopsis berteroriana (Schult. f.) Mez, Racineae spiculosa (Griseb) Spencer &amp; L.B. Sm., Tillandsia aeranthos (Loisel.) L.B. Sm., T. crocata (E. Morr.) Baker, Vriesea brusquensis Reitz, V. gamba Wawra, V. pardalina Mez\u00a0<\/em>e<em>\u00a0V. simplex (Vell.) Beer<\/em>.<\/p>\n<p style=\"text-align: justify\">Com base nos tipos de abertura, 1-colpados ou 2-4-porados, e ornamenta\u00e7\u00e3o psilado-perfurada, microrreticulada, reticulada ou heterom\u00f3rfica,foi poss\u00edvel separar a maioria das esp\u00e9cies estudadas.<br \/>\nOs dados obtidos ajudaram na circunscri\u00e7\u00e3o gen\u00e9rica e espec\u00edfica de Bromelioideae, confirmando que \u00e9 uma subfam\u00edlia euripol\u00ednica, enquanto que em Pitcairnioideae e Tillandsioideae, apesar de serem subfam\u00edlias estenopol\u00ednicas, algumas caracter\u00edsticas possibilitaram a separa\u00e7\u00e3o das esp\u00e9cies estudadas.<\/p>\n<hr align=\"center\" noshade=\"noshade\" size=\"1\" width=\"100%\" \/>\n<p style=\"text-align: center\"><a href=\"https:\/\/smastr16.blob.core.windows.net\/pgibt\/2013\/09\/pdf_grande.gif\"><img decoding=\"async\" loading=\"lazy\" class=\"aligncenter size-full wp-image-2313\" style=\"border: 0px\" alt=\"pdf_grande\" src=\"https:\/\/smastr16.blob.core.windows.net\/pgibt\/2013\/09\/pdf_grande.gif\" width=\"60\" height=\"60\" \/><\/a><a href=\"https:\/\/smastr16.blob.core.windows.net\/pgibt\/2013\/09\/Bianca_Alsina_Moreira_DR.pdf\" target=\"_blank\">Bianca Alsina Moreira<br \/>\nPalinotaxonomia da fam\u00edlia\u00a0Bromeliaceae\u00a0no Estado de S\u00e3o Paulo<\/a><\/p>\n<hr align=\"center\" noshade=\"noshade\" size=\"1\" width=\"100%\" \/>\n<p style=\"text-align: center\"><strong>\u00a0<a href=\"https:\/\/www.infraestruturameioambiente.sp.gov.br\/pgibt\/dissertacoesteses\/\">VOLTAR AS DISSERTA\u00c7\u00d5ES E TESES<\/a><\/strong><\/p>\n<hr align=\"center\" noshade=\"noshade\" size=\"1\" width=\"100%\" \/>\n<h1 style=\"text-align: center\"><\/h1>\n","protected":false},"excerpt":{"rendered":"<p>Bianca Alsina Moreira Bianca Alsina Moreira, aluna do Programa de P\u00f3s-Gradua\u00e7\u00e3o em Biodiversidade Vegetal e Meio Ambiente do Instituto de Bot\u00e2nica de S\u00e3o Paulo, defendeu, no dia 24 de agosto de 2007, sua tese de Doutorado intitulada: &#8220;Palinotaxonomia da fam\u00edlia\u00a0Bromeliaceae\u00a0no Estado de S\u00e3o Paulo.&#8221; A banca examinadora foi composta pela sua orientadora Dra. Maria Am\u00e9lia [&hellip;]<\/p>\n","protected":false},"author":1,"featured_media":0,"parent":249,"menu_order":0,"comment_status":"closed","ping_status":"open","template":"fullpage.php","meta":[],"_links":{"self":[{"href":"https:\/\/www.infraestruturameioambiente.sp.gov.br\/pgibt\/wp-json\/wp\/v2\/pages\/953"}],"collection":[{"href":"https:\/\/www.infraestruturameioambiente.sp.gov.br\/pgibt\/wp-json\/wp\/v2\/pages"}],"about":[{"href":"https:\/\/www.infraestruturameioambiente.sp.gov.br\/pgibt\/wp-json\/wp\/v2\/types\/page"}],"author":[{"embeddable":true,"href":"https:\/\/www.infraestruturameioambiente.sp.gov.br\/pgibt\/wp-json\/wp\/v2\/users\/1"}],"replies":[{"embeddable":true,"href":"https:\/\/www.infraestruturameioambiente.sp.gov.br\/pgibt\/wp-json\/wp\/v2\/comments?post=953"}],"version-history":[{"count":0,"href":"https:\/\/www.infraestruturameioambiente.sp.gov.br\/pgibt\/wp-json\/wp\/v2\/pages\/953\/revisions"}],"up":[{"embeddable":true,"href":"https:\/\/www.infraestruturameioambiente.sp.gov.br\/pgibt\/wp-json\/wp\/v2\/pages\/249"}],"wp:attachment":[{"href":"https:\/\/www.infraestruturameioambiente.sp.gov.br\/pgibt\/wp-json\/wp\/v2\/media?parent=953"}],"curies":[{"name":"wp","href":"https:\/\/api.w.org\/{rel}","templated":true}]}}