{"id":949,"date":"2013-09-17T17:39:11","date_gmt":"2013-09-17T20:39:11","guid":{"rendered":"https:\/\/www.infraestruturameioambiente.sp.gov.br\/pgibt\/?page_id=949"},"modified":"2013-09-17T17:39:11","modified_gmt":"2013-09-17T20:39:11","slug":"2011-catia-takeuchi","status":"publish","type":"page","link":"https:\/\/www.infraestruturameioambiente.sp.gov.br\/pgibt\/dissertacoesteses\/2011-catia-takeuchi\/","title":{"rendered":"C\u00e1tia Takeuchi MS"},"content":{"rendered":"<h2 style=\"text-align: center\"><a href=\"https:\/\/smastr16.blob.core.windows.net\/pgibt\/2015\/02\/faixapos6.jpg\"><img decoding=\"async\" loading=\"lazy\" class=\"aligncenter size-full wp-image-3777\" style=\"border: 0px\" alt=\"faixapos6\" src=\"https:\/\/smastr16.blob.core.windows.net\/pgibt\/2015\/02\/faixapos6.jpg\" width=\"950\" height=\"163\" srcset=\"https:\/\/smastr16.blob.core.windows.net\/pgibt\/2015\/02\/faixapos6.jpg 950w, https:\/\/smastr16.blob.core.windows.net\/pgibt\/2015\/02\/faixapos6-768x131.jpg 768w\" sizes=\"(max-width: 950px) 100vw, 950px\" \/><\/a><\/h2>\n<hr align=\"center\" noshade=\"noshade\" size=\"1\" width=\"100%\" \/>\n<h2 style=\"text-align: center\">C\u00e1tia Takeuchi<\/h2>\n<hr align=\"center\" noshade=\"noshade\" size=\"1\" width=\"100%\" \/>\n<p style=\"text-align: center\">No dia 28 de fevereiro de 2011, a aluna do Programa de P\u00f3s-Gradua\u00e7\u00e3o em Biodiversidade Vegetal e Meio Ambiente do\u00a0Instituto de Bot\u00e2nica de S\u00e3o Paulo\/IBt, C\u00e1tia Takeuchi (bolsista do Cnpq\/Protax), defendeu sua disserta\u00e7\u00e3o de mestrado intitulada<br \/>\n\u201cEstudo Taxon\u00f4mico de\u00a0<em>Abutilon\u00a0<\/em>Mill. (Malvoideae, Malvaceae) no Estado de S\u00e3o Paulo\u201d.<\/p>\n<p>A banca examinadora foi composta pela Dra. Gerleni Lopes Esteves (Orientadora e Presidente\/IBt),\u00a0Dr. Vin\u00edcius de Castro Souza (ESALQ) e Dra. Ingrid Koch (UFSCar).<\/p>\n<hr align=\"center\" noshade=\"noshade\" size=\"1\" width=\"100%\" \/>\n<h3 style=\"text-align: center\">Estudo Taxon\u00f4mico de\u00a0<em>Abutilon<\/em>\u00a0Mill. (Malvoideae, Malvaceae) no Estado de S\u00e3o Paulo<\/h3>\n<hr align=\"center\" noshade=\"noshade\" size=\"1\" width=\"100%\" \/>\n<h4 style=\"text-align: center\"><strong>RESUMO<\/strong><\/h4>\n<p style=\"text-align: justify\">O presente trabalho integra a monografia de Malvaceae da \u201cFlora Fanerog\u00e2mica do Estado de S\u00e3o Paulo\u201d e teve como principal objetivo o estudo taxon\u00f4mico das esp\u00e9cies de\u00a0<em>Abutilon<\/em>, com base na an\u00e1lise morfol\u00f3gica das estruturas vegetativas e reprodutivas. O Estado de S\u00e3o Paulo compreende uma \u00e1rea de cerca de 248.256km\u00b2 e possui uma vegeta\u00e7\u00e3o muito diversificada, incluindo principalmente a floresta ombr\u00f3fila densa, floresta estacional semidecidual e o Cerrado.\u00a0<em>Abutilon<\/em>\u00a0constitui um dos cinco maiores g\u00eaneros da subfam\u00edlia Malvoideae, Malvaceae e caracteriza-se pelos mericarpos tri a multiseminados e desprovidos de constri\u00e7\u00e3o mediana, endoglossa e alas laterais. Com base no estudo de cerca de 350 materiais depositados nos principais herb\u00e1rios do Estado de S\u00e3o Paulo e de esp\u00e9cimes coletados pelas autoras, foram reconhecidas 18 esp\u00e9cies:\u00a0<em>A. itatiaiae<\/em>\u00a0R.E. Fries,\u00a0<em>A. pauciflorum<\/em>\u00a0A. St.-Hil.,\u00a0<em>A. ramiflorum<\/em>\u00a0A. St.-Hil. e\u00a0<em>A. umbelliflorum\u00a0<\/em>A. St.-Hil., com 40 a 70 estames e p\u00e9talas obovadas, menores que 2cm de comprimento,\u00a0<em>Abutilon amoenum<\/em>K. Schum.,\u00a0<em>A. bedfordianum<\/em>\u00a0(Hook.) A. St.-Hil. &amp; Naud.,\u00a0<em>Abutilon\u00a0<\/em>sp.,\u00a0<em>A. latipetalum<\/em>\u00a0G.L. Esteves &amp; Krapov.,\u00a0<em>A. longifolium<\/em>\u00a0A. St.-Hil.,\u00a0<em>A. macranthum<\/em>\u00a0A. St.-Hil.,\u00a0<em>A. mouraei<\/em>\u00a0K. Schum.,\u00a0<em>A. nigricans<\/em>\u00a0G.L. Esteves &amp; Krapov.,\u00a0<em>A. pedrae-brancae<\/em>\u00a0K. Schum.,\u00a0<em>A. fluviatile<\/em>\u00a0(Vell.) K. Schum<em>.<\/em>,\u00a0<em>A. regnelli<\/em>\u00a0Miq.,\u00a0<em>A. rufinerve<\/em>\u00a0<em>A.<\/em>\u00a0St.-Hil.,\u00a0<em>A. striatum<\/em>\u00a0Dicks. ex Lindl. e\u00a0<em>A. venosum<\/em>\u00a0Lem., com 120 a 530 estames e p\u00e9talas espatuladas, maiores que 2cm. A taxonomia das esp\u00e9cies foi baseada na combina\u00e7\u00e3o de caracteres vegetativos e reprodutivos, especialmente das folhas, c\u00e1lice, corola, mericarpos e das sementes. A forma e o comprimento das papilas do c\u00e1lice, a presen\u00e7a ou aus\u00eancia de papilas na sutura dorsal dos mericarpos e a rela\u00e7\u00e3o entre o comprimento do tubo estaminal e das partes livres dos estames foram caracteres utilizados pela primeira vez na taxonomia de\u00a0<em>Abutilon<\/em>. Todas as esp\u00e9cies estudadas ocorrem na Mata Atl\u00e2ntica, especialmente na floresta ombr\u00f3fila densa, sendo que duas esp\u00e9cies se estendem para o Cerrado e nove para a floresta estacional semidecidual. Tr\u00eas esp\u00e9cies s\u00e3o citadas pela primeira vez para o Estado de S\u00e3o Paulo. Quanto ao estado de conserva\u00e7\u00e3o, na pr\u00f3xima edi\u00e7\u00e3o da lista das esp\u00e9cies amea\u00e7adas do Estado de S\u00e3o Paulo seis esp\u00e9cies dever\u00e3o ser inclu\u00eddas na categoria Vulner\u00e1vel. O trabalho consta de chave anal\u00edtica, descri\u00e7\u00f5es morfol\u00f3gicas, ilustra\u00e7\u00f5es e dados de distribui\u00e7\u00e3o geogr\u00e1fica, conserva\u00e7\u00e3o, variabilidade e rela\u00e7\u00f5es taxon\u00f4micas das esp\u00e9cies.<\/p>\n<p style=\"text-align: justify\"><strong>Palavras chave:<\/strong>\u00a0Mata Atl\u00e2ntica, taxonomia, nova ocorr\u00eancia, flora<\/p>\n<hr align=\"center\" noshade=\"noshade\" size=\"1\" width=\"100%\" \/>\n<p style=\"text-align: center\"><a href=\"https:\/\/smastr16.blob.core.windows.net\/pgibt\/2013\/09\/pdf_grande.gif\"><img decoding=\"async\" loading=\"lazy\" class=\"aligncenter size-full wp-image-2313\" style=\"border: 0px\" alt=\"pdf_grande\" src=\"https:\/\/smastr16.blob.core.windows.net\/pgibt\/2013\/09\/pdf_grande.gif\" width=\"60\" height=\"60\" \/><\/a><a href=\"https:\/\/smastr16.blob.core.windows.net\/pgibt\/2013\/09\/Catia_Takeuch_MS.pdf\" target=\"_blank\">C\u00e1tia Takeuchi<br \/>\nEstudo Taxon\u00f4mico de <em>Abutilon<\/em> Mill. (Malvoideae, Malvaceae) no Estado de S\u00e3o Paulo<\/a><\/p>\n<hr align=\"center\" noshade=\"noshade\" size=\"1\" width=\"100%\" \/>\n<p style=\"text-align: center\"><strong>\u00a0<a href=\"https:\/\/www.infraestruturameioambiente.sp.gov.br\/pgibt\/dissertacoesteses\/\">VOLTAR AS DISSERTA\u00c7\u00d5ES E TESES<\/a><\/strong><\/p>\n<hr align=\"center\" noshade=\"noshade\" size=\"1\" width=\"100%\" \/>\n","protected":false},"excerpt":{"rendered":"<p>C\u00e1tia Takeuchi No dia 28 de fevereiro de 2011, a aluna do Programa de P\u00f3s-Gradua\u00e7\u00e3o em Biodiversidade Vegetal e Meio Ambiente do\u00a0Instituto de Bot\u00e2nica de S\u00e3o Paulo\/IBt, C\u00e1tia Takeuchi (bolsista do Cnpq\/Protax), defendeu sua disserta\u00e7\u00e3o de mestrado intitulada \u201cEstudo Taxon\u00f4mico de\u00a0Abutilon\u00a0Mill. (Malvoideae, Malvaceae) no Estado de S\u00e3o Paulo\u201d. A banca examinadora foi composta pela Dra. [&hellip;]<\/p>\n","protected":false},"author":1,"featured_media":0,"parent":249,"menu_order":0,"comment_status":"closed","ping_status":"closed","template":"fullpage.php","meta":[],"_links":{"self":[{"href":"https:\/\/www.infraestruturameioambiente.sp.gov.br\/pgibt\/wp-json\/wp\/v2\/pages\/949"}],"collection":[{"href":"https:\/\/www.infraestruturameioambiente.sp.gov.br\/pgibt\/wp-json\/wp\/v2\/pages"}],"about":[{"href":"https:\/\/www.infraestruturameioambiente.sp.gov.br\/pgibt\/wp-json\/wp\/v2\/types\/page"}],"author":[{"embeddable":true,"href":"https:\/\/www.infraestruturameioambiente.sp.gov.br\/pgibt\/wp-json\/wp\/v2\/users\/1"}],"replies":[{"embeddable":true,"href":"https:\/\/www.infraestruturameioambiente.sp.gov.br\/pgibt\/wp-json\/wp\/v2\/comments?post=949"}],"version-history":[{"count":0,"href":"https:\/\/www.infraestruturameioambiente.sp.gov.br\/pgibt\/wp-json\/wp\/v2\/pages\/949\/revisions"}],"up":[{"embeddable":true,"href":"https:\/\/www.infraestruturameioambiente.sp.gov.br\/pgibt\/wp-json\/wp\/v2\/pages\/249"}],"wp:attachment":[{"href":"https:\/\/www.infraestruturameioambiente.sp.gov.br\/pgibt\/wp-json\/wp\/v2\/media?parent=949"}],"curies":[{"name":"wp","href":"https:\/\/api.w.org\/{rel}","templated":true}]}}