{"id":9469,"date":"2025-01-28T12:19:10","date_gmt":"2025-01-28T15:19:10","guid":{"rendered":"https:\/\/www.infraestruturameioambiente.sp.gov.br\/pgibt\/?page_id=9469"},"modified":"2025-10-08T07:28:38","modified_gmt":"2025-10-08T10:28:38","slug":"isabella-cristina-cantelles-de-souza-ms","status":"publish","type":"page","link":"https:\/\/www.infraestruturameioambiente.sp.gov.br\/pgibt\/isabella-cristina-cantelles-de-souza-ms\/","title":{"rendered":"Isabella Cristina Cantelles de Souza &#8211; MS"},"content":{"rendered":"<p><img decoding=\"async\" loading=\"lazy\" class=\"size-full wp-image-8353 aligncenter\" src=\"https:\/\/smastr16.blob.core.windows.net\/pgibt\/sites\/242\/2023\/01\/faixaposipa.jpg\" alt=\"\" width=\"950\" height=\"163\" srcset=\"https:\/\/smastr16.blob.core.windows.net\/pgibt\/sites\/242\/2023\/01\/faixaposipa.jpg 950w, https:\/\/smastr16.blob.core.windows.net\/pgibt\/sites\/242\/2023\/01\/faixaposipa-320x55.jpg 320w, https:\/\/smastr16.blob.core.windows.net\/pgibt\/sites\/242\/2023\/01\/faixaposipa-768x132.jpg 768w, https:\/\/smastr16.blob.core.windows.net\/pgibt\/sites\/242\/2023\/01\/faixaposipa-250x43.jpg 250w, https:\/\/smastr16.blob.core.windows.net\/pgibt\/sites\/242\/2023\/01\/faixaposipa-550x94.jpg 550w, https:\/\/smastr16.blob.core.windows.net\/pgibt\/sites\/242\/2023\/01\/faixaposipa-800x137.jpg 800w\" sizes=\"(max-width: 950px) 100vw, 950px\" \/><\/p>\n<hr align=\"center\" noshade=\"noshade\" size=\"1\" width=\"100%\" \/>\n<h2 style=\"text-align: center\"><span data-ogsc=\"black\"><b>Isabella Cristina Cantelles de Souza<br \/>\n<\/b><\/span><\/h2>\n<hr align=\"center\" noshade=\"noshade\" size=\"1\" width=\"100%\" \/>\n<p style=\"text-align: center\">No dia 05 de Abril de 2024, \u00e0s 9h da manh\u00e3, a aluna Isabella Cristina Cantelles de Souza defendeu sua disserta\u00e7\u00e3o de mestrado intitulada \u201cAn\u00e1lise do impacto de eventos extremos no fracionamento isot\u00f3pico de \u00e1rvores urbanas\u201d no programa de p\u00f3s-gradua\u00e7\u00e3o em Biodiversidade Vegetal e Meio Ambiente do Instituto de Pesquisas Ambientais (IPA). A banca da defesa foi formada pelos pesquisadores: Dr. Giuliano Maselli Locosselli (orientador), Dra. Marisa Domingos e a Dra. Claudia Prudente.<\/p>\n<p style=\"text-align: center\">O estudo teve como objetivo avaliar o impacto da seca de 2013\/2014 no desenvolvimento de <em>Cedrela fissilis<\/em> presente nas florestas urbanas da cidade de S\u00e3o Paulo. Tal evento, \u00e9 considerado de interesse pois ainda n\u00e3o est\u00e1 claro como as \u00e1rvores urbanas respondem \u00e0 eventos clim\u00e1ticos extremos e qual o n\u00edvel de vulnerabilidade da esp\u00e9cie para que para que seja feita a sele\u00e7\u00e3o de esp\u00e9cies arb\u00f3reas e gest\u00e3o de \u00e1reas verdes urbanas que promovam a resili\u00eancia de uma infraestrutura verde das cidades \u00e0s mudan\u00e7as clim\u00e1ticas e eventos extremos.<\/p>\n<hr align=\"center\" noshade=\"noshade\" size=\"1\" width=\"100%\" \/>\n<h3 style=\"text-align: center\">An\u00e1lise do impacto de eventos extremos no fracionamento isot\u00f3pico de \u00e1rvores urbanas<\/h3>\n<hr align=\"center\" noshade=\"noshade\" size=\"1\" width=\"100%\" \/>\n<h4 style=\"text-align: center\"><strong>ABSTRACT<\/strong><\/h4>\n<p style=\"text-align: justify\">Global Climate Change poses a growing threat to urban areas, increasing their vulnerability to extreme weather events, such as the 2013\/2014 drought in the city of S\u00e3o Paulo. Adapting cities to extreme events such as this summer&#8217;s drought requires the implementation of public policies based on scientific evidence to promote resilient green infrastructure. Dendrochronology is an area of science that provides precise evidence on the responses of trees to changes in climate, delivering valuable information for formulating urban adaptation strategies. In order to assess the climate vulnerability of tree species native to the city of S\u00e3o Paulo, individuals of Cedrela fissilis (Meliaceae) were collected in two different microhabitats, a recreational urban park with planted forests (Ibirapuera Park) and an urban fragment of Atlantic Forest (Fontes do Ipiranga State Park). The samples obtained using increment borers were polished and their transverse surface scanned for identification, measurement, and subsequent dating of the tree rings. The wood density was then determined in high resolution using an X-ray densitometer, and the composition of stable carbon and oxygen isotopes was determined in three intra-annual portions of the growth rings. The results point to an 83% higher growth rate in the urban park probably not explained by a significant change in photosynthetic rate and stomatal conductance or even an investment in a more secure wood, but only by less competition for resources in this park with less dense vegetation. This gain in growth in the urban park comes at the cost of greater sensitivity to rainfall variability and a lower ability to recover growth rates after the negative impact of the 2013\/2014 drought observed in the growth of the trees in these two populations. The lower vulnerability of the trees in the urban Atlantic Forest fragment seems to result from an investment in greater wood density or hydraulic security during the middle of the growing season, the period corresponding to the 2013\/2014 drought. This strategy was not adopted by the trees in the other park. The lower recovery capacity of the trees in the recreational urban park raises alarm bells about the vulnerability of some urban green infrastructures, possibly requiring planning that favors more effective tree growth strategies during extreme drought events.<\/p>\n<p style=\"text-align: justify\"><strong>Key words:<\/strong> Dendrochronology, Wood Density, Climate Change, Ecosystem Services, Stable Isotopes.<\/p>\n<h4 style=\"text-align: center\"><strong>RESUMO<\/strong><\/h4>\n<p style=\"text-align: justify\">As Mudan\u00e7as Clim\u00e1ticas Globais representam uma amea\u00e7a crescente para as \u00e1reas urbanas, aumentando sua vulnerabilidade a eventos clim\u00e1ticos extremos, como a seca de 2013\/2014 na cidade de S\u00e3o Paulo. A adapta\u00e7\u00e3o das cidades a eventos extremos como esta seca de ver\u00e3o, exige a implementa\u00e7\u00e3o de pol\u00edticas p\u00fablicas baseadas em evid\u00eancias cient\u00edficas para a promo\u00e7\u00e3o de uma infraestrutura verde resiliente. A dendrocronologia \u00e9 uma \u00e1rea da ci\u00eancia que prov\u00ea evid\u00eancias precisas sobre a respostas das \u00e1rvores \u00e0s mudan\u00e7as no clima, fornecendo informa\u00e7\u00f5es valiosas para formula\u00e7\u00e3o de estrat\u00e9gias de adapta\u00e7\u00e3o urbana. Com o objetivo de avaliar a vulnerabilidade clim\u00e1tica de esp\u00e9cies arb\u00f3reas nativas da cidade de S\u00e3o Paulo, foram coletados indiv\u00edduos de Cedrela fissilis (Meliaceae) em dois micro-habitats distintos, um parque urbano recreativo com florestas plantadas (Parque Ibirapuera) e um fragmento urbano de Mata Atl\u00e2ntica (Parque Estadual Fontes do Ipiranga). As amostras obtidas com o uso de trados de incremento foram polidas e a sua superf\u00edcie transversal foi escaneada para identifica\u00e7\u00e3o, medi\u00e7\u00e3o e posterior data\u00e7\u00e3o dos an\u00e9is de crescimento. Em seguida, a densidade da madeira foi determinada em alta resolu\u00e7\u00e3o usando um densit\u00f4metro de raio X, e a composi\u00e7\u00e3o de is\u00f3topos est\u00e1veis de carbono e oxig\u00eanio foi determinada em tr\u00eas por\u00e7\u00f5es intra-anuais dos an\u00e9is de crescimento. Os resultados apontam para uma taxa de crescimento 83% maior no parque urbano provavelmente n\u00e3o explicado por uma mudan\u00e7a significativa na taxa fotoss\u00ednt\u00e9tica e condut\u00e2ncia estom\u00e1tica ou mesmo um investimento em um lenho mais seguro, mas apenas por uma menor competi\u00e7\u00e3o por recursos neste parque de vegeta\u00e7\u00e3o menos densa. Este ganho em crescimento no parque urbano vem ao custo de uma maior sensitividade \u00e0 variabilidade de precipita\u00e7\u00e3o e uma menor capacidade de recupera\u00e7\u00e3o das taxas de crescimento ap\u00f3s o impacto negativo da seca de 2013\/2014 observado no crescimento das \u00e1rvores destas duas popula\u00e7\u00f5es. A menor vulnerabilidade das \u00e1rvores do fragmento urbano de Mata Atl\u00e2ntica parece resultar de um investimento em maior densidade da madeira ou seguran\u00e7a hidr\u00e1ulica durante o meio da esta\u00e7\u00e3o de crescimento per\u00edodo correspondente \u00e0 seca de 2013\/2014. Estrat\u00e9gia esta n\u00e3o adotada pelas \u00e1rvores do outro parque. A menor capacidade de recupera\u00e7\u00e3o das \u00e1rvores no parque urbano recreativo acende um alerta sobre a vulnerabilidade de algumas infraestruturas verdes urbanas, possivelmente exigindo um planejamento que favore\u00e7am estrat\u00e9gias de crescimento das \u00e1rvores mais eficazes durante eventos de secas extremas.<\/p>\n<p style=\"text-align: justify\"><strong>Palavras &#8211; chave:<\/strong> Densidade da Madeira, Is\u00f3topos Est\u00e1veis, Mudan\u00e7as Clim\u00e1ticas, Servi\u00e7os Ecossist\u00eamicos.<\/p>\n<hr align=\"center\" noshade=\"noshade\" size=\"1\" width=\"100%\" \/>\n<p style=\"text-align: center\"><a href=\"https:\/\/smastr16.blob.core.windows.net\/pgibt\/sites\/242\/2025\/01\/isabella_cristina_cantelles_de_souza-ms.pdf\" target=\"_blank\" rel=\"noopener\"><img decoding=\"async\" loading=\"lazy\" class=\"aligncenter\" src=\"https:\/\/smastr16.blob.core.windows.net\/pgibt\/2013\/09\/pdf_grande.gif\" alt=\"pdf_grande\" width=\"60\" height=\"60\" \/><\/a><a href=\"https:\/\/smastr16.blob.core.windows.net\/pgibt\/sites\/242\/2025\/01\/isabella_cristina_cantelles_de_souza-ms.pdf\"><strong>Isabelia Cristina Cantelles de Souza<\/strong><\/a><br \/>\n<a href=\"https:\/\/smastr16.blob.core.windows.net\/pgibt\/sites\/242\/2025\/01\/isabella_cristina_cantelles_de_souza-ms.pdf\">An\u00e1lise do impacto de eventos extremos no fracionamento isot\u00f3pico de \u00e1rvores urbanas<\/a><\/p>\n<hr align=\"center\" noshade=\"noshade\" size=\"1\" width=\"100%\" \/>\n<p style=\"text-align: center\"><strong>\u00a0<a href=\"www.infraestruturameioambiente.sp.gov.br\/pgibt\/dissertacoesteses\/\">VOLTAR AS DISSERTA\u00c7\u00d5ES E TESES<\/a><\/strong><\/p>\n<hr align=\"center\" noshade=\"noshade\" size=\"1\" width=\"100%\" \/>\n","protected":false},"excerpt":{"rendered":"<p>Isabella Cristina Cantelles de Souza No dia 05 de Abril de 2024, \u00e0s 9h da manh\u00e3, a aluna Isabella Cristina Cantelles de Souza defendeu sua disserta\u00e7\u00e3o de mestrado intitulada \u201cAn\u00e1lise do impacto de eventos extremos no fracionamento isot\u00f3pico de \u00e1rvores urbanas\u201d no programa de p\u00f3s-gradua\u00e7\u00e3o em Biodiversidade Vegetal e Meio Ambiente do Instituto de Pesquisas [&hellip;]<\/p>\n","protected":false},"author":187,"featured_media":0,"parent":0,"menu_order":0,"comment_status":"closed","ping_status":"closed","template":"","meta":[],"_links":{"self":[{"href":"https:\/\/www.infraestruturameioambiente.sp.gov.br\/pgibt\/wp-json\/wp\/v2\/pages\/9469"}],"collection":[{"href":"https:\/\/www.infraestruturameioambiente.sp.gov.br\/pgibt\/wp-json\/wp\/v2\/pages"}],"about":[{"href":"https:\/\/www.infraestruturameioambiente.sp.gov.br\/pgibt\/wp-json\/wp\/v2\/types\/page"}],"author":[{"embeddable":true,"href":"https:\/\/www.infraestruturameioambiente.sp.gov.br\/pgibt\/wp-json\/wp\/v2\/users\/187"}],"replies":[{"embeddable":true,"href":"https:\/\/www.infraestruturameioambiente.sp.gov.br\/pgibt\/wp-json\/wp\/v2\/comments?post=9469"}],"version-history":[{"count":4,"href":"https:\/\/www.infraestruturameioambiente.sp.gov.br\/pgibt\/wp-json\/wp\/v2\/pages\/9469\/revisions"}],"predecessor-version":[{"id":9805,"href":"https:\/\/www.infraestruturameioambiente.sp.gov.br\/pgibt\/wp-json\/wp\/v2\/pages\/9469\/revisions\/9805"}],"wp:attachment":[{"href":"https:\/\/www.infraestruturameioambiente.sp.gov.br\/pgibt\/wp-json\/wp\/v2\/media?parent=9469"}],"curies":[{"name":"wp","href":"https:\/\/api.w.org\/{rel}","templated":true}]}}