{"id":945,"date":"2013-09-17T17:34:33","date_gmt":"2013-09-17T20:34:33","guid":{"rendered":"https:\/\/www.infraestruturameioambiente.sp.gov.br\/pgibt\/?page_id=945"},"modified":"2013-09-17T17:34:33","modified_gmt":"2013-09-17T20:34:33","slug":"2011-carolina-gasch-moreira","status":"publish","type":"page","link":"https:\/\/www.infraestruturameioambiente.sp.gov.br\/pgibt\/dissertacoesteses\/2011-carolina-gasch-moreira\/","title":{"rendered":"Carolina Gasch Moreira DR"},"content":{"rendered":"<h2 style=\"text-align: center\"><a href=\"https:\/\/smastr16.blob.core.windows.net\/pgibt\/2015\/02\/faixapos6.jpg\"><img decoding=\"async\" loading=\"lazy\" class=\"aligncenter size-full wp-image-3777\" style=\"border: 0px\" alt=\"faixapos6\" src=\"https:\/\/smastr16.blob.core.windows.net\/pgibt\/2015\/02\/faixapos6.jpg\" width=\"950\" height=\"163\" srcset=\"https:\/\/smastr16.blob.core.windows.net\/pgibt\/2015\/02\/faixapos6.jpg 950w, https:\/\/smastr16.blob.core.windows.net\/pgibt\/2015\/02\/faixapos6-768x131.jpg 768w\" sizes=\"(max-width: 950px) 100vw, 950px\" \/><\/a><\/h2>\n<hr align=\"center\" noshade=\"noshade\" size=\"1\" width=\"100%\" \/>\n<h2 style=\"text-align: center\">Carolina Gasch Moreira<\/h2>\n<hr align=\"center\" noshade=\"noshade\" size=\"1\" width=\"100%\" \/>\n<p align=\"center\">Carolina Gasch Moreira \u00e9 aluna do Programa de P\u00f3s-Gradua\u00e7\u00e3o em Biodiversidade Vegetal e Meio Ambiente do Instituto de Bot\u00e2nica de S\u00e3o Paulo (IBt), bolsista da CAPES, e defendeu sua Tese de Doutorado em 26 de abril de 2011. A Tese intitulada:<br \/>\nSucess\u00e3o de hifomicetos e avalia\u00e7\u00e3o da biomassa f\u00fangica durante a decomposi\u00e7\u00e3o de folhedo de\u00a0<em>Caesalpinia echinata<\/em>\u00a0Lam. e\u00a0<em>Campomanesia phaea<\/em>\u00a0(O. Berg.) Landrum submersos em lagos artificiais na cidade de S\u00e3o Paulo, SP<br \/>\nfoi apresentada a banca examinadora composta pela sua orientadora Dra. Iracema H. Schoenlein-Crusius (Instituto de Bot\u00e2nica), pela Dra. Agostina Virginia Marano (Instituto de Bot\u00e1nica Carlos Spegazzini, Buenos Aires &#8211; Argentina), pela Dra. Adriana Oliveira Medeiros (Universidade Federal da Bahia),<br \/>\npelo Dr. Andr\u00e9 Cordeiro Alves dos Santos (Universidade Federal de S\u00e3o Carlos)<br \/>\ne pela Dra. Rosely Ana Piccolo Grandi (Instituto de Bot\u00e2nica).<\/p>\n<p align=\"center\">O trabalho teve por objetivo comparar a sucess\u00e3o riqueza e ocorr\u00eancia de hifomicetos associados \u00e0 folhas frescas, em compara\u00e7\u00e3o \u00e0s da serapilheira, das esp\u00e9cies vegetais\u00a0<em>Caesalpinia echinata<\/em>\u00a0Lam. e de\u00a0<em>Campomanesia phaea\u00a0<\/em>(O. Berg.) Landrum. submersas em dois reservat\u00f3rios artificiais, sendo um situado no Parque Municipal Alfredo Volpi e um no Parque Municipal Burle Marx, localizados na cidade de S\u00e3o Paulo. Al\u00e9m da avalia\u00e7\u00e3o da comunidade de hifomicetos foram verificadas as concentra\u00e7\u00f5es de ergosterol e de alguns micro e macronutrientes contidos no folhedo durante sua decomposi\u00e7\u00e3o. Em s\u00edntese, o estudo verificou um n\u00famero expressivo de t\u00e1xons de hifomicetos associados \u00e0 substratos foliares submersos, compat\u00edvel aos obtidos em \u00e1reas preservadas. As micotas obtidas em cada \u00e1rea de estudo apresentaram composi\u00e7\u00f5es diferentes e tamb\u00e9m diferiram de acordo com o tipo de substrato. Houve maior prefer\u00eancia dos hifomicetos pelos fol\u00edolos frescos e da serapilheira de\u00a0<em>C. echinata\u00a0<\/em>e pelas folhas da serapilheira de\u00a0<em>C. phaea\u00a0<\/em>submersas no Parque Municipal Alfredo Volpi e pelas folhas da serapilheira de\u00a0<em>C. phaea\u00a0<\/em>submersas no Parque Municipal Burle Marx. Uma maior influ\u00eancia do tipo de substrato, fresco ou da serapilheira, sobre a coloniza\u00e7\u00e3o f\u00fangica foi verificada nas folhas de\u00a0<em>C. phaea\u00a0<\/em>nas duas etapas do experimento. Os resultados demonstraram que a sucess\u00e3o de hifomicetos nos ambientes aqu\u00e1ticos urbanos pode ser influenciada pela esp\u00e9cie vegetal, est\u00e1dio inicial de decomposi\u00e7\u00e3o dos substratos vegetais e pelas caracter\u00edsticas intr\u00ednsecas do ambiente estudado.<\/p>\n<div id=\"attachment_946\" style=\"width: 382px\" class=\"wp-caption aligncenter\"><a href=\"https:\/\/smastr16.blob.core.windows.net\/pgibt\/2013\/09\/carolina_gasch.jpg\"><img aria-describedby=\"caption-attachment-946\" decoding=\"async\" loading=\"lazy\" class=\"size-full wp-image-946\" alt=\"Da esquerda para a direita: Dr, Andr\u00e9 C. A. dos Santos, Dra. Agostina V. Marano,  a aluna Carolina Gasch Moreira, Dra. Adriana O. Medeiros, Dra. Iracema H. Schoenlein-Crusius, Dra. Rosely A. P. Grandi.\" src=\"https:\/\/smastr16.blob.core.windows.net\/pgibt\/2013\/09\/carolina_gasch.jpg\" width=\"372\" height=\"226\" \/><\/a><p id=\"caption-attachment-946\" class=\"wp-caption-text\">Da esquerda para a direita: Dr, Andr\u00e9 C. A. dos Santos, Dra. Agostina V. Marano,<br \/>a aluna Carolina Gasch Moreira, Dra. Adriana O. Medeiros, Dra. Iracema H. Schoenlein-Crusius, Dra. Rosely A. P. Grandi.<\/p><\/div>\n<hr align=\"center\" noshade=\"noshade\" size=\"1\" width=\"100%\" \/>\n<h3 style=\"text-align: center\">Sucess\u00e3o de hifomicetos e avalia\u00e7\u00e3o da biomassa f\u00fangica durante a decomposi\u00e7\u00e3o de folhedo de\u00a0<em>Caesalpinia echinata<\/em>\u00a0Lam. e\u00a0<em>Campomanesia phaea<\/em>\u00a0(O. Berg.) Landrum\u00a0submersos em lagos artificiais na cidade de S\u00e3o Paulo, SP.<\/h3>\n<hr align=\"center\" noshade=\"noshade\" size=\"1\" width=\"100%\" \/>\n<h4 style=\"text-align: center\"><strong>RESUMO<\/strong><\/h4>\n<p style=\"text-align: justify\">Os hifomicetes, tamb\u00e9m conhecidos como Hyphomycetes ou hifomicetos aqu\u00e1ticos, fungos tetrarradiados ou fungos ingoldianos; s\u00e3o fungos conidiais considerados tipicamente aqu\u00e1ticos, pois dependem da \u00e1gua para se reproduzirem. As formas hidrodin\u00e2micas dos con\u00eddios proporcionam leveza e agilidade na dispers\u00e3o, principalmente nas \u00e1guas l\u00f3ticas, moderadamente turbulentas, preferencialmente frias e bem oxigenadas, favorecendo a atua\u00e7\u00e3o destes fungos na decomposi\u00e7\u00e3o de substratos foliares submersos. No presente estudo foram avaliadas a composi\u00e7\u00e3o de esp\u00e9cies, riqueza e ocorr\u00eancia dos hifomicetos associados \u00e0 folhas frescas, em compara\u00e7\u00e3o \u00e0s da serapilheira das esp\u00e9cies vegetais\u00a0<em>Caesalpinia echinata<\/em>\u00a0Lam. e de\u00a0<em>Campomanesia phaea\u00a0<\/em>(O. Berg.) Landrum. submersas em lagos situados no Parque Municipal Alfredo Volpi (abril a setembro de 2008) e no Parque Municipal Burle Marx (de abril a setembro 2009) na cidade de S\u00e3o Paulo. Fol\u00edolos e folhas coletados da serrapilheira e frescos coletados diretamente de cada esp\u00e9cie arb\u00f3rea, foram acondicionados separadamente em quatro caixas pl\u00e1sticas vazadas, que foram submersas (abril\/2008 e abril\/2009) nos lagos. Mensalmente, durante cinco meses, al\u00edquotas de cada tipo de folhedo foram coletadas e lavadas vigorosamente em \u00e1gua corrente. Parte das al\u00edquotas de cada tipo de substrato foi submetida \u00e0 t\u00e9cnica de lavagens sucessivas, com posterior incuba\u00e7\u00e3o em placas de Petri com \u00e1gua destilada esterilizada e em c\u00e2maras-\u00famidas. Outra parte foi utilizada para an\u00e1lise de ergosterol, realizada atrav\u00e9s da saponifica\u00e7\u00e3o alco\u00f3lica dos fragmentos foliares, com posterior fracionamento em N-Hexano e leitura em HPLC. A fra\u00e7\u00e3o remanescente dos substratos foi seca a 60 \u00baC, mo\u00edda e analisada quanto aos teores de alguns macro e micronutrientes. No total foram obtidos 43 t\u00e1xons de hifomicetos, divididos em 12 fungos ingoldianos, 11 facultativos e 20 terrestres. O folhedo submerso no Parque Municipal Alfredo Volpi apresentou maior riqueza de hifomicetos, com 33 t\u00e1xons divididos em 11 ingoldianos, 14 terrestres e oito facultativos, com maiores ocorr\u00eancias dos t\u00e1xons\u00a0<em>Blodgettia indica<\/em>\u00a0Subram., Fungo n\u00e3o identificado sp.1,\u00a0<em>Endophragmiella\u00a0<\/em>sp.,<em>Pyramidospora\u00a0<\/em>sp. nov.,\u00a0<em>Rhinocladiella cristaspora<\/em>\u00a0Matsushima,\u00a0<em>Triscelophorus<\/em>\u00a0<em>monosporus<\/em>\u00a0Ingold,\u00a0<em>Pyramidospora<\/em>\u00a0<em>casuarinae\u00a0<\/em>Nilsson e\u00a0<em>Beltrania<\/em>\u00a0<em>rhombica\u00a0<\/em>Penzig. No Parque Burle Marx foram registrados 29 t\u00e1xons, sendo seis ingoldianos, oito facultativos e 15 terrestres, com maiores ocorr\u00eancias dos t\u00e1xons\u00a0<em>Endophragmiella\u00a0<\/em>sp.,\u00a0<em>Anguillospora<\/em>\u00a0sp,\u00a0<em>Beltrania rhombica<\/em>\u00a0Penz.,\u00a0<em>Cladosporium\u00a0<\/em><em>sphaerospermum<\/em>Penz. e<em>\u00a0Pyramidospora<\/em>\u00a0<em>casuarinae<\/em>\u00a0Nilsson.\u00a0<em>Triscelophorus acuminatus<\/em>\u00a0Nawawi e\u00a0<em>Blodgettia indica<\/em>\u00a0Subram. foram registrados pela primeira vez para o Brasil. O t\u00e1xon\u00a0<em>Pyramidospora<\/em>\u00a0sp. representam uma poss\u00edvel esp\u00e9cie nova para a Ci\u00eancia. A similaridade entre as micotas no Parque Alfredo Volpi e no Parque Burle Marx correspondeu a 55%. Quando comparadas as duas esp\u00e9cies de folhas em cada \u00e1rea verificou-se 60% de similaridade entre as micotas registradas no Parque Alfredo Volpi e 65% no Parque Burle Marx. Durante a primeira etapa do experimento a similaridade geral entre as micotas registradas nos fol\u00edolos frescos e da serapilheira de\u00a0<em>Cae. echinata<\/em>foi de 77% e nas folhas frescas e da serapilheira de\u00a0<em>Cam. phaea\u00a0<\/em>foi de 72%. Na segunda etapa do experimento os valores de similaridade foram menores e corresponderam a 59% entre os fol\u00edolos frescos e da serapilheira de\u00a0<em>Cae. echinata\u00a0<\/em>e a 33% entre as folhas frescas e da serapilheira de\u00a0<em>Cam. phaea<\/em>. Na compara\u00e7\u00e3o entre as coletas, com exce\u00e7\u00e3o aos fol\u00edolos da serapilheira de\u00a0<em>Cae. echinata\u00a0<\/em>pertencentes a primeira etapa do experimento, em todos os substratos coletados nos dois parques verifica-se valores elevados de similaridade (&gt; 70%) apenas entre as micotas pertencentes a quarta e a quinta coleta, o que caracteriza substitui\u00e7\u00e3o de t\u00e1xons atrav\u00e9s do tempo. A sucess\u00e3o f\u00fangica mostrou-se diferente em cada um dos substratos submersos nos dois reservat\u00f3rios, sendo poss\u00edvel distinguir as comunidades pioneira, madura e empobrecida apenas na primeira etapa do experimento. As concentra\u00e7\u00f5es de ergosterol mostraram-se compat\u00edveis aos dados de estudos anteriores realizados no Brasil. No Parque Alfredo Volpi o magn\u00e9sio e o mangan\u00eas mostram-se mais elevados, enquanto no Parque Burle Marx o cobre apresentou teores maiores em todos os substratos e o c\u00e1lcio apresentou teores maiores nos fol\u00edolos e folhas da serapilheira. Concluiu-se que a riqueza de t\u00e1xons dos hifomicetos associados \u00e0 substratos foliares submersos em ambiente aqu\u00e1tico urbano apresentou-se compat\u00edvel com a obtida em \u00e1reas preservadas. Embora os parques estudados possuem caracter\u00edsticas de vegeta\u00e7\u00e3o, corpos d\u00b4 \u00e1gua e localiza\u00e7\u00e3o semelhantes, as micotas obtidas em cada \u00e1rea apresentaram composi\u00e7\u00f5es diferentes. Tamb\u00e9m as micotas diferiram de acordo com o tipo de substrato, com maior prefer\u00eancia dos fungos pelos fol\u00edolos frescos e da serapilheira de\u00a0<em>Cae. echinata\u00a0<\/em>e pelas folhas da serapilheira de<em>Cam. phaea\u00a0<\/em>submersas no Parque Municipal Alfredo Volpi e pelas folhas da serapilheira de\u00a0<em>Cam. phaea\u00a0<\/em>submersas no Parque Municipal Burle Marx. O tipo de substrato, fresco ou da serapilheira, mostrou maior influ\u00eancia sobre a coloniza\u00e7\u00e3o f\u00fangica nas folhas de<em>Cam. phaea\u00a0<\/em>nas duas etapas do experimento. Portanto a sucess\u00e3o de hifomicetos nos ambientes aqu\u00e1ticos urbanos pode ser influenciada pela esp\u00e9cie vegetal, est\u00e1dio inicial de decomposi\u00e7\u00e3o do substratos vegetais e pelas caracter\u00edsticas intr\u00ednsecas do ambiente estudado.<\/p>\n<p>&nbsp;<\/p>\n<hr align=\"center\" noshade=\"noshade\" size=\"1\" width=\"100%\" \/>\n<p style=\"text-align: center\"><a href=\"https:\/\/smastr16.blob.core.windows.net\/pgibt\/2013\/09\/pdf_grande.gif\"><img decoding=\"async\" loading=\"lazy\" class=\"aligncenter size-full wp-image-2313\" style=\"border: 0px\" alt=\"pdf_grande\" src=\"https:\/\/smastr16.blob.core.windows.net\/pgibt\/2013\/09\/pdf_grande.gif\" width=\"60\" height=\"60\" \/><\/a><a href=\"https:\/\/smastr16.blob.core.windows.net\/pgibt\/2013\/09\/Carolina_Gasch_Moreira_DR.pdf\" target=\"_blank\">Carolina Gasch Moreira<br \/>\nSucess\u00e3o de hifomicetos e avalia\u00e7\u00e3o da biomassa f\u00fangica durante a decomposi\u00e7\u00e3o de folhedo de\u00a0<em>Caesalpinia echinata<\/em>\u00a0Lam. e<em>\u00a0Campomanesia phaea<\/em>\u00a0(O. Berg.) Landrum submersos em lagos artificiais na cidade de S\u00e3o Paulo, SP.<\/a><\/p>\n<hr align=\"center\" noshade=\"noshade\" size=\"1\" width=\"100%\" \/>\n<p style=\"text-align: center\"><strong>\u00a0<a href=\"https:\/\/www.infraestruturameioambiente.sp.gov.br\/pgibt\/dissertacoesteses\/\">VOLTAR AS DISSERTA\u00c7\u00d5ES E TESES<\/a><\/strong><\/p>\n<hr align=\"center\" noshade=\"noshade\" size=\"1\" width=\"100%\" \/>\n","protected":false},"excerpt":{"rendered":"<p>Carolina Gasch Moreira Carolina Gasch Moreira \u00e9 aluna do Programa de P\u00f3s-Gradua\u00e7\u00e3o em Biodiversidade Vegetal e Meio Ambiente do Instituto de Bot\u00e2nica de S\u00e3o Paulo (IBt), bolsista da CAPES, e defendeu sua Tese de Doutorado em 26 de abril de 2011. A Tese intitulada: Sucess\u00e3o de hifomicetos e avalia\u00e7\u00e3o da biomassa f\u00fangica durante a decomposi\u00e7\u00e3o [&hellip;]<\/p>\n","protected":false},"author":1,"featured_media":0,"parent":249,"menu_order":0,"comment_status":"closed","ping_status":"closed","template":"fullpage.php","meta":[],"_links":{"self":[{"href":"https:\/\/www.infraestruturameioambiente.sp.gov.br\/pgibt\/wp-json\/wp\/v2\/pages\/945"}],"collection":[{"href":"https:\/\/www.infraestruturameioambiente.sp.gov.br\/pgibt\/wp-json\/wp\/v2\/pages"}],"about":[{"href":"https:\/\/www.infraestruturameioambiente.sp.gov.br\/pgibt\/wp-json\/wp\/v2\/types\/page"}],"author":[{"embeddable":true,"href":"https:\/\/www.infraestruturameioambiente.sp.gov.br\/pgibt\/wp-json\/wp\/v2\/users\/1"}],"replies":[{"embeddable":true,"href":"https:\/\/www.infraestruturameioambiente.sp.gov.br\/pgibt\/wp-json\/wp\/v2\/comments?post=945"}],"version-history":[{"count":0,"href":"https:\/\/www.infraestruturameioambiente.sp.gov.br\/pgibt\/wp-json\/wp\/v2\/pages\/945\/revisions"}],"up":[{"embeddable":true,"href":"https:\/\/www.infraestruturameioambiente.sp.gov.br\/pgibt\/wp-json\/wp\/v2\/pages\/249"}],"wp:attachment":[{"href":"https:\/\/www.infraestruturameioambiente.sp.gov.br\/pgibt\/wp-json\/wp\/v2\/media?parent=945"}],"curies":[{"name":"wp","href":"https:\/\/api.w.org\/{rel}","templated":true}]}}