{"id":939,"date":"2013-09-17T17:18:44","date_gmt":"2013-09-17T20:18:44","guid":{"rendered":"https:\/\/www.infraestruturameioambiente.sp.gov.br\/pgibt\/?page_id=939"},"modified":"2013-09-17T17:18:44","modified_gmt":"2013-09-17T20:18:44","slug":"2011-carolina-fernandes","status":"publish","type":"page","link":"https:\/\/www.infraestruturameioambiente.sp.gov.br\/pgibt\/dissertacoesteses\/2011-carolina-fernandes\/","title":{"rendered":"Carolina Fernandes de Oliveira MS"},"content":{"rendered":"<h2 style=\"text-align: center\"><a href=\"https:\/\/smastr16.blob.core.windows.net\/pgibt\/2015\/02\/faixapos6.jpg\"><img decoding=\"async\" loading=\"lazy\" class=\"aligncenter size-full wp-image-3777\" style=\"border: 0px\" alt=\"faixapos6\" src=\"https:\/\/smastr16.blob.core.windows.net\/pgibt\/2015\/02\/faixapos6.jpg\" width=\"950\" height=\"163\" srcset=\"https:\/\/smastr16.blob.core.windows.net\/pgibt\/2015\/02\/faixapos6.jpg 950w, https:\/\/smastr16.blob.core.windows.net\/pgibt\/2015\/02\/faixapos6-768x131.jpg 768w\" sizes=\"(max-width: 950px) 100vw, 950px\" \/><\/a><\/h2>\n<hr align=\"center\" noshade=\"noshade\" size=\"1\" width=\"100%\" \/>\n<h2 style=\"text-align: center\">Carolina Fernandes de Oliveira<\/h2>\n<hr align=\"center\" noshade=\"noshade\" size=\"1\" width=\"100%\" \/>\n<hr align=\"center\" noshade=\"noshade\" size=\"1\" width=\"100%\" \/>\n<h3 style=\"text-align: center\">Conserva\u00e7\u00e3o de sementes de <em>Eugenia uniflora<\/em> Lam. e<em> Inga vera<\/em> Penn.: qualidade sanit\u00e1ria e taxas respirat\u00f3rias<\/h3>\n<hr align=\"center\" noshade=\"noshade\" size=\"1\" width=\"100%\" \/>\n<h4 style=\"text-align: center\"><strong>RESUMO<\/strong><\/h4>\n<p style=\"text-align: justify\">Considerando a intoler\u00e2ncia \u00e0 desseca\u00e7\u00e3o das sementes recalcitrantes, como as das esp\u00e9cies\u00a0<i>Eugenia uniflora<\/i>\u00a0e\u00a0<i>Inga vera<\/i>, e a necessidade de manuten\u00e7\u00e3o do seu elevado teor de \u00e1gua durante o armazenamento, prejudicando a longevidade das sementes, \u00e9 necess\u00e1rio que uma das poss\u00edveis causas da deteriora\u00e7\u00e3o, a presen\u00e7a de fungos nestas sementes, seja controlada. Entretanto, analisar a influ\u00eancia destes microrganismos no processo de deteriora\u00e7\u00e3o, por meio de altera\u00e7\u00f5es metab\u00f3licas, como as taxas respirat\u00f3rias, auxiliar\u00e1 na compreens\u00e3o desse processo e no comportamento das sementes quando expostas aos efeitos da deteriora\u00e7\u00e3o. Para tanto, as sementes dessas esp\u00e9cies foram avaliadas quanto \u00e0 incid\u00eancia f\u00fangica e a efici\u00eancia de diferentes tratamentos (f\u00edsicos, osm\u00f3ticos, biol\u00f3gicos e qu\u00edmicos) no controle destes e na otimiza\u00e7\u00e3o da germina\u00e7\u00e3o. Amostras com maior ou menor presen\u00e7a de fungos foram avaliadas quanto ao consumo de O<sub>2<\/sub>\u00a0e produ\u00e7\u00e3o de CO<sub>2<\/sub>. Os resultados demonstraram que o controle f\u00fangico foi maior com o uso de produtos qu\u00edmicos, mas m\u00e9todos alternativos propostos t\u00eam potencial para reduzir a maioria dos g\u00eaneros de fungos ocorrentes nestas esp\u00e9cies, demandando mais estudos para adequa\u00e7\u00e3o das t\u00e9cnicas. Quanto \u00e0 influ\u00eancia desses no metabolismo das sementes, as respostas foram diferentes para cada esp\u00e9cie, sugerindo que s\u00e3o as pr\u00f3prias caracter\u00edsticas fisiol\u00f3gicas, bioqu\u00edmicas e estruturais das sementes que podem vir a favorecer a a\u00e7\u00e3o dos microrganismos e acelerar a deteriora\u00e7\u00e3o dessas.<\/p>\n<p style=\"text-align: justify\"><strong>Palavras-chaves:<\/strong>\u00a0Eugenia, Inga vera, recalcitrantes, fungos, tratamentos de sementes, taxas respirat\u00f3rias.<\/p>\n<p>&nbsp;<\/p>\n<hr align=\"center\" noshade=\"noshade\" size=\"1\" width=\"100%\" \/>\n<p style=\"text-align: center\"><a href=\"https:\/\/smastr16.blob.core.windows.net\/pgibt\/2013\/09\/pdf_grande.gif\"><img decoding=\"async\" loading=\"lazy\" class=\"aligncenter size-full wp-image-2313\" style=\"border: 0px\" alt=\"pdf_grande\" src=\"https:\/\/smastr16.blob.core.windows.net\/pgibt\/2013\/09\/pdf_grande.gif\" width=\"60\" height=\"60\" \/><\/a><a href=\"https:\/\/smastr16.blob.core.windows.net\/pgibt\/2013\/09\/Carolina_Fernandes_MS.pdf\" target=\"_blank\">Carolina Fernandes de Oliveira<br \/>\n<\/a><a href=\"https:\/\/smastr16.blob.core.windows.net\/pgibt\/2013\/09\/Carolina_Fernandes_MS.pdf\">Conserva\u00e7\u00e3o de sementes de <em>Eugenia uniflora<\/em> Lam. e <em>Inga vera<\/em> Penn.: qualidade sanit\u00e1ria e taxas respirat\u00f3rias<\/a><\/p>\n<hr align=\"center\" noshade=\"noshade\" size=\"1\" width=\"100%\" \/>\n<p style=\"text-align: center\"><strong>\u00a0<a href=\"https:\/\/www.infraestruturameioambiente.sp.gov.br\/pgibt\/dissertacoesteses\/\">VOLTAR AS DISSERTA\u00c7\u00d5ES E TESES<\/a><\/strong><\/p>\n<hr align=\"center\" noshade=\"noshade\" size=\"1\" width=\"100%\" \/>\n","protected":false},"excerpt":{"rendered":"<p>Carolina Fernandes de Oliveira Conserva\u00e7\u00e3o de sementes de Eugenia uniflora Lam. e Inga vera Penn.: qualidade sanit\u00e1ria e taxas respirat\u00f3rias RESUMO Considerando a intoler\u00e2ncia \u00e0 desseca\u00e7\u00e3o das sementes recalcitrantes, como as das esp\u00e9cies\u00a0Eugenia uniflora\u00a0e\u00a0Inga vera, e a necessidade de manuten\u00e7\u00e3o do seu elevado teor de \u00e1gua durante o armazenamento, prejudicando a longevidade das sementes, \u00e9 [&hellip;]<\/p>\n","protected":false},"author":1,"featured_media":0,"parent":249,"menu_order":0,"comment_status":"closed","ping_status":"closed","template":"fullpage.php","meta":[],"_links":{"self":[{"href":"https:\/\/www.infraestruturameioambiente.sp.gov.br\/pgibt\/wp-json\/wp\/v2\/pages\/939"}],"collection":[{"href":"https:\/\/www.infraestruturameioambiente.sp.gov.br\/pgibt\/wp-json\/wp\/v2\/pages"}],"about":[{"href":"https:\/\/www.infraestruturameioambiente.sp.gov.br\/pgibt\/wp-json\/wp\/v2\/types\/page"}],"author":[{"embeddable":true,"href":"https:\/\/www.infraestruturameioambiente.sp.gov.br\/pgibt\/wp-json\/wp\/v2\/users\/1"}],"replies":[{"embeddable":true,"href":"https:\/\/www.infraestruturameioambiente.sp.gov.br\/pgibt\/wp-json\/wp\/v2\/comments?post=939"}],"version-history":[{"count":0,"href":"https:\/\/www.infraestruturameioambiente.sp.gov.br\/pgibt\/wp-json\/wp\/v2\/pages\/939\/revisions"}],"up":[{"embeddable":true,"href":"https:\/\/www.infraestruturameioambiente.sp.gov.br\/pgibt\/wp-json\/wp\/v2\/pages\/249"}],"wp:attachment":[{"href":"https:\/\/www.infraestruturameioambiente.sp.gov.br\/pgibt\/wp-json\/wp\/v2\/media?parent=939"}],"curies":[{"name":"wp","href":"https:\/\/api.w.org\/{rel}","templated":true}]}}