{"id":9313,"date":"2024-08-22T12:12:00","date_gmt":"2024-08-22T15:12:00","guid":{"rendered":"https:\/\/www.infraestruturameioambiente.sp.gov.br\/pgibt\/?page_id=9313"},"modified":"2024-08-22T12:12:00","modified_gmt":"2024-08-22T15:12:00","slug":"barbara-puglia-ms","status":"publish","type":"page","link":"https:\/\/www.infraestruturameioambiente.sp.gov.br\/pgibt\/barbara-puglia-ms\/","title":{"rendered":"Barbara Puglia &#8211; MS"},"content":{"rendered":"<h2 style=\"text-align: center\"><a href=\"arquivos.ambiente.sp.gov.br\/pgibt\/2015\/02\/faixapos6.jpg\"><img decoding=\"async\" loading=\"lazy\" class=\"aligncenter wp-image-3777 size-full\" style=\"border: 0px\" src=\"https:\/\/smastr16.blob.core.windows.net\/pgibt\/2015\/02\/faixapos6.jpg\" alt=\"faixapos6\" width=\"950\" height=\"163\" srcset=\"https:\/\/smastr16.blob.core.windows.net\/pgibt\/2015\/02\/faixapos6.jpg 950w, https:\/\/smastr16.blob.core.windows.net\/pgibt\/2015\/02\/faixapos6-768x131.jpg 768w\" sizes=\"(max-width: 950px) 100vw, 950px\" \/><\/a><\/h2>\n<hr align=\"center\" noshade=\"noshade\" size=\"1\" width=\"100%\" \/>\n<h2 style=\"text-align: center\">Barbara Puglia<\/h2>\n<hr align=\"center\" noshade=\"noshade\" size=\"1\" width=\"100%\" \/>\n<p style=\"text-align: center\">Em 24 de abril de 2019, na sala de aula do N\u00facleo de Pesquisa em Palinologia do Instituto de Bot\u00e2nica (IBt &#8211; SP), B\u00e1rbara Puglia, aluna de mestrado do Programa de P\u00f3s-gradua\u00e7\u00e3o em Biodiversidade Vegetal e Meio Ambiente e bolsista CNPq, defendeu a sua disserta\u00e7\u00e3o intitulada \u201cO g\u00eanero <em>Lepidaploa <\/em>(Cass.) Cass. (Asteraceae) no Estado de S\u00e3o Paulo, Brasil\u201d desenvolvida sob orienta\u00e7\u00e3o da Dra. Ros\u00e2ngela Sim\u00e3o-Bianchini (IBt) e colabora\u00e7\u00e3o da profa. Dra. F\u00e1tima Otavina de Souza-Buturi (IBt\/USJT).<\/p>\n<p style=\"text-align: center\">A banca examinadora foi presidida pela Dra. Ros\u00e2ngela Sim\u00e3o-Bianchini (N\u00facleo de Pesquisa Curadoria do Herb\u00e1rio &#8211; Instituto de Bot\u00e2nica &#8211; SP), tendo como membros prof. Dr. Andr\u00e9 Luiz Gaglioti (UNICENTRO\/Guarapuava), profa. Dra. Mara Magenta (UNISANTA).<\/p>\n<hr align=\"center\" noshade=\"noshade\" size=\"1\" width=\"100%\" \/>\n<h3 style=\"text-align: center\">O g\u00eanero <em>Lepidaploa<\/em> (Cass.) Cass. (Asteraceae) no Estado de S\u00e3o Paulo, Brasil<\/h3>\n<hr align=\"center\" noshade=\"noshade\" size=\"1\" width=\"100%\" \/>\n<p style=\"text-align: center\"><strong>ABSTRACT<\/strong><\/p>\n<p style=\"text-align: justify\">The present work presents the taxonomic study of the genus Lepidaploa from S\u00e3o Paulo State, Brazil. Lepidaploa is one of 51 genera of the Vernonieae tribe. 150 species are recognized in the genus, 52 of them are referred to Brazil, several with wide distribution. The genus characterized by the presence of alternate, rare opposite leaves, capitulescence paniculiforme, usually the heads are sessile to short-pedicellate and in monochasium, commonly in a cincinnus, subinvolucral bracts smaller than the leaves, corolla lobes with simple trichomes and\/or papillas, rare glandular trichomes, usually eglandular anthers, sagittate base, equinolophate pollen, and cypsela with pericarp wall cells with elongated hexagonal raphids. To make the descriptions were examined materials deposited in the major herbarium of the state of S\u00e3o Paulo, and realized excursions to the field. As result were recognized 19 species, one probably a new species and four of them were dubious: Lepidaploa arenaria, L. decumbens, L. persicifolia, and L. subsquarrosa. This study is part of the &#8220;Phanerogamic Flora of S\u00e3o Paulo State&#8221; project and aims to support the greater knowledge of the genus. Analytical keys for the separation of the related genera and for the studied species, morphological descriptions, discussions and taxonomic relations and geographic distribution are presented.<\/p>\n<p style=\"text-align: justify\"><strong>Key words:<\/strong> Atlantic Forest, Cerrado, Diversity, <em>Vernonia<\/em><\/p>\n<p style=\"text-align: center\"><strong>RESUMO<\/strong><\/p>\n<p style=\"text-align: justify\">O presente trabalho apresenta o estudo taxon\u00f4mico do g\u00eanero <em>Lepidaploa<\/em> ocorrente no Estado de S\u00e3o Paulo, Brasil. <em>Lepidaploa<\/em> constitui um dos 51 g\u00eaneros da tribo Vernonieae. Das 150 esp\u00e9cies reconhecidas no g\u00eanero, 52 est\u00e3o referidas para o Brasil, v\u00e1rias apresentando ampla distribui\u00e7\u00e3o. Caracteriza-se por apresentar folhas alternas, raro opostas, capitulesc\u00eancia paniculiforme, geralmente com cap\u00edtulos s\u00e9sseis e dispostos em monoc\u00e1sios, em geral cinc\u00ednios, br\u00e1cteas subinvolucrais menores que as folhas, lobos da corola com tricomas simples e\/ou papilados, raro glandulares, anteras geralmente eglandulosas, base sagitada, p\u00f3len equinolofado, e a cipsela com c\u00e9lulas do pericarpo com r\u00e1fides hexagonais alongadas. Para elaborar as descri\u00e7\u00f5es foram examinados materiais depositados nos principais herb\u00e1rios do Estado de S\u00e3o Paulo, e feitas excurs\u00f5es ao campo. Como resultado foram reconhecidas 19 esp\u00e9cies, sendo uma provavelmente nova para a ci\u00eancia e quatro duvidosas: <em>Lepidaploa arenaria<\/em>, <em>L. decumbens<\/em>, <em>L. persicifolia<\/em> e <em>L<\/em>. <em>subsquarrosa<\/em>. O estudo \u00e9 parte do projeto \u201cFlora Fanerog\u00e2mica do Estado de S\u00e3o Paulo\u201d e visa contribuir tamb\u00e9m para o melhor conhecimento do g\u00eanero. S\u00e3o apresentadas chaves anal\u00edticas para distin\u00e7\u00e3o dos g\u00eaneros pr\u00f3ximos e para as esp\u00e9cies estudadas, descri\u00e7\u00f5es morfol\u00f3gicas, discuss\u00f5es e rela\u00e7\u00f5es taxon\u00f4micas e distribui\u00e7\u00e3o geogr\u00e1fica.<\/p>\n<p style=\"text-align: justify\"><strong>Palavras-chave:<\/strong> Cerrado, Diversidade, Mata Atl\u00e2ntica, <em>Vernonia<\/em><\/p>\n<hr align=\"center\" noshade=\"noshade\" size=\"1\" width=\"100%\" \/>\n<p style=\"text-align: center\"><a href=\"https:\/\/smastr16.blob.core.windows.net\/pgibt\/sites\/242\/2024\/08\/barbara_puglia_ms.pdf\" target=\"_blank\" rel=\"noopener noreferrer\"><img decoding=\"async\" loading=\"lazy\" class=\"aligncenter\" src=\"https:\/\/smastr16.blob.core.windows.net\/pgibt\/2013\/09\/pdf_grande.gif\" alt=\"pdf_grande\" width=\"60\" height=\"60\" \/><\/a><a href=\"https:\/\/smastr16.blob.core.windows.net\/pgibt\/sites\/242\/2024\/08\/barbara_puglia_ms.pdf\"><strong>Barbara Puglia<\/strong><\/a><br \/>\n<a href=\"https:\/\/smastr16.blob.core.windows.net\/pgibt\/sites\/242\/2024\/08\/barbara_puglia_ms.pdf\">O g\u00eanero<em> Lepidaploa<\/em> (Cass.) Cass. (Asteraceae) no Estado de S\u00e3o Paulo, Brasil<\/a><\/p>\n<hr align=\"center\" noshade=\"noshade\" size=\"1\" width=\"100%\" \/>\n<p style=\"text-align: center\"><strong>\u00a0<a href=\"www.infraestruturameioambiente.sp.gov.br\/pgibt\/dissertacoesteses\/\">VOLTAR AS DISSERTA\u00c7\u00d5ES E TESES<\/a><\/strong><\/p>\n<hr align=\"center\" noshade=\"noshade\" size=\"1\" width=\"100%\" \/>\n","protected":false},"excerpt":{"rendered":"<p>Barbara Puglia Em 24 de abril de 2019, na sala de aula do N\u00facleo de Pesquisa em Palinologia do Instituto de Bot\u00e2nica (IBt &#8211; SP), B\u00e1rbara Puglia, aluna de mestrado do Programa de P\u00f3s-gradua\u00e7\u00e3o em Biodiversidade Vegetal e Meio Ambiente e bolsista CNPq, defendeu a sua disserta\u00e7\u00e3o intitulada \u201cO g\u00eanero Lepidaploa (Cass.) Cass. (Asteraceae) no [&hellip;]<\/p>\n","protected":false},"author":187,"featured_media":0,"parent":0,"menu_order":0,"comment_status":"closed","ping_status":"closed","template":"","meta":[],"_links":{"self":[{"href":"https:\/\/www.infraestruturameioambiente.sp.gov.br\/pgibt\/wp-json\/wp\/v2\/pages\/9313"}],"collection":[{"href":"https:\/\/www.infraestruturameioambiente.sp.gov.br\/pgibt\/wp-json\/wp\/v2\/pages"}],"about":[{"href":"https:\/\/www.infraestruturameioambiente.sp.gov.br\/pgibt\/wp-json\/wp\/v2\/types\/page"}],"author":[{"embeddable":true,"href":"https:\/\/www.infraestruturameioambiente.sp.gov.br\/pgibt\/wp-json\/wp\/v2\/users\/187"}],"replies":[{"embeddable":true,"href":"https:\/\/www.infraestruturameioambiente.sp.gov.br\/pgibt\/wp-json\/wp\/v2\/comments?post=9313"}],"version-history":[{"count":1,"href":"https:\/\/www.infraestruturameioambiente.sp.gov.br\/pgibt\/wp-json\/wp\/v2\/pages\/9313\/revisions"}],"predecessor-version":[{"id":9315,"href":"https:\/\/www.infraestruturameioambiente.sp.gov.br\/pgibt\/wp-json\/wp\/v2\/pages\/9313\/revisions\/9315"}],"wp:attachment":[{"href":"https:\/\/www.infraestruturameioambiente.sp.gov.br\/pgibt\/wp-json\/wp\/v2\/media?parent=9313"}],"curies":[{"name":"wp","href":"https:\/\/api.w.org\/{rel}","templated":true}]}}