{"id":9308,"date":"2024-08-22T12:03:26","date_gmt":"2024-08-22T15:03:26","guid":{"rendered":"https:\/\/www.infraestruturameioambiente.sp.gov.br\/pgibt\/?page_id=9308"},"modified":"2024-08-22T12:03:26","modified_gmt":"2024-08-22T15:03:26","slug":"luiza-de-oliveira-brigato-ms","status":"publish","type":"page","link":"https:\/\/www.infraestruturameioambiente.sp.gov.br\/pgibt\/luiza-de-oliveira-brigato-ms\/","title":{"rendered":"Luiza de Oliveira Brigato &#8211; MS"},"content":{"rendered":"<p><img decoding=\"async\" loading=\"lazy\" class=\"size-full wp-image-8353 aligncenter\" src=\"https:\/\/smastr16.blob.core.windows.net\/pgibt\/sites\/242\/2023\/01\/faixaposipa.jpg\" alt=\"\" width=\"950\" height=\"163\" srcset=\"https:\/\/smastr16.blob.core.windows.net\/pgibt\/sites\/242\/2023\/01\/faixaposipa.jpg 950w, https:\/\/smastr16.blob.core.windows.net\/pgibt\/sites\/242\/2023\/01\/faixaposipa-320x55.jpg 320w, https:\/\/smastr16.blob.core.windows.net\/pgibt\/sites\/242\/2023\/01\/faixaposipa-768x132.jpg 768w, https:\/\/smastr16.blob.core.windows.net\/pgibt\/sites\/242\/2023\/01\/faixaposipa-250x43.jpg 250w, https:\/\/smastr16.blob.core.windows.net\/pgibt\/sites\/242\/2023\/01\/faixaposipa-550x94.jpg 550w, https:\/\/smastr16.blob.core.windows.net\/pgibt\/sites\/242\/2023\/01\/faixaposipa-800x137.jpg 800w\" sizes=\"(max-width: 950px) 100vw, 950px\" \/><\/p>\n<hr align=\"center\" noshade=\"noshade\" size=\"1\" width=\"100%\" \/>\n<h2 style=\"text-align: center\"><span data-ogsc=\"black\"><b>Luiza de Oliveira Brigato<br \/>\n<\/b><\/span><\/h2>\n<hr align=\"center\" noshade=\"noshade\" size=\"1\" width=\"100%\" \/>\n<p style=\"text-align: center\">Em 29 de abril de 2024, no N\u00facleo de Sementes do Instituto de Pesquisas Ambientais (IPA), Luiza Oliveira Brigato, aluna de mestrado do Programa de P\u00f3s-gradua\u00e7\u00e3o em Biodiversidade Vegetal e Meio Ambiente e bolsista do Conselho Nacional de Desenvolvimento Cient\u00edfico e Tecnol\u00f3gico (CNPq), defendeu a sua disserta\u00e7\u00e3o intitulada \u201cEstudos taxon\u00f4micos em <em>Dalechampia <\/em>L. (Euphorbiaceae) no Estado da Bahia, Brasil\u201d.<\/p>\n<p style=\"text-align: center\"><img decoding=\"async\" loading=\"lazy\" class=\"aligncenter wp-image-9309 size-large\" src=\"https:\/\/smastr16.blob.core.windows.net\/pgibt\/sites\/242\/2024\/08\/luiza-de-oliveira-brigato-ms-960x720.jpg\" alt=\"\" width=\"960\" height=\"720\" srcset=\"https:\/\/smastr16.blob.core.windows.net\/pgibt\/sites\/242\/2024\/08\/luiza-de-oliveira-brigato-ms-960x720.jpg 960w, https:\/\/smastr16.blob.core.windows.net\/pgibt\/sites\/242\/2024\/08\/luiza-de-oliveira-brigato-ms-256x192.jpg 256w, https:\/\/smastr16.blob.core.windows.net\/pgibt\/sites\/242\/2024\/08\/luiza-de-oliveira-brigato-ms-768x576.jpg 768w, https:\/\/smastr16.blob.core.windows.net\/pgibt\/sites\/242\/2024\/08\/luiza-de-oliveira-brigato-ms-250x188.jpg 250w, https:\/\/smastr16.blob.core.windows.net\/pgibt\/sites\/242\/2024\/08\/luiza-de-oliveira-brigato-ms-550x413.jpg 550w, https:\/\/smastr16.blob.core.windows.net\/pgibt\/sites\/242\/2024\/08\/luiza-de-oliveira-brigato-ms-800x600.jpg 800w, https:\/\/smastr16.blob.core.windows.net\/pgibt\/sites\/242\/2024\/08\/luiza-de-oliveira-brigato-ms-240x180.jpg 240w, https:\/\/smastr16.blob.core.windows.net\/pgibt\/sites\/242\/2024\/08\/luiza-de-oliveira-brigato-ms-400x300.jpg 400w, https:\/\/smastr16.blob.core.windows.net\/pgibt\/sites\/242\/2024\/08\/luiza-de-oliveira-brigato-ms-667x500.jpg 667w, https:\/\/smastr16.blob.core.windows.net\/pgibt\/sites\/242\/2024\/08\/luiza-de-oliveira-brigato-ms.jpg 1000w\" sizes=\"(max-width: 960px) 100vw, 960px\" \/>A banca examinadora foi presidida pelo Dr. Ot\u00e1vio Luis Marques da Silva (Instituto de Pesquisas Ambientais), tendo como membros as Dras. Carla Poleselli Bruniera (Universidade Federal de S\u00e3o Paulo \u2013 UNIFESP) e Mar\u00edlia Cristina Duarte (Universidade de Mogi das Cruzes \u2013 UMC).<\/p>\n<p style=\"text-align: center\">O trabalho se concentrou em\u00a0<em>Dalechampia<\/em> L. no Estado da Bahia, um g\u00eanero que pertencente \u00e0 tribo Plukenetieae, sendo um dos mais diversos no Brasil. Como resultado, s\u00e3o apresentadas 24 esp\u00e9cies ocorrentes para o Estado da Bahia, grande parte delas s\u00e3o end\u00eamicas do Brasil ou restritas \u00e0 Bahia, como <em>Dalechampia purpurata.<\/em> Al\u00e9m disso, h\u00e1 o reconhecimento de sinonimiza\u00e7\u00f5es em <em>Dalechampia subintegra, <\/em>e uma nova esp\u00e9cie para o Brasil, <em>Dalechampia nivea<\/em>. S\u00e3o apresentadas chaves de identifica\u00e7\u00e3o para as esp\u00e9cies, al\u00e9m de informa\u00e7\u00f5es sobre fenofase, coment\u00e1rios taxon\u00f4micos e fotografias e\/ou indica\u00e7\u00e3o de ilustra\u00e7\u00f5es dispon\u00edveis na literatura. Tamb\u00e9m foram realizados estudos dos padr\u00f5es de nerva\u00e7\u00e3o de 22 das 24 esp\u00e9cies ocorrentes no estado, elucidando a diferencia\u00e7\u00e3o entre folhas e explorando a utilidade taxon\u00f4mica da arquitetura foliar na separa\u00e7\u00e3o de esp\u00e9cies pr\u00f3ximas.<\/p>\n<hr align=\"center\" noshade=\"noshade\" size=\"1\" width=\"100%\" \/>\n<h3 style=\"text-align: center\">Estudos taxon\u00f4micos em Dalechampia L. (<em>Euphorbiaceae<\/em>) no Estado da Bahia, Brasil<\/h3>\n<hr align=\"center\" noshade=\"noshade\" size=\"1\" width=\"100%\" \/>\n<h4 style=\"text-align: center\"><strong>ABSTRACT<\/strong><\/h4>\n<p style=\"text-align: justify\"><em>Dalechampia<\/em> L. is a pantropical genus, with approximately 130 species, the majority of which occur in the Neotropical region (ca. 90). The genus is mainly characterized by its pseudanthial inflorescence, which distinguishes it from all other angiosperms, composed of two involucral bracts, with a staminate subinflorescence in the upper region accompanied by resiniferous bracteoles, and a pistillate subinflorescence in the lower region. This study aims to produce a taxonomic monograph of <em>Dalechampia<\/em> for the State of Bahia, based on a survey of herbarium collections registered for the state of Bahia and explore the leaf architecture of the species found in the State. We present a proposal to synonymize <em>D. sylvestris <\/em>and <em>D. luetzelburgii <\/em>into <em>D.<\/em><em> subintegra<\/em>, discussing its morphological delimitation against <em>D. peckoltiana<\/em>, and recognize a new species for the genus, presented along with an identification key, distribution map, photographs for diagnostic features and comparison with the morphologically closest species in Brazil. After the re-evaluation of the names and materials cited in previous works, and the taxonomic novelties cited above, we recognize twenty-four species of <em>Dalechampia<\/em> for the State of Bahia (<em>D. affinis, D. allemi, D. arciana, D. armbrusteri, D. brasiliensis, D. clausseniana, D. convolvuloides, D. coriacea, D. erythrostyla, D. ficifolia, D. ilheotica, D. leandrii, D. linearis, D. margarethiae, D. nivea, D. pernambucensis, D. purpurata, D. scandens, D. schenckiana, D. stipulacea, D. subintegra, D. tiliifolia, D. triphylla, and D. viridissima<\/em>). The greatest species diversity is found in the Atlantic Forest (21 spp.), followed by the Caatinga (15) and the Cerrado (12). The Atlantic Forest in Southern Bahia stands out as the most intensely sampled region (30% of the collection effort) and the region with the highest species diversity (15 spp.). For the study on leaf architecture, we highlight that with 22 of the 24 species cited above, we could present the first comprehensive exploration of venation characters for the genus, elucidating the distinguishment between compound and simple palmatisect leaves and providing data for the taxonomy of the genus, especially regarding further data on morphologically close species.<\/p>\n<p style=\"text-align: justify\"><strong>Keywords: <\/strong>Acalyphoideae, leaf architecture, Flora da Bahia, Plukenetieae, taxonomy.<\/p>\n<h4 style=\"text-align: center\"><strong>RESUMO<\/strong><\/h4>\n<p style=\"text-align: justify\"><em>Dalechampia<\/em> L. \u00e9 um g\u00eanero Pantropical, com aproximadamente 130 esp\u00e9cies, a maioria delas ocorrentes na regi\u00e3o Neotropical (ca. 90). O g\u00eanero caracteriza-se principalmente por sua infloresc\u00eancia do tipo pseudanto, diferenciando-a de todas as angiospermas, sendo composta por duas br\u00e1cteas involucrais, com uma subinfloresc\u00eancia estaminada na regi\u00e3o superior, acompanhada por bract\u00e9olas resin\u00edferas, e uma subinfloresc\u00eancia pistilada na regi\u00e3o inferior. O presente trabalho tem como objetivo a elabora\u00e7\u00e3o da monografia de <em>Dalechampia <\/em>para o Estado da Bahia, a partir de levantamento dos acervos dos herb\u00e1rios com cole\u00e7\u00f5es registradas para o estado da Bahia e realizar um estudo da arquitetura foliar das esp\u00e9cies ocorrentes no Estado da Bahia. Apresentamos uma proposta de sinonimiza\u00e7\u00e3o de <em>D. sylvestris <\/em>e <em>D. luetzelburgii <\/em>em <em>D. subintegra<\/em>, discutindo sua delimita\u00e7\u00e3o em rela\u00e7\u00e3o \u00e0 <em>D. peckoltiana<\/em>. Tamb\u00e9m reconhecemos uma nova esp\u00e9cie, com chave de identifica\u00e7\u00e3o, mapa de distribui\u00e7\u00e3o geogr\u00e1fica, prancha de fotos com caracteres morfol\u00f3gicos, e tabela de compara\u00e7\u00e3o entre esp\u00e9cies pr\u00f3ximas. Ap\u00f3s a reavalia\u00e7\u00e3o dos nomes e materiais citados em obras anteriores para o Estado da Bahia e as novidades apresentadas acima, reconhecemos 24 esp\u00e9cies de <em>Dalechampia<\/em> para o Estado (<em>D. affinis, D. allemi, D. arciana, D. armbrusteri, D. brasiliensis, D. clausseniana, D. convolvuloides, D. coriacea, D. erythrostyla, D. ficifolia, D. ilheotica, D. leandrii, D. linearis, D. margarethiae, D. nivea, D. pernambucensis, D. purpurata, D. scandens, D. schenckiana, D. stipulacea, D. subintegra, D. tiliifolia, D. triphylla <\/em>e<em> D. viridissima<\/em>). A maior diversidade de esp\u00e9cies \u00e9 encontrada na Mata Atl\u00e2ntica (21 spp.), seguida pela Caatinga (15) e o Cerrado (12). A Mata Atl\u00e2ntica no Sul da Bahia destaca-se como a regi\u00e3o mais intensamente amostrada (30%) do esfor\u00e7o amostral e com maior diversidade de esp\u00e9cies (15 spp). Para o estudo de nerva\u00e7\u00e3o foliar, destaca-se que, com amostras de 22 das esp\u00e9cies citadas acima, foi poss\u00edvel apresentar aqui a primeira explora\u00e7\u00e3o ampla da arquitetura foliar do g\u00eanero, elucidando a diferencia\u00e7\u00e3o entre folhas compostas e as simples palmatissectas, e explorando a utilidade taxon\u00f4mica da arquitetura foliar na separa\u00e7\u00e3o de esp\u00e9cies pr\u00f3ximas.<\/p>\n<p style=\"text-align: justify\"><strong>Palavras-chave: <\/strong>Acalyphoideae, arquitetura foliar, Flora da Bahia, Plukenetieae, taxonomia.<\/p>\n<hr align=\"center\" noshade=\"noshade\" size=\"1\" width=\"100%\" \/>\n<p style=\"text-align: center\"><a href=\"https:\/\/smastr16.blob.core.windows.net\/pgibt\/sites\/242\/2024\/08\/luiza_oliveira_brigato_ms.pdf\" target=\"_blank\" rel=\"noopener\"><img decoding=\"async\" loading=\"lazy\" class=\"aligncenter\" src=\"https:\/\/smastr16.blob.core.windows.net\/pgibt\/2013\/09\/pdf_grande.gif\" alt=\"pdf_grande\" width=\"60\" height=\"60\" \/><\/a><a href=\"https:\/\/smastr16.blob.core.windows.net\/pgibt\/sites\/242\/2024\/08\/luiza_oliveira_brigato_ms.pdf\"><strong>Luiza de Oliveira Brigato<\/strong><\/a><br \/>\n<a href=\"https:\/\/smastr16.blob.core.windows.net\/pgibt\/sites\/242\/2024\/08\/luiza_oliveira_brigato_ms.pdf\">Estudos taxon\u00f4micos em Dalechampia L. (<em>Euphorbiaceae<\/em>) no Estado da Bahia, Brasil<\/a><\/p>\n<hr align=\"center\" noshade=\"noshade\" size=\"1\" width=\"100%\" \/>\n<p style=\"text-align: center\"><strong>\u00a0<a href=\"www.infraestruturameioambiente.sp.gov.br\/pgibt\/dissertacoesteses\/\">VOLTAR AS DISSERTA\u00c7\u00d5ES E TESES<\/a><\/strong><\/p>\n<hr align=\"center\" noshade=\"noshade\" size=\"1\" width=\"100%\" \/>\n","protected":false},"excerpt":{"rendered":"<p>Luiza de Oliveira Brigato Em 29 de abril de 2024, no N\u00facleo de Sementes do Instituto de Pesquisas Ambientais (IPA), Luiza Oliveira Brigato, aluna de mestrado do Programa de P\u00f3s-gradua\u00e7\u00e3o em Biodiversidade Vegetal e Meio Ambiente e bolsista do Conselho Nacional de Desenvolvimento Cient\u00edfico e Tecnol\u00f3gico (CNPq), defendeu a sua disserta\u00e7\u00e3o intitulada \u201cEstudos taxon\u00f4micos em [&hellip;]<\/p>\n","protected":false},"author":187,"featured_media":0,"parent":0,"menu_order":0,"comment_status":"closed","ping_status":"closed","template":"","meta":[],"_links":{"self":[{"href":"https:\/\/www.infraestruturameioambiente.sp.gov.br\/pgibt\/wp-json\/wp\/v2\/pages\/9308"}],"collection":[{"href":"https:\/\/www.infraestruturameioambiente.sp.gov.br\/pgibt\/wp-json\/wp\/v2\/pages"}],"about":[{"href":"https:\/\/www.infraestruturameioambiente.sp.gov.br\/pgibt\/wp-json\/wp\/v2\/types\/page"}],"author":[{"embeddable":true,"href":"https:\/\/www.infraestruturameioambiente.sp.gov.br\/pgibt\/wp-json\/wp\/v2\/users\/187"}],"replies":[{"embeddable":true,"href":"https:\/\/www.infraestruturameioambiente.sp.gov.br\/pgibt\/wp-json\/wp\/v2\/comments?post=9308"}],"version-history":[{"count":1,"href":"https:\/\/www.infraestruturameioambiente.sp.gov.br\/pgibt\/wp-json\/wp\/v2\/pages\/9308\/revisions"}],"predecessor-version":[{"id":9311,"href":"https:\/\/www.infraestruturameioambiente.sp.gov.br\/pgibt\/wp-json\/wp\/v2\/pages\/9308\/revisions\/9311"}],"wp:attachment":[{"href":"https:\/\/www.infraestruturameioambiente.sp.gov.br\/pgibt\/wp-json\/wp\/v2\/media?parent=9308"}],"curies":[{"name":"wp","href":"https:\/\/api.w.org\/{rel}","templated":true}]}}