{"id":9302,"date":"2024-08-22T11:49:34","date_gmt":"2024-08-22T14:49:34","guid":{"rendered":"https:\/\/www.infraestruturameioambiente.sp.gov.br\/pgibt\/?page_id=9302"},"modified":"2024-08-22T11:51:44","modified_gmt":"2024-08-22T14:51:44","slug":"maiara-iadwizak-ribeiro-dr","status":"publish","type":"page","link":"https:\/\/www.infraestruturameioambiente.sp.gov.br\/pgibt\/maiara-iadwizak-ribeiro-dr\/","title":{"rendered":"Maiara Iadwizak Ribeiro &#8211; DR"},"content":{"rendered":"<p><img decoding=\"async\" loading=\"lazy\" class=\"size-full wp-image-8353 aligncenter\" src=\"https:\/\/smastr16.blob.core.windows.net\/pgibt\/sites\/242\/2023\/01\/faixaposipa.jpg\" alt=\"\" width=\"950\" height=\"163\" srcset=\"https:\/\/smastr16.blob.core.windows.net\/pgibt\/sites\/242\/2023\/01\/faixaposipa.jpg 950w, https:\/\/smastr16.blob.core.windows.net\/pgibt\/sites\/242\/2023\/01\/faixaposipa-320x55.jpg 320w, https:\/\/smastr16.blob.core.windows.net\/pgibt\/sites\/242\/2023\/01\/faixaposipa-768x132.jpg 768w, https:\/\/smastr16.blob.core.windows.net\/pgibt\/sites\/242\/2023\/01\/faixaposipa-250x43.jpg 250w, https:\/\/smastr16.blob.core.windows.net\/pgibt\/sites\/242\/2023\/01\/faixaposipa-550x94.jpg 550w, https:\/\/smastr16.blob.core.windows.net\/pgibt\/sites\/242\/2023\/01\/faixaposipa-800x137.jpg 800w\" sizes=\"(max-width: 950px) 100vw, 950px\" \/><\/p>\n<hr align=\"center\" noshade=\"noshade\" size=\"1\" width=\"100%\" \/>\n<h2 style=\"text-align: center\"><span data-ogsc=\"black\"><b>Maiara Iadwizak Ribeiro<br \/>\n<\/b><\/span><\/h2>\n<hr align=\"center\" noshade=\"noshade\" size=\"1\" width=\"100%\" \/>\n<p style=\"text-align: center\">Em 22 de fevereiro de 2024, Maiara Iadwizak Ribeiro, aluna de doutorado do programa de P\u00f3s-Gradua\u00e7\u00e3o em Biodiversidade Vegetal e Meio Ambiente do Instituto de Pesquisas Ambientais IPA\u2013 SP., bolsista CNPq, defendeu sua tese de Doutorado intitulada, \u201cSimilaridade fisiol\u00f3gica entre sementes de leguminosas ortodoxas (<em>Erythrina speciosa <\/em>Andrews) e recalcitrantes (<em>Inga vera <\/em>Willd.) ao longo do seu desenvolvimento\u201d, atrav\u00e9s de videoconfer\u00eancia.<\/p>\n<p style=\"text-align: center\"><img decoding=\"async\" loading=\"lazy\" class=\"aligncenter wp-image-9305 size-full\" src=\"https:\/\/smastr16.blob.core.windows.net\/pgibt\/sites\/242\/2024\/08\/maiara-iadwizak-ribeiro-dr.jpg\" alt=\"\" width=\"1000\" height=\"593\" srcset=\"https:\/\/smastr16.blob.core.windows.net\/pgibt\/sites\/242\/2024\/08\/maiara-iadwizak-ribeiro-dr.jpg 1000w, https:\/\/smastr16.blob.core.windows.net\/pgibt\/sites\/242\/2024\/08\/maiara-iadwizak-ribeiro-dr-320x190.jpg 320w, https:\/\/smastr16.blob.core.windows.net\/pgibt\/sites\/242\/2024\/08\/maiara-iadwizak-ribeiro-dr-768x455.jpg 768w, https:\/\/smastr16.blob.core.windows.net\/pgibt\/sites\/242\/2024\/08\/maiara-iadwizak-ribeiro-dr-250x148.jpg 250w, https:\/\/smastr16.blob.core.windows.net\/pgibt\/sites\/242\/2024\/08\/maiara-iadwizak-ribeiro-dr-550x326.jpg 550w, https:\/\/smastr16.blob.core.windows.net\/pgibt\/sites\/242\/2024\/08\/maiara-iadwizak-ribeiro-dr-800x474.jpg 800w, https:\/\/smastr16.blob.core.windows.net\/pgibt\/sites\/242\/2024\/08\/maiara-iadwizak-ribeiro-dr-304x180.jpg 304w, https:\/\/smastr16.blob.core.windows.net\/pgibt\/sites\/242\/2024\/08\/maiara-iadwizak-ribeiro-dr-506x300.jpg 506w, https:\/\/smastr16.blob.core.windows.net\/pgibt\/sites\/242\/2024\/08\/maiara-iadwizak-ribeiro-dr-843x500.jpg 843w\" sizes=\"(max-width: 1000px) 100vw, 1000px\" \/>A banca examinadora foi presidida pelo seu professor orientador, Prof. Dr. Claudio Jos\u00e9 Barbedo (Instituto de Pesquisas Ambientais \u2013 IPA) e composta pelos professores; Prof. \u00a0Dr. <sup>\u00a0<\/sup>Jose Marcio Rocha Faria (Universidade Federal de Lavras \u2013 UFLA), Prof. Dr. Danilo da Cruz Centeno (Universidade Federal do ABC\u2013 UFABC), Prof. Dr. Edvaldo Aparecido Amaral da Silva (Universidade Estadual Paulista \u2013 UNESP) e pelo Prof. Dr. Clovis Jos\u00e9 Fernandes de Oliveira Junior (Instituto de Pesquisas Ambientais &#8211; IPA).<\/p>\n<p style=\"text-align: center\">A conserva\u00e7\u00e3o de sementes \u00e9 uma pr\u00e1tica essencial na preserva\u00e7\u00e3o ex situ de esp\u00e9cies vegetais, sendo a forma mais econ\u00f4mica, duradoura e pr\u00e1tica de armazenamento. A metodologia convencional com sementes ortodoxas inclui a secagem e o armazenamento em c\u00e2maras com temperaturas abaixo de zero, garantindo a longevidade das sementes. No entanto, sementes recalcitrantes que s\u00e3o sens\u00edveis \u00e0 desidrata\u00e7\u00e3o e ao congelamento n\u00e3o sobrevivem nessas condi\u00e7\u00f5es, apresentando um desafio para a conserva\u00e7\u00e3o, especialmente para esp\u00e9cies nativas de matas tropicais, cujos mecanismos s\u00e3o pouco compreendidos.<\/p>\n<p style=\"text-align: center\">Pesquisas recentes questionam a classifica\u00e7\u00e3o tradicional das sementes em ortodoxas e recalcitrantes, sugerindo que a toler\u00e2ncia \u00e0 desseca\u00e7\u00e3o pode ser vista como um gradiente, dependendo do grau de matura\u00e7\u00e3o da semente e das condi\u00e7\u00f5es ambientais durante seu desenvolvimento. As sementes recalcitrantes, que se desligam prematuramente da planta-m\u00e3e, podem representar um est\u00e1gio imaturo das sementes ortodoxas. Essa perspectiva gradativa prop\u00f5e que n\u00e3o h\u00e1 padr\u00f5es r\u00edgidos na matura\u00e7\u00e3o das sementes, mas sim um continuum de comportamentos dependendo do est\u00e1gio de desenvolvimento e das condi\u00e7\u00f5es ambientais.<\/p>\n<p style=\"text-align: center\">Nosso estudo com sementes de <em>Erythrina speciosa<\/em> Andrews revelou varia\u00e7\u00f5es significativas no processo de matura\u00e7\u00e3o das sementes dependendo do local e da \u00e9poca de forma\u00e7\u00e3o. Sementes ortodoxas imaturas da mesma esp\u00e9cie apresentaram diferen\u00e7as not\u00e1veis no teor de \u00e1gua e nas caracter\u00edsticas fisiol\u00f3gicas, mesmo sendo coletadas das mesmas matrizes e no mesmo ano, mas em \u00e9pocas diferentes. Al\u00e9m disso, observamos que sementes ortodoxas de <em>Erythrina speciosa<\/em> Andrews e recalcitrantes de <em>Inga vera<\/em> Willd. com n\u00edveis semelhantes de \u00e1gua podem exibir comportamentos fisiol\u00f3gicos parecidos. Essas descobertas sublinham a necessidade de mais pesquisas para compreender as diferen\u00e7as e semelhan\u00e7as no comportamento das sementes e desenvolver novas tecnologias de conserva\u00e7\u00e3o.<\/p>\n<hr align=\"center\" noshade=\"noshade\" size=\"1\" width=\"100%\" \/>\n<h3 style=\"text-align: center\">Similaridade fisiol\u00f3gica entre sementes de leguminosas ortodoxas (<em>erythrina speciosa <\/em>andrews) e recalcitrantes (<em>inga vera <\/em>willd.) ao longo do seu desenvolvimento<\/h3>\n<hr align=\"center\" noshade=\"noshade\" size=\"1\" width=\"100%\" \/>\n<h4 style=\"text-align: center\"><strong>ABSTRACT<\/strong><\/h4>\n<p style=\"text-align: justify\">Ex situ conservation using seeds is a widely publicized method, but it only works for desiccation-tolerant seeds. The maturation process can be simplified into three phases, in which the seeds undergo pre-determined drying in the last phase, where they acquire tolerance to desiccation, but not all seeds undergo drying, and are then generally divided into two groups: tolerant to desiccation (orthodox) and desiccation intolerant (recalcitrant). The short life of seeds sensitive to desiccation and freezing, as well as the lack of knowledge about the potential of desiccation-intolerant seeds native to tropical forests, makes it difficult to establish an adequate strategy for their conservation in germplasm banks. In this work, the aim was to understand behaviors in relation to the maturation phases between orthodox seeds and recalcitrant seeds, analyzing their development and verifying whether or not there are similarities between the observed characteristics, correlating with desiccation tolerance, environmental variations and collection periods. For this, orthodox and recalcitrant seeds were evaluated for water content, dry mass, physiological and biochemical processes and respiratory rates. The results made it possible to observe that, even in orthodox seeds within the same species, there are great variations in the characteristics of the seeds in their immature stages, regarding: water content, germination, production of normal seedlings, tolerance to desiccation, dormancy, among other characteristics, depending on the how far these seeds have advanced in the maturation process and the environment where they are found. Furthermore, immature and recalcitrant orthodox seeds show similar physiological antioxidant and respiratory behaviors, especially at close water contents. Thus, in the present work, great heterogeneity in the behaviors of an immature orthodox seed collected in different locations or the same location at different times is observed, in addition to that, we observe greater similarity between a recalcitrant species and an immature orthodox species than two orthodox ones. immatures of the same species and matrices or even with their own orthodox mature counterpart.<\/p>\n<p style=\"text-align: justify\"><strong>Keywords:<\/strong> orthodox seeds, recalcitrant seeds, water content<\/p>\n<h4 style=\"text-align: center\"><strong>RESUMO<\/strong><\/h4>\n<p style=\"text-align: justify\">A conserva\u00e7\u00e3o ex situ utilizando sementes \u00e9 um m\u00e9todo amplamente divulgado, por\u00e9m que funciona apenas para sementes tolerantes \u00e0 desseca\u00e7\u00e3o. O processo de matura\u00e7\u00e3o pode ser simplificado em tr\u00eas fases, sendo que na \u00faltima as sementes passam por uma secagem pr\u00e9-determinada onde adquirem toler\u00e2ncia \u00e0 desseca\u00e7\u00e3o, por\u00e9m n\u00e3o s\u00e3o todas as sementes que passam pela secagem, sendo ent\u00e3o genericamente divididas em dois grupos: tolerantes \u00e0 desseca\u00e7\u00e3o (ortodoxa) e intolerantes \u00e0 desseca\u00e7\u00e3o (recalcitrante). A vida curta das sementes sens\u00edveis \u00e0 desseca\u00e7\u00e3o e ao congelamento, bem como a falta de conhecimento das potencialidades das intolerantes \u00e0 desseca\u00e7\u00e3o nativas das matas tropicais, dificulta o estabelecimento de adequada estrat\u00e9gia para sua conserva\u00e7\u00e3o em bancos de germoplasma. Neste trabalho, visou-se compreender comportamentos em rela\u00e7\u00e3o \u00e0s fases de matura\u00e7\u00e3o entre sementes ortodoxas e sementes recalcitrantes analisando seu desenvolvimento e verificando se h\u00e1 ou n\u00e3o semelhan\u00e7as entre as caracter\u00edsticas observadas, correlacionando com a toler\u00e2ncia \u00e0 desseca\u00e7\u00e3o, varia\u00e7\u00f5es ambientais e per\u00edodos de coleta. Para isso, sementes ortodoxas e recalcitrantes foram avaliadas quanto a teor de \u00e1gua, massa seca, processos fisiol\u00f3gicos e bioqu\u00edmicos e taxas respirat\u00f3rias.\u00a0Os resultados possibilitaram observar que, mesmo em sementes ortodoxas dentro da mesma esp\u00e9cie h\u00e1 grandes varia\u00e7\u00f5es nas caracter\u00edsticas das sementes em seus est\u00e1dios imaturos, quanto: teor de \u00e1gua, germina\u00e7\u00e3o, produ\u00e7\u00e3o de pl\u00e2ntulas normais, toler\u00e2ncia \u00e0 desseca\u00e7\u00e3o, dorm\u00eancia entre outras caracter\u00edsticas, dependendo do quanto essas sementes avan\u00e7aram no processo de matura\u00e7\u00e3o e o ambiente onde elas se encontram. Al\u00e9m disto, sementes ortodoxas imaturas e recalcitrantes apresentam comportamentos semelhantes fisiol\u00f3gicos antioxidantes e respirat\u00f3rios semelhantes, principalmente em teores de \u00e1gua pr\u00f3ximos. Desta forma, no presente trabalho observou-se, grande heterogeneidade nos comportamentos de uma semente ortodoxa imatura coletada em locais diferentes ou mesmo local em diferentes \u00e9pocas, al\u00e9m de que, observamos maior similaridade entre uma esp\u00e9cie recalcitrante e uma esp\u00e9cie ortodoxa imatura do que duas ortodoxas imaturas da mesma esp\u00e9cie e matrizes ou at\u00e9 mesmo com sua pr\u00f3pria correspondente ortodoxa matura.<\/p>\n<p style=\"text-align: justify\"><strong>Palavras-chave: <\/strong>sementes ortodoxas, sementes recalcitrantes, teor de \u00e1gua<\/p>\n<hr align=\"center\" noshade=\"noshade\" size=\"1\" width=\"100%\" \/>\n<p style=\"text-align: center\"><a href=\"https:\/\/smastr16.blob.core.windows.net\/pgibt\/sites\/242\/2024\/08\/tese_maiara_iadwizak_ribeiro_dr.pdf\" target=\"_blank\" rel=\"noopener\"><img decoding=\"async\" loading=\"lazy\" class=\"aligncenter\" src=\"https:\/\/smastr16.blob.core.windows.net\/pgibt\/2013\/09\/pdf_grande.gif\" alt=\"pdf_grande\" width=\"60\" height=\"60\" \/><\/a><a href=\"https:\/\/smastr16.blob.core.windows.net\/pgibt\/sites\/242\/2024\/08\/tese_maiara_iadwizak_ribeiro_dr.pdf\"><strong>Maiara Iadwizak Ribeiro<\/strong><\/a><br \/>\n<a href=\"https:\/\/smastr16.blob.core.windows.net\/pgibt\/sites\/242\/2024\/08\/tese_maiara_iadwizak_ribeiro_dr.pdf\">Similaridade fisiol\u00f3gica entre sementes de leguminosas ortodoxas (<em>erythrina speciosa<\/em> andrews) e recalcitrantes (<em>inga vera<\/em> willd.) ao longo do seu desenvolvimento<\/a><\/p>\n<hr align=\"center\" noshade=\"noshade\" size=\"1\" width=\"100%\" \/>\n<p style=\"text-align: center\"><strong>\u00a0<a href=\"www.infraestruturameioambiente.sp.gov.br\/pgibt\/dissertacoesteses\/\">VOLTAR AS DISSERTA\u00c7\u00d5ES E TESES<\/a><\/strong><\/p>\n<hr align=\"center\" noshade=\"noshade\" size=\"1\" width=\"100%\" \/>\n","protected":false},"excerpt":{"rendered":"<p>Maiara Iadwizak Ribeiro Em 22 de fevereiro de 2024, Maiara Iadwizak Ribeiro, aluna de doutorado do programa de P\u00f3s-Gradua\u00e7\u00e3o em Biodiversidade Vegetal e Meio Ambiente do Instituto de Pesquisas Ambientais IPA\u2013 SP., bolsista CNPq, defendeu sua tese de Doutorado intitulada, \u201cSimilaridade fisiol\u00f3gica entre sementes de leguminosas ortodoxas (Erythrina speciosa Andrews) e recalcitrantes (Inga vera Willd.) [&hellip;]<\/p>\n","protected":false},"author":187,"featured_media":0,"parent":0,"menu_order":0,"comment_status":"closed","ping_status":"closed","template":"","meta":[],"_links":{"self":[{"href":"https:\/\/www.infraestruturameioambiente.sp.gov.br\/pgibt\/wp-json\/wp\/v2\/pages\/9302"}],"collection":[{"href":"https:\/\/www.infraestruturameioambiente.sp.gov.br\/pgibt\/wp-json\/wp\/v2\/pages"}],"about":[{"href":"https:\/\/www.infraestruturameioambiente.sp.gov.br\/pgibt\/wp-json\/wp\/v2\/types\/page"}],"author":[{"embeddable":true,"href":"https:\/\/www.infraestruturameioambiente.sp.gov.br\/pgibt\/wp-json\/wp\/v2\/users\/187"}],"replies":[{"embeddable":true,"href":"https:\/\/www.infraestruturameioambiente.sp.gov.br\/pgibt\/wp-json\/wp\/v2\/comments?post=9302"}],"version-history":[{"count":3,"href":"https:\/\/www.infraestruturameioambiente.sp.gov.br\/pgibt\/wp-json\/wp\/v2\/pages\/9302\/revisions"}],"predecessor-version":[{"id":9306,"href":"https:\/\/www.infraestruturameioambiente.sp.gov.br\/pgibt\/wp-json\/wp\/v2\/pages\/9302\/revisions\/9306"}],"wp:attachment":[{"href":"https:\/\/www.infraestruturameioambiente.sp.gov.br\/pgibt\/wp-json\/wp\/v2\/media?parent=9302"}],"curies":[{"name":"wp","href":"https:\/\/api.w.org\/{rel}","templated":true}]}}