{"id":9219,"date":"2024-07-25T15:41:01","date_gmt":"2024-07-25T18:41:01","guid":{"rendered":"https:\/\/www.infraestruturameioambiente.sp.gov.br\/pgibt\/?page_id=9219"},"modified":"2024-08-01T12:48:44","modified_gmt":"2024-08-01T15:48:44","slug":"gabriel-felipe-manoel-ms","status":"publish","type":"page","link":"https:\/\/www.infraestruturameioambiente.sp.gov.br\/pgibt\/gabriel-felipe-manoel-ms\/","title":{"rendered":"Gabriel Felipe Manoel &#8211; MS"},"content":{"rendered":"<p><img decoding=\"async\" loading=\"lazy\" class=\"size-full wp-image-8353 aligncenter\" src=\"https:\/\/smastr16.blob.core.windows.net\/pgibt\/sites\/242\/2023\/01\/faixaposipa.jpg\" alt=\"\" width=\"950\" height=\"163\" srcset=\"https:\/\/smastr16.blob.core.windows.net\/pgibt\/sites\/242\/2023\/01\/faixaposipa.jpg 950w, https:\/\/smastr16.blob.core.windows.net\/pgibt\/sites\/242\/2023\/01\/faixaposipa-320x55.jpg 320w, https:\/\/smastr16.blob.core.windows.net\/pgibt\/sites\/242\/2023\/01\/faixaposipa-768x132.jpg 768w, https:\/\/smastr16.blob.core.windows.net\/pgibt\/sites\/242\/2023\/01\/faixaposipa-250x43.jpg 250w, https:\/\/smastr16.blob.core.windows.net\/pgibt\/sites\/242\/2023\/01\/faixaposipa-550x94.jpg 550w, https:\/\/smastr16.blob.core.windows.net\/pgibt\/sites\/242\/2023\/01\/faixaposipa-800x137.jpg 800w\" sizes=\"(max-width: 950px) 100vw, 950px\" \/><\/p>\n<hr align=\"center\" noshade=\"noshade\" size=\"1\" width=\"100%\" \/>\n<h2 style=\"text-align: center\"><span data-ogsc=\"black\"><b>Gabriel Felipe Manoel<\/b><\/span><\/h2>\n<hr align=\"center\" noshade=\"noshade\" size=\"1\" width=\"100%\" \/>\n<p style=\"text-align: center\">Em 28 de setembro de 2023, Gabriel Felipe Manoel, aluno de mestrado do programa de P\u00f3s-Gradua\u00e7\u00e3o em Biodiversidade Vegetal e Meio Ambiente do Instituto de Pesquisas Ambientais IPA\u2013 SP., bolsista CAPES, defendeu sua disserta\u00e7\u00e3o de Mestrado intitulada, \u201cRedu\u00e7\u00e3o do metabolismo de sementes recalcitrantes de <em>Inga vera<\/em> e <em>Eugenia uniflora<\/em> por exposi\u00e7\u00e3o \u00e0 atmosfera modificada\u201d, no modo virtual.<\/p>\n<p style=\"text-align: center\"><img decoding=\"async\" loading=\"lazy\" class=\"size-full wp-image-9222 aligncenter\" src=\"https:\/\/smastr16.blob.core.windows.net\/pgibt\/sites\/242\/2024\/07\/gabriel-felipe-manoel-ms.jpeg\" alt=\"\" width=\"543\" height=\"269\" srcset=\"https:\/\/smastr16.blob.core.windows.net\/pgibt\/sites\/242\/2024\/07\/gabriel-felipe-manoel-ms.jpeg 543w, https:\/\/smastr16.blob.core.windows.net\/pgibt\/sites\/242\/2024\/07\/gabriel-felipe-manoel-ms-320x159.jpeg 320w, https:\/\/smastr16.blob.core.windows.net\/pgibt\/sites\/242\/2024\/07\/gabriel-felipe-manoel-ms-250x124.jpeg 250w, https:\/\/smastr16.blob.core.windows.net\/pgibt\/sites\/242\/2024\/07\/gabriel-felipe-manoel-ms-363x180.jpeg 363w\" sizes=\"(max-width: 543px) 100vw, 543px\" \/><br \/>\nA banca examinadora foi presidida por sua orientadora, Prof\u00aa. Dr\u00aa. Catarina Caralho Nievola (Instituto de Pesquisas Ambientais \u2013 IPA) e composta pelo Prof. Dr.<br \/>\nEdmir Vicente Lamarca (Universidade Ibirapuera \u2013 UNIB) e a Prof.\u00aa Dra. Marina Crestana Guardia (Instituto de Pesquisas Ambientais \u2013 IPA).<\/p>\n<p style=\"text-align: center\">A t\u00e9cnica para a gera\u00e7\u00e3o de atmosfera modificada demonstrou ser uma ferramenta de ampla aplica\u00e7\u00e3o para a redu\u00e7\u00e3o do metabolismo respirat\u00f3rio de sementes recalcitrantes e quaisquer outros materiais biol\u00f3gicos que apresentam a taxa de deteriora\u00e7\u00e3o condicionada por sua respira\u00e7\u00e3o. A padroniza\u00e7\u00e3o de tal t\u00e9cnica favorece a sua replica\u00e7\u00e3o e eventuais apontamentos para melhorias. Al\u00e9m disso, o m\u00e9todo desenvolvido neste trabalho pode contribuir para o entendimento da fisiologia das sementes recalcitrantes, somando-se a v\u00e1rios outros trabalhos que v\u00eam investigando a ecologia, anatomia e fisiologia dessas h\u00e1 v\u00e1rias\u00a0 d\u00e9cadas.<\/p>\n<hr align=\"center\" noshade=\"noshade\" size=\"1\" width=\"100%\" \/>\n<h3 style=\"text-align: center\">\u201cRedu\u00e7\u00e3o do metabolismo de sementes recalcitrantes de <em>Inga vera<\/em> e <em>Eugenia uniflora<\/em> por exposi\u00e7\u00e3o \u00e0 atmosfera modificada\u201d<\/h3>\n<hr align=\"center\" noshade=\"noshade\" size=\"1\" width=\"100%\" \/>\n<h4 style=\"text-align: center\"><strong>ABSTRACT<\/strong><\/h4>\n<p style=\"text-align: justify\">High water level, incomplete maturation and vulnerability to microorganism attack are some of the reasons why recalcitrant seed storage is difficult. Several works have been developing techniques to improve recalcitrant seed storage. Perspective on recalcitrant seeds storage is based on reducing their metabolism. A recent work demonstrated that incubating recalcitrant seeds under high CO2 levels reduces their respiratory rates, as shown by both lower O2 consumption and CO2 release. Literature does not attest whether downtake on metabolic rates are related to oxygen lower levels or carbon dioxide higher levels, which indicates they are directly related to metabolic reserves levels. This work aimed at developing a modified atmosphere method that allows<br \/>\nchanges on O2 and CO2 levels, and analyze its role on carbohydrates consumption by recalcitrant seeds. To develop the method, CO2 was obtained from the reaction between acetic acid and sodium bicarbonate; and N2 , from a gas liquefier. The seeds used in this work came from two different species: ing\u00e1 (<em>Inga vera<\/em> Wild.), used to corroborate the method efficiency, and pitanga (<em>Eugenia uniflora<\/em> L.), used to contribute on methods precision and submitted to biochemical analysis to verify carbohydrates rates. Past collection, the seeds were placed in a BOD chamber set at a temperature of 7 \u00baC, until they were used in experiments. Two different temperatures were chosen: 5 \u00baC and 25 \u00baC, over three different gas mixes: the first one with earth atmosphere patterns; one of them with lower O2 levels added with N2 gas; and the last one with lower O2 added with N2 and CO2 . Fifteen ing\u00e1 embryos were used in each glass jar; as well as twenty pitanga seeds for each glass jar. These seeds were placed inside the jars and the modified atmosphere was generated inside the jars using both techniques (offset vacuum and gas flushing). The O2 and CO2 levels were estimated by a gas-analyser (Illinois 6600). Glass jar lids were sealed with Parafilm plastic tape right before being placed into BOD chambers over 1 day at 25 \u00baC or 5 days at 5 \u00baC for ing\u00e1, and 2 days at 25 \u00baC or 10 days at 5 \u00baC for pitanga. After a second gas measure, samples of pitanga seeds were collected, frozen and led to biochemical analysis, and seeds of both species were taken to germination tests. The offset vacuum technique proved to be way more efficient on standardizable modified atmosphere generation. Respiratory rates were reduced in both species, primarily on treatments of seeds incubated under lower temperature (5 \u00baC). In addition, the respiratory performance was even lower in seeds incubated under higher CO2 levels. Biochemical analysis emphasized lower carbohydrate consumption in seeds under lower temperatures.Therefore, offset vacuum technique was more efficient on modified atmosphere generation, shown by reducing the respiratory activity in ing\u00e1 embryos and pitanga seeds, assigning this role to CO2 levels and also measured by different consumption taxes on carbohydrate levels, what contributes on recalcitrant seeds knowledge by improving their storage.<\/p>\n<p><strong><span class=\"fontstyle3\">Keywords:<\/span><\/strong><span class=\"fontstyle3\">\u00a0seeds conservation, seeds metabolism, respiration.<\/span><\/p>\n<h4 style=\"text-align: center\"><strong>RESUMO<\/strong><\/h4>\n<p style=\"text-align: justify\">Alto teor de \u00e1gua, matura\u00e7\u00e3o incompleta, e suscetibilidade ao ataque de fungos est\u00e3o entre os fatores que dificultam o armazenamento de sementes recalcitrantes. Diversos trabalhos v\u00eam investigando formas de viabilizar a conserva\u00e7\u00e3o dessas sementes. A perspectiva de seu armazenamento est\u00e1 baseada na redu\u00e7\u00e3o de seu metabolismo. Um trabalho recente demonstrou que a incuba\u00e7\u00e3o destas sob altos teores de CO2 reduziu sua atividade respirat\u00f3ria, evidenciada pelo menor consumo de O2 e menor libera\u00e7\u00e3o de CO2. Entretanto, n\u00e3o foi documentado se tal redu\u00e7\u00e3o deveria ser atribu\u00edda \u00e0 maior concentra\u00e7\u00e3o de CO2, ou \u00e0 menor disponibilidade de O2, o que poderia interferir no ac\u00famulo de reservas energ\u00e9ticas. O objetivo deste trabalho foi desenvolver um m\u00e9todo padroniz\u00e1vel para a gera\u00e7\u00e3o de atmosferas modificadas, cujas concentra\u00e7\u00f5es de O2 e CO2 fossem controladas e seus efeitos em sementes recalcitrantes avaliados atrav\u00e9s do conte\u00fado de carboidratos end\u00f3genos. Para o desenvolvimento da t\u00e9cnica, o CO2 foi obtido da rea\u00e7\u00e3o entre o \u00e1cido ac\u00e9tico e bicarbonato de s\u00f3dio, e o N2, de um liquefator de gases. Os materiais utilizados foram embri\u00f5es de ing\u00e1 (<em>Inga vera<\/em> Wild.), utilizados para testar o m\u00e9todo desenvolvido, e sementes de pitanga (<em>Eugenia uniflora<\/em> L.), utilizadas para aprofundar os conhecimentos acerca do m\u00e9todo e submetidas \u00e0 an\u00e1lises bioqu\u00edmicas de carboidratos. Ap\u00f3s a triagem, as sementes foram armazenadas em c\u00e2mara BOD, a 7 \u00baC, at\u00e9 serem utilizadas na etapa experimental deste trabalho. O desenho experimental fez uso de duas diferentes temperaturas (5 \u00baC e 25 \u00baC), e tr\u00eas misturas de gases: o controle, com par\u00e2metros semelhantes aos da atmosfera terrestre; uma mistura na qual o O2 foi reduzido atrav\u00e9s da adi\u00e7\u00e3o de N2; e uma na qual o O2 foi reduzido pela adi\u00e7\u00e3o de N2 e CO2. Quinze embri\u00f5es de ing\u00e1 foram utilizados em cada repeti\u00e7\u00e3o dos experimentos; tamb\u00e9m vinte sementes de pitanga por repeti\u00e7\u00e3o. As sementes foram colocadas nos frascos onde foram geradas as atmosferas utilizando as t\u00e9cnicas v\u00e1cuo compensado e g\u00e1s insuflado. Os par\u00e2metros de gases foram aferidos no aparelho analisador de gases (Illinois 6600), ent\u00e3o os frascos foram vedados com pl\u00e1stico Parafilm antes de serem incubados pelos per\u00edodos de 1 dia, a 25 \u00baC ou 5 dias, a 5 \u00baC, nos experimentos com ing\u00e1; e 2 dias, a 25 \u00baC ou 10 dias, a 5 \u00baC, nos experimentos com pitanga. Posteriormente, sementes de E. uniflora foram congeladas para an\u00e1lises bioqu\u00edmicas e as demais sementes de ambas as esp\u00e9cies foram conduzidos para testes de germina\u00e7\u00e3o. A t\u00e9cnica de v\u00e1cuo compensado foi eficiente na gera\u00e7\u00e3o de atmosferas modificadas padroniz\u00e1veis. A atividade respirat\u00f3ria foi reduzida em ambas as esp\u00e9cies, principalmente nos tratamentos sob baixas temperaturas (5 \u00baC). A respira\u00e7\u00e3o foi menor nos tratamentos cujo percentual de di\u00f3xido de carbono foi maior. As an\u00e1lises bioqu\u00edmicas mostraram que houve menor consumo dos carboidratos em sementes sob maiores n\u00edveis de CO2. Portanto, o m\u00e9todo de v\u00e1cuo compensado mostrou-se eficiente<br \/>\nna gera\u00e7\u00e3o de atmosferas modificadas, reduzindo a atividade respirat\u00f3ria das sementes, o que foi atribu\u00eddo ao di\u00f3xido de carbono e p\u00f4de ser observado pelas concentra\u00e7\u00f5es de carboidratos, o que contribui com o conhecimento sobre sementes recalcitrantes e seu armazenamento. Palavras-chave: conserva\u00e7\u00e3o de sementes, metabolismo de sementes, respira\u00e7\u00e3o.<\/p>\n<p><strong><span class=\"fontstyle3\">Palavras-chave: <\/span><\/strong><span class=\"fontstyle3\">conserva\u00e7\u00e3o de sementes, metabolismo de sementes, respira\u00e7\u00e3o.<\/span><\/p>\n<hr align=\"center\" noshade=\"noshade\" size=\"1\" width=\"100%\" \/>\n<p style=\"text-align: center\"><a href=\"https:\/\/smastr16.blob.core.windows.net\/pgibt\/sites\/242\/2024\/07\/gabriel_felipe_manoel_ms.pdf\" target=\"_blank\" rel=\"noopener\"><img decoding=\"async\" loading=\"lazy\" class=\"aligncenter\" src=\"https:\/\/smastr16.blob.core.windows.net\/pgibt\/2013\/09\/pdf_grande.gif\" alt=\"pdf_grande\" width=\"60\" height=\"60\" \/><\/a><a href=\"https:\/\/smastr16.blob.core.windows.net\/pgibt\/sites\/242\/2024\/07\/gabriel_felipe_manoel_ms.pdf\"><strong><span data-ogsc=\"black\"><b>Gabriel Felipe M<\/b><\/span><\/strong><strong><span data-ogsc=\"black\"><b>a<\/b><\/span><\/strong><strong><span data-ogsc=\"black\"><b>noel<\/b><\/span><\/strong><\/a><br \/>\n<a href=\"https:\/\/smastr16.blob.core.windows.net\/pgibt\/sites\/242\/2024\/07\/gabriel_felipe_manoel_ms.pdf\">Redu\u00e7\u00e3o do metabolismo de sementes recalcitrantes de <em>Inga vera<\/em> e <em>Eugenia uniflora<\/em> por exposi\u00e7\u00e3o \u00e0 atmosfera modificada<\/a><\/p>\n<hr align=\"center\" noshade=\"noshade\" size=\"1\" width=\"100%\" \/>\n<p style=\"text-align: center\"><strong>\u00a0<a href=\"www.infraestruturameioambiente.sp.gov.br\/pgibt\/dissertacoesteses\/\">VOLTAR AS DISSERTA\u00c7\u00d5ES E TESES<\/a><\/strong><\/p>\n<hr align=\"center\" noshade=\"noshade\" size=\"1\" width=\"100%\" \/>\n","protected":false},"excerpt":{"rendered":"<p>Gabriel Felipe Manoel Em 28 de setembro de 2023, Gabriel Felipe Manoel, aluno de mestrado do programa de P\u00f3s-Gradua\u00e7\u00e3o em Biodiversidade Vegetal e Meio Ambiente do Instituto de Pesquisas Ambientais IPA\u2013 SP., bolsista CAPES, defendeu sua disserta\u00e7\u00e3o de Mestrado intitulada, \u201cRedu\u00e7\u00e3o do metabolismo de sementes recalcitrantes de Inga vera e Eugenia uniflora por exposi\u00e7\u00e3o \u00e0 [&hellip;]<\/p>\n","protected":false},"author":187,"featured_media":0,"parent":0,"menu_order":0,"comment_status":"closed","ping_status":"closed","template":"","meta":[],"_links":{"self":[{"href":"https:\/\/www.infraestruturameioambiente.sp.gov.br\/pgibt\/wp-json\/wp\/v2\/pages\/9219"}],"collection":[{"href":"https:\/\/www.infraestruturameioambiente.sp.gov.br\/pgibt\/wp-json\/wp\/v2\/pages"}],"about":[{"href":"https:\/\/www.infraestruturameioambiente.sp.gov.br\/pgibt\/wp-json\/wp\/v2\/types\/page"}],"author":[{"embeddable":true,"href":"https:\/\/www.infraestruturameioambiente.sp.gov.br\/pgibt\/wp-json\/wp\/v2\/users\/187"}],"replies":[{"embeddable":true,"href":"https:\/\/www.infraestruturameioambiente.sp.gov.br\/pgibt\/wp-json\/wp\/v2\/comments?post=9219"}],"version-history":[{"count":4,"href":"https:\/\/www.infraestruturameioambiente.sp.gov.br\/pgibt\/wp-json\/wp\/v2\/pages\/9219\/revisions"}],"predecessor-version":[{"id":9285,"href":"https:\/\/www.infraestruturameioambiente.sp.gov.br\/pgibt\/wp-json\/wp\/v2\/pages\/9219\/revisions\/9285"}],"wp:attachment":[{"href":"https:\/\/www.infraestruturameioambiente.sp.gov.br\/pgibt\/wp-json\/wp\/v2\/media?parent=9219"}],"curies":[{"name":"wp","href":"https:\/\/api.w.org\/{rel}","templated":true}]}}