{"id":920,"date":"2013-09-17T17:01:16","date_gmt":"2013-09-17T20:01:16","guid":{"rendered":"https:\/\/www.infraestruturameioambiente.sp.gov.br\/pgibt\/?page_id=920"},"modified":"2013-09-17T17:01:16","modified_gmt":"2013-09-17T20:01:16","slug":"2011-carlos-eduardo-wetzel","status":"publish","type":"page","link":"https:\/\/www.infraestruturameioambiente.sp.gov.br\/pgibt\/dissertacoesteses\/2011-carlos-eduardo-wetzel\/","title":{"rendered":"Carlos Eduardo Wetzel DR"},"content":{"rendered":"<h2 style=\"text-align: center\"><a href=\"https:\/\/smastr16.blob.core.windows.net\/pgibt\/2015\/02\/faixapos6.jpg\"><img decoding=\"async\" loading=\"lazy\" class=\"aligncenter size-full wp-image-3777\" style=\"border: 0px\" alt=\"faixapos6\" src=\"https:\/\/smastr16.blob.core.windows.net\/pgibt\/2015\/02\/faixapos6.jpg\" width=\"950\" height=\"163\" srcset=\"https:\/\/smastr16.blob.core.windows.net\/pgibt\/2015\/02\/faixapos6.jpg 950w, https:\/\/smastr16.blob.core.windows.net\/pgibt\/2015\/02\/faixapos6-768x131.jpg 768w\" sizes=\"(max-width: 950px) 100vw, 950px\" \/><\/a><\/h2>\n<hr align=\"center\" noshade=\"noshade\" size=\"1\" width=\"100%\" \/>\n<h2 style=\"text-align: center\">Carlos Eduardo Wetzel<\/h2>\n<hr align=\"center\" noshade=\"noshade\" size=\"1\" width=\"100%\" \/>\n<hr align=\"center\" noshade=\"noshade\" size=\"1\" width=\"100%\" \/>\n<h3 style=\"text-align: center\">Biodiversidade e distribui\u00e7\u00e3o espacial de diatom\u00e1ceas (Bacillariophyceae)<br \/>\nna bacia hidrogr\u00e1fica do Rio Negro, Amazonas, Brasil<\/h3>\n<hr align=\"center\" noshade=\"noshade\" size=\"1\" width=\"100%\" \/>\n<h4 style=\"text-align: center\"><strong>RESUMO<\/strong><\/h4>\n<p style=\"text-align: justify\">O estudo teve como objetivo principal realizar o levantamento flor\u00edstico das esp\u00e9cies de diatom\u00e1ceas (Bacillariophyceae) planct\u00f4nicas e perif\u00edticas em ambientes l\u00f3ticos na bacia hidrogr\u00e1fica do Rio Negro. Buscou, tamb\u00e9m, avaliar a distribui\u00e7\u00e3o espacial das comunidades com base na representa\u00e7\u00e3o quantitativa das esp\u00e9cies. A bacia possui cerca de 715.000 km<sup>2<\/sup>\u00a0e \u00e9 uma das maiores bacias do mundo, ocupando aproximadamente 10% da bacia amaz\u00f4nica. Suas \u00e1guas s\u00e3o classificadas como pretas, caracterizadas pelo baixo pH (&lt; 5,0), elevada concentra\u00e7\u00e3o de carbono org\u00e2nico dissolvido e baixa condutividade (&lt; 12,5 \u00b5S cm-1). No per\u00edodo de fevereiro a mar\u00e7o de 2005 foram realizadas coletas em 102 esta\u00e7\u00f5es de amostragem localizadas em cinco trechos situados entre Manaus e S\u00e3o Gabriel da Cachoeira, totalizando 272 amostras. A an\u00e1lise qualitativa do material permitiu o registro de 848 t\u00e1xons. Destes, 572 (67%) foram identificados em n\u00edvel espec\u00edfico; 182 esp\u00e9cies (21%) foram identificadas somente em n\u00edvel gen\u00e9rico; 72 (9%) foram designados como tendo semelhan\u00e7a com alguma esp\u00e9cie descrita, mas diferindo em alguns aspectos, sendo referidos como \u201c<em>cf.<\/em>\u201d; e, finalmente, 27 t\u00e1xons (3%) s\u00e3o apresentados como poss\u00edveis esp\u00e9cies novas. S\u00e3o disponibilizados dados morfom\u00e9tricos e literatura utilizada para identifica\u00e7\u00e3o, coment\u00e1rios, quando relevantes, e local de ocorr\u00eancia para 663 esp\u00e9cies inventariadas durante a an\u00e1lise quantitativa. S\u00e3o apresentadas ilustra\u00e7\u00f5es dos t\u00e1xons em 686 pranchas de microscopia \u00f3ptica (MO) e eletr\u00f4nica de varredura (MEV) totalizando ca. 9.500 fotomicrografias. S\u00e3o apresentadas an\u00e1lises ultraestruturais de 10 esp\u00e9cies-tipo descritas originalmente para a regi\u00e3o amaz\u00f4nica (Lago Jurucu\u00ed, Rio Tapaj\u00f3s, PA, Brasil):\u00a0<em>Actinella peronioides\u00a0<\/em>Hustedt,\u00a0<em>Eunotia asterionelloides\u00a0<\/em>Hustedt,\u00a0<em>Eunotia biseriata\u00a0<\/em>Hustedt,<em>Eunotia braunii\u00a0<\/em>Hustedt,<em>\u00a0Eunotia siolii\u00a0<\/em>Hustedt,\u00a0<em>Melosira gessnerii\u00a0<\/em>Hustedt,\u00a0<em>Fragilaria inflatissima\u00a0<\/em>Hustedt,\u00a0<em>Fragilaria javanica\u00a0<\/em>Hustedt,<em>Fragilaria braunii\u00a0<\/em>Hustedt,\u00a0<em>Fragilaria siolii\u00a0<\/em>Hustedt e\u00a0<em>Peronia brasiliensis\u00a0<\/em>Hustedt. S\u00e3o descritas sete novas esp\u00e9cies:\u00a0<em>Eunotia emedii<\/em>C.E. Wetzel, H. Lange-Bertalot, D. Bicudo, C. Peres &amp; Ector sp. nov.,\u00a0<em>Eunotia loboi\u00a0<\/em>C.E.Wetzel &amp; Ector, sp. nov.,\u00a0<em>Eunotia gomesii\u00a0<\/em>C.E. Wetzel &amp; Ector,\u00a0<em>Eunotia kayaporum\u00a0<\/em>C.E. Wetzel, H. Lange-Bertalot, D. Bicudo &amp; Ector sp. nov.<strong>\u00a0<\/strong><em>Eunotia tukanorum\u00a0<\/em>C.E. Wetzel &amp; D.C. Bicudo,\u00a0<em>Eunotia waimiriorum\u00a0<\/em>C.E. Wetzel, e um novo g\u00eanero,\u00a0<em>Bicudoa\u00a0<\/em>C.E. Wetzel, H. Lange-Bertalot &amp; Ector gen. nov., sendo\u00a0<em>Bicudoa amazonica\u00a0<\/em>C. E. Wetzel\u00a0<em>et al.\u00a0<\/em>sp nov. a esp\u00e9cie tipo do g\u00eanero. Com rela\u00e7\u00e3o ao gradiente longitudinal de distribui\u00e7\u00e3o das diatom\u00e1ceas ao longo do curso principal do Rio Negro, o \u00edndice de domin\u00e2ncia de Simpson (<em>D<\/em>) diferiu significativamente entre as amostras planct\u00f4nicas e perif\u00edticas, indicando a domin\u00e2ncia de grupos planct\u00f4nicos nos trechos inferiores do rio, principalmente, ap\u00f3s a conflu\u00eancia com o Rio Branco, levando \u00e0 diminui\u00e7\u00e3o dos valores de diversidade de Shannon (<em>H<\/em>) no canal principal. As comunidades perif\u00edticas, por sua vez, apresentaram maiores valores de diversidade nos trechos m\u00e9dios e leve tend\u00eancia de diminui\u00e7\u00e3o nos trechos inferiores. O primeiro eixo da an\u00e1lise de coordenadas principais (<em>PCoA<\/em>) das comunidades fitoplanct\u00f4nicas separou claramente os trechos \u00e0 montante e \u00e0 jusante do Rio Branco. Por outro lado, o segundo eixo revelou diferen\u00e7as na composi\u00e7\u00e3o de\u00a0 esp\u00e9cies entre o canal principal e seus tribut\u00e1rios. As comunidades perif\u00edticas, por sua vez, foram separadas em fun\u00e7\u00e3o dos tribut\u00e1rios amostrados, mostrando uma diferencia\u00e7\u00e3o longitudinal progressiva das comunidades entre os afluentes. Os padr\u00f5es de diversidade beta das comunidades foram determinados principalmente pela substitui\u00e7\u00e3o (<em>turnover<\/em>) espacial das comunidades bem como pelo baixo efeito do aninhamento (<em>nestedness<\/em>), evidenciando uma elevada diversidade beta ao longo do percurso. Ainda, as diferen\u00e7as ente os tribut\u00e1rios n\u00e3o puderam ser simplesmente explicadas pela diferen\u00e7a na riqueza de esp\u00e9cies. Com base nos padr\u00f5es de ordena\u00e7\u00e3o descritos, nossos resultados sugerem que algum n\u00edvel de provincianismo biogeogr\u00e1fico n\u00e3o pode ser descartado.<\/p>\n<p style=\"text-align: justify\"><strong>Palavras-chave:<\/strong>\u00a0diatom\u00e1ceas tropicais, Amaz\u00f4nia, Rio Negro, perif\u00edton, fitopl\u00e2ncton<\/p>\n<hr align=\"center\" noshade=\"noshade\" size=\"1\" width=\"100%\" \/>\n<p style=\"text-align: center\"><a href=\"https:\/\/smastr16.blob.core.windows.net\/pgibt\/2013\/09\/pdf_grande.gif\"><img decoding=\"async\" loading=\"lazy\" class=\"aligncenter size-full wp-image-2313\" style=\"border: 0px\" alt=\"pdf_grande\" src=\"https:\/\/smastr16.blob.core.windows.net\/pgibt\/2013\/09\/pdf_grande.gif\" width=\"60\" height=\"60\" \/><\/a><a href=\"https:\/\/smastr16.blob.core.windows.net\/pgibt\/2013\/09\/Carlos_Eduardo_Wetzel_DR.pdf\" target=\"_blank\">Carlos Eduardo Wetzel<br \/>\nBiodiversidade e distribui\u00e7\u00e3o espacial de diatom\u00e1ceas (Bacillariophyceae) na bacia hidrogr\u00e1fica do Rio Negro, Amazonas, Brasil<\/a><\/p>\n<hr align=\"center\" noshade=\"noshade\" size=\"1\" width=\"100%\" \/>\n<p style=\"text-align: center\"><strong>\u00a0<a href=\"https:\/\/www.infraestruturameioambiente.sp.gov.br\/pgibt\/dissertacoesteses\/\">VOLTAR AS DISSERTA\u00c7\u00d5ES E TESES<\/a><\/strong><\/p>\n<hr align=\"center\" noshade=\"noshade\" size=\"1\" width=\"100%\" \/>\n","protected":false},"excerpt":{"rendered":"<p>Carlos Eduardo Wetzel Biodiversidade e distribui\u00e7\u00e3o espacial de diatom\u00e1ceas (Bacillariophyceae) na bacia hidrogr\u00e1fica do Rio Negro, Amazonas, Brasil RESUMO O estudo teve como objetivo principal realizar o levantamento flor\u00edstico das esp\u00e9cies de diatom\u00e1ceas (Bacillariophyceae) planct\u00f4nicas e perif\u00edticas em ambientes l\u00f3ticos na bacia hidrogr\u00e1fica do Rio Negro. Buscou, tamb\u00e9m, avaliar a distribui\u00e7\u00e3o espacial das comunidades com [&hellip;]<\/p>\n","protected":false},"author":1,"featured_media":0,"parent":249,"menu_order":0,"comment_status":"closed","ping_status":"closed","template":"fullpage.php","meta":[],"_links":{"self":[{"href":"https:\/\/www.infraestruturameioambiente.sp.gov.br\/pgibt\/wp-json\/wp\/v2\/pages\/920"}],"collection":[{"href":"https:\/\/www.infraestruturameioambiente.sp.gov.br\/pgibt\/wp-json\/wp\/v2\/pages"}],"about":[{"href":"https:\/\/www.infraestruturameioambiente.sp.gov.br\/pgibt\/wp-json\/wp\/v2\/types\/page"}],"author":[{"embeddable":true,"href":"https:\/\/www.infraestruturameioambiente.sp.gov.br\/pgibt\/wp-json\/wp\/v2\/users\/1"}],"replies":[{"embeddable":true,"href":"https:\/\/www.infraestruturameioambiente.sp.gov.br\/pgibt\/wp-json\/wp\/v2\/comments?post=920"}],"version-history":[{"count":0,"href":"https:\/\/www.infraestruturameioambiente.sp.gov.br\/pgibt\/wp-json\/wp\/v2\/pages\/920\/revisions"}],"up":[{"embeddable":true,"href":"https:\/\/www.infraestruturameioambiente.sp.gov.br\/pgibt\/wp-json\/wp\/v2\/pages\/249"}],"wp:attachment":[{"href":"https:\/\/www.infraestruturameioambiente.sp.gov.br\/pgibt\/wp-json\/wp\/v2\/media?parent=920"}],"curies":[{"name":"wp","href":"https:\/\/api.w.org\/{rel}","templated":true}]}}