{"id":914,"date":"2013-09-17T16:19:16","date_gmt":"2013-09-17T19:19:16","guid":{"rendered":"https:\/\/www.infraestruturameioambiente.sp.gov.br\/pgibt\/?page_id=914"},"modified":"2019-09-24T11:32:10","modified_gmt":"2019-09-24T14:32:10","slug":"2011-andre-luiz","status":"publish","type":"page","link":"https:\/\/www.infraestruturameioambiente.sp.gov.br\/pgibt\/dissertacoesteses\/2011-andre-luiz\/","title":{"rendered":"Andr\u00e9 Luiz Gaglioti MS"},"content":{"rendered":"<h2 style=\"text-align: center\"><a href=\"https:\/\/smastr16.blob.core.windows.net\/pgibt\/2015\/02\/faixapos6.jpg\"><img decoding=\"async\" loading=\"lazy\" class=\"aligncenter size-full wp-image-3777\" style=\"border: 0px\" src=\"https:\/\/smastr16.blob.core.windows.net\/pgibt\/2015\/02\/faixapos6.jpg\" alt=\"faixapos6\" width=\"950\" height=\"163\" srcset=\"https:\/\/smastr16.blob.core.windows.net\/pgibt\/2015\/02\/faixapos6.jpg 950w, https:\/\/smastr16.blob.core.windows.net\/pgibt\/2015\/02\/faixapos6-768x131.jpg 768w\" sizes=\"(max-width: 950px) 100vw, 950px\" \/><\/a><\/h2>\n<hr align=\"center\" noshade=\"noshade\" size=\"1\" width=\"100%\" \/>\n<h2 style=\"text-align: center\">Andr\u00e9 Luiz Gaglioti<\/h2>\n<hr align=\"center\" noshade=\"noshade\" size=\"1\" width=\"100%\" \/>\n<p style=\"text-align: center\">No dia 18 de janeiro de 2011, o aluno Andr\u00e9 Luiz Gaglioti (bolsista CNPq), do Programa de P\u00f3s Gradua\u00e7\u00e3o em Biodiversidade Vegetal e Meio Ambiente<br \/>\ndefendeu sua disserta\u00e7\u00e3o de mestrado intitulada<br \/>\n\u201cUrticaceae Juss. no Estado de S\u00e3o Paulo, Brasil\u201d.<\/p>\n<p style=\"text-align: center\">A banca examinadora foi composta por seu orientador, Prof. Dr. Sergio Romaniuc Neto (N\u00facleo de Pesquisa Curadoria do Heb\u00e1rio SP\/IBt), Prof. Dr. Jorge Pedro Pereira Carauta (Museu Nacional do Rio de Janeiro) e Prof. (a) Dra. Roseli Buzanelli Torres (Instituto Agron\u00f4mico de Campinas).<\/p>\n<hr align=\"center\" noshade=\"noshade\" size=\"1\" width=\"100%\" \/>\n<h3 style=\"text-align: center\">Urticaceae Juss. no Estado de S\u00e3o Paulo, Brasil<\/h3>\n<hr align=\"center\" noshade=\"noshade\" size=\"1\" width=\"100%\" \/>\n<h4 style=\"text-align: center\"><strong>RESUMO<\/strong><\/h4>\n<p style=\"text-align: justify\">As Urticaceae do Estado de S\u00e3o Paulo fazem parte do projeto \u201cFlora Fanerog\u00e2mica do Estado de S\u00e3o Paulo\u201d e tem o objetivo de conhecer os t\u00e1xons presentes no Estado e contribuir para sua conserva\u00e7\u00e3o. O Estado de S\u00e3o Paulo compreende cerca de 250.000km<sup>2<\/sup>da regi\u00e3o Sudeste do Brasil. Possui esta\u00e7\u00f5es \u00famidas e secas bem definidas e clima tropical e subtropical. A vegeta\u00e7\u00e3o muito diversificada \u00e9 formada, principalmente, de floresta ombr\u00f3fila, floresta estacional semidecidual, cerrado e campo. A sistem\u00e1tica das Urticaceae apresenta dificuldades, tanto do ponto de vista da delimita\u00e7\u00e3o infra e supra-gen\u00e9rica, como na caracteriza\u00e7\u00e3o morfol\u00f3gica de seus t\u00e1xons. Somente a partir de recentes estudos sobre a filogenia do grupo \u00e9 que a delimita\u00e7\u00e3o de Urticaceae foi revista e ampliada.Urticaceae \u00e9 um grupo monofil\u00e9tico, incluindo desde esp\u00e9cies herb\u00e1ceas a arb\u00f3reas, com presen\u00e7a de cist\u00f3litos, latic\u00edferos restritos \u00e0 casca ou muito reduzidos, l\u00e1tex transl\u00facido, muitas vezes mucilaginoso, gineceu pseudomon\u00f4mero com \u00f3vulo basal, ort\u00f3tropo, estames curvos ou retos no bot\u00e3o e fruto do tipo aqu\u00eanio. A fam\u00edlia apresenta distribui\u00e7\u00e3o cosmopolita, incluindo\u00a0cerca de 49 g\u00eaneros com distribui\u00e7\u00e3o tropical e subtropical, raramente em regi\u00f5es temperadas, e aproximadamente 2000 esp\u00e9cies. O estudo para o tratamento taxon\u00f4mico foi realizado com base na an\u00e1lise de 1938 materiais de herb\u00e1rios brasileiros e estrangeiros, al\u00e9m da observa\u00e7\u00e3o de popula\u00e7\u00f5es na natureza. No Brasil ocorrem 13 g\u00eaneros e 95 esp\u00e9cies, muitas cultivadas em parques e jardins. No Estado de S\u00e3o Paulo, est\u00e1 representada por 11 g\u00eaneros e 28 esp\u00e9cies: 19 nativas, 8 cultivadas e 1 subespont\u00e2nea.\u00a0<em>Pilea\u00a0<\/em>com 7 esp\u00e9cies,\u00a0<em>Boehmeria\u00a0<\/em>e<em>\u00a0Cecropia<\/em>\u00a0com 4 cada e\u00a0<em>Urera<\/em>\u00a0com 3, s\u00e3o os g\u00eaneros mais representativos no Estado.\u00a0<em>Boehmeria caudata\u00a0<\/em>Sw.,<em>Boehmeria cylindrica<\/em>\u00a0(L.) Sw.,\u00a0<em>Boehmeria nivea\u00a0<\/em>(L.) Gaudich. (ex\u00f3tica),\u00a0<em>Boehmeria ulmifolia\u00a0<\/em>Wedd.,\u00a0<em>Cecropia glaziovii<\/em>\u00a0Snethl.,\u00a0<em>Cecropia hololeuca<\/em>\u00a0Miq.,\u00a0<em>Cecropia<\/em>\u00a0<em>kavanayensis\u00a0<\/em>Cuatrec. (ex\u00f3tica),\u00a0<em>Cecropia<\/em>\u00a0<em>pachystachya<\/em>\u00a0Tr\u00e9cul.,\u00a0<em>Coussapoa<\/em>\u00a0<em>microcarpa<\/em>\u00a0(Schott) Rizzini,<em>Laportea<\/em>\u00a0<em>aestuans<\/em>\u00a0(L.) Chew,\u00a0<em>Myriocarpa<\/em>\u00a0<em>stipitata<\/em>\u00a0Benth.,\u00a0<em>Parietaria debilis\u00a0<\/em>G. Forst. (ex\u00f3tica),\u00a0<em>Parietaria officinalis<\/em>\u00a0L. (ex\u00f3tica),\u00a0<em>Phenax angustifolius\u00a0<\/em>(Kunth) Wedd.,<em>\u00a0Phenax sonneratii<\/em>\u00a0(Poir.) Wedd.,\u00a0<em>Pilea cadieri\u00a0<\/em>Gagnep. &amp; Guillaumin (ex\u00f3tica),\u00a0<em>Pilea<\/em>\u00a0<em>hilariana<\/em>\u00a0Wedd.,\u00a0<em>Pilea<\/em><em>hyalina<\/em>\u00a0Fenzl,\u00a0<em>Pilea microphylla<\/em>\u00a0(L.) Liebm. (subespont\u00e2nea),\u00a0<em>Pilea<\/em>\u00a0<em>nummularifolia<\/em>\u00a0(Sw.) Wedd. (ex\u00f3tica),\u00a0<em>Pilea pubescens\u00a0<\/em>Liebm.,\u00a0<em>Pilea<\/em><em>rhizobola<\/em>\u00a0Miq.,\u00a0<em>Pourouma<\/em>\u00a0<em>guianensis<\/em>\u00a0Aubl.,<em>\u00a0Urera baccifera<\/em>\u00a0(L.) Gaudich. ex Wedd.,\u00a0<em>Urera caracasana<\/em>\u00a0(Jacq.) Griseb.,\u00a0<em>Urera nitida<\/em>\u00a0(Vell.) P. Brack,\u00a0<em>Urtica dioica L.\u00a0<\/em>(ex\u00f3tica) e\u00a0<em>Urtica<\/em>\u00a0<em>urens\u00a0<\/em>L. (ex\u00f3tica). S\u00e3o apresentadas descri\u00e7\u00f5es, ilustra\u00e7\u00f5es, coment\u00e1rios, observa\u00e7\u00f5es sobre a distribui\u00e7\u00e3o geogr\u00e1fica, fenologia e categorias de conserva\u00e7\u00e3o das esp\u00e9cies estudadas.<\/p>\n<p style=\"text-align: justify\"><strong>Palavras-chave<\/strong>:\u00a0Urticaceae, Taxonomia, Conserva\u00e7\u00e3o, Estado de S\u00e3o Paulo, Urtigas.<\/p>\n<hr align=\"center\" noshade=\"noshade\" size=\"1\" width=\"100%\" \/>\n<p style=\"text-align: center\"><a href=\"https:\/\/smastr16.blob.core.windows.net\/pgibt\/2013\/09\/Andre_Luiz_Gaglioti_MS.pdf\"><img decoding=\"async\" loading=\"lazy\" class=\"aligncenter wp-image-2313 size-full\" style=\"border: 0px\" src=\"https:\/\/smastr16.blob.core.windows.net\/pgibt\/2013\/09\/pdf_grande.gif\" alt=\"pdf_grande\" width=\"60\" height=\"60\" \/><\/a><a href=\"https:\/\/smastr16.blob.core.windows.net\/pgibt\/2013\/09\/Andre_Luiz_Gaglioti_MS.pdf\" target=\"_blank\" rel=\"noopener noreferrer\">Andr\u00e9 Luiz Gaglioti<br \/>\nUrticaceae Juss. no Estado de S\u00e3o Paulo, Brasil<\/a><\/p>\n<hr align=\"center\" noshade=\"noshade\" size=\"1\" width=\"100%\" \/>\n<p style=\"text-align: center\"><strong>\u00a0<a href=\"https:\/\/www.infraestruturameioambiente.sp.gov.br\/pgibt\/dissertacoesteses\/\">VOLTAR AS DISSERTA\u00c7\u00d5ES E TESES<\/a><\/strong><\/p>\n<hr align=\"center\" noshade=\"noshade\" size=\"1\" width=\"100%\" \/>\n","protected":false},"excerpt":{"rendered":"<p>Andr\u00e9 Luiz Gaglioti No dia 18 de janeiro de 2011, o aluno Andr\u00e9 Luiz Gaglioti (bolsista CNPq), do Programa de P\u00f3s Gradua\u00e7\u00e3o em Biodiversidade Vegetal e Meio Ambiente defendeu sua disserta\u00e7\u00e3o de mestrado intitulada \u201cUrticaceae Juss. no Estado de S\u00e3o Paulo, Brasil\u201d. A banca examinadora foi composta por seu orientador, Prof. Dr. Sergio Romaniuc Neto [&hellip;]<\/p>\n","protected":false},"author":1,"featured_media":0,"parent":249,"menu_order":0,"comment_status":"closed","ping_status":"closed","template":"","meta":[],"_links":{"self":[{"href":"https:\/\/www.infraestruturameioambiente.sp.gov.br\/pgibt\/wp-json\/wp\/v2\/pages\/914"}],"collection":[{"href":"https:\/\/www.infraestruturameioambiente.sp.gov.br\/pgibt\/wp-json\/wp\/v2\/pages"}],"about":[{"href":"https:\/\/www.infraestruturameioambiente.sp.gov.br\/pgibt\/wp-json\/wp\/v2\/types\/page"}],"author":[{"embeddable":true,"href":"https:\/\/www.infraestruturameioambiente.sp.gov.br\/pgibt\/wp-json\/wp\/v2\/users\/1"}],"replies":[{"embeddable":true,"href":"https:\/\/www.infraestruturameioambiente.sp.gov.br\/pgibt\/wp-json\/wp\/v2\/comments?post=914"}],"version-history":[{"count":1,"href":"https:\/\/www.infraestruturameioambiente.sp.gov.br\/pgibt\/wp-json\/wp\/v2\/pages\/914\/revisions"}],"predecessor-version":[{"id":7128,"href":"https:\/\/www.infraestruturameioambiente.sp.gov.br\/pgibt\/wp-json\/wp\/v2\/pages\/914\/revisions\/7128"}],"up":[{"embeddable":true,"href":"https:\/\/www.infraestruturameioambiente.sp.gov.br\/pgibt\/wp-json\/wp\/v2\/pages\/249"}],"wp:attachment":[{"href":"https:\/\/www.infraestruturameioambiente.sp.gov.br\/pgibt\/wp-json\/wp\/v2\/media?parent=914"}],"curies":[{"name":"wp","href":"https:\/\/api.w.org\/{rel}","templated":true}]}}