{"id":9078,"date":"2024-03-21T09:59:53","date_gmt":"2024-03-21T12:59:53","guid":{"rendered":"https:\/\/www.infraestruturameioambiente.sp.gov.br\/pgibt\/?page_id=9078"},"modified":"2024-03-21T10:42:59","modified_gmt":"2024-03-21T13:42:59","slug":"wesley-dias-gomes-ms","status":"publish","type":"page","link":"https:\/\/www.infraestruturameioambiente.sp.gov.br\/pgibt\/wesley-dias-gomes-ms\/","title":{"rendered":"Wesley Dias Gomes &#8211; MS"},"content":{"rendered":"<p><img decoding=\"async\" loading=\"lazy\" class=\"size-full wp-image-8353 aligncenter\" src=\"https:\/\/smastr16.blob.core.windows.net\/pgibt\/sites\/242\/2023\/01\/faixaposipa.jpg\" alt=\"\" width=\"950\" height=\"163\" srcset=\"https:\/\/smastr16.blob.core.windows.net\/pgibt\/sites\/242\/2023\/01\/faixaposipa.jpg 950w, https:\/\/smastr16.blob.core.windows.net\/pgibt\/sites\/242\/2023\/01\/faixaposipa-320x55.jpg 320w, https:\/\/smastr16.blob.core.windows.net\/pgibt\/sites\/242\/2023\/01\/faixaposipa-768x132.jpg 768w, https:\/\/smastr16.blob.core.windows.net\/pgibt\/sites\/242\/2023\/01\/faixaposipa-250x43.jpg 250w, https:\/\/smastr16.blob.core.windows.net\/pgibt\/sites\/242\/2023\/01\/faixaposipa-550x94.jpg 550w, https:\/\/smastr16.blob.core.windows.net\/pgibt\/sites\/242\/2023\/01\/faixaposipa-800x137.jpg 800w\" sizes=\"(max-width: 950px) 100vw, 950px\" \/><\/p>\n<hr align=\"center\" noshade=\"noshade\" size=\"1\" width=\"100%\" \/>\n<h2 style=\"text-align: center\"><span data-ogsc=\"black\"><b>Wesley Dias Gomes<br \/>\n<\/b><\/span><\/h2>\n<hr align=\"center\" noshade=\"noshade\" size=\"1\" width=\"100%\" \/>\n<p style=\"text-align: center\">Em 29 de setembro de 2023, Wesley Dias Gomes, aluno de mestrado do programa de P\u00f3s-Gradua\u00e7\u00e3o em Biodiversidade Vegetal e Meio Ambiente do Instituto de Pesquisas Ambientais IPA\u2013 SP., bolsista CAPES, defendeu sua disserta\u00e7\u00e3o de mestrado intitulada, \u201cArmazenamento e viabilidade com limita\u00e7\u00e3o h\u00eddrica em sementes de <em>Eugenia<\/em> spp. em diferentes temperaturas\u201d, no modo virtual.<\/p>\n<p style=\"text-align: center\"><img decoding=\"async\" loading=\"lazy\" class=\"aligncenter size-full wp-image-9079\" src=\"https:\/\/smastr16.blob.core.windows.net\/pgibt\/sites\/242\/2024\/03\/wesley_dias_gomes_ms.jpg\" alt=\"\" width=\"1000\" height=\"577\" srcset=\"https:\/\/smastr16.blob.core.windows.net\/pgibt\/sites\/242\/2024\/03\/wesley_dias_gomes_ms.jpg 1000w, https:\/\/smastr16.blob.core.windows.net\/pgibt\/sites\/242\/2024\/03\/wesley_dias_gomes_ms-320x185.jpg 320w, https:\/\/smastr16.blob.core.windows.net\/pgibt\/sites\/242\/2024\/03\/wesley_dias_gomes_ms-768x443.jpg 768w, https:\/\/smastr16.blob.core.windows.net\/pgibt\/sites\/242\/2024\/03\/wesley_dias_gomes_ms-250x144.jpg 250w, https:\/\/smastr16.blob.core.windows.net\/pgibt\/sites\/242\/2024\/03\/wesley_dias_gomes_ms-550x317.jpg 550w, https:\/\/smastr16.blob.core.windows.net\/pgibt\/sites\/242\/2024\/03\/wesley_dias_gomes_ms-800x462.jpg 800w, https:\/\/smastr16.blob.core.windows.net\/pgibt\/sites\/242\/2024\/03\/wesley_dias_gomes_ms-312x180.jpg 312w, https:\/\/smastr16.blob.core.windows.net\/pgibt\/sites\/242\/2024\/03\/wesley_dias_gomes_ms-520x300.jpg 520w, https:\/\/smastr16.blob.core.windows.net\/pgibt\/sites\/242\/2024\/03\/wesley_dias_gomes_ms-867x500.jpg 867w\" sizes=\"(max-width: 1000px) 100vw, 1000px\" \/>A banca examinadora foi presidida pelo seu orientador, Prof. Dr. Claudio Jos\u00e9 Barbedo (Instituto de Pesquisas Ambientais \u2013 IPA) e composta pela Prof\u00aa Dr\u00aa Carolina Brand\u00e3o Coelho (Centro Universit\u00e1rio da Funda\u00e7\u00e3o Santo Andr\u00e9 &#8211; CUFSA), e pelo Prof. Dr. Nelson Augusto dos Santos Junior (Instituto de Pesquisas Ambientais \u2013 IPA)<\/p>\n<p style=\"text-align: center\">As sementes de <em>Eugenia<\/em> spp. s\u00e3o dif\u00edceis de armazenar devido a sensibilidade \u00e0 desseca\u00e7\u00e3o, pois perdem a viabilidade quando submetidas a m\u00e9todos tradicionais de armazenamento, cuja secagem e baixas temperaturas s\u00e3o empregadas. Na tentativa de contornar esse desafio, algumas t\u00e9cnicas t\u00eam surgido, entre elas, destaca-se o condicionamento osm\u00f3tico.<\/p>\n<p style=\"text-align: center\">O sucesso dessa t\u00e9cnica \u00e9 poss\u00edvel atrav\u00e9s do controle h\u00eddrico nas sementes, contemplando as necessidades fisiol\u00f3gicas e diminuindo as altas taxas metab\u00f3licas. Ainda assim, a deteriora\u00e7\u00e3o continua sendo um grande problema, e a incid\u00eancia f\u00fangica \u00e9 outro agravante que se pode somar nesse processo.<\/p>\n<p style=\"text-align: center\">As \u00faltimas pesquisas relacionadas ao armazenamento de sementes <em>Eugenia<\/em> tem mostrado excelentes resultados, possibilitando estender significativamente o tempo de viabilidade durante o armazenamento, o que permitir\u00e1 futuramente a sua inser\u00e7\u00e3o em bancos de germoplasmas.<\/p>\n<hr align=\"center\" noshade=\"noshade\" size=\"1\" width=\"100%\" \/>\n<h3 style=\"text-align: center\">Armazenamento e viabilidade com limita\u00e7\u00e3o h\u00eddrica em sementes de <em>Eugenia<\/em> spp. em diferentes temperaturas<\/h3>\n<hr align=\"center\" noshade=\"noshade\" size=\"1\" width=\"100%\" \/>\n<h4 style=\"text-align: center\"><strong>ABSTRACT<\/strong><\/h4>\n<p style=\"text-align: justify\">The <em>ex situ<\/em> conservation of recalcitrant seeds has been one of the biggest challenges in seed technology. Different strategies have emerged in recent years and among these strategies, osmotic conditioning at controlled temperatures has demonstrated excellent results. Therefore, the objective of this work was to store recalcitrant seeds of <em>Eugenia uniflora <\/em>and <em>E. involucrata<\/em> through osmotic conditioning, in order to reduce the metabolism of these seeds and extend their storability. <em>E. uniflora<\/em> seeds were stored in air-conditioned chambers (BOD) at temperatures of 10 and 25 \u00b0C in PEG solutions at -0.5, -1.0 -1.5 and -2.0 MPa, in water distilled (0.0 MPa) and without moistening (control), during 3, 6 and 12 months and evaluated for moisture content, water potential, sanity, germination and normal seedling development at the end of each period. Those of <em>E. involucrata<\/em> were also stored under the same osmotic conditions, but only at 25 \u00b0C for 4 months. <em>E. uniflora<\/em> seeds were also evaluated for respiratory rates, simulating the storage conditions described previously. After evaluating and determining the results, a reduction in metabolism was observed in treatments with PEG, especially in the treatment at -2.0 MPa at both temperatures. The viability of <em>E. uniflora<\/em> seeds was maintained after 12 months with a high germination rate. The control treatment lost viability at 6 months at both temperatures. Temperature was decisive in reducing metabolism, and in seeds stored at 10 \u00b0C there was less release of CO2 compared to 25 \u00b0C. However, the seeds showed high viability rates at room temperature (25 \u00b0C) with 94% germination and 88% normal seedlings. Seeds of <em>E. involucrata<\/em> showed different results from <em>E. uniflora<\/em>, with the highest viability rate recorded when stored in distilled water (0.0 MPa). It was observed in both species of <em>Eugenia<\/em> spp. higher incidence of the genera <em>Penicillium <\/em>sp. and <em>Fusarium<\/em> sp.. However, it was not possible to attribute the drop in seed viability to these fungi, as despite acting in the seed deterioration process, they were too present in treatments whose seeds showed high rates of viability. In short, the reduction in metabolism allowed the seeds of <em>E. uniflora<\/em> to be stored for 12 months and <em>E. involucrata<\/em> for 4 months at room temperature (25 \u00b0C).<\/p>\n<p><strong>Key words:<\/strong> <em>ex situ<\/em> conservation, metabolism control, osmotic conditioning, recalcitrant seeds.<\/p>\n<h4 style=\"text-align: center\"><strong>RESUMO<\/strong><\/h4>\n<p style=\"text-align: justify\">A conserva\u00e7\u00e3o de sementes recalcitrantes <em>ex situ<\/em> tem sido um dos maiores desafios na tecnologia de sementes. Diferentes estrat\u00e9gias t\u00eam surgido nos \u00faltimos anos, e entre essas estrat\u00e9gias, o condicionamento osm\u00f3tico em temperaturas controladas tem demonstrado \u00f3timos resultados. Com isso, o objetivo deste trabalho foi armazenar sementes recalcitrantes de <em>Eugenia uniflora<\/em> e <em>E. involucrata<\/em> por interm\u00e9dio do condicionamento osm\u00f3tico, a fim de reduzir o metabolismo dessas sementes e estender o tempo de viabilidade. As sementes de <em>E. uniflora<\/em> foram armazenadas em c\u00e2maras climatizada (BOD) sob as temperaturas de 10 e 25 \u00b0C em solu\u00e7\u00f5es de PEG a -0,5, -1,0 -1,5 e -2,0 MPa, em \u00e1gua destilada (0,0 MPa) e sem umedecer (controle), durante o per\u00edodo de 3, 6 e 12 meses e avaliadas quanto o teor de umidade, potencial h\u00eddrico, sanidade, germina\u00e7\u00e3o e desenvolvimento de pl\u00e2ntulas normais ao final de cada per\u00edodo. As de <em>E. involucrata<\/em> tamb\u00e9m foram armazenadas nas mesmas condi\u00e7\u00f5es osm\u00f3ticas, por\u00e9m somente a 25 \u00b0C por 4 meses. Sementes de <em>E. uniflora<\/em> foram avaliadas, ainda, quanto \u00e0s taxas respirat\u00f3rias, simulando as condi\u00e7\u00f5es de armazenamento descritas anteriormente. Ap\u00f3s a avalia\u00e7\u00e3o e apura\u00e7\u00e3o dos resultados, observou-se redu\u00e7\u00e3o do metabolismo nos tratamentos com PEG, sobretudo no tratamento a -2,0 MPa em ambas as temperaturas. Houve a manuten\u00e7\u00e3o da viabilidade das sementes de <em>E. uniflora<\/em> aos 12 meses com alto \u00edndice de germina\u00e7\u00e3o. O controle perdeu a viabilidade aos 6 meses em ambas as temperaturas. A temperatura foi determinante na redu\u00e7\u00e3o do metabolismo, e em sementes armazenadas a 10 \u00b0C houve menor libera\u00e7\u00e3o de CO2 se comparado a 25 \u00b0C. Contudo, as sementes apresentaram altas taxas de viabilidade em temperatura ambiente (25 \u00b0C) com 94 % de germina\u00e7\u00e3o e 88% de pl\u00e2ntulas normais. Sementes de <em>E. involucrata <\/em>apresentaram resultados distintos de <em>E. uniflora<\/em>, com a maior taxa de viabilidade registrada no armazenamento em \u00e1gua destilada (0,0 MPa). Foi observado em ambas as esp\u00e9cies de<em> Eugenia<\/em> spp. maior incid\u00eancia dos os g\u00eaneros<em> Penicillium<\/em> sp. e <em>Fusarium<\/em> sp.. Entretanto, n\u00e3o foi poss\u00edvel atribuir a queda da viabilidade das sementes a esses fungos, pois apesar de atuarem no processo de deteriora\u00e7\u00e3o de sementes, eles estavam presentes demasiadamente em tratamentos cujas sementes apresentavam elevadas taxas de viabilidade. Em suma, a redu\u00e7\u00e3o do metabolismo permitiu armazenar as sementes de <em>E. uniflora<\/em> por 12 meses e <em>E. involucrata<\/em> por 4 meses em temperatura ambiente (25 \u00b0C).<\/p>\n<p><strong>Palavras-chave:<\/strong> conserva\u00e7\u00e3o <em>ex situ<\/em>, controle do metabolismo, condicionamento osm\u00f3tico, sementes recalcitrantes.<\/p>\n<hr align=\"center\" noshade=\"noshade\" size=\"1\" width=\"100%\" \/>\n<p style=\"text-align: center\"><a href=\"https:\/\/smastr16.blob.core.windows.net\/pgibt\/sites\/242\/2024\/03\/wesley_dias_gomes_ms.pdf\"><img decoding=\"async\" loading=\"lazy\" class=\"aligncenter\" src=\"https:\/\/smastr16.blob.core.windows.net\/pgibt\/2013\/09\/pdf_grande.gif\" alt=\"pdf_grande\" width=\"60\" height=\"60\" \/><\/a><a href=\"https:\/\/smastr16.blob.core.windows.net\/pgibt\/sites\/242\/2024\/03\/wesley_dias_gomes_ms.pdf\"><strong><span data-ogsc=\"black\"><b>Wesley Dias Gomes<\/b><\/span><\/strong><\/a><br \/>\n<a href=\"https:\/\/smastr16.blob.core.windows.net\/pgibt\/sites\/242\/2024\/03\/wesley_dias_gomes_ms.pdf\">Armazenamento e viabilidade com limita\u00e7\u00e3o h\u00eddrica em sementes de <em>Eugenia<\/em> spp. em diferentes temperaturas<\/a><\/p>\n<hr align=\"center\" noshade=\"noshade\" size=\"1\" width=\"100%\" \/>\n<p style=\"text-align: center\"><strong>\u00a0<a href=\"www.infraestruturameioambiente.sp.gov.br\/pgibt\/dissertacoesteses\/\">VOLTAR AS DISSERTA\u00c7\u00d5ES E TESES<\/a><\/strong><\/p>\n<hr align=\"center\" noshade=\"noshade\" size=\"1\" width=\"100%\" \/>\n","protected":false},"excerpt":{"rendered":"<p>Wesley Dias Gomes Em 29 de setembro de 2023, Wesley Dias Gomes, aluno de mestrado do programa de P\u00f3s-Gradua\u00e7\u00e3o em Biodiversidade Vegetal e Meio Ambiente do Instituto de Pesquisas Ambientais IPA\u2013 SP., bolsista CAPES, defendeu sua disserta\u00e7\u00e3o de mestrado intitulada, \u201cArmazenamento e viabilidade com limita\u00e7\u00e3o h\u00eddrica em sementes de Eugenia spp. em diferentes temperaturas\u201d, no [&hellip;]<\/p>\n","protected":false},"author":187,"featured_media":0,"parent":0,"menu_order":0,"comment_status":"closed","ping_status":"closed","template":"","meta":[],"_links":{"self":[{"href":"https:\/\/www.infraestruturameioambiente.sp.gov.br\/pgibt\/wp-json\/wp\/v2\/pages\/9078"}],"collection":[{"href":"https:\/\/www.infraestruturameioambiente.sp.gov.br\/pgibt\/wp-json\/wp\/v2\/pages"}],"about":[{"href":"https:\/\/www.infraestruturameioambiente.sp.gov.br\/pgibt\/wp-json\/wp\/v2\/types\/page"}],"author":[{"embeddable":true,"href":"https:\/\/www.infraestruturameioambiente.sp.gov.br\/pgibt\/wp-json\/wp\/v2\/users\/187"}],"replies":[{"embeddable":true,"href":"https:\/\/www.infraestruturameioambiente.sp.gov.br\/pgibt\/wp-json\/wp\/v2\/comments?post=9078"}],"version-history":[{"count":2,"href":"https:\/\/www.infraestruturameioambiente.sp.gov.br\/pgibt\/wp-json\/wp\/v2\/pages\/9078\/revisions"}],"predecessor-version":[{"id":9083,"href":"https:\/\/www.infraestruturameioambiente.sp.gov.br\/pgibt\/wp-json\/wp\/v2\/pages\/9078\/revisions\/9083"}],"wp:attachment":[{"href":"https:\/\/www.infraestruturameioambiente.sp.gov.br\/pgibt\/wp-json\/wp\/v2\/media?parent=9078"}],"curies":[{"name":"wp","href":"https:\/\/api.w.org\/{rel}","templated":true}]}}