{"id":907,"date":"2013-09-17T16:08:46","date_gmt":"2013-09-17T19:08:46","guid":{"rendered":"https:\/\/www.infraestruturameioambiente.sp.gov.br\/pgibt\/?page_id=907"},"modified":"2019-09-24T11:30:17","modified_gmt":"2019-09-24T14:30:17","slug":"2011-allan-carlos","status":"publish","type":"page","link":"https:\/\/www.infraestruturameioambiente.sp.gov.br\/pgibt\/dissertacoesteses\/2011-allan-carlos\/","title":{"rendered":"Allan Carlos Pscheidt MS"},"content":{"rendered":"<h2 style=\"text-align: center\"><a href=\"https:\/\/smastr16.blob.core.windows.net\/pgibt\/2015\/02\/faixapos6.jpg\"><img decoding=\"async\" loading=\"lazy\" class=\"aligncenter size-full wp-image-3777\" style=\"border: 0px\" src=\"https:\/\/smastr16.blob.core.windows.net\/pgibt\/2015\/02\/faixapos6.jpg\" alt=\"faixapos6\" width=\"950\" height=\"163\" srcset=\"https:\/\/smastr16.blob.core.windows.net\/pgibt\/2015\/02\/faixapos6.jpg 950w, https:\/\/smastr16.blob.core.windows.net\/pgibt\/2015\/02\/faixapos6-768x131.jpg 768w\" sizes=\"(max-width: 950px) 100vw, 950px\" \/><\/a><\/h2>\n<hr align=\"center\" noshade=\"noshade\" size=\"1\" width=\"100%\" \/>\n<h2 style=\"text-align: center\">Allan Carlos Pscheidt<\/h2>\n<hr align=\"center\" noshade=\"noshade\" size=\"1\" width=\"100%\" \/>\n<hr align=\"center\" noshade=\"noshade\" size=\"1\" width=\"100%\" \/>\n<h3 style=\"text-align: center\">A Tribo Hippomaneae A. Juss. ex Bartl. (Euphorbiaceae s.s.) no Estado de S\u00e3o Paulo<\/h3>\n<hr align=\"center\" noshade=\"noshade\" size=\"1\" width=\"100%\" \/>\n<h4 style=\"text-align: center\"><strong>RESUMO<\/strong><\/h4>\n<p style=\"text-align: justify\">O estudo da tribo Hippomaneae A. Juss. ex Bartl. (Euphorbiaceae\u00a0<em>s.s.<\/em>) no Estado de S\u00e3o Paulo \u00e9 parte integrante do projeto \u201cFlora Fanerog\u00e2mica do Estado de S\u00e3o Paulo\u201d. Os nove g\u00eaneros de Hippomaneae encontrados no Estado de S\u00e3o Paulo possuem esp\u00e9cies nas florestas ombr\u00f3filas e mes\u00f3filas, cerrados e campos:\u00a0<em>Actinostemon<\/em>\u00a0Mart. ex Klotzsch possui quatro esp\u00e9cies:\u00a0<em>A. concepcionis<\/em>(Chodat &amp; Hassl.) Hochr.,\u00a0<em>A. concolor<\/em><strong>\u00a0<\/strong>(Spreng.) M\u00fcll. Arg.,\u00a0<em>A. klotzschii<\/em>\u00a0(Didr.) Pax e\u00a0<em>A. verticillatus<\/em>\u00a0(Klotzsch) Baill.\u00a0<em>Gymnanthes<\/em>\u00a0Sw. inclui v\u00e1rias das esp\u00e9cies brasileiras tratadas tradicionalmente no g\u00eanero\u00a0<em>Sebastiania\u00a0<\/em>Spreng., possui quatro esp\u00e9cies:\u00a0<em>G. klotzschiana<\/em>\u00a0M\u00fcll. Arg.,\u00a0<em>G. membranifolia<\/em>\u00a0(M\u00fcll. Arg.) Cordeiro &amp; Pscheidt,\u00a0<em>G. multiramea<\/em>\u00a0(Klotzsch) M\u00fcll. Arg. e\u00a0<em>G.\u00a0<\/em><em>schottiana<\/em><strong>\u00a0<\/strong>M\u00fcll. Arg.\u00a0<em>Mabea\u00a0<\/em>Aubl. est\u00e1 representado no Estado de S\u00e3o Paulo por duas esp\u00e9cies:\u00a0<em>M. fistulifera\u00a0<\/em>Mart. e\u00a0<em>M. piriri\u00a0<\/em>Aubl.\u00a0<em>Maprounea\u00a0<\/em>Aubl. est\u00e1 representada apenas por:\u00a0<em>M. guianensis\u00a0<\/em>Aubl.\u00a0<em>Microstachys<\/em>\u00a0A. Juss., segundo sua \u00faltima circunscri\u00e7\u00e3o, est\u00e1 representado por cinco esp\u00e9cies extremamente polim\u00f3rficas:\u00a0<em>M. bidentata<\/em>\u00a0(Mart. &amp; Zucc.) Esser,\u00a0<em>M. corniculata<\/em>\u00a0(Vahl) Griseb.,\u00a0<em>M. daphnoides<\/em><strong>\u00a0<\/strong>(Mart.) M\u00fcll. Arg.,\u00a0<em>M. hispida\u00a0<\/em>(Mart.) Govaerts e\u00a0<em>M. serrulata<\/em>\u00a0(Mart.) M\u00fcll. Arg.\u00a0<em>Sapium<\/em>\u00a0Jacq. est\u00e1 representado por tr\u00eas esp\u00e9cies:\u00a0<em>S. glandulosum\u00a0<\/em>(L.) Morong,\u00a0<em>S. obovatum\u00a0<\/em>Klotzsch ex M\u00fcll. Arg. e\u00a0<em>S. sellowianum\u00a0<\/em>(M\u00fcll. Arg.) Klotzsch ex Baill. Em sua atual circunscri\u00e7\u00e3o,\u00a0<em>Sebastiania<\/em>\u00a0possui apenas uma \u00fanica esp\u00e9cie no Estado de S\u00e3o Paulo:\u00a0<em>S. brasiliensis\u00a0<\/em>Spreng.\u00a0<em>Senefeldera<\/em>\u00a0Mart. est\u00e1 representada apenas por\u00a0<em>S. verticillata\u00a0<\/em>(Vell.) Croizat. e\u00a0<em>Stillingia<\/em>Garden ex L. por\u00a0<em>S. oppositifolia<\/em>\u00a0Baill. ex M\u00fcll. Arg. O presente estudo inclui uma descri\u00e7\u00e3o da tribo Hippomaneae, chave para os g\u00eaneros e esp\u00e9cies no Estado de S\u00e3o Paulo, descri\u00e7\u00e3o das esp\u00e9cies, cita\u00e7\u00e3o das cole\u00e7\u00f5es examinadas, ilustra\u00e7\u00f5es de detalhes morfol\u00f3gicos de import\u00e2ncia diagn\u00f3stica e coment\u00e1rios sobre a taxonomia e distribui\u00e7\u00e3o geogr\u00e1fica das esp\u00e9cies.<\/p>\n<hr align=\"center\" noshade=\"noshade\" size=\"1\" width=\"100%\" \/>\n<p style=\"text-align: center\"><a href=\"https:\/\/smastr16.blob.core.windows.net\/pgibt\/2013\/09\/Allan_Carlos_Pscheidt_MS.pdf\"><img decoding=\"async\" loading=\"lazy\" class=\"aligncenter wp-image-2313 size-full\" style=\"border: 0px\" src=\"https:\/\/smastr16.blob.core.windows.net\/pgibt\/2013\/09\/pdf_grande.gif\" alt=\"pdf_grande\" width=\"60\" height=\"60\" \/><\/a><a href=\"https:\/\/smastr16.blob.core.windows.net\/pgibt\/2013\/09\/Allan_Carlos_Pscheidt_MS.pdf\" target=\"_blank\" rel=\"noopener noreferrer\">Allan Carlos Pscheidt<br \/>\nA Tribo Hippomaneae A. Juss. ex Bartl. (Euphorbiaceae s.s.) no Estado de S\u00e3o Paulo<\/a><\/p>\n<hr align=\"center\" noshade=\"noshade\" size=\"1\" width=\"100%\" \/>\n<p style=\"text-align: center\"><strong>\u00a0<a href=\"https:\/\/www.infraestruturameioambiente.sp.gov.br\/pgibt\/dissertacoesteses\/\">VOLTAR AS DISSERTA\u00c7\u00d5ES E TESES<\/a><\/strong><\/p>\n<hr align=\"center\" noshade=\"noshade\" size=\"1\" width=\"100%\" \/>\n","protected":false},"excerpt":{"rendered":"<p>Allan Carlos Pscheidt A Tribo Hippomaneae A. Juss. ex Bartl. (Euphorbiaceae s.s.) no Estado de S\u00e3o Paulo RESUMO O estudo da tribo Hippomaneae A. Juss. ex Bartl. (Euphorbiaceae\u00a0s.s.) no Estado de S\u00e3o Paulo \u00e9 parte integrante do projeto \u201cFlora Fanerog\u00e2mica do Estado de S\u00e3o Paulo\u201d. Os nove g\u00eaneros de Hippomaneae encontrados no Estado de S\u00e3o [&hellip;]<\/p>\n","protected":false},"author":1,"featured_media":0,"parent":249,"menu_order":0,"comment_status":"closed","ping_status":"closed","template":"","meta":[],"_links":{"self":[{"href":"https:\/\/www.infraestruturameioambiente.sp.gov.br\/pgibt\/wp-json\/wp\/v2\/pages\/907"}],"collection":[{"href":"https:\/\/www.infraestruturameioambiente.sp.gov.br\/pgibt\/wp-json\/wp\/v2\/pages"}],"about":[{"href":"https:\/\/www.infraestruturameioambiente.sp.gov.br\/pgibt\/wp-json\/wp\/v2\/types\/page"}],"author":[{"embeddable":true,"href":"https:\/\/www.infraestruturameioambiente.sp.gov.br\/pgibt\/wp-json\/wp\/v2\/users\/1"}],"replies":[{"embeddable":true,"href":"https:\/\/www.infraestruturameioambiente.sp.gov.br\/pgibt\/wp-json\/wp\/v2\/comments?post=907"}],"version-history":[{"count":1,"href":"https:\/\/www.infraestruturameioambiente.sp.gov.br\/pgibt\/wp-json\/wp\/v2\/pages\/907\/revisions"}],"predecessor-version":[{"id":7127,"href":"https:\/\/www.infraestruturameioambiente.sp.gov.br\/pgibt\/wp-json\/wp\/v2\/pages\/907\/revisions\/7127"}],"up":[{"embeddable":true,"href":"https:\/\/www.infraestruturameioambiente.sp.gov.br\/pgibt\/wp-json\/wp\/v2\/pages\/249"}],"wp:attachment":[{"href":"https:\/\/www.infraestruturameioambiente.sp.gov.br\/pgibt\/wp-json\/wp\/v2\/media?parent=907"}],"curies":[{"name":"wp","href":"https:\/\/api.w.org\/{rel}","templated":true}]}}