{"id":904,"date":"2013-09-17T16:04:59","date_gmt":"2013-09-17T19:04:59","guid":{"rendered":"https:\/\/www.infraestruturameioambiente.sp.gov.br\/pgibt\/?page_id=904"},"modified":"2013-09-17T16:04:59","modified_gmt":"2013-09-17T19:04:59","slug":"2011-alexandre-indriunas","status":"publish","type":"page","link":"https:\/\/www.infraestruturameioambiente.sp.gov.br\/pgibt\/dissertacoesteses\/2011-alexandre-indriunas\/","title":{"rendered":"Alexandre Indriunas MS"},"content":{"rendered":"<h2 style=\"text-align: center\"><a href=\"https:\/\/smastr16.blob.core.windows.net\/pgibt\/2015\/02\/faixapos6.jpg\"><img decoding=\"async\" loading=\"lazy\" class=\"aligncenter size-full wp-image-3777\" style=\"border: 0px\" alt=\"faixapos6\" src=\"https:\/\/smastr16.blob.core.windows.net\/pgibt\/2015\/02\/faixapos6.jpg\" width=\"950\" height=\"163\" srcset=\"https:\/\/smastr16.blob.core.windows.net\/pgibt\/2015\/02\/faixapos6.jpg 950w, https:\/\/smastr16.blob.core.windows.net\/pgibt\/2015\/02\/faixapos6-768x131.jpg 768w\" sizes=\"(max-width: 950px) 100vw, 950px\" \/><\/a><\/h2>\n<hr align=\"center\" noshade=\"noshade\" size=\"1\" width=\"100%\" \/>\n<h2 style=\"text-align: center\">Alexandre Indriunas<\/h2>\n<hr align=\"center\" noshade=\"noshade\" size=\"1\" width=\"100%\" \/>\n<p style=\"text-align: center\">No dia 26 de abril de 2011, o aluno Alexandre Indriunas (bolsista CNPq), do curso de p\u00f3s-gradua\u00e7\u00e3o em Biodiversidade Vegetal e Meio Ambiente do Instituto de Bot\u00e2nica (IBt), defendeu sua disserta\u00e7\u00e3o de mestrado intitulada<br \/>\n\u201cRevis\u00e3o taxon\u00f4mica de<em>\u00a0Herpetacanthus<\/em>\u00a0Nees (Acanthaceae)\u201d<\/p>\n<p style=\"text-align: center\">A banca examinadora foi composta pelos profs. Dra. Cintia Kameyama (orientadora IBt),\u00a0Dr. Jos\u00e9 Rubens Pirani (USP) e Dra. Denise Monte Braz (UFRRJ).<\/p>\n<hr align=\"center\" noshade=\"noshade\" size=\"1\" width=\"100%\" \/>\n<h3 style=\"text-align: center\">Revis\u00e3o taxon\u00f4mica de\u00a0<em>Herpetacanthus\u00a0<\/em>Nees (Acanthaceae)<\/h3>\n<hr align=\"center\" noshade=\"noshade\" size=\"1\" width=\"100%\" \/>\n<h4 style=\"text-align: center\"><strong>RESUMO<\/strong><\/h4>\n<p style=\"text-align: justify\">O g\u00eanero<em> Herpetacanthus<\/em> Nees ex Moric. re\u00fane 18 esp\u00e9cies neotropicais, sendo 13 encontradas em Mata Atl\u00e2ntica do sul do Estado de S\u00e3o Paulo ao sul da Bahia; uma em Mata de Cip\u00f3 no Estado da Bahia; duas na regi\u00e3o amaz\u00f4nica (Brasil, Bol\u00edvia, Col\u00f4mbia, Equador e Peru) e duas na Am\u00e9rica Central (Costa Rica, Honduras, Nicar\u00e1gua e Panam\u00e1). Herpetacanthus atualmente est\u00e1 inserido na subfam\u00edlia Acanthoideae, tribo Ruellieae, subtribo Justiciinae na classifica\u00e7\u00e3o de Scotland &amp; Vollesen, ou tribo Justiciae segundo McDade et al. O g\u00eanero compreende esp\u00e9cies subarbustivas a arbustivas, geralmente anisof\u00edlicas, sendo distinguida das demais Acanthaceae pelo c\u00e1lice com cinco segmentos subiguais, corola bilabiada, geralmente com o l\u00e1bio superior bilabiado e o inferior trilobado; quatro estames did\u00ednamos, os anteriores mais longo com anteras bitecas, as tecas inseridas em alturas diferentes do conectivo, e os posteriores mais curtos com anteras monotecas; espigas ou tirsos secundifloros com duas linhas adjacentes de br\u00e1cteas f\u00e9rteis e duas de br\u00e1cteas est\u00e9reis, onde as br\u00e1cteas est\u00e9reis est\u00e3o deslocadas de seus pares em dire\u00e7\u00e3o ao \u00e1pice e horizontalmente mais pr\u00f3ximas das br\u00e1cteas f\u00e9rteis subsequentes, resultando em um arranjo peculiar; a cleistogamia \u00e9 relativamente freq\u00fcente no g\u00eanero. O presente trabalho teve por objetivo a realiza\u00e7\u00e3o da revis\u00e3o taxon\u00f4mica de Herpetacanthus. O tratamento taxon\u00f4mico foi baseado na an\u00e1lise de material herborizado proveniente de 27 herb\u00e1rios nacionais e internacionais, incluindo tipos nomenclaturais ou suas imagens digitalizadas, em observa\u00e7\u00f5es no campo e acompanhamento de plantas cultivadas. O estudo resultou na descoberta de nove novas esp\u00e9cies, al\u00e9m da proposta de seis lectotipifica\u00e7\u00f5es e uma neotipifica\u00e7\u00e3o O trabalho \u00e9 apresentado em dois cap\u00edtulos correspondentes aos manuscritos tais quais ser\u00e3o submetidos para publica\u00e7\u00e3o, um sobre as novas esp\u00e9cies da Floresta Atl\u00e2ntica e o outro, uma sinopse para o g\u00eanero, com dados sobre a morfologia, chave de identifica\u00e7\u00e3o para as esp\u00e9cies, descri\u00e7\u00f5es diagn\u00f3sticas de cada uma delas, ilustra\u00e7\u00f5es, dados de distribui\u00e7\u00e3o geogr\u00e1fica, ecologia e fenologia, coment\u00e1rios taxon\u00f4micos e nomenclaturais.\u00a0<strong><\/strong><\/p>\n<p>Palavras-chave:\u00a0Justiciinae, Justiciae, regi\u00e3o neotropical<\/p>\n<hr align=\"center\" noshade=\"noshade\" size=\"1\" width=\"100%\" \/>\n<p style=\"text-align: center\"><a href=\"https:\/\/smastr16.blob.core.windows.net\/pgibt\/2013\/09\/pdf_grande.gif\"><img decoding=\"async\" loading=\"lazy\" class=\"aligncenter size-full wp-image-2313\" style=\"border: 0px\" alt=\"pdf_grande\" src=\"https:\/\/smastr16.blob.core.windows.net\/pgibt\/2013\/09\/pdf_grande.gif\" width=\"60\" height=\"60\" \/><\/a><a href=\"https:\/\/smastr16.blob.core.windows.net\/pgibt\/2013\/09\/Alexande_Indriunas_MS.pdf\" target=\"_blank\">Alexandre Indriunas<br \/>\nRevis\u00e3o taxon\u00f4mica de <em>Herpetacanthus<\/em> Nees (Acanthaceae)<\/a><\/p>\n<hr align=\"center\" noshade=\"noshade\" size=\"1\" width=\"100%\" \/>\n<p style=\"text-align: center\"><strong>\u00a0<a href=\"https:\/\/www.infraestruturameioambiente.sp.gov.br\/pgibt\/dissertacoesteses\/\">VOLTAR AS DISSERTA\u00c7\u00d5ES E TESES<\/a><\/strong><\/p>\n<hr align=\"center\" noshade=\"noshade\" size=\"1\" width=\"100%\" \/>\n","protected":false},"excerpt":{"rendered":"<p>Alexandre Indriunas No dia 26 de abril de 2011, o aluno Alexandre Indriunas (bolsista CNPq), do curso de p\u00f3s-gradua\u00e7\u00e3o em Biodiversidade Vegetal e Meio Ambiente do Instituto de Bot\u00e2nica (IBt), defendeu sua disserta\u00e7\u00e3o de mestrado intitulada \u201cRevis\u00e3o taxon\u00f4mica de\u00a0Herpetacanthus\u00a0Nees (Acanthaceae)\u201d A banca examinadora foi composta pelos profs. Dra. Cintia Kameyama (orientadora IBt),\u00a0Dr. Jos\u00e9 Rubens Pirani [&hellip;]<\/p>\n","protected":false},"author":1,"featured_media":0,"parent":249,"menu_order":0,"comment_status":"closed","ping_status":"closed","template":"fullpage.php","meta":[],"_links":{"self":[{"href":"https:\/\/www.infraestruturameioambiente.sp.gov.br\/pgibt\/wp-json\/wp\/v2\/pages\/904"}],"collection":[{"href":"https:\/\/www.infraestruturameioambiente.sp.gov.br\/pgibt\/wp-json\/wp\/v2\/pages"}],"about":[{"href":"https:\/\/www.infraestruturameioambiente.sp.gov.br\/pgibt\/wp-json\/wp\/v2\/types\/page"}],"author":[{"embeddable":true,"href":"https:\/\/www.infraestruturameioambiente.sp.gov.br\/pgibt\/wp-json\/wp\/v2\/users\/1"}],"replies":[{"embeddable":true,"href":"https:\/\/www.infraestruturameioambiente.sp.gov.br\/pgibt\/wp-json\/wp\/v2\/comments?post=904"}],"version-history":[{"count":0,"href":"https:\/\/www.infraestruturameioambiente.sp.gov.br\/pgibt\/wp-json\/wp\/v2\/pages\/904\/revisions"}],"up":[{"embeddable":true,"href":"https:\/\/www.infraestruturameioambiente.sp.gov.br\/pgibt\/wp-json\/wp\/v2\/pages\/249"}],"wp:attachment":[{"href":"https:\/\/www.infraestruturameioambiente.sp.gov.br\/pgibt\/wp-json\/wp\/v2\/media?parent=904"}],"curies":[{"name":"wp","href":"https:\/\/api.w.org\/{rel}","templated":true}]}}