{"id":899,"date":"2013-09-17T15:54:45","date_gmt":"2013-09-17T18:54:45","guid":{"rendered":"https:\/\/www.infraestruturameioambiente.sp.gov.br\/pgibt\/?page_id=899"},"modified":"2013-09-17T15:54:45","modified_gmt":"2013-09-17T18:54:45","slug":"2012-watson-arantes-gama-jr","status":"publish","type":"page","link":"https:\/\/www.infraestruturameioambiente.sp.gov.br\/pgibt\/dissertacoesteses\/2012-watson-arantes-gama-jr\/","title":{"rendered":"Watson Arantes Gama J\u00fanior MS"},"content":{"rendered":"<h2 style=\"text-align: center\"><a href=\"https:\/\/smastr16.blob.core.windows.net\/pgibt\/2015\/02\/faixapos6.jpg\"><img decoding=\"async\" loading=\"lazy\" class=\"aligncenter size-full wp-image-3777\" style=\"border: 0px\" alt=\"faixapos6\" src=\"https:\/\/smastr16.blob.core.windows.net\/pgibt\/2015\/02\/faixapos6.jpg\" width=\"950\" height=\"163\" srcset=\"https:\/\/smastr16.blob.core.windows.net\/pgibt\/2015\/02\/faixapos6.jpg 950w, https:\/\/smastr16.blob.core.windows.net\/pgibt\/2015\/02\/faixapos6-768x131.jpg 768w\" sizes=\"(max-width: 950px) 100vw, 950px\" \/><\/a><\/h2>\n<hr align=\"center\" noshade=\"noshade\" size=\"1\" width=\"100%\" \/>\n<h2 style=\"text-align: center\">Watson Arantes Gama J\u00fanior<\/h2>\n<hr align=\"center\" noshade=\"noshade\" size=\"1\" width=\"100%\" \/>\n<p style=\"text-align: center\">No dia 14 de mar\u00e7o de 2012, o aluno Watson Arantes Gama J\u00fanior (bolsista CAPES) do Programa de P\u00f3s Gradua\u00e7\u00e3o em Biodiversidade Vegetal e Meio Ambiente defendeu sua disserta\u00e7\u00e3o de mestrado intitulada<br \/>\n\u201cCianobact\u00e9rias unicelulares e coloniais de ambientes terrestres de \u00e1reas da Mata Atl\u00e2ntica no estado de S\u00e3o Paulo, Brasil\u201d.<\/p>\n<div id=\"attachment_900\" style=\"width: 397px\" class=\"wp-caption aligncenter\"><a href=\"https:\/\/smastr16.blob.core.windows.net\/pgibt\/2013\/09\/watson-1.jpg\"><img aria-describedby=\"caption-attachment-900\" decoding=\"async\" loading=\"lazy\" class=\"size-full wp-image-900\" alt=\"A banca examinadora foi composta pela orientadora, Dra. C\u00e9lia Leite Sant\u2019Anna (N\u00facleo de Pesquisa em Ficologia \/IBt),\u00a0Dra. Vera Regina Werner (Funda\u00e7\u00e3o Zoobot\u00e2nica do Rio Grande do Sul) e Dr. Luis Henrique Zanini Branco (UNESP - S\u00e3o Jos\u00e9 do Rio Preto). \" src=\"https:\/\/smastr16.blob.core.windows.net\/pgibt\/2013\/09\/watson-1.jpg\" width=\"387\" height=\"282\" \/><\/a><p id=\"caption-attachment-900\" class=\"wp-caption-text\">A banca examinadora foi composta pela orientadora, Dra. C\u00e9lia Leite Sant\u2019Anna (N\u00facleo de Pesquisa em Ficologia \/IBt),\u00a0Dra. Vera Regina Werner (Funda\u00e7\u00e3o Zoobot\u00e2nica do Rio Grande do Sul) e Dr. Luis Henrique Zanini Branco (UNESP &#8211; S\u00e3o Jos\u00e9 do Rio Preto).<\/p><\/div>\n<hr align=\"center\" noshade=\"noshade\" size=\"1\" width=\"100%\" \/>\n<h3 style=\"text-align: center\">Cianobact\u00e9rias unicelulares e coloniais de ambientes terrestres de \u00e1reas da Mata Atl\u00e2ntica no estado de S\u00e3o Paulo, Brasil<\/h3>\n<hr align=\"center\" noshade=\"noshade\" size=\"1\" width=\"100%\" \/>\n<h4 style=\"text-align: center\"><strong>RESUMO<\/strong><\/h4>\n<p style=\"text-align: justify\">A Mata Atl\u00e2ntica \u00e9 um dos biomas mais ricos do planeta em diversidade biol\u00f3gica, possuindo grande n\u00famero de esp\u00e9cies end\u00eamicas. Contudo, ao longo da coloniza\u00e7\u00e3o e urbaniza\u00e7\u00e3o do Brasil este bioma foi amplamente devastado, sendo que atualmente, os 7% de \u00e1reas restantes est\u00e3o fragmentados em unidades de conserva\u00e7\u00e3o. Isso torna premente o estudo de sua biota, antes que esp\u00e9cies sejam extintas sem ao menos terem sido conhecidas. Embora as cianobact\u00e9rias sejam amplamente registradas em ambientes aqu\u00e1ticos, muitas tamb\u00e9m s\u00e3o encontradas em ambientes e substratos terrestres como solos, rochas e cascas de \u00e1rvores formando os biofilmes, que s\u00e3o extremamente abundantes na Mata Atl\u00e2ntica. Em rela\u00e7\u00e3o \u00e0 composi\u00e7\u00e3o destes biofilmes, \u00e9 muito comum encontrar-se cianobact\u00e9rias unicelulares e coloniais, tamb\u00e9m denominadas coc\u00f3ides, juntamente com fungos, bact\u00e9rias e protozo\u00e1rios. Contudo, as cianobact\u00e9rias coc\u00f3ides possuem complexa taxonomia, principalmente por apresentarem ciclos de vida com diversos morfotipos e caracter\u00edsticas diacr\u00edticas n\u00e3o facilmente reconhecidas na pr\u00e1tica. Al\u00e9m disso, estudos espec\u00edficos voltados \u00e0 taxonomia das coc\u00f3ides s\u00e3o raros, principalmente em rela\u00e7\u00e3o a ambientes terrestres de zonas tropicais. Desta forma, o presente estudo busca ampliar o conhecimento sobre as cianobact\u00e9rias unicelulares e coloniais com base no estudo de microambientes terrestres de \u00e1reas de Mata Atl\u00e2ntica no estado de S\u00e3o Paulo. Ao todo foram analisadas 264 amostras coletadas em \u00e1reas florestais conservadas de Mata Atl\u00e2ntica ao longo da faixa litor\u00e2nea do estado de S\u00e3o Paulo e Serra do Mar. Todas as amostras contendo representantes de cianobact\u00e9rias coc\u00f3ides est\u00e3o depositadas no Herb\u00e1rio do Instituto de Bot\u00e2nica (SP). As popula\u00e7\u00f5es encontradas foram analisadas em microsc\u00f3pio \u00f3tico Zeiss, modelo Axioplan-2 e, quando poss\u00edvel, isoladas em cultura utilizando-se os meios ASM-1 e BG11. As an\u00e1lises moleculares foram realizadas com base na obten\u00e7\u00e3o de sequ\u00eancias do gene codificante do RNAr 16S e as constru\u00e7\u00f5es filogen\u00e9ticas foram feitas por compara\u00e7\u00f5es destas sequ\u00eancias com outras depositadas em bancos p\u00fablicos, utilizando-se o m\u00e9todo de m\u00e1xima verossimilhan\u00e7a. Ao todo, foram registrados 61 t\u00e1xons de cianobact\u00e9rias coc\u00f3ides, sendo que destes 27 esp\u00e9cies foram confirmadas, 11 foram mantidas em cf., uma em aff., 21 tiveram a identidade gen\u00e9rica confirmada e uma foi identificada na categoria de fam\u00edlia. Al\u00e9m disso, 21 novas ocorr\u00eancias de esp\u00e9cies e quatro g\u00eaneros foram citados pela primeira vez para o estado de S\u00e3o Paulo. Em rela\u00e7\u00e3o \u00e0s an\u00e1lises moleculares e filogen\u00e9ticas, tr\u00eas linhagens foram estudadas e todas diferiram circunstancialmente das linhagens depositadas em bancos p\u00fablicos . Todos estes dados demonstram o grande potencial de biodiversidade das cianobact\u00e9rias coc\u00f3ides na Mata Atl\u00e2ntica e tamb\u00e9m refletem a falta de estudos sobre estes organismos em ambientes terrestres, principalmente em zonas tropicais.<\/p>\n<p style=\"text-align: justify\">Palavras-chave:Biodiversidade, Mata Atl\u00e2ntica, Cyanobacteria, Chroococcales, coc\u00f3ides.<\/p>\n<hr align=\"center\" noshade=\"noshade\" size=\"1\" width=\"100%\" \/>\n<p style=\"text-align: center\"><a href=\"https:\/\/smastr16.blob.core.windows.net\/pgibt\/2013\/09\/pdf_grande.gif\"><img decoding=\"async\" loading=\"lazy\" class=\"aligncenter size-full wp-image-2313\" style=\"border: 0px\" alt=\"pdf_grande\" src=\"https:\/\/smastr16.blob.core.windows.net\/pgibt\/2013\/09\/pdf_grande.gif\" width=\"60\" height=\"60\" \/><\/a><a href=\"https:\/\/smastr16.blob.core.windows.net\/pgibt\/2013\/09\/Watson_Arantes_Gama_JR_MS.pdf\" target=\"_blank\">Watson Arantes Gama J\u00fanior<br \/>\nCianobact\u00e9rias unicelulares e coloniais de ambientes terrestres de \u00e1reas da Mata Atl\u00e2ntica no estado de S\u00e3o Paulo, Brasil<\/a><\/p>\n<hr align=\"center\" noshade=\"noshade\" size=\"1\" width=\"100%\" \/>\n<p style=\"text-align: center\"><strong>\u00a0<a href=\"https:\/\/www.infraestruturameioambiente.sp.gov.br\/pgibt\/dissertacoesteses\/\">VOLTAR AS DISSERTA\u00c7\u00d5ES E TESES<\/a><\/strong><\/p>\n<hr align=\"center\" noshade=\"noshade\" size=\"1\" width=\"100%\" \/>\n","protected":false},"excerpt":{"rendered":"<p>Watson Arantes Gama J\u00fanior No dia 14 de mar\u00e7o de 2012, o aluno Watson Arantes Gama J\u00fanior (bolsista CAPES) do Programa de P\u00f3s Gradua\u00e7\u00e3o em Biodiversidade Vegetal e Meio Ambiente defendeu sua disserta\u00e7\u00e3o de mestrado intitulada \u201cCianobact\u00e9rias unicelulares e coloniais de ambientes terrestres de \u00e1reas da Mata Atl\u00e2ntica no estado de S\u00e3o Paulo, Brasil\u201d. Cianobact\u00e9rias [&hellip;]<\/p>\n","protected":false},"author":1,"featured_media":0,"parent":249,"menu_order":0,"comment_status":"closed","ping_status":"closed","template":"fullpage.php","meta":[],"_links":{"self":[{"href":"https:\/\/www.infraestruturameioambiente.sp.gov.br\/pgibt\/wp-json\/wp\/v2\/pages\/899"}],"collection":[{"href":"https:\/\/www.infraestruturameioambiente.sp.gov.br\/pgibt\/wp-json\/wp\/v2\/pages"}],"about":[{"href":"https:\/\/www.infraestruturameioambiente.sp.gov.br\/pgibt\/wp-json\/wp\/v2\/types\/page"}],"author":[{"embeddable":true,"href":"https:\/\/www.infraestruturameioambiente.sp.gov.br\/pgibt\/wp-json\/wp\/v2\/users\/1"}],"replies":[{"embeddable":true,"href":"https:\/\/www.infraestruturameioambiente.sp.gov.br\/pgibt\/wp-json\/wp\/v2\/comments?post=899"}],"version-history":[{"count":0,"href":"https:\/\/www.infraestruturameioambiente.sp.gov.br\/pgibt\/wp-json\/wp\/v2\/pages\/899\/revisions"}],"up":[{"embeddable":true,"href":"https:\/\/www.infraestruturameioambiente.sp.gov.br\/pgibt\/wp-json\/wp\/v2\/pages\/249"}],"wp:attachment":[{"href":"https:\/\/www.infraestruturameioambiente.sp.gov.br\/pgibt\/wp-json\/wp\/v2\/media?parent=899"}],"curies":[{"name":"wp","href":"https:\/\/api.w.org\/{rel}","templated":true}]}}