{"id":8926,"date":"2024-01-04T09:59:55","date_gmt":"2024-01-04T12:59:55","guid":{"rendered":"https:\/\/www.infraestruturameioambiente.sp.gov.br\/pgibt\/?page_id=8926"},"modified":"2024-01-04T09:59:55","modified_gmt":"2024-01-04T12:59:55","slug":"raphaela-peres-silva-ms","status":"publish","type":"page","link":"https:\/\/www.infraestruturameioambiente.sp.gov.br\/pgibt\/raphaela-peres-silva-ms\/","title":{"rendered":"Raphaela Peres Silva &#8211; MS"},"content":{"rendered":"<p><img decoding=\"async\" loading=\"lazy\" class=\"size-full wp-image-8353 aligncenter\" src=\"https:\/\/smastr16.blob.core.windows.net\/pgibt\/sites\/242\/2023\/01\/faixaposipa.jpg\" alt=\"\" width=\"950\" height=\"163\" srcset=\"https:\/\/smastr16.blob.core.windows.net\/pgibt\/sites\/242\/2023\/01\/faixaposipa.jpg 950w, https:\/\/smastr16.blob.core.windows.net\/pgibt\/sites\/242\/2023\/01\/faixaposipa-320x55.jpg 320w, https:\/\/smastr16.blob.core.windows.net\/pgibt\/sites\/242\/2023\/01\/faixaposipa-768x132.jpg 768w, https:\/\/smastr16.blob.core.windows.net\/pgibt\/sites\/242\/2023\/01\/faixaposipa-250x43.jpg 250w, https:\/\/smastr16.blob.core.windows.net\/pgibt\/sites\/242\/2023\/01\/faixaposipa-550x94.jpg 550w, https:\/\/smastr16.blob.core.windows.net\/pgibt\/sites\/242\/2023\/01\/faixaposipa-800x137.jpg 800w\" sizes=\"(max-width: 950px) 100vw, 950px\" \/><\/p>\n<hr align=\"center\" noshade=\"noshade\" size=\"1\" width=\"100%\" \/>\n<h2 style=\"text-align: center\">Raphaela Peres Silva<\/h2>\n<hr align=\"center\" noshade=\"noshade\" size=\"1\" width=\"100%\" \/>\n<p align=\"center\"><img decoding=\"async\" loading=\"lazy\" class=\"aligncenter size-full wp-image-8922\" src=\"https:\/\/smastr16.blob.core.windows.net\/pgibt\/sites\/242\/2024\/01\/raphaela-peres-silva-ms.jpg\" alt=\"\" width=\"567\" height=\"384\" \/><\/p>\n<p style=\"background: white;margin: 0cm 0cm 22.5pt;text-align: left\" align=\"center\"><span style=\"color: #231f20\">A defesa aconteceu \u00e0s 14:00 do dia 29 de setembro de 2023 por meio de videochamada (Google Meet), com a presen\u00e7a dos Doutores Denilson Fernandes Peralta, Dra. Ju\u00e7ara Bordin e Dr. Ot\u00e1vio Luis Marques da Silva.<\/span><\/p>\n<p style=\"background: white;margin: 0cm 0cm 22.5pt;text-align: left\" align=\"center\"><span style=\"color: #231f20\">A Mata Atl\u00e2ntica \u00e9 o dom\u00ednio fitogeogr\u00e1fico brasileiro com a maior taxa de riqueza e endemismo de esp\u00e9cies de bri\u00f3fitas no pa\u00eds, com 1.355 esp\u00e9cies descritas, das quais 264 s\u00e3o end\u00eamicas, \u00e9 uma das \u00e1reas mais ricas em biodiversidade e mais amea\u00e7adas do planeta. Visando fornecer subs\u00eddios para a preserva\u00e7\u00e3o desse importante e amea\u00e7ado dom\u00ednio, realizamos o levantamento da brioflora do Parque Nacional do Igua\u00e7u, o maior e mais importante remanescente de Mata Atl\u00e2ntica do Sul do Brasil. Foram analisadas 1.612 amostras depositadas no Herb\u00e1rio \u201cMaria Eneyda Pacheco Kauffman Fidalgo\u201d (SP), destas, 628 exsicatas resultam de nosso trabalho de campo por meio de duas expedi\u00e7\u00f5es ao Parque e, foram encontradas 327 esp\u00e9cies de bri\u00f3fitas, distribu\u00eddas em 65 fam\u00edlias e 150 g\u00eaneros. Como parte dos resultados do levantamento, foram encontradas 57 esp\u00e9cies que est\u00e3o sendo relatadas pela primeira vez para o estado do Paran\u00e1, destas, 5 esp\u00e9cies s\u00e3o novos registros para a Mata Atl\u00e2ntica. A fam\u00edlia com a maior riqueza de esp\u00e9cies foi a Lejeuneaceae, com 57 esp\u00e9cies (17%). Para os musgos (Bryophyta), foram encontradas 31 esp\u00e9cies (54%). As \u00e1reas de cachoeiras e a floresta de v\u00e1rzea, apresentaram 45 esp\u00e9cies (14%) do total de 327 listadas. Tais resultados destacam o papel crucial do Parque Nacional do Igua\u00e7u na conserva\u00e7\u00e3o das esp\u00e9cies de bri\u00f3fitas no Brasil, ao abrigar 59% das esp\u00e9cies presentes no estado do Paran\u00e1 e contribuir com 20% das esp\u00e9cies brasileiras, o Parque se firma como um reduto essencial para a preserva\u00e7\u00e3o desse grupo bot\u00e2nico. Esses dados refor\u00e7am a necessidade de estudos adicionais para uma caracteriza\u00e7\u00e3o mais abrangente da diversidade de bri\u00f3fitas no dom\u00ednio fitogeogr\u00e1fico da Mata Atl\u00e2ntica.<\/span><\/p>\n<p style=\"background: white;margin: 0cm 0cm 22.5pt;text-align: left\" align=\"center\"><span style=\"color: #231f20\">Gostaria de agradecer ao Instituto de Pesquisas Ambientais de S\u00e3o Paulo (IPA) por toda infraestrutura prestada para a realiza\u00e7\u00e3o deste trabalho e a Coordena\u00e7\u00e3o de Aperfei\u00e7oamento de Pessoal de N\u00edvel Superior (CAPES) pela bolsa concedida durante boa parte do Mestrado.<br \/>\n<\/span><\/p>\n<hr align=\"center\" noshade=\"noshade\" size=\"1\" width=\"100%\" \/>\n<h3 style=\"text-align: center\">Bri\u00f3fitas da Parque Nacional do Igua\u00e7u, estado do Paran\u00e1, Brasil<\/h3>\n<hr align=\"center\" noshade=\"noshade\" size=\"1\" width=\"100%\" \/>\n<h4 style=\"text-align: center\"><strong>ABSTRACT<\/strong><\/h4>\n<p>Bryophytes, comprising the oldest and second-largest group of terrestrial plants, are classified into three divisions: Anthocerotophyta (hornworts), Marchantiophyta (liverworts), and Bryophyta (mosses). These plants play crucial ecological roles and serve as excellent bioindicators of water and air pollution, as well as contamination by heavy metals and radioactivity. The Atlantic Forest, a Brazilian phytogeographical domain, harbors the highest richness and endemism of bryophyte species in the country, with 1,355 described species, including 264 endemics. It stands as one of the most biodiverse and threatened areas on the planet. In an effort to contribute to the preservation of this vital and endangered domain, we conducted a survey of bryoflora in Igua\u00e7u National Park, the largest and most important remnant of the Atlantic Forest in southern Brazil. We analyzed 1,612 samples deposited in the &#8220;Maria Eneyda Pacheco Kauffman Fidalgo&#8221; Herbarium (SP). Among these, 628 specimens resulted from our fieldwork through two expeditions to the park, revealing 327 bryophyte species distributed across 65 families and 150 genera. Notably, 57 species are reported for the first time in the state of Paran\u00e1, and among these, five are new records for the Atlantic Forest. The family with the highest species richness was Lejeuneaceae, with 57 species (17%). For mosses (Bryophyta), 31 species were identified (54%). The waterfall areas and floodplain forests accounted for 45 species (14%) of the total 327 listed. These findings underscore the critical role of Igua\u00e7u National Park in conserving bryophyte species in Brazil, hosting 59% of the species present in Paran\u00e1 and contributing to 20% of Brazilian bryophyte species. The park emerges as an essential stronghold for the preservation of this botanical group. These data emphasize the need for further studies to comprehensively characterize bryophyte diversity in the Atlantic Forest phytogeographical domain.<\/p>\n<p style=\"text-align: justify\"><strong>Keywords:<\/strong> Bryophytes, Atlantic Forest, Igua\u00e7u National Park, Floristic survey.<\/p>\n<h4 style=\"text-align: center\"><strong>RESUMO<\/strong><\/h4>\n<p style=\"text-align: justify\">Considerado o mais antigo e o segundo maior grupo de plantas terrestres, as bri\u00f3fitas, s\u00e3o classificadas em tr\u00eas divis\u00f5es: Anthocerotophyta (ant\u00f3ceros), Marchantiophyta (hep\u00e1ticas) e Bryophyta (musgos). Desempenham importantes fun\u00e7\u00f5es ecol\u00f3gicas e s\u00e3o \u00f3timas bioindicadores de polui\u00e7\u00e3o da \u00e1gua, do ar e de contamina\u00e7\u00e3o por metais pesados e radioatividade. A Mata Atl\u00e2ntica \u00e9 o dom\u00ednio fitogeogr\u00e1fico brasileiro com a maior taxa de riqueza e endemismo de esp\u00e9cies de bri\u00f3fitas no pa\u00eds, com 1.355 esp\u00e9cies descritas, das quais 264 s\u00e3o end\u00eamicas, \u00e9 uma das \u00e1reas mais ricas em biodiversidade e mais amea\u00e7adas do planeta. Visando fornecer subs\u00eddios para a preserva\u00e7\u00e3o desse importante e amea\u00e7ado dom\u00ednio, realizamos o levantamento da brioflora do Parque Nacional do Igua\u00e7u, o maior e mais importante remanescente de Mata Atl\u00e2ntica do Sul do Brasil. Foram analisadas 1.612 amostras depositadas no Herb\u00e1rio \u201cMaria Eneyda Pacheco Kauffman Fidalgo\u201d (SP), destas, 628 exsicatas resultam de nosso trabalho de campo por meio de duas expedi\u00e7\u00f5es ao Parque e, foram encontradas 327 esp\u00e9cies de bri\u00f3fitas, distribu\u00eddas em 65 fam\u00edlias e 150 g\u00eaneros. Como parte dos resultados do levantamento, foram encontradas 57 esp\u00e9cies que est\u00e3o sendo relatadas pela primeira vez para o estado do Paran\u00e1, destas, 5 esp\u00e9cies s\u00e3o novos registros para a Mata Atl\u00e2ntica. A fam\u00edlia com a maior riqueza de esp\u00e9cies foi a Lejeuneaceae, com 57 esp\u00e9cies (17%). Para os musgos (Bryophyta), foram encontradas 31 esp\u00e9cies (54%). As \u00e1reas de cachoeiras e a floresta de v\u00e1rzea, apresentaram 45 esp\u00e9cies (14%) do total de 327 listadas. Tais resultados destacam o papel crucial do Parque Nacional do Igua\u00e7u na conserva\u00e7\u00e3o das esp\u00e9cies de bri\u00f3fitas no Brasil, ao abrigar 59% das esp\u00e9cies presentes no estado do Paran\u00e1 e contribuir com 20% das esp\u00e9cies brasileiras, o Parque se firma como um reduto essencial para a preserva\u00e7\u00e3o desse grupo bot\u00e2nico. Esses dados refor\u00e7am a necessidade de estudos adicionais para uma caracteriza\u00e7\u00e3o mais abrangente da diversidade de bri\u00f3fitas no dom\u00ednio fitogeogr\u00e1fico da Mata Atl\u00e2ntica.<\/p>\n<p style=\"text-align: justify\"><strong>Palavras-chave:<\/strong> Bri\u00f3fitas, Mata Atl\u00e2ntica, Parque Nacional do Igua\u00e7u, Levantamento flor\u00edstico.<\/p>\n<hr align=\"center\" noshade=\"noshade\" size=\"1\" width=\"100%\" \/>\n<p style=\"text-align: center\"><a href=\"https:\/\/smastr16.blob.core.windows.net\/pgibt\/sites\/242\/2024\/01\/peres_silva_ms.pdf\" target=\"_blank\" rel=\"noopener\"><img decoding=\"async\" loading=\"lazy\" class=\"aligncenter\" src=\"https:\/\/smastr16.blob.core.windows.net\/pgibt\/2013\/09\/pdf_grande.gif\" alt=\"pdf_grande\" width=\"60\" height=\"60\" \/><\/a><a href=\"https:\/\/smastr16.blob.core.windows.net\/pgibt\/sites\/242\/2024\/01\/peres_silva_ms.pdf\"><strong>Raphaela Peres Silva<\/strong><\/a><br \/>\n<a href=\"https:\/\/smastr16.blob.core.windows.net\/pgibt\/sites\/242\/2024\/01\/peres_silva_ms.pdf\">Bri\u00f3fitas da Parque Nacional do Igua\u00e7u, estado do Paran\u00e1, Brasil<\/a><\/p>\n<hr align=\"center\" noshade=\"noshade\" size=\"1\" width=\"100%\" \/>\n<p style=\"text-align: center\"><strong>\u00a0<a href=\"www.infraestruturameioambiente.sp.gov.br\/pgibt\/dissertacoesteses\/\">VOLTAR AS DISSERTA\u00c7\u00d5ES E TESES<\/a><\/strong><\/p>\n<hr align=\"center\" noshade=\"noshade\" size=\"1\" width=\"&quot;10&lt;\/p\" \/>\n","protected":false},"excerpt":{"rendered":"<p>Raphaela Peres Silva A defesa aconteceu \u00e0s 14:00 do dia 29 de setembro de 2023 por meio de videochamada (Google Meet), com a presen\u00e7a dos Doutores Denilson Fernandes Peralta, Dra. Ju\u00e7ara Bordin e Dr. Ot\u00e1vio Luis Marques da Silva. A Mata Atl\u00e2ntica \u00e9 o dom\u00ednio fitogeogr\u00e1fico brasileiro com a maior taxa de riqueza e endemismo [&hellip;]<\/p>\n","protected":false},"author":187,"featured_media":0,"parent":0,"menu_order":0,"comment_status":"closed","ping_status":"closed","template":"","meta":[],"_links":{"self":[{"href":"https:\/\/www.infraestruturameioambiente.sp.gov.br\/pgibt\/wp-json\/wp\/v2\/pages\/8926"}],"collection":[{"href":"https:\/\/www.infraestruturameioambiente.sp.gov.br\/pgibt\/wp-json\/wp\/v2\/pages"}],"about":[{"href":"https:\/\/www.infraestruturameioambiente.sp.gov.br\/pgibt\/wp-json\/wp\/v2\/types\/page"}],"author":[{"embeddable":true,"href":"https:\/\/www.infraestruturameioambiente.sp.gov.br\/pgibt\/wp-json\/wp\/v2\/users\/187"}],"replies":[{"embeddable":true,"href":"https:\/\/www.infraestruturameioambiente.sp.gov.br\/pgibt\/wp-json\/wp\/v2\/comments?post=8926"}],"version-history":[{"count":1,"href":"https:\/\/www.infraestruturameioambiente.sp.gov.br\/pgibt\/wp-json\/wp\/v2\/pages\/8926\/revisions"}],"predecessor-version":[{"id":8929,"href":"https:\/\/www.infraestruturameioambiente.sp.gov.br\/pgibt\/wp-json\/wp\/v2\/pages\/8926\/revisions\/8929"}],"wp:attachment":[{"href":"https:\/\/www.infraestruturameioambiente.sp.gov.br\/pgibt\/wp-json\/wp\/v2\/media?parent=8926"}],"curies":[{"name":"wp","href":"https:\/\/api.w.org\/{rel}","templated":true}]}}