{"id":889,"date":"2013-09-17T15:38:56","date_gmt":"2013-09-17T18:38:56","guid":{"rendered":"https:\/\/www.infraestruturameioambiente.sp.gov.br\/pgibt\/?page_id=889"},"modified":"2013-09-17T15:38:56","modified_gmt":"2013-09-17T18:38:56","slug":"2007-angelica-patricia-pavezzi-barbero","status":"publish","type":"page","link":"https:\/\/www.infraestruturameioambiente.sp.gov.br\/pgibt\/dissertacoesteses\/2007-angelica-patricia-pavezzi-barbero\/","title":{"rendered":"Ang\u00e9lica Patricia Pavezzi Barbero MS"},"content":{"rendered":"<h2 style=\"text-align: center\"><a href=\"https:\/\/smastr16.blob.core.windows.net\/pgibt\/2015\/02\/faixapos6.jpg\"><img decoding=\"async\" loading=\"lazy\" class=\"aligncenter size-full wp-image-3777\" style=\"border: 0px\" alt=\"faixapos6\" src=\"https:\/\/smastr16.blob.core.windows.net\/pgibt\/2015\/02\/faixapos6.jpg\" width=\"950\" height=\"163\" srcset=\"https:\/\/smastr16.blob.core.windows.net\/pgibt\/2015\/02\/faixapos6.jpg 950w, https:\/\/smastr16.blob.core.windows.net\/pgibt\/2015\/02\/faixapos6-768x131.jpg 768w\" sizes=\"(max-width: 950px) 100vw, 950px\" \/><\/a><\/h2>\n<hr align=\"center\" noshade=\"noshade\" size=\"1\" width=\"100%\" \/>\n<h2 style=\"text-align: center\">Ang\u00e9lica Patricia Pavezzi Barbero<\/h2>\n<hr align=\"center\" noshade=\"noshade\" size=\"1\" width=\"100%\" \/>\n<p style=\"text-align: center\">No dia 1 de fevereiro de 2007 Ang\u00e9lica Patricia Pavezzi Barbero, aluna do curso de P\u00f3s-Gradua\u00e7\u00e3o em Biodiversidade Vegetal e Meio Ambiente do Instituto de Bot\u00e2nica, sob a orienta\u00e7\u00e3o do Dr. F\u00e1bio de Barros (Instituto de Bot\u00e2nica), defendeu sua disserta\u00e7\u00e3o de mestrado intitulada<br \/>\n&#8220;Flora da Serra do Cip\u00f3 (Minas Gerais, Brasil):\u00a0Orchidaceae\u00a0&#8211; subtribo\u00a0Laeliinae&#8221;.<\/p>\n<p style=\"text-align: center\">A banca examinadora foi composta pelos professores: Dr. Jo\u00e3o Aguiar Nogueira Batista (Universidade Federal de Minas Gerais),\u00a0Dra. Maria das Gra\u00e7as Lapa Wanderley (Instituto de Bot\u00e2nica) e Dr. F\u00e1bio de Barros (Instituto de Bot\u00e2nica &#8211; presidente da banca).<\/p>\n<div id=\"attachment_888\" style=\"width: 256px\" class=\"wp-caption aligncenter\"><a href=\"https:\/\/smastr16.blob.core.windows.net\/pgibt\/2013\/09\/angelica_barbero1.jpg\"><img aria-describedby=\"caption-attachment-888\" decoding=\"async\" loading=\"lazy\" class=\"size-full wp-image-888\" alt=\"Apresenta\u00e7\u00e3o de Ang\u00e9lica P. Pavezzi Barbero \" src=\"https:\/\/smastr16.blob.core.windows.net\/pgibt\/2013\/09\/angelica_barbero1.jpg\" width=\"246\" height=\"175\" \/><\/a><p id=\"caption-attachment-888\" class=\"wp-caption-text\">Apresenta\u00e7\u00e3o de Ang\u00e9lica P. Pavezzi Barbero<\/p><\/div>\n<hr align=\"center\" noshade=\"noshade\" size=\"1\" width=\"100%\" \/>\n<h3 style=\"text-align: center\">Flora da Serra do Cip\u00f3 (Minas Gerais, Brasil):\u00a0Orchidaceae\u00a0&#8211; subtribo\u00a0Laeliinae<\/h3>\n<hr align=\"center\" noshade=\"noshade\" size=\"1\" width=\"100%\" \/>\n<h4 style=\"text-align: center\"><strong>RESUMO<\/strong><\/h4>\n<p style=\"text-align: justify\">O trabalho \u00e9 parte do Projeto &#8220;Flora da Serra do Cip\u00f3&#8221;, sob a coordena\u00e7\u00e3o de pesquisadores do Departamento de Bot\u00e2nica do Instituto de Bioci\u00eancias da Universidade de S\u00e3o Paulo (USP), e teve por objetivos: (a) realizar um invent\u00e1rio das esp\u00e9cies da subtribo\u00a0Laeliinae\u00a0ocorrentes na Serra do Cip\u00f3; (b) aumentar o conhecimento da flora da regi\u00e3o, especialmente da fam\u00edlia\u00a0Orchidaceae; (c) preparar um trabalho flor\u00edstico para publica\u00e7\u00e3o dentro da s\u00e9rie &#8220;Flora da Serra do Cip\u00f3&#8221;, no Boletim de Bot\u00e2nica da Universidade de S\u00e3o Paulo.<\/p>\n<p style=\"text-align: justify\">Foi analisado principalmente material da cole\u00e7\u00e3o Flora da Serra do Cip\u00f3 (CFSC), depositada nos herb\u00e1rios do Instituto de Bot\u00e2nica (SP) e da Universidade de S\u00e3o Paulo (SPF), al\u00e9m de outros herb\u00e1rios que possu\u00edam cole\u00e7\u00f5es provenientes da \u00e1rea. Tamb\u00e9m foram analisadas plantas vivas da cole\u00e7\u00e3o da Se\u00e7\u00e3o de Orquid\u00e1rio do Estado. Na Serra do Cip\u00f3, a subtribo\u00a0<em>Laeliinae<\/em>\u00a0\u00e9 representada por 28 esp\u00e9cies, em nove g\u00eaneros:\u00a0<em>Brassavola R. Br<\/em>. (1 esp\u00e9cie),\u00a0<em>Constantia Barb. Rodr.<\/em>\u00a0(1),\u00a0<em>Encyclia Hook.<\/em>\u00a0(2),<em>\u00a0Epidendrum L.<\/em>\u00a0(11),\u00a0<em>Hadrolaelia (Schltr.) Chiron &amp; V.P. Castro<\/em>\u00a0(2),<em>\u00a0Hoffmannseggella H.G. Jones<\/em>\u00a0(7),\u00a0<em>Isabelia Barb. Rodr.<\/em>\u00a0(1),\u00a0<em>Prosthechea Knowles &amp; Westc.<\/em>\u00a0(2) e\u00a0<em>Pseudolaelia Porto &amp; Brade<\/em>\u00a0(1).<\/p>\n<p style=\"text-align: justify\">Quatro dessas esp\u00e9cies s\u00e3o end\u00eamicas da Serra do Cip\u00f3:\u00a0<em>Constantia cipoensis Porto &amp; Brade, Hoffmannseggella ghillanyi (Pabst) H.G. Jones, Hoffmannseggella x cipoensis <\/em>(Pabst)<em> V.P. Castro &amp; Chiron<\/em>\u00a0e\u00a0<em>Pseudolaelia cipoensis Pabst.<\/em>\u00a0Tr\u00eas das 28 esp\u00e9cies ocorrentes na \u00e1rea s\u00e3o citadas na lista das esp\u00e9cies amea\u00e7adas de extin\u00e7\u00e3o da flora de Minas Gerais (Mendon\u00e7a &amp; Lins 2000):\u00a0<em>Constantia cipoensis<\/em>\u00a0(criticamente em perigo),\u00a0<em>Hadrolaelia pumila<\/em>\u00a0(em perigo) e\u00a0<em>Pseudolaelia cipoensis<\/em>\u00a0(em perigo).<br \/>\nS\u00e3o apresentadas chaves para identifica\u00e7\u00e3o, descri\u00e7\u00f5es e ilustra\u00e7\u00f5es dos g\u00eaneros e esp\u00e9cies, al\u00e9m de dados taxon\u00f4micos, de distribui\u00e7\u00e3o geogr\u00e1fica e de flora\u00e7\u00e3o.<br \/>\nTamb\u00e9m foi feita an\u00e1lise comparativa entre quinze \u00e1reas de campo rupestre da Cadeia do Espinha\u00e7o, com base na composi\u00e7\u00e3o flor\u00edstica de Laeliinae, realizada por meio de an\u00e1lise de agrupamento, utilizando coeficiente de Jaccard como medida de dist\u00e2ncia e UPGMA como m\u00e9todo de agrupamento. Essa an\u00e1lise demonstrou que os grupos formados refletem, basicamente, a proximidade geogr\u00e1fica entre as \u00e1reas, ou seja, \u00e1reas mais pr\u00f3ximas geograficamente tendem a ser mais similares entre si. Os valores de similaridade obtidos foram relativamente baixos, o que pode refletir a grande diversidade flor\u00edstica ao longo da Cadeia do Espinha\u00e7o, mas tamb\u00e9m pode indicar problemas amostrais.<br \/>\nO presente trabalho contribui para o conhecimento da flora da Serra do Cip\u00f3 e gera dados que podem justificar a preserva\u00e7\u00e3o da \u00e1rea.<\/p>\n<div id=\"attachment_890\" style=\"width: 256px\" class=\"wp-caption aligncenter\"><a href=\"https:\/\/smastr16.blob.core.windows.net\/pgibt\/2013\/09\/angelica_barbero2.jpg\"><img aria-describedby=\"caption-attachment-890\" decoding=\"async\" loading=\"lazy\" class=\"size-full wp-image-890\" alt=\"Epidendrum densiflorum Hook\" src=\"https:\/\/smastr16.blob.core.windows.net\/pgibt\/2013\/09\/angelica_barbero2.jpg\" width=\"246\" height=\"171\" \/><\/a><p id=\"caption-attachment-890\" class=\"wp-caption-text\"><em>Epidendrum densiflorum<\/em> Hook<\/p><\/div>\n<div id=\"attachment_891\" style=\"width: 256px\" class=\"wp-caption aligncenter\"><a href=\"https:\/\/smastr16.blob.core.windows.net\/pgibt\/2013\/09\/angelica_barbero3.jpg\"><img aria-describedby=\"caption-attachment-891\" decoding=\"async\" loading=\"lazy\" class=\"size-full wp-image-891\" alt=\"Hoffmannseggella ghillanyi (Pabst) H.G. Jones\" src=\"https:\/\/smastr16.blob.core.windows.net\/pgibt\/2013\/09\/angelica_barbero3.jpg\" width=\"246\" height=\"186\" \/><\/a><p id=\"caption-attachment-891\" class=\"wp-caption-text\"><em>Hoffmannseggella ghillanyi<\/em> (Pabst) H.G. Jones<\/p><\/div>\n<hr align=\"center\" noshade=\"noshade\" size=\"1\" width=\"100%\" \/>\n<p style=\"text-align: center\"><a href=\"https:\/\/smastr16.blob.core.windows.net\/pgibt\/2013\/09\/pdf_grande.gif\"><img decoding=\"async\" loading=\"lazy\" class=\"aligncenter size-full wp-image-2313\" style=\"border: 0px\" alt=\"pdf_grande\" src=\"https:\/\/smastr16.blob.core.windows.net\/pgibt\/2013\/09\/pdf_grande.gif\" width=\"60\" height=\"60\" \/><\/a><a href=\"https:\/\/smastr16.blob.core.windows.net\/pgibt\/2013\/09\/Angelica_Patricia_Pavezzi_Barbero_MS.pdf\" target=\"_blank\">Ang\u00e9lica Patricia Pavezzi Barbero<br \/>\nFlora da Serra do Cip\u00f3 (Minas Gerais, Brasil):\u00a0Orchidaceae\u00a0&#8211; subtribo\u00a0Laeliinae<\/a><\/p>\n<hr align=\"center\" noshade=\"noshade\" size=\"1\" width=\"100%\" \/>\n<p style=\"text-align: center\"><strong>\u00a0<a href=\"https:\/\/www.infraestruturameioambiente.sp.gov.br\/pgibt\/dissertacoesteses\/\">VOLTAR AS DISSERTA\u00c7\u00d5ES E TESES<\/a><\/strong><\/p>\n<hr align=\"center\" noshade=\"noshade\" size=\"1\" width=\"100%\" \/>\n<h2 style=\"text-align: center\"><\/h2>\n","protected":false},"excerpt":{"rendered":"<p>Ang\u00e9lica Patricia Pavezzi Barbero No dia 1 de fevereiro de 2007 Ang\u00e9lica Patricia Pavezzi Barbero, aluna do curso de P\u00f3s-Gradua\u00e7\u00e3o em Biodiversidade Vegetal e Meio Ambiente do Instituto de Bot\u00e2nica, sob a orienta\u00e7\u00e3o do Dr. F\u00e1bio de Barros (Instituto de Bot\u00e2nica), defendeu sua disserta\u00e7\u00e3o de mestrado intitulada &#8220;Flora da Serra do Cip\u00f3 (Minas Gerais, Brasil):\u00a0Orchidaceae\u00a0&#8211; [&hellip;]<\/p>\n","protected":false},"author":1,"featured_media":0,"parent":249,"menu_order":0,"comment_status":"closed","ping_status":"closed","template":"fullpage.php","meta":[],"_links":{"self":[{"href":"https:\/\/www.infraestruturameioambiente.sp.gov.br\/pgibt\/wp-json\/wp\/v2\/pages\/889"}],"collection":[{"href":"https:\/\/www.infraestruturameioambiente.sp.gov.br\/pgibt\/wp-json\/wp\/v2\/pages"}],"about":[{"href":"https:\/\/www.infraestruturameioambiente.sp.gov.br\/pgibt\/wp-json\/wp\/v2\/types\/page"}],"author":[{"embeddable":true,"href":"https:\/\/www.infraestruturameioambiente.sp.gov.br\/pgibt\/wp-json\/wp\/v2\/users\/1"}],"replies":[{"embeddable":true,"href":"https:\/\/www.infraestruturameioambiente.sp.gov.br\/pgibt\/wp-json\/wp\/v2\/comments?post=889"}],"version-history":[{"count":0,"href":"https:\/\/www.infraestruturameioambiente.sp.gov.br\/pgibt\/wp-json\/wp\/v2\/pages\/889\/revisions"}],"up":[{"embeddable":true,"href":"https:\/\/www.infraestruturameioambiente.sp.gov.br\/pgibt\/wp-json\/wp\/v2\/pages\/249"}],"wp:attachment":[{"href":"https:\/\/www.infraestruturameioambiente.sp.gov.br\/pgibt\/wp-json\/wp\/v2\/media?parent=889"}],"curies":[{"name":"wp","href":"https:\/\/api.w.org\/{rel}","templated":true}]}}