{"id":8825,"date":"2023-10-03T13:54:54","date_gmt":"2023-10-03T16:54:54","guid":{"rendered":"https:\/\/www.infraestruturameioambiente.sp.gov.br\/pgibt\/?page_id=8825"},"modified":"2024-05-22T10:59:14","modified_gmt":"2024-05-22T13:59:14","slug":"lais-marta-pereira-ms","status":"publish","type":"page","link":"https:\/\/www.infraestruturameioambiente.sp.gov.br\/pgibt\/lais-marta-pereira-ms\/","title":{"rendered":"Lais Marta Pereira &#8211; MS"},"content":{"rendered":"<p><img decoding=\"async\" loading=\"lazy\" class=\"size-full wp-image-8353 aligncenter\" src=\"https:\/\/smastr16.blob.core.windows.net\/pgibt\/sites\/242\/2023\/01\/faixaposipa.jpg\" alt=\"\" width=\"950\" height=\"163\" srcset=\"https:\/\/smastr16.blob.core.windows.net\/pgibt\/sites\/242\/2023\/01\/faixaposipa.jpg 950w, https:\/\/smastr16.blob.core.windows.net\/pgibt\/sites\/242\/2023\/01\/faixaposipa-320x55.jpg 320w, https:\/\/smastr16.blob.core.windows.net\/pgibt\/sites\/242\/2023\/01\/faixaposipa-768x132.jpg 768w, https:\/\/smastr16.blob.core.windows.net\/pgibt\/sites\/242\/2023\/01\/faixaposipa-250x43.jpg 250w, https:\/\/smastr16.blob.core.windows.net\/pgibt\/sites\/242\/2023\/01\/faixaposipa-550x94.jpg 550w, https:\/\/smastr16.blob.core.windows.net\/pgibt\/sites\/242\/2023\/01\/faixaposipa-800x137.jpg 800w\" sizes=\"(max-width: 950px) 100vw, 950px\" \/><\/p>\n<hr align=\"center\" noshade=\"noshade\" size=\"1\" width=\"100%\" \/>\n<h2 style=\"text-align: center\">Lais Marta Pereira<\/h2>\n<hr align=\"center\" noshade=\"noshade\" size=\"1\" width=\"100%\" \/>\n<p style=\"text-align: center\">No dia 31 de maio de 2023, La\u00eds Marta Pereira aluna de Mestrado do Programa de P\u00f3s-gradua\u00e7\u00e3o em Biodiversidade Vegetal e Meio Ambiente do Instituto de Pesquisas Ambientais defendeu sua disserta\u00e7\u00e3o intitulada \u201cBiodiversidade de algas marinhas arribadas na praia de Candeias-PE e avalia\u00e7\u00e3o do potencial como substrato para cultivo de hortali\u00e7as microverdes\u201d, de forma remota atrav\u00e9s da plataforma Teams.<\/p>\n<p style=\"text-align: center\">A banca examinadora foi presidida pela sua orientadora Prof. Dra. Mutue Toyota Fujii Instituto de Pesquisas Ambientais de S\u00e3o Paulo (IPA-SP), tendo como membros Prof. Dr. Thiago Holanda Basilio Instituto Federal do Esp\u00edrito Santo (IFES) e Prof. Dr. Jos\u00e9 Marcos de Castro Nunes Universidade Federal da Bahia (UFB).<\/p>\n<hr align=\"center\" noshade=\"noshade\" size=\"1\" width=\"100%\" \/>\n<h3 style=\"text-align: center\">Biodiversidade de algas marinhas arribadas na praia de Candeias-PE e avalia\u00e7\u00e3o do potencial como substrato para cultivo de hortali\u00e7as microverdes<\/h3>\n<hr align=\"center\" noshade=\"noshade\" size=\"1\" width=\"100%\" \/>\n<h4 style=\"text-align: center\"><strong>ABSTRACT<\/strong><\/h4>\n<p style=\"text-align: justify\">Beach-cast seaweeds, or sargasso, as they are popularly known in the northeast region, result mainly from the turbulence of the sea, caused by the action of currents, winds and tides. In Brazil, the occurrence of beach-cast seaweeds are frequent, mainly in the northeast region, including Pernambuco. These algae are treated as a burden for tourism and municipal selective collections. However, they have great potential for use in several segments, including agriculture as a biofertilizer. This study was developed with the objective of identifying the recurrent seaweed thrown on the beach of Candeias-PE and using it as a substrate for the cultivation of vegetables known as microgreens. Quali-quantitative collections were carried out during the dry season, in the years 2021 and 2022, resulting in the identification of 24 genera, 6 Phaeophyceae (Ochrophyta), 12 Rhodophyta and 6 Ulvophyceae (Chlorophyta). In both collections it was possible to observe the bloom of filamentous green algae, responsible for 31% of all collected biomass. However, Rodophyta was responsible for the greatest diversity. To carry out the experiments, the materials were treated in the form of seaweed flour and in the form of liquid extract. The analysis of macros and micronutrients showed the elements, Boron, Iron and Manganese as the most significant. After preliminary plant growth tests, the most satisfactory results were obtained at concentrations of 5g\/L and 6g\/L (algae\/tap water), with in 87% and 81% of germinated and well-developed seeds, respectively. Based on this result and reusing the seaweed bagasse after extraction, a dense substrate considered satisfactory for the cultivation of vegetables was formulated. At the same time, a pilot project for the production of vegetables in an urban environment, using arrived macroalgae as a biostimulant, was implemented in a community in Recife, At the end, it was observed that macroalgae had a high potential for reuse as a biostimulant not only for microgreen vegetables, but also for larger vegetables.<\/p>\n<p style=\"text-align: justify\"><strong>Keywords:<\/strong> biofertilizer, seed germination, community garden, algae substrate.<\/p>\n<h4 style=\"text-align: center\"><strong>RESUMO<\/strong><\/h4>\n<p style=\"text-align: justify\">As macroalgas arribadas, ou sarga\u00e7o, como s\u00e3o popularmente conhecidas na regi\u00e3o nordeste, resultam principalmente da turbul\u00eancia do mar, causada pela a\u00e7\u00e3o das correntes, ventos e mar\u00e9s. No Brasil, a ocorr\u00eancia de macroalgas arribadas \u00e9 frequente, principalmente na regi\u00e3o nordeste, incluindo Pernambuco. Essas algas s\u00e3o tratadas como um \u00f4nus para o turismo e para as coletas seletivas municipais. No entanto, possuem grande potencial de aproveitamento para diversos segmentos, inclusive na agricultura como biofertilizante. Este estudo foi desenvolvido com o objetivo de identificar as algas arribadas recorrentes na praia de Candeias-PE e utiliz\u00e1-la como substrato para o cultivo de hortali\u00e7as conhecidas como microverdes. Foram realizadas coletas quali-quantitativas realizadas durante o per\u00edodo seco, dos anos de 2021 e 2022, resultando na identifica\u00e7\u00e3o de 24 g\u00eaneros, sendo 6 Phaeophyceae (Ochrophyta), 12 Rhodophyta e 6 Ulvophyceae (Chlorophyta). Em ambas as coletas foi poss\u00edvel observar a flora\u00e7\u00e3o de algas verdes filamentosas, respons\u00e1veis por 31% de toda a biomassa coletada. No entanto, Rodophyta foi respons\u00e1vel pela maior diversidade. Para a realiza\u00e7\u00e3o dos experimentos, os materiais foram tratados no formato de farinha de algas e no formato de extrato l\u00edquido. A an\u00e1lise de macros e micronutrientes demonstraram os elementos, Boro, Ferro e Mangan\u00eas como os mais significativos. Ap\u00f3s testes preliminares de crescimento vegetal, os resultados mais satisfat\u00f3rios foram obtidos nas concentra\u00e7\u00f5es de 5g\/L e 6g\/L (algas\/\u00e1gua de torneira), apresentando em 87% e 81% de sementes germinadas e bem desenvolvidas, respectivamente. Com base neste resultado e reaproveitando o baga\u00e7o da alga ap\u00f3s a extra\u00e7\u00e3o, formulou-se um substrato denso considerado satisfat\u00f3rio para o cultivo de hortali\u00e7as. Paralelamente, um projeto piloto de cultivo de hortali\u00e7as em ambiente urbano, utilizando macroalgas arribadas como bioestimulante, foi implantado em uma comunidade do Recife. Ao fim observou-se que as macroalgas apresentaram alto potencial de reaproveitamento como bioestimulante n\u00e3o apenas para as hortali\u00e7as microverdes, como tamb\u00e9m para as hortali\u00e7as de maior porte.<\/p>\n<p style=\"text-align: justify\"><strong>Palavras-chave:<\/strong> biofertilizante, germina\u00e7\u00e3o de sementes, horta comunit\u00e1ria, substrato de algas.<\/p>\n<hr align=\"center\" noshade=\"noshade\" size=\"1\" width=\"100%\" \/>\n<p style=\"text-align: center\"><a href=\"https:\/\/smastr16.blob.core.windows.net\/pgibt\/sites\/242\/2023\/10\/lais_marta_pereira_ms.pdf\" target=\"_blank\" rel=\"noopener\"><img decoding=\"async\" loading=\"lazy\" class=\"aligncenter\" src=\"https:\/\/smastr16.blob.core.windows.net\/pgibt\/2013\/09\/pdf_grande.gif\" alt=\"pdf_grande\" width=\"60\" height=\"60\" \/><\/a><a href=\"https:\/\/smastr16.blob.core.windows.net\/pgibt\/sites\/242\/2023\/10\/lais_marta_pereira_ms.pdf\"><strong>Lais Marta Pereira<\/strong><\/a><br \/>\n<a href=\"https:\/\/smastr16.blob.core.windows.net\/pgibt\/sites\/242\/2023\/10\/lais_marta_pereira_ms.pdf\">Biodiversidade de algas marinhas arribadas na praia de Candeias-PE e avalia\u00e7\u00e3o do potencial como substrato para cultivo de hortali\u00e7as microverdes<\/a><\/p>\n<hr align=\"center\" noshade=\"noshade\" size=\"1\" width=\"100%\" \/>\n<p style=\"text-align: center\"><strong>\u00a0<a href=\"www.infraestruturameioambiente.sp.gov.br\/pgibt\/dissertacoesteses\/\">VOLTAR AS DISSERTA\u00c7\u00d5ES E TESES<\/a><\/strong><\/p>\n<hr align=\"center\" noshade=\"noshade\" size=\"1\" width=\"&quot;10&lt;\/p\" \/>\n","protected":false},"excerpt":{"rendered":"<p>Lais Marta Pereira No dia 31 de maio de 2023, La\u00eds Marta Pereira aluna de Mestrado do Programa de P\u00f3s-gradua\u00e7\u00e3o em Biodiversidade Vegetal e Meio Ambiente do Instituto de Pesquisas Ambientais defendeu sua disserta\u00e7\u00e3o intitulada \u201cBiodiversidade de algas marinhas arribadas na praia de Candeias-PE e avalia\u00e7\u00e3o do potencial como substrato para cultivo de hortali\u00e7as microverdes\u201d, [&hellip;]<\/p>\n","protected":false},"author":187,"featured_media":0,"parent":0,"menu_order":0,"comment_status":"closed","ping_status":"closed","template":"","meta":[],"_links":{"self":[{"href":"https:\/\/www.infraestruturameioambiente.sp.gov.br\/pgibt\/wp-json\/wp\/v2\/pages\/8825"}],"collection":[{"href":"https:\/\/www.infraestruturameioambiente.sp.gov.br\/pgibt\/wp-json\/wp\/v2\/pages"}],"about":[{"href":"https:\/\/www.infraestruturameioambiente.sp.gov.br\/pgibt\/wp-json\/wp\/v2\/types\/page"}],"author":[{"embeddable":true,"href":"https:\/\/www.infraestruturameioambiente.sp.gov.br\/pgibt\/wp-json\/wp\/v2\/users\/187"}],"replies":[{"embeddable":true,"href":"https:\/\/www.infraestruturameioambiente.sp.gov.br\/pgibt\/wp-json\/wp\/v2\/comments?post=8825"}],"version-history":[{"count":2,"href":"https:\/\/www.infraestruturameioambiente.sp.gov.br\/pgibt\/wp-json\/wp\/v2\/pages\/8825\/revisions"}],"predecessor-version":[{"id":8829,"href":"https:\/\/www.infraestruturameioambiente.sp.gov.br\/pgibt\/wp-json\/wp\/v2\/pages\/8825\/revisions\/8829"}],"wp:attachment":[{"href":"https:\/\/www.infraestruturameioambiente.sp.gov.br\/pgibt\/wp-json\/wp\/v2\/media?parent=8825"}],"curies":[{"name":"wp","href":"https:\/\/api.w.org\/{rel}","templated":true}]}}