{"id":8815,"date":"2023-10-03T13:33:47","date_gmt":"2023-10-03T16:33:47","guid":{"rendered":"https:\/\/www.infraestruturameioambiente.sp.gov.br\/pgibt\/?page_id=8815"},"modified":"2024-02-21T08:54:46","modified_gmt":"2024-02-21T11:54:46","slug":"juliana-toyota-arita-ms","status":"publish","type":"page","link":"https:\/\/www.infraestruturameioambiente.sp.gov.br\/pgibt\/juliana-toyota-arita-ms\/","title":{"rendered":"Juliana Toyota Arita &#8211; MS"},"content":{"rendered":"<p><img decoding=\"async\" loading=\"lazy\" class=\"size-full wp-image-8353 aligncenter\" src=\"https:\/\/smastr16.blob.core.windows.net\/pgibt\/sites\/242\/2023\/01\/faixaposipa.jpg\" alt=\"\" width=\"950\" height=\"163\" srcset=\"https:\/\/smastr16.blob.core.windows.net\/pgibt\/sites\/242\/2023\/01\/faixaposipa.jpg 950w, https:\/\/smastr16.blob.core.windows.net\/pgibt\/sites\/242\/2023\/01\/faixaposipa-320x55.jpg 320w, https:\/\/smastr16.blob.core.windows.net\/pgibt\/sites\/242\/2023\/01\/faixaposipa-768x132.jpg 768w, https:\/\/smastr16.blob.core.windows.net\/pgibt\/sites\/242\/2023\/01\/faixaposipa-250x43.jpg 250w, https:\/\/smastr16.blob.core.windows.net\/pgibt\/sites\/242\/2023\/01\/faixaposipa-550x94.jpg 550w, https:\/\/smastr16.blob.core.windows.net\/pgibt\/sites\/242\/2023\/01\/faixaposipa-800x137.jpg 800w\" sizes=\"(max-width: 950px) 100vw, 950px\" \/><\/p>\n<hr align=\"center\" noshade=\"noshade\" size=\"1\" width=\"100%\" \/>\n<h2 style=\"text-align: center\">Julianna Toyota Arita<\/h2>\n<hr align=\"center\" noshade=\"noshade\" size=\"1\" width=\"100%\" \/>\n<p style=\"text-align: center\">No dia 31 de mar\u00e7o de 2023 a aluna de mestrado do Programa de P\u00f3s-gradua\u00e7\u00e3o em Biodiversidade Vegetal e Meio Ambiente do Instituto de Pesquisas Ambientais, Julianna Toyota Arita defendeu sua disserta\u00e7\u00e3o intitulada \u201cAn\u00e1lise integrativa da literatura de <em>Sargassum<\/em> pel\u00e1gico (Phaeophyceae) no Atl\u00e2ntico Ocidental e o uso de imagens de sat\u00e9lite e ci\u00eancia cidad\u00e3 como ferramenta para estimar sua abund\u00e2ncia no oceano\u201d, via plataforma Zoom. O evento contou com a presen\u00e7a da banca de avalia\u00e7\u00e3o constitu\u00edda pelos doutores Jesser Fidelis de Souza Filho e Jos\u00e9 Eduardo Martinelli Filho, e presidia pela sua orientadora Dra. Ligia Collado-Vides.<\/p>\n<p style=\"text-align: center\">O trabalho apresentado tem como tem\u00e1tica as inunda\u00e7\u00f5es das esp\u00e9cies pel\u00e1gicas da macroalga marrom <em>Sargassum<\/em>, a <em>Sargassum natans<\/em> e a<em> Sargassum fluitans<\/em>, que ocorrem no Tropical Atl\u00e2ntico. Nesse, \u00e9 primeiro feito uma revis\u00e3o bibliogr\u00e1fica dos artigos cient\u00edficos relacionados ao fen\u00f4meno publicados entre 2011 e 2022, depois \u00e9 feito uma compara\u00e7\u00e3o em rela\u00e7\u00e3o a intensidade da biomassa de sarga\u00e7o nas imagens de sat\u00e9lite e com as imagens registradas nas praias por cidad\u00e3os das \u00e1reas afetadas registradas em duas plataformas diferentes, a Sargassum Monitoring e a Sargassum Watch (Epicollect5).<\/p>\n<p style=\"text-align: center\">Entre os resultados foi observado o aumento de publica\u00e7\u00f5es coincidindo com a intensifica\u00e7\u00e3o do fen\u00f4meno. Bem como varia\u00e7\u00f5es das sub-regi\u00f5es em seus focos de pesquisa e no n\u00famero de publica\u00e7\u00f5es produzidas. As primeiras \u00e1reas afetadas apresentaram percentuais de publica\u00e7\u00f5es mais elevados e maiores quantidades de biomassa do que outras \u00e1reas. Quando comparado os registros de biomassa em uma mesma praia (Playa del Carmen), as duas plataformas de ci\u00eancia cidad\u00e3 apresentaram comportamentos diferentes. Tamb\u00e9m foi observada a utiliza\u00e7\u00e3o dos descritores sarga\u00e7os e a baixa frequ\u00eancia de refer\u00eancias utilizando morfotipos por temas de pesquisa.<\/p>\n<hr align=\"center\" noshade=\"noshade\" size=\"1\" width=\"100%\" \/>\n<h3 style=\"text-align: center\">An\u00e1lise integrativa da literatura de <em>Sargassum<\/em> pel\u00e1gico (Phaeophyceae) no Atl\u00e2ntico Ocidental e o uso de imagens de sat\u00e9lite e ci\u00eancia cidad\u00e3 como ferramenta para estimar sua abund\u00e2ncia no oceano<\/h3>\n<hr align=\"center\" noshade=\"noshade\" size=\"1\" width=\"100%\" \/>\n<h4 style=\"text-align: center\"><strong>ABSTRACT<\/strong><\/h4>\n<p style=\"text-align: justify\">Since 2011, the Caribbean and Gulf of Mexico coasts has been receiving massive discharges of the brown macroalgae of the genus<em> Sargassum<\/em> formed by the species <em>Sargassum natans <\/em>(Linnaeus) Gaillon and <em>Sargassum fluitans<\/em> (B\u00f8rgesen) B\u00f8rgesen. This phenomenon has been causing several negative local impacts for over 10 years, such as the mortality of local fauna; economic losses; and health concerns of the population in impacted areas. This work aims to identify the state of the art of scientific knowledge related to pelagic sargasso and analyze the two mechanisms to understand the temporal dynamics of accumulation. Ten years of accumulated data from both peer-reviewed scientific articles and satellite images of sargasso transport were analyzed. Among the results obtained, it was seen that the first affected sub-regions presented more studies. However, regarding the research focus, remote sensing was the subject of greatest interest; and when dividing the publications between the sub-regions, despite the geographical proximity, the research subject varied between ecology, remote sensing, and valuation. From the satellite images analysis, the regional biomass intra-annual and inter-annual behavior was made possible to be observed; this also allowed comparison to the results of other publications with more robust methods of estimating the sargasso biomass, such as Wang et al (2016). On a local scale, sites were hit to varying degrees: sites in the eastern Caribbean had the highest volumes and sites in Florida (US) showing the lowest values. However, when comparing two citizen science platforms (Epicollect5 and Sargassum Monitoring) in the same beach, Playa del Carmen, they exhibited different behaviors. From this study it was possible to perceive the existing gaps related to pelagic sargassum in several areas of knowledge, the need for more studies that specify the sargasso macroalgae at the morphotype level, and the capacity of citizen science as a support for local estimation of the accumulation of biomass of pelagic Sargassum.<\/p>\n<p style=\"text-align: justify\"><strong>Keywords: <\/strong>Algal blooms, brown seaweed, citizen science, sargasso, pelagic Sargassum, biomass estimation.<\/p>\n<h4 style=\"text-align: center\"><strong>RESUMO<\/strong><\/h4>\n<p style=\"text-align: justify\">Desde 2011, a regi\u00e3o do Caribe e Golfo do M\u00e9xico vem recebendo descargas massivas da macroalga marrom do g\u00eanero <em>Sargassum<\/em> C. Agardh formadas pelas esp\u00e9cies <em>Sargassum. natans <\/em>(Linnaeus) Gaillon e <em>Sargassum fluitans <\/em>(B\u00f8rgesen) B\u00f8rgesen. Este fen\u00f4meno est\u00e1 causando v\u00e1rios impactos negativos locais h\u00e1 mais de 10 anos, como mortalidade da fauna local, perdas econ\u00f4micas, e preocupa\u00e7\u00f5es de sa\u00fade da popula\u00e7\u00e3o em \u00e1reas impactadas. Este trabalho teve como objetivo identificar o estado da arte do conhecimento cient\u00edfico relacionado ao sarga\u00e7o pel\u00e1gico e analisar os dois mecanismos para compreender a din\u00e2mica temporal da acumula\u00e7\u00e3o. Dez anos de dados acumulados tanto em artigos cient\u00edficos revisado por pares quanto em imagens de sat\u00e9lites do transporte de sarga\u00e7o foram analisados. Entre os resultados obtidos foi visto que as sub-regi\u00f5es primeiro afetadas apresentaram mais estudos. Entretanto, quanto aos focos de pesquisa, sensoriamento remoto, foi o assunto de maior interesse; e ao dividir as publica\u00e7\u00f5es entre as sub-regi\u00f5es, apesar da proximidade geogr\u00e1fica, o foco principal das pesquisas variou entre ecologia, sensoriamento remoto e valoriza\u00e7\u00e3o. A partir das an\u00e1lises das imagens de sat\u00e9lite o comportamento intraanual e interanual regional da biomassa foi poss\u00edvel de ser observado, isto permitiu a compara\u00e7\u00e3o aos resultados de outras publica\u00e7\u00f5es com m\u00e9todos de estima\u00e7\u00e3o da biomassa de sarga\u00e7o mais robustos como de Wang et al (2016). Em escala local, os sites foram atingidos em intensidades diferentes: locais a leste do Caribe apresentaram os maiores volumes e os locais na Fl\u00f3rida (EUA) exibindo os menores valores. Entretanto, quando comparado duas plataformas (Epicollect5 e Sargassum Monitoring) com dois sites em Playa del Carmen, exibiram comportamentos diferentes. A partir deste estudo foi poss\u00edvel de perceber as lacunas existentes relacionadas ao sarga\u00e7o pel\u00e1gico em diversas \u00e1reas conhecimento, a necessidade de mais estudos que especificam as macroalgas de sarga\u00e7o no n\u00edvel dos morf\u00f3tipos, e a capacidade da ci\u00eancia cidad\u00e3 como suporte para estima\u00e7\u00e3o local do ac\u00famulo de biomassa de <em>Sargassum <\/em>pel\u00e1gico.<\/p>\n<p style=\"text-align: justify\"><strong>Palavras-chaves: <\/strong>Flora\u00e7\u00f5es de algas, algas marinhas marrons, ci\u00eancia cidad\u00e3, Sarga\u00e7o, Sargassum pel\u00e1gico, estimativa de biomassa.<\/p>\n<hr align=\"center\" noshade=\"noshade\" size=\"1\" width=\"100%\" \/>\n<p style=\"text-align: center\"><a href=\"https:\/\/smastr16.blob.core.windows.net\/pgibt\/sites\/242\/2023\/10\/julianna_toyota_arita_ms.pdf\" target=\"_blank\" rel=\"noopener\"><img decoding=\"async\" loading=\"lazy\" class=\"aligncenter\" src=\"https:\/\/smastr16.blob.core.windows.net\/pgibt\/2013\/09\/pdf_grande.gif\" alt=\"pdf_grande\" width=\"60\" height=\"60\" \/><\/a><a href=\"https:\/\/smastr16.blob.core.windows.net\/pgibt\/sites\/242\/2023\/10\/julianna_toyota_arita_ms.pdf\"><strong>Julianna Toyota Arita<\/strong><\/a><br \/>\n<a href=\"https:\/\/smastr16.blob.core.windows.net\/pgibt\/sites\/242\/2023\/10\/julianna_toyota_arita_ms.pdf\">An\u00e1lise integrativa da literatura de <em>Sargassum<\/em> pel\u00e1gico (Phaeophyceae) no Atl\u00e2ntico Ocidental e o uso de imagens de sat\u00e9lite e ci\u00eancia cidad\u00e3 como ferramenta para estimar sua abund\u00e2ncia no oceano<\/a><\/p>\n<hr align=\"center\" noshade=\"noshade\" size=\"1\" width=\"100%\" \/>\n<p style=\"text-align: center\"><strong>\u00a0<a href=\"www.infraestruturameioambiente.sp.gov.br\/pgibt\/dissertacoesteses\/\">VOLTAR AS DISSERTA\u00c7\u00d5ES E TESES<\/a><\/strong><\/p>\n<hr align=\"center\" noshade=\"noshade\" size=\"1\" width=\"100%\" \/>\n","protected":false},"excerpt":{"rendered":"<p>Julianna Toyota Arita No dia 31 de mar\u00e7o de 2023 a aluna de mestrado do Programa de P\u00f3s-gradua\u00e7\u00e3o em Biodiversidade Vegetal e Meio Ambiente do Instituto de Pesquisas Ambientais, Julianna Toyota Arita defendeu sua disserta\u00e7\u00e3o intitulada \u201cAn\u00e1lise integrativa da literatura de Sargassum pel\u00e1gico (Phaeophyceae) no Atl\u00e2ntico Ocidental e o uso de imagens de sat\u00e9lite e [&hellip;]<\/p>\n","protected":false},"author":187,"featured_media":0,"parent":0,"menu_order":0,"comment_status":"closed","ping_status":"closed","template":"","meta":[],"_links":{"self":[{"href":"https:\/\/www.infraestruturameioambiente.sp.gov.br\/pgibt\/wp-json\/wp\/v2\/pages\/8815"}],"collection":[{"href":"https:\/\/www.infraestruturameioambiente.sp.gov.br\/pgibt\/wp-json\/wp\/v2\/pages"}],"about":[{"href":"https:\/\/www.infraestruturameioambiente.sp.gov.br\/pgibt\/wp-json\/wp\/v2\/types\/page"}],"author":[{"embeddable":true,"href":"https:\/\/www.infraestruturameioambiente.sp.gov.br\/pgibt\/wp-json\/wp\/v2\/users\/187"}],"replies":[{"embeddable":true,"href":"https:\/\/www.infraestruturameioambiente.sp.gov.br\/pgibt\/wp-json\/wp\/v2\/comments?post=8815"}],"version-history":[{"count":2,"href":"https:\/\/www.infraestruturameioambiente.sp.gov.br\/pgibt\/wp-json\/wp\/v2\/pages\/8815\/revisions"}],"predecessor-version":[{"id":8821,"href":"https:\/\/www.infraestruturameioambiente.sp.gov.br\/pgibt\/wp-json\/wp\/v2\/pages\/8815\/revisions\/8821"}],"wp:attachment":[{"href":"https:\/\/www.infraestruturameioambiente.sp.gov.br\/pgibt\/wp-json\/wp\/v2\/media?parent=8815"}],"curies":[{"name":"wp","href":"https:\/\/api.w.org\/{rel}","templated":true}]}}