{"id":8778,"date":"2023-08-17T08:36:13","date_gmt":"2023-08-17T11:36:13","guid":{"rendered":"https:\/\/www.infraestruturameioambiente.sp.gov.br\/pgibt\/?page_id=8778"},"modified":"2024-02-05T12:34:51","modified_gmt":"2024-02-05T15:34:51","slug":"gledson-julio-da-silva-ms","status":"publish","type":"page","link":"https:\/\/www.infraestruturameioambiente.sp.gov.br\/pgibt\/gledson-julio-da-silva-ms\/","title":{"rendered":"Gledson Julio da Silva &#8211; MS"},"content":{"rendered":"<p><img decoding=\"async\" loading=\"lazy\" class=\"size-full wp-image-8353 aligncenter\" src=\"https:\/\/smastr16.blob.core.windows.net\/pgibt\/sites\/242\/2023\/01\/faixaposipa.jpg\" alt=\"\" width=\"950\" height=\"163\" srcset=\"https:\/\/smastr16.blob.core.windows.net\/pgibt\/sites\/242\/2023\/01\/faixaposipa.jpg 950w, https:\/\/smastr16.blob.core.windows.net\/pgibt\/sites\/242\/2023\/01\/faixaposipa-320x55.jpg 320w, https:\/\/smastr16.blob.core.windows.net\/pgibt\/sites\/242\/2023\/01\/faixaposipa-768x132.jpg 768w, https:\/\/smastr16.blob.core.windows.net\/pgibt\/sites\/242\/2023\/01\/faixaposipa-250x43.jpg 250w, https:\/\/smastr16.blob.core.windows.net\/pgibt\/sites\/242\/2023\/01\/faixaposipa-550x94.jpg 550w, https:\/\/smastr16.blob.core.windows.net\/pgibt\/sites\/242\/2023\/01\/faixaposipa-800x137.jpg 800w\" sizes=\"(max-width: 950px) 100vw, 950px\" \/><\/p>\n<hr align=\"center\" noshade=\"noshade\" size=\"1\" width=\"100%\" \/>\n<h2 style=\"text-align: center\">Gledson Julio da Silva<\/h2>\n<hr align=\"center\" noshade=\"noshade\" size=\"1\" width=\"100%\" \/>\n<p style=\"text-align: center\"><img decoding=\"async\" loading=\"lazy\" class=\"size-wcbig wp-image-8779 aligncenter\" src=\"https:\/\/smastr16.blob.core.windows.net\/pgibt\/sites\/242\/2023\/08\/gledson_julio_da_silva-ms-800x426.jpg\" alt=\"\" width=\"800\" height=\"426\" srcset=\"https:\/\/smastr16.blob.core.windows.net\/pgibt\/sites\/242\/2023\/08\/gledson_julio_da_silva-ms-800x426.jpg 800w, https:\/\/smastr16.blob.core.windows.net\/pgibt\/sites\/242\/2023\/08\/gledson_julio_da_silva-ms-320x171.jpg 320w, https:\/\/smastr16.blob.core.windows.net\/pgibt\/sites\/242\/2023\/08\/gledson_julio_da_silva-ms-768x409.jpg 768w, https:\/\/smastr16.blob.core.windows.net\/pgibt\/sites\/242\/2023\/08\/gledson_julio_da_silva-ms-250x133.jpg 250w, https:\/\/smastr16.blob.core.windows.net\/pgibt\/sites\/242\/2023\/08\/gledson_julio_da_silva-ms-550x293.jpg 550w, https:\/\/smastr16.blob.core.windows.net\/pgibt\/sites\/242\/2023\/08\/gledson_julio_da_silva-ms-338x180.jpg 338w, https:\/\/smastr16.blob.core.windows.net\/pgibt\/sites\/242\/2023\/08\/gledson_julio_da_silva-ms-563x300.jpg 563w, https:\/\/smastr16.blob.core.windows.net\/pgibt\/sites\/242\/2023\/08\/gledson_julio_da_silva-ms-938x500.jpg 938w, https:\/\/smastr16.blob.core.windows.net\/pgibt\/sites\/242\/2023\/08\/gledson_julio_da_silva-ms.jpg 1000w\" sizes=\"(max-width: 800px) 100vw, 800px\" \/>A defesa aconteceu \u00e0s 13:00 do dia 31 de mar\u00e7o de 2023 por meio de videochamada (Google Meet), com a presen\u00e7a dos Doutores Denilson Fernandes Peralta, Hermerson Cassiano de Oliveira e Dra. Adriana de Mello Gugliotta.<\/p>\n<p style=\"text-align: center\"><em>Breutelia<\/em> \u00e9 um g\u00eanero de musgo amplamente distribu\u00eddo principalmente pelas Am\u00e9ricas, \u00c1frica e Austr\u00e1lia. No Brasil s\u00e3o descritas 6 esp\u00e9cies antes desta revis\u00e3o. Elas ocupam \u00e1reas elevadas do sul e sudeste do territ\u00f3rio, principalmente nas montanhas da Mata Atl\u00e2ntica que se estendem de Minas Gerais at\u00e9 o Rio Grande do Sul, abrangendo principalmente as Serras do Mar e da Mantiqueira, al\u00e9m da Cadeia do Espinha\u00e7o. Para esta revis\u00e3o do g\u00eanero foram analisadas 184 amostras dos herb\u00e1rios: AAU, ALCB, BA, CAS, CUVC, GFJP, GOET, H, HBR, HUA, HUCS, JE, LUSC, MBM, MBML, MICH, MO, NY, QCA, QCNE, SP, U, UAPC, UB, VIC e VIES incluindo os esp\u00e9cimes tipo das esp\u00e9cies. Para a an\u00e1lise de conserva\u00e7\u00e3o utilizamos o software GeoCAT com as coordenadas obtidas das amostras analisadas dos mesmos herb\u00e1rios e de reposit\u00f3rios online como SpeciesLink, GBIF e a Flora e Funga do Brasil seguindo as normas da UICN. Neste trabalho, reconhecemos a exist\u00eancia de cinco esp\u00e9cies de Breutelia no Brasil, sendo quatro end\u00eamicas e uma nova esp\u00e9cie. A nova esp\u00e9cie Breutelia sp. nov. surge com uma morfologia diferente das demais e com caracter\u00edsticas que nunca foram descritas para o g\u00eanero, como a falta de papilas ou um n\u00famero bastante reduzido delas e uma inser\u00e7\u00e3o do fil\u00eddio totalmente adpressa em algumas popula\u00e7\u00f5es. Al\u00e9m disso, estamos propondo a sinon\u00edmia de duas esp\u00e9cies, al\u00e9m de confirmar a sinon\u00edmia de outras seis esp\u00e9cies. No estudo focado na conserva\u00e7\u00e3o das esp\u00e9cies, chegamos a uma classifica\u00e7\u00e3o preocupante em rela\u00e7\u00e3o ao estado das esp\u00e9cies end\u00eamicas, onde todas foram classificadas como &#8220;EN &#8211; Em perigo de extin\u00e7\u00e3o&#8221;. O trabalho produziu pranchas para todas as esp\u00e9cies, assim como uma chave de identifica\u00e7\u00e3o para o territ\u00f3rio.<\/p>\n<p style=\"text-align: center\">Gostaria de agradecer ao Instituto de Pesquisas Ambientais de S\u00e3o Paulo (IPA) por toda infraestrutura prestada para a realiza\u00e7\u00e3o deste trabalho e ao Conselho Nacional de Desenvolvimento Cient\u00edfico e Tecnol\u00f3gico (CNPq 130184\/2020-9) pela bolsa concedida durante o per\u00edodo do Mestrado.<\/p>\n<hr align=\"center\" noshade=\"noshade\" size=\"1\" width=\"100%\" \/>\n<h3 style=\"text-align: center\">Revis\u00e3o e Conserva\u00e7\u00e3o do G\u00eanero <em>Breutelia<\/em> (Bartramiaceae, Bryophyta) para o Brasil<\/h3>\n<hr align=\"center\" noshade=\"noshade\" size=\"1\" width=\"100%\" \/>\n<h4 style=\"text-align: center\"><strong>ABSTRACT<\/strong><\/h4>\n<p style=\"text-align: justify\">Bryophytes represent a large number of species, being the second largest group of plants, second only to angiosperms. They comprise three divisions and play a fundamental role in the formation of microhabitats, soil and exposed rock stabilization, and have the ability to retain harmful or toxic substances. They also have economic and medicinal uses, and can serve as environmental indicators, among other functions. It is estimated that there are approximately 12,800 species worldwide, with Brazil alone harboring around 11% of this total. <em>Breutelia<\/em> is a moss genus widely distributed mainly in the Americas, Africa, and Australia. Prior to this revision, six species were described in Brazil. They occupy elevated areas in the southern and southeastern territory, mainly in the mountains of the Atlantic Forest, extending from Minas Gerais to Rio Grande do Sul, encompassing the Serras do Mar and Mantiqueira, as well as the Cadeia do Espinha\u00e7o. For this genus revision, 184 herbarium specimens were analyzed, including those from the following herbaria: AAU, ALCB, BA, CAS, CUVC, GFJP, GOET, H, HBR, HUA, HUCS, JE, LUSC, MBM, MBML, MICH, MO, NY, QCA, QCNE, SP, U, UAPC, UB, VIC, and VIES, including the type specimens. For conservation analysis, we used the GeoCAT software with coordinates obtained from the analyzed samples from the same herbaria and from online repositories such as SpeciesLink, GBIF, and the Flora e Funga do Brasil, following the IUCN guidelines. In this study, we recognized the existence of five <em>Breutelia<\/em> species in Brazil, including four endemic species and one new species. The new species, <em>Breutelia sp. nov<\/em>., exhibits a distinct morphology from the others and features that have never been described for the genus, such as the absence or greatly reduced number of papillae and a completely adpressed insertion of the leaf in some populations. Furthermore, we propose the synonymization of two species and confirm the synonymy of six other species. In the conservation-focused study, we arrived at a concerning classification regarding the status of endemic species, where all were classified as &#8220;EN &#8211; Endangered&#8221;. The study produced illustrations for all species, as well as an identification key for the territory.<\/p>\n<p><strong>Keywords: <\/strong>Taxonomy, Endemism, Campos de Altitude, Atlantic Forest.<\/p>\n<h4 style=\"text-align: center\"><strong>RESUMO<\/strong><\/h4>\n<p style=\"text-align: justify\">As bri\u00f3fitas apresentam um grande n\u00famero de esp\u00e9cies sendo o segundo maior grupo de plantas, ficando atr\u00e1s apenas das angiospermas. Contam com 3 divis\u00f5es e possuem papel fundamental na forma\u00e7\u00e3o de micro-habitats, estabiliza\u00e7\u00e3o de solos e rochas expostas, possuem a capacidade de reter subst\u00e2ncias nocivas ou t\u00f3xicas, al\u00e9m de possu\u00edrem usos econ\u00f4micos e medicinais, tamb\u00e9m podem ser utilizados como indicadores ambientais, entre outros. Estima-se que existam aproximadamente 12.800 esp\u00e9cies em todo o mundo e o Brasil sozinho abriga cerca de 11% desse total. <em>Breutelia<\/em> \u00e9 um g\u00eanero de musgo amplamente distribu\u00eddo principalmente pelas Am\u00e9ricas, \u00c1frica e Austr\u00e1lia. No Brasil s\u00e3o descritas 6 esp\u00e9cies antes desta revis\u00e3o. Elas ocupam \u00e1reas elevadas do sul e sudeste do territ\u00f3rio, principalmente nas montanhas da Mata Atl\u00e2ntica que se estendem de Minas Gerais at\u00e9 o Rio Grande do Sul, abrangendo principalmente as Serras do Mar e da Mantiqueira, al\u00e9m da Cadeia do Espinha\u00e7o. Para esta revis\u00e3o do g\u00eanero foram analisadas 184 amostras dos herb\u00e1rios: AAU, ALCB, BA, CAS, CUVC, GFJP, GOET, H, HBR, HUA, HUCS, JE, LUSC, MBM, MBML, MICH, MO, NY, QCA, QCNE, SP, U, UAPC, UB, VIC e VIES incluindo os esp\u00e9cimes tipo das esp\u00e9cies. Para a an\u00e1lise de conserva\u00e7\u00e3o utilizamos o software GeoCAT com as coordenadas obtidas das amostras analisadas dos mesmos herb\u00e1rios e de reposit\u00f3rios online como SpeciesLink, GBIF e a Flora e Funga do Brasil seguindo as normas da UICN. Neste trabalho, reconhecemos a exist\u00eancia de cinco esp\u00e9cies de Breutelia no Brasil, sendo quatro end\u00eamicas e uma nova esp\u00e9cie. A nova esp\u00e9cie <em>Breutelia sp<\/em>. <em>nov<\/em>. surge com uma morfologia diferente das demais e com caracter\u00edsticas que nunca foram descritas para o g\u00eanero, como a falta de papilas ou um n\u00famero bastante reduzido delas e uma inser\u00e7\u00e3o do fil\u00eddio totalmente adpressa em algumas popula\u00e7\u00f5es. Al\u00e9m disso, estamos propondo a sinon\u00edmia de duas esp\u00e9cies, al\u00e9m de confirmar a sinon\u00edmia de outras seis esp\u00e9cies. No estudo focado na conserva\u00e7\u00e3o das esp\u00e9cies, chegamos a uma classifica\u00e7\u00e3o preocupante em rela\u00e7\u00e3o ao estado das esp\u00e9cies end\u00eamicas, onde todas foram classificadas como &#8220;EN &#8211; Em perigo de extin\u00e7\u00e3o&#8221;. O trabalho produziu pranchas para todas as esp\u00e9cies, assim como uma chave de identifica\u00e7\u00e3o para o territ\u00f3rio. Os resultados est\u00e3o expostos nos cap\u00edtulos 1 e 2 denominados respectivamente Revis\u00e3o do G\u00eanero <em>Breutelia<\/em> (Bartramiaceae, Bryophyta) para o Brasil; e Status de conserva\u00e7\u00e3o das esp\u00e9cies de Breutelia ocorrentes no Brasil.<\/p>\n<p><strong>Palavras-chave: <\/strong>Taxonomia, Endemismo, Campos de Altitude, Mata Atl\u00e2ntica.<\/p>\n<hr align=\"center\" noshade=\"noshade\" size=\"1\" width=\"100%\" \/>\n<p style=\"text-align: center\"><a href=\"https:\/\/smastr16.blob.core.windows.net\/pgibt\/sites\/242\/2023\/08\/gledson_julio_da_silva-ms.pdf\" target=\"_blank\" rel=\"noopener\"><img decoding=\"async\" loading=\"lazy\" class=\"aligncenter\" src=\"https:\/\/smastr16.blob.core.windows.net\/pgibt\/2013\/09\/pdf_grande.gif\" alt=\"pdf_grande\" width=\"60\" height=\"60\" \/><\/a><a href=\"https:\/\/smastr16.blob.core.windows.net\/pgibt\/sites\/242\/2023\/08\/gledson_julio_da_silva-ms.pdf\"><strong>Gledson Julio da Silva<\/strong><\/a><br \/>\n<a href=\"https:\/\/smastr16.blob.core.windows.net\/pgibt\/sites\/242\/2023\/08\/gledson_julio_da_silva-ms.pdf\">Revis\u00e3o e Conserva\u00e7\u00e3o do G\u00eanero Breutelia (Bartramiaceae, Bryophyta) para o Brasil<\/a><\/p>\n<hr align=\"center\" noshade=\"noshade\" size=\"1\" width=\"100%\" \/>\n<p style=\"text-align: center\"><strong>\u00a0<a href=\"www.infraestruturameioambiente.sp.gov.br\/pgibt\/dissertacoesteses\/\">VOLTAR AS DISSERTA\u00c7\u00d5ES E TESES<\/a><\/strong><\/p>\n<hr align=\"center\" noshade=\"noshade\" size=\"1\" width=\"100%\" \/>\n","protected":false},"excerpt":{"rendered":"<p>Gledson Julio da Silva A defesa aconteceu \u00e0s 13:00 do dia 31 de mar\u00e7o de 2023 por meio de videochamada (Google Meet), com a presen\u00e7a dos Doutores Denilson Fernandes Peralta, Hermerson Cassiano de Oliveira e Dra. Adriana de Mello Gugliotta. Breutelia \u00e9 um g\u00eanero de musgo amplamente distribu\u00eddo principalmente pelas Am\u00e9ricas, \u00c1frica e Austr\u00e1lia. No [&hellip;]<\/p>\n","protected":false},"author":187,"featured_media":0,"parent":0,"menu_order":0,"comment_status":"closed","ping_status":"closed","template":"","meta":[],"_links":{"self":[{"href":"https:\/\/www.infraestruturameioambiente.sp.gov.br\/pgibt\/wp-json\/wp\/v2\/pages\/8778"}],"collection":[{"href":"https:\/\/www.infraestruturameioambiente.sp.gov.br\/pgibt\/wp-json\/wp\/v2\/pages"}],"about":[{"href":"https:\/\/www.infraestruturameioambiente.sp.gov.br\/pgibt\/wp-json\/wp\/v2\/types\/page"}],"author":[{"embeddable":true,"href":"https:\/\/www.infraestruturameioambiente.sp.gov.br\/pgibt\/wp-json\/wp\/v2\/users\/187"}],"replies":[{"embeddable":true,"href":"https:\/\/www.infraestruturameioambiente.sp.gov.br\/pgibt\/wp-json\/wp\/v2\/comments?post=8778"}],"version-history":[{"count":1,"href":"https:\/\/www.infraestruturameioambiente.sp.gov.br\/pgibt\/wp-json\/wp\/v2\/pages\/8778\/revisions"}],"predecessor-version":[{"id":8780,"href":"https:\/\/www.infraestruturameioambiente.sp.gov.br\/pgibt\/wp-json\/wp\/v2\/pages\/8778\/revisions\/8780"}],"wp:attachment":[{"href":"https:\/\/www.infraestruturameioambiente.sp.gov.br\/pgibt\/wp-json\/wp\/v2\/media?parent=8778"}],"curies":[{"name":"wp","href":"https:\/\/api.w.org\/{rel}","templated":true}]}}