{"id":867,"date":"2013-09-17T15:27:58","date_gmt":"2013-09-17T18:27:58","guid":{"rendered":"https:\/\/www.infraestruturameioambiente.sp.gov.br\/pgibt\/?page_id=867"},"modified":"2013-09-17T15:27:58","modified_gmt":"2013-09-17T18:27:58","slug":"2007-ana-carolina-saraiva-pena-coto","status":"publish","type":"page","link":"https:\/\/www.infraestruturameioambiente.sp.gov.br\/pgibt\/dissertacoesteses\/2007-ana-carolina-saraiva-pena-coto\/","title":{"rendered":"Ana Carolina Saraiva Pena Coto MS"},"content":{"rendered":"<h2 style=\"text-align: center\"><a href=\"https:\/\/smastr16.blob.core.windows.net\/pgibt\/2015\/02\/faixapos6.jpg\"><img decoding=\"async\" loading=\"lazy\" class=\"aligncenter size-full wp-image-3777\" style=\"border: 0px\" alt=\"faixapos6\" src=\"https:\/\/smastr16.blob.core.windows.net\/pgibt\/2015\/02\/faixapos6.jpg\" width=\"950\" height=\"163\" srcset=\"https:\/\/smastr16.blob.core.windows.net\/pgibt\/2015\/02\/faixapos6.jpg 950w, https:\/\/smastr16.blob.core.windows.net\/pgibt\/2015\/02\/faixapos6-768x131.jpg 768w\" sizes=\"(max-width: 950px) 100vw, 950px\" \/><\/a><\/h2>\n<hr align=\"center\" noshade=\"noshade\" size=\"1\" width=\"100%\" \/>\n<h2 style=\"text-align: center\">Ana Carolina Saraiva Pena Coto<\/h2>\n<hr align=\"center\" noshade=\"noshade\" size=\"1\" width=\"100%\" \/>\n<p style=\"text-align: center\">Ana Carolina Saraiva Pena Coto, aluna do programa de p\u00f3s-gradua\u00e7\u00e3o em Biodiversidade Vegetal e Meio Ambiente do Instituto de Bot\u00e2nica de S\u00e3o Paulo (IBt), defendeu no dia 13 de julho de 2007, sob orienta\u00e7\u00e3o da Dra. Dicl\u00e1 Pupo Santos, sua\u00a0Disserta\u00e7\u00e3o de mestrado intitulada:<br \/>\n&#8220;Biodiversidade de Clor\u00f3fitas Marinhas Bent\u00f4nicas do Litoral do Estado de S\u00e3o Paulo&#8221;.<\/p>\n<p style=\"text-align: center\">A banca examinadora foi composta pelos pesquisadores Dr. Gilberto M. Amado Filho (Instituto de Pesquisas Jardim Bot\u00e2nico do Rio de Janeiro),<br \/>\npelo Dr. Carlos Eduardo M. Bicudo (IBt\/SP) e pela Dra. Dicl\u00e1 Pupo Santos (IBt\/SP).<\/p>\n<div id=\"attachment_868\" style=\"width: 200px\" class=\"wp-caption aligncenter\"><a href=\"https:\/\/smastr16.blob.core.windows.net\/pgibt\/2013\/09\/anacarol2.jpg\"><img aria-describedby=\"caption-attachment-868\" decoding=\"async\" loading=\"lazy\" class=\"size-full wp-image-868\" alt=\"Dr. Gilberto M. Amado Filho (IPJB\/RJ) Ana Carolina Saraiva Pena Coto e Dra. Dicl\u00e1 Pupo Santos (IBt\/SP).\" src=\"https:\/\/smastr16.blob.core.windows.net\/pgibt\/2013\/09\/anacarol2.jpg\" width=\"190\" height=\"185\" \/><\/a><p id=\"caption-attachment-868\" class=\"wp-caption-text\">Dr. Gilberto M. Amado Filho (IPJB\/RJ)<br \/>Ana Carolina Saraiva Pena Coto e<br \/>Dra. Dicl\u00e1 Pupo Santos (IBt\/SP).<\/p><\/div>\n<hr align=\"center\" noshade=\"noshade\" size=\"1\" width=\"100%\" \/>\n<h3 style=\"text-align: center\">Biodiversidade de Clor\u00f3fitas Marinhas Bent\u00f4nicas do Litoral do Estado de S\u00e3o Paulo<\/h3>\n<hr align=\"center\" noshade=\"noshade\" size=\"1\" width=\"100%\" \/>\n<h4 style=\"text-align: center\"><strong>RESUMO<\/strong><\/h4>\n<p style=\"text-align: justify\">O trabalho consistiu na realiza\u00e7\u00e3o de um levantamento flor\u00edstico de clor\u00f3fitas ao longo do litoral do Estado, como parte do projeto &#8220;Flora Ficol\u00f3gica do Estado de S\u00e3o Paulo&#8221;, Biota-FAPESP. Os objetivos gerais foram: conhecer a diversidade atual de clor\u00f3fitas nos diversos ecossistemas costeiros marinhos e dar subs\u00eddios para o monitoramento e a utiliza\u00e7\u00e3o sustent\u00e1vel. Os objetivos espec\u00edficos foram: realizar levantamento das esp\u00e9cies de\u00a0<em>Chlorophyta<\/em>\u00a0com base em estudos morfol\u00f3gicos; comparar a flora estudada com dados pret\u00e9ritos, registrando o desaparecimento de t\u00e1xons e a ocorr\u00eancia de novos nas regi\u00f5es estudadas.<\/p>\n<p style=\"text-align: justify\">As esta\u00e7\u00f5es de coleta englobaram cost\u00f5es rochosos e manguezais do Litoral Norte, Baixada Santista e Litoral Sul, incluindo ilhas. Algumas esta\u00e7\u00f5es foram amostradas tanto na regi\u00e3o litor\u00e2nea, quanto infralitor\u00e2nea. A maior parte das amostragens foi realizada no per\u00edodo de 1999 a 2004.<\/p>\n<p style=\"text-align: justify\">O material coletado foi preservado em formalina (4%) e estudado com aux\u00edlio de equipamento \u00f3ptico equipado com c\u00e2mera fotogr\u00e1fica digital. Ap\u00f3s o estudo, todo o material foi inclu\u00eddo no Herb\u00e1rio Maria Eneida P. K. Fidalgo, do Instituto de Bot\u00e2nica, SMA. Para alguns t\u00e1xons, foram mantidos esp\u00e9cimes em cultura de laborat\u00f3rio, a fim de observar o desenvolvimento do talo. Compara\u00e7\u00f5es entre a flora atual e outras realizadas desde a d\u00e9cada de 50, foram feitas usando \u00edndices de imilaridade de Jaccard. Foram identificadas 46 esp\u00e9cies distribu\u00eddas em quatro ordens. Ulvales foi representada por 13 t\u00e1xons das fam\u00edlias\u00a0<em>Ctenocladaceae, Gayraliaceae, Ulvaceae<\/em>\u00a0e<em>\u00a0Ulvellaceae<\/em>. Em\u00a0<em>Cladophorales<\/em>, foram 21 t\u00e1xons pertencentes a\u00a0<em>Cladophoraceae<\/em>\u00a0e\u00a0<em>Siphonocladaceae. Bryopsidales<\/em>\u00a0foi representada por 11 t\u00e1xons pertencentes a\u00a0<em>Bryopsidaceae, Codiaceae, Caulerpaceae\u00a0<\/em>e<em>\u00a0Udoteaceae. Dasycladales<\/em>\u00a0foi representada por uma \u00fanica esp\u00e9cie, da fam\u00edlia Polyphysaceae. Concluindo, foram observadas algumas mudan\u00e7as na biodiversidade de clor\u00f3fitas em rela\u00e7\u00e3o a outros estudos. Algumas esp\u00e9cies, ocorrentes anteriormente, n\u00e3o foram encontradas, sugerindo uma perda de diversidade. Por outro lado, as esp\u00e9cies\u00a0<em>Bolbocoleon jolyi Pringsh., Pringsheimiella scutata (Reinke) H\u00f6hn. ex Marchew., Cladophora albida (Nees) K\u00fctz., C. brasiliana G. Martens, C. catenata (L.) K\u00fctz., C. corallicola B\u00f8rgesen, C. pellucidoidea C. Hoek, C. sericea (Huds.) K\u00fctz. e Bryopsis hypnoides J. V. Lamour.<\/em>, al\u00e9m de outra esp\u00e9cie de\u00a0<em>Cladophora<\/em>\u00a0n\u00e3o identificada, representaram novas\u00a0ocorr\u00eancias para o litoral paulista.<\/p>\n<hr align=\"center\" noshade=\"noshade\" size=\"1\" width=\"100%\" \/>\n<p style=\"text-align: center\"><a href=\"https:\/\/smastr16.blob.core.windows.net\/pgibt\/2013\/09\/pdf_grande.gif\"><img decoding=\"async\" loading=\"lazy\" class=\"aligncenter size-full wp-image-2313\" style=\"border: 0px\" alt=\"pdf_grande\" src=\"https:\/\/smastr16.blob.core.windows.net\/pgibt\/2013\/09\/pdf_grande.gif\" width=\"60\" height=\"60\" \/><\/a><a href=\"https:\/\/smastr16.blob.core.windows.net\/pgibt\/2013\/09\/Ana_Carolina_Saraiva_Pena_Coto_MS.pdf\" target=\"_blank\">Ana Carolina Saraiva Pena Coto<br \/>\nBiodiversidade de Clor\u00f3fitas Marinhas Bent\u00f4nicas do Litoral do Estado de S\u00e3o Paulo<\/a><\/p>\n<hr align=\"center\" noshade=\"noshade\" size=\"1\" width=\"100%\" \/>\n<p style=\"text-align: center\"><strong>\u00a0<a href=\"https:\/\/www.infraestruturameioambiente.sp.gov.br\/pgibt\/dissertacoesteses\/\">VOLTAR AS DISSERTA\u00c7\u00d5ES E TESES<\/a><\/strong><\/p>\n<hr align=\"center\" noshade=\"noshade\" size=\"1\" width=\"100%\" \/>\n<h1 style=\"text-align: center\"><\/h1>\n","protected":false},"excerpt":{"rendered":"<p>Ana Carolina Saraiva Pena Coto Ana Carolina Saraiva Pena Coto, aluna do programa de p\u00f3s-gradua\u00e7\u00e3o em Biodiversidade Vegetal e Meio Ambiente do Instituto de Bot\u00e2nica de S\u00e3o Paulo (IBt), defendeu no dia 13 de julho de 2007, sob orienta\u00e7\u00e3o da Dra. Dicl\u00e1 Pupo Santos, sua\u00a0Disserta\u00e7\u00e3o de mestrado intitulada: &#8220;Biodiversidade de Clor\u00f3fitas Marinhas Bent\u00f4nicas do Litoral [&hellip;]<\/p>\n","protected":false},"author":1,"featured_media":0,"parent":249,"menu_order":0,"comment_status":"closed","ping_status":"open","template":"fullpage.php","meta":[],"_links":{"self":[{"href":"https:\/\/www.infraestruturameioambiente.sp.gov.br\/pgibt\/wp-json\/wp\/v2\/pages\/867"}],"collection":[{"href":"https:\/\/www.infraestruturameioambiente.sp.gov.br\/pgibt\/wp-json\/wp\/v2\/pages"}],"about":[{"href":"https:\/\/www.infraestruturameioambiente.sp.gov.br\/pgibt\/wp-json\/wp\/v2\/types\/page"}],"author":[{"embeddable":true,"href":"https:\/\/www.infraestruturameioambiente.sp.gov.br\/pgibt\/wp-json\/wp\/v2\/users\/1"}],"replies":[{"embeddable":true,"href":"https:\/\/www.infraestruturameioambiente.sp.gov.br\/pgibt\/wp-json\/wp\/v2\/comments?post=867"}],"version-history":[{"count":0,"href":"https:\/\/www.infraestruturameioambiente.sp.gov.br\/pgibt\/wp-json\/wp\/v2\/pages\/867\/revisions"}],"up":[{"embeddable":true,"href":"https:\/\/www.infraestruturameioambiente.sp.gov.br\/pgibt\/wp-json\/wp\/v2\/pages\/249"}],"wp:attachment":[{"href":"https:\/\/www.infraestruturameioambiente.sp.gov.br\/pgibt\/wp-json\/wp\/v2\/media?parent=867"}],"curies":[{"name":"wp","href":"https:\/\/api.w.org\/{rel}","templated":true}]}}