{"id":8377,"date":"2023-02-06T09:33:12","date_gmt":"2023-02-06T11:33:12","guid":{"rendered":"https:\/\/www.infraestruturameioambiente.sp.gov.br\/pgibt\/?page_id=8377"},"modified":"2023-02-08T09:13:21","modified_gmt":"2023-02-08T11:13:21","slug":"eduardo-muniz-filho-ms","status":"publish","type":"page","link":"https:\/\/www.infraestruturameioambiente.sp.gov.br\/pgibt\/eduardo-muniz-filho-ms\/","title":{"rendered":"Eduardo Muniz Filho &#8211; MS"},"content":{"rendered":"<p><img decoding=\"async\" loading=\"lazy\" class=\"size-full wp-image-8353 aligncenter\" src=\"https:\/\/smastr16.blob.core.windows.net\/pgibt\/sites\/242\/2023\/01\/faixaposipa.jpg\" alt=\"\" width=\"950\" height=\"163\" srcset=\"https:\/\/smastr16.blob.core.windows.net\/pgibt\/sites\/242\/2023\/01\/faixaposipa.jpg 950w, https:\/\/smastr16.blob.core.windows.net\/pgibt\/sites\/242\/2023\/01\/faixaposipa-320x55.jpg 320w, https:\/\/smastr16.blob.core.windows.net\/pgibt\/sites\/242\/2023\/01\/faixaposipa-768x132.jpg 768w, https:\/\/smastr16.blob.core.windows.net\/pgibt\/sites\/242\/2023\/01\/faixaposipa-250x43.jpg 250w, https:\/\/smastr16.blob.core.windows.net\/pgibt\/sites\/242\/2023\/01\/faixaposipa-550x94.jpg 550w, https:\/\/smastr16.blob.core.windows.net\/pgibt\/sites\/242\/2023\/01\/faixaposipa-800x137.jpg 800w\" sizes=\"(max-width: 950px) 100vw, 950px\" \/><\/p>\n<hr align=\"center\" noshade=\"noshade\" size=\"1\" width=\"100%\" \/>\n<h2 style=\"text-align: center\">Eduardo Muniz Filho<\/h2>\n<hr align=\"center\" noshade=\"noshade\" size=\"1\" width=\"100%\" \/>\n<p style=\"text-align: justify\">Em 28 de abril de 2022, o aluno de mestrado Eduardo Muniz Filho, do Programa de P\u00f3s-Gradua\u00e7\u00e3o em Biodiversidade Vegetal e Meio Ambiente do Instituto de Pesquisas Ambientais, bolsista CAPES, defendeu, por meio de videoconfer\u00eancia devido ao isolamento social causado pela pandemia do COVID-19, sua Disserta\u00e7\u00e3o de Mestrado intitulada \u201cO g\u00eanero Croton (Euphorbiaceae) no Distrito Federal, Brasil\u201d.<\/p>\n<p style=\"text-align: justify\">A banca examinadora foi presidida pela sua orientadora Dra. Maria Beatriz Rossi Caruzo, e composta pela Dra. In\u00eas Cordeiro (N\u00facleo de Pesquisa Herb\u00e1rio \u2013 IPA\/SP) e pela Dra. Ricarda Riina (Real Jard\u00edn Bot\u00e1nico &#8211; RJB-CSIC).<\/p>\n<hr align=\"center\" noshade=\"noshade\" size=\"1\" width=\"100%\" \/>\n<h3 style=\"text-align: center\"><strong>O g\u00eanero <em>Croton<\/em> (Euphorbiaceae) no Distrito Federal, Brasil<\/strong><\/h3>\n<hr align=\"center\" noshade=\"noshade\" size=\"1\" width=\"100%\" \/>\n<p style=\"text-align: center\"><strong>ABSTRACT<\/strong><\/p>\n<p style=\"text-align: justify\"><em>Croton<\/em> L. is the second largest genus of Euphorbiaceae, with about 1200 species distributed mainly in the tropical regions around the world. The genus can be easily recognized by a set of characters including indumentum of stellate or lepidote trichomes, colored or clear latex, leaves often with nectary glands on the petiole apex at the junction with the leaf blade, and terminal inflorescences, usually with pistillate flowers at lower cymules and staminate flowers at distal ones. The genus os one of the largest and most diverse of Angiosperms and widely distributed in Brazil, with around 300 species, mainly in the Southeast, Midwest and Northeast regions of the country, especially in the \u2018Cerrado\u2019 and Atlantic Forest domains. In order to increase the knowledge about species of <em>Croton <\/em>in Brazil, this work had as main objectives: elaborate the monograph of <em>Croton<\/em> in the Distrito Federal as part of the project \u201cFlora do Distrito Federal, Brasil\u201d, conduct the taxonomic treatment and create an identification key for the species of <em>Croton<\/em> occurring in the Distrito Federal, in addition to providing data about the genus for \u2018Flora do Brasil 2020\u2019. The taxonomic study was conducted based on the analysis of deposited material, mainly in local herbaria, in addition to the observation of the species in the field. In the Distrito Federal were recognized 23 species distributed in different Cerrado\u2019s phytophysiognomies. An identification key, morphological descriptions, illustrations, pictures and comments about, geographical distribution, habitat and taxonomic problems from each species are provided.<\/p>\n<p style=\"text-align: justify\"><strong>Keywords: <\/strong>Euphorbiaceae, <em>Croton<\/em>, Taxonomy, Flora do Brasil, Flora do Distrito Federal<\/p>\n<p style=\"text-align: center\"><strong>RESUMO<\/strong><\/p>\n<p style=\"text-align: justify\"><em>Croton<\/em> L. \u00e9 o segundo maior g\u00eanero de Euphorbiaceae, com cerca de 1200 esp\u00e9cies distribu\u00eddas, principalmente, pelas regi\u00f5es tropicais de todo o mundo. O g\u00eanero pode ser facilmente reconhecido por um conjunto de caracteres que incluem o indumento composto por tricomas estrelados ou lepidotos, l\u00e1tex colorido ou incolor, folhas frequentemente com um par de nect\u00e1rios no \u00e1pice do pec\u00edolo junto \u00e0 l\u00e2mina foliar e infloresc\u00eancias terminais, geralmente com as flores pistiladas nas c\u00edmulas basais e as estaminadas nas c\u00edmulas distais. \u00c9 um dos maiores e mais diversos g\u00eaneros de Angiospermas com ampla distribui\u00e7\u00e3o no Brasil, cerca de 300 esp\u00e9cies, distribu\u00eddas principalmente nas regi\u00f5es Sudeste, Centro-Oeste e Nordeste do pa\u00eds, especialmente nos dom\u00ednios Cerrado e Mata Atl\u00e2ntica. Com a inten\u00e7\u00e3o de aumentar o conhecimento sobre as esp\u00e9cies de <em>Croton<\/em> no Brasil, este trabalho teve como principais objetivos: elaborar a monografia de <em>Croton<\/em> no Distrito Federal como parte integrante do projeto \u201cFlora do Distrito Federal, Brasil\u201d, realizar o tratamento taxon\u00f4mico e criar uma chave de identifica\u00e7\u00e3o para as esp\u00e9cies ocorrentes no DF, al\u00e9m de contribuir na elabora\u00e7\u00e3o da Flora do Brasil 2020. O estudo taxon\u00f4mico foi realizado a partir da an\u00e1lise de materiais depositados, principalmente, em herb\u00e1rios da \u00e1rea de estudo, al\u00e9m da observa\u00e7\u00e3o das esp\u00e9cies em campo. Para o Distrito Federal foram reconhecidas 23 esp\u00e9cies do g\u00eanero, distribu\u00eddas em diferentes tipos de fitofisionomias do Cerrado. S\u00e3o apresentadas: chave de identifica\u00e7\u00e3o, descri\u00e7\u00f5es, ilustra\u00e7\u00f5es, fotos e coment\u00e1rios sobre distribui\u00e7\u00e3o geogr\u00e1fica, habitat, e taxonomia das esp\u00e9cies.<\/p>\n<p style=\"text-align: justify\"><strong>Palavras-chave:<\/strong> Euphorbiaceae, <em>Croton<\/em>, Taxonomia, Flora do Brasil, Flora do Distrito Federal<\/p>\n<hr align=\"center\" noshade=\"noshade\" size=\"1\" width=\"100%\" \/>\n<p style=\"text-align: center\"><a href=\"https:\/\/smastr16.blob.core.windows.net\/pgibt\/sites\/242\/2023\/02\/eduardo_muniz_filho_ms.pdf\"><img decoding=\"async\" loading=\"lazy\" class=\"aligncenter\" src=\"https:\/\/smastr16.blob.core.windows.net\/pgibt\/2013\/09\/pdf_grande.gif\" alt=\"pdf_grande\" width=\"60\" height=\"60\" \/><\/a><a href=\"https:\/\/smastr16.blob.core.windows.net\/pgibt\/sites\/242\/2023\/02\/eduardo_muniz_filho_ms.pdf\">Eduardo Muniz Filho<\/a><br \/>\n<a href=\"https:\/\/smastr16.blob.core.windows.net\/pgibt\/sites\/242\/2023\/02\/eduardo_muniz_filho_ms.pdf\">O g\u00eanero <em>Croton<\/em> (Euphorbiaceae) no Distrito Federal, Brasil<\/a><\/p>\n<hr align=\"center\" noshade=\"noshade\" size=\"1\" width=\"100%\" \/>\n<p style=\"text-align: center\"><strong>\u00a0<a href=\"https:\/\/www.infraestruturameioambiente.sp.gov.br\/pgibt\/dissertacoesteses\/\" target=\"_blank\" rel=\"noopener noreferrer\">VOLTAR AS DISSERTA\u00c7\u00d5ES E TESES<\/a><\/strong><\/p>\n<hr align=\"center\" noshade=\"noshade\" size=\"1\" width=\"100%\" \/>\n","protected":false},"excerpt":{"rendered":"<p>Eduardo Muniz Filho Em 28 de abril de 2022, o aluno de mestrado Eduardo Muniz Filho, do Programa de P\u00f3s-Gradua\u00e7\u00e3o em Biodiversidade Vegetal e Meio Ambiente do Instituto de Pesquisas Ambientais, bolsista CAPES, defendeu, por meio de videoconfer\u00eancia devido ao isolamento social causado pela pandemia do COVID-19, sua Disserta\u00e7\u00e3o de Mestrado intitulada \u201cO g\u00eanero Croton [&hellip;]<\/p>\n","protected":false},"author":187,"featured_media":0,"parent":0,"menu_order":0,"comment_status":"closed","ping_status":"closed","template":"","meta":[],"_links":{"self":[{"href":"https:\/\/www.infraestruturameioambiente.sp.gov.br\/pgibt\/wp-json\/wp\/v2\/pages\/8377"}],"collection":[{"href":"https:\/\/www.infraestruturameioambiente.sp.gov.br\/pgibt\/wp-json\/wp\/v2\/pages"}],"about":[{"href":"https:\/\/www.infraestruturameioambiente.sp.gov.br\/pgibt\/wp-json\/wp\/v2\/types\/page"}],"author":[{"embeddable":true,"href":"https:\/\/www.infraestruturameioambiente.sp.gov.br\/pgibt\/wp-json\/wp\/v2\/users\/187"}],"replies":[{"embeddable":true,"href":"https:\/\/www.infraestruturameioambiente.sp.gov.br\/pgibt\/wp-json\/wp\/v2\/comments?post=8377"}],"version-history":[{"count":3,"href":"https:\/\/www.infraestruturameioambiente.sp.gov.br\/pgibt\/wp-json\/wp\/v2\/pages\/8377\/revisions"}],"predecessor-version":[{"id":8388,"href":"https:\/\/www.infraestruturameioambiente.sp.gov.br\/pgibt\/wp-json\/wp\/v2\/pages\/8377\/revisions\/8388"}],"wp:attachment":[{"href":"https:\/\/www.infraestruturameioambiente.sp.gov.br\/pgibt\/wp-json\/wp\/v2\/media?parent=8377"}],"curies":[{"name":"wp","href":"https:\/\/api.w.org\/{rel}","templated":true}]}}