{"id":820,"date":"2013-09-17T14:52:29","date_gmt":"2013-09-17T17:52:29","guid":{"rendered":"https:\/\/www.infraestruturameioambiente.sp.gov.br\/pgibt\/?page_id=820"},"modified":"2013-09-17T14:52:29","modified_gmt":"2013-09-17T17:52:29","slug":"2012-thiago-rodrigues-dos-santos","status":"publish","type":"page","link":"https:\/\/www.infraestruturameioambiente.sp.gov.br\/pgibt\/dissertacoesteses\/2012-thiago-rodrigues-dos-santos\/","title":{"rendered":"Thiago Rodrigues dos Santos MS"},"content":{"rendered":"<h2 style=\"text-align: center\"><a href=\"https:\/\/smastr16.blob.core.windows.net\/pgibt\/2015\/02\/faixapos6.jpg\"><img decoding=\"async\" loading=\"lazy\" class=\"aligncenter size-full wp-image-3777\" style=\"border: 0px\" alt=\"faixapos6\" src=\"https:\/\/smastr16.blob.core.windows.net\/pgibt\/2015\/02\/faixapos6.jpg\" width=\"950\" height=\"163\" srcset=\"https:\/\/smastr16.blob.core.windows.net\/pgibt\/2015\/02\/faixapos6.jpg 950w, https:\/\/smastr16.blob.core.windows.net\/pgibt\/2015\/02\/faixapos6-768x131.jpg 768w\" sizes=\"(max-width: 950px) 100vw, 950px\" \/><\/a><\/h2>\n<hr align=\"center\" noshade=\"noshade\" size=\"1\" width=\"100%\" \/>\n<h2 style=\"text-align: center\">Thiago Rodrigues dos Santos<\/h2>\n<hr align=\"center\" noshade=\"noshade\" size=\"1\" width=\"100%\" \/>\n<p align=\"center\">No dia 11 de abril de 2012, o aluno Thiago Rodrigues dos Santos (bolsista FAPESP)\u00a0do Programa de P\u00f3s Gradua\u00e7\u00e3o em Biodiversidade Vegetal e Meio Ambiente defendeu sua disserta\u00e7\u00e3o de mestrado intitulada\u201c Varia\u00e7\u00e3o sazonal da biomassa, do estado nutricional e da estrutura da comunidade de\u00a0algas perif\u00edticas desenvolvida sobre substrato artificial e\u00a0<em>Utricularia foliosa\u00a0<\/em>L.\u201d<\/p>\n<p align=\"center\">A banca examinadora foi composta pelo orientador, Dr. Carlos Eduardo de Mattos Bicudo (N\u00facleo de Pesquisa em Ecologia\/IBt), Dra. Val\u00e9ria de Oliveira Fernandes (Universidade Federal do Esp\u00edrito Santo) e Dr. Irineu Bianchini J\u00fanior (Universidade Federal de S\u00e3o Carlos).<\/p>\n<p style=\"text-align: center\"><a href=\"https:\/\/smastr16.blob.core.windows.net\/pgibt\/2013\/09\/Thiago1.jpg\"><img decoding=\"async\" loading=\"lazy\" class=\"aligncenter\" alt=\"\" src=\"https:\/\/smastr16.blob.core.windows.net\/pgibt\/2013\/09\/Thiago1.jpg\" width=\"273\" height=\"187\" \/><\/a><\/p>\n<hr align=\"center\" noshade=\"noshade\" size=\"1\" width=\"100%\" \/>\n<h3 style=\"text-align: center\"><strong>Varia\u00e7\u00e3o sazonal da biomassa, do estado nutricional e da estrutura da comunidade de algas perif\u00edticas desenvolvida<br \/>\nsobre substrato artificial e\u00a0<em>Utricularia foliosa\u00a0<\/em>L.<\/strong><\/h3>\n<hr align=\"center\" noshade=\"noshade\" size=\"1\" width=\"100%\" \/>\n<h4 style=\"text-align: center\"><strong>RESUMO<\/strong><\/h4>\n<p style=\"text-align: justify\">A influ\u00eancia dos substratos vivos sobre a estrutura da comunidade perif\u00edtica \u00e9 ainda uma quest\u00e3o em aberto. O presente estudo visa a avaliar se o micro-h\u00e1bitat\u00a0<em>Utricularia foliosa<\/em>\u00a0afeta a biomassa e o estado nutricional do perif\u00edton, independente da escala sazonal; se o estado nutricional do perif\u00edton foi conectado com a disponibilidade de nutrientes do ambiente; e identificar o atributo estrutural da comunidade de algas perif\u00edticas que foi o mais sens\u00edvel ao tipo de substrato. O presente estudo foi desenvolvido no Lago das Ninf\u00e9ias, um reservat\u00f3rio mesotr\u00f3fico e raso. Para avaliar o efeito do tipo de substrato, usou-se fio de n\u00e1ilon como refer\u00eancia (substrato quimicamente inerte) e para o efeito da libera\u00e7\u00e3o de nutrientes da carnivoria usaram-se distintos \u00f3rg\u00e3os da macr\u00f3fita (caule e folha modificada). A amostragem foi realizada no outono, no inverno, na primavera e no ver\u00e3o. As vari\u00e1veis abi\u00f3ticas da \u00e1gua e as biol\u00f3gicas do fitopl\u00e2ncton e de\u00a0<em>U. foliosa<\/em>\u00a0foram determinadas. As vari\u00e1veis biol\u00f3gicas do perif\u00edton examinadas foram: clorofila-a, massa seca livre de cinzas, densidade total, biovolume total e conte\u00fado de P e N. Foram calculados os \u00edndices biol\u00f3gicos e avaliados os grupos funcionais, as classes algais e a estrutura espec\u00edfica da comunidade. O outono apresentou a menor porcentagem de\u00a0<em>U. foliosa<\/em>, com maior disponibilidade de N e P, mas com maior desequil\u00edbrio estequiom\u00e9trico entre N e P e maior concentra\u00e7\u00e3o de material particulado. O ver\u00e3o apresentou maior porcentagem de cobertura de\u00a0<em>U. foliosa<\/em>, altas temperaturas e radia\u00e7\u00e3o subaqu\u00e1tica. O \u00edndice autotr\u00f3fico revelou que as comunidades foram mais heterotr\u00f3ficas, exceto sobre a folha modificada durante a primavera e o ver\u00e3o. O perif\u00edton sobre substrato artificial apresentou maior conte\u00fado de P no outono. Nas demais esta\u00e7\u00f5es do ano, o conte\u00fado de P do perif\u00edton sobre os substratos naturais foi maior. O conte\u00fado de N do perif\u00edton sobre os substratos naturais apresentou os maiores valores. A raz\u00e3o molar N:P identificou que as comunidades foram P-limitadas, exceto o perif\u00edton sobre o substrato artificial no outono. A diversidade e a riqueza foram maiores sobre os substratos naturais, no entanto, a homogeneidade foi baixa em todos os substratos. Formas de vida coc\u00f3ides, microperif\u00edticas e frouxamente aderidas dominaram em todos os substratos, com exce\u00e7\u00e3o do caule na primavera. As classes algais variaram sazonalmente, mas as clorof\u00edceas e diatom\u00e1ceas apresentaram maior biovolume sobre o substrato natural. A composi\u00e7\u00e3o de esp\u00e9cies apresentou menor similaridade entre os substratos naturais e o artificial. O micro-h\u00e1bitat\u00a0<em>U. foliosa<\/em>\u00a0influenciou a biomassa e o estado nutricional, mas dependeu das condi\u00e7\u00f5es ambientais. Apenas o conte\u00fado de P do perif\u00edton no substrato artificial esteve relacionado com a disponibilidade de nutrientes do ambiente. \u00cdndices biol\u00f3gicos, grupos funcionais e estrutura de classes foram os atributos estruturais da comunidade de algas perif\u00edticas menos sens\u00edveis ao efeito do substrato. A estrutura da comunidade perif\u00edtica respondeu, em n\u00edvel esp\u00e9cie, de forma mais clara ao tipo de substrato.<\/p>\n<p style=\"text-align: justify\"><strong>Palavras \u2013 chave:<\/strong>\u00a0Perif\u00edton, estrutura, composi\u00e7\u00e3o qu\u00edmica,\u00a0<em>Utricularia foliosa<\/em><\/p>\n<hr align=\"center\" noshade=\"noshade\" size=\"1\" width=\"100%\" \/>\n<p style=\"text-align: center\"><a href=\"https:\/\/smastr16.blob.core.windows.net\/pgibt\/2013\/09\/pdf_grande.gif\"><img decoding=\"async\" loading=\"lazy\" class=\"aligncenter size-full wp-image-2313\" style=\"border: 0px\" alt=\"pdf_grande\" src=\"https:\/\/smastr16.blob.core.windows.net\/pgibt\/2013\/09\/pdf_grande.gif\" width=\"60\" height=\"60\" \/><\/a><a href=\"https:\/\/smastr16.blob.core.windows.net\/pgibt\/2013\/09\/Thiago_Rodrigues_dos_Santos_MS.pdf\" target=\"_blank\">Thiago Rodrigues dos Santos<br \/>\nVaria\u00e7\u00e3o sazonal da biomassa, do estado nutricional e da estrutura da comunidade de algas perif\u00edticas<br \/>\ndesenvolvida sobre substrato artificial e <em>Utricularia foliosa<\/em> L.<\/a><\/p>\n<hr align=\"center\" noshade=\"noshade\" size=\"1\" width=\"100%\" \/>\n<p style=\"text-align: center\"><strong>\u00a0<a href=\"https:\/\/www.infraestruturameioambiente.sp.gov.br\/pgibt\/dissertacoesteses\/\">VOLTAR AS DISSERTA\u00c7\u00d5ES E TESES<\/a><\/strong><\/p>\n<hr align=\"center\" noshade=\"noshade\" size=\"1\" width=\"100%\" \/>\n","protected":false},"excerpt":{"rendered":"<p>Thiago Rodrigues dos Santos No dia 11 de abril de 2012, o aluno Thiago Rodrigues dos Santos (bolsista FAPESP)\u00a0do Programa de P\u00f3s Gradua\u00e7\u00e3o em Biodiversidade Vegetal e Meio Ambiente defendeu sua disserta\u00e7\u00e3o de mestrado intitulada\u201c Varia\u00e7\u00e3o sazonal da biomassa, do estado nutricional e da estrutura da comunidade de\u00a0algas perif\u00edticas desenvolvida sobre substrato artificial e\u00a0Utricularia foliosa\u00a0L.\u201d [&hellip;]<\/p>\n","protected":false},"author":1,"featured_media":0,"parent":249,"menu_order":0,"comment_status":"closed","ping_status":"closed","template":"fullpage.php","meta":[],"_links":{"self":[{"href":"https:\/\/www.infraestruturameioambiente.sp.gov.br\/pgibt\/wp-json\/wp\/v2\/pages\/820"}],"collection":[{"href":"https:\/\/www.infraestruturameioambiente.sp.gov.br\/pgibt\/wp-json\/wp\/v2\/pages"}],"about":[{"href":"https:\/\/www.infraestruturameioambiente.sp.gov.br\/pgibt\/wp-json\/wp\/v2\/types\/page"}],"author":[{"embeddable":true,"href":"https:\/\/www.infraestruturameioambiente.sp.gov.br\/pgibt\/wp-json\/wp\/v2\/users\/1"}],"replies":[{"embeddable":true,"href":"https:\/\/www.infraestruturameioambiente.sp.gov.br\/pgibt\/wp-json\/wp\/v2\/comments?post=820"}],"version-history":[{"count":0,"href":"https:\/\/www.infraestruturameioambiente.sp.gov.br\/pgibt\/wp-json\/wp\/v2\/pages\/820\/revisions"}],"up":[{"embeddable":true,"href":"https:\/\/www.infraestruturameioambiente.sp.gov.br\/pgibt\/wp-json\/wp\/v2\/pages\/249"}],"wp:attachment":[{"href":"https:\/\/www.infraestruturameioambiente.sp.gov.br\/pgibt\/wp-json\/wp\/v2\/media?parent=820"}],"curies":[{"name":"wp","href":"https:\/\/api.w.org\/{rel}","templated":true}]}}