{"id":82,"date":"2013-04-12T12:56:39","date_gmt":"2013-04-12T15:56:39","guid":{"rendered":"https:\/\/www.infraestruturameioambiente.sp.gov.br\/pgibt\/?page_id=82"},"modified":"2017-03-07T10:43:47","modified_gmt":"2017-03-07T13:43:47","slug":"informacoes-ms","status":"publish","type":"page","link":"https:\/\/www.infraestruturameioambiente.sp.gov.br\/pgibt\/mestrado\/informacoes-ms\/","title":{"rendered":"Informa\u00e7\u00f5es MS"},"content":{"rendered":"<ul>\n<li>Dura\u00e7\u00e3o m\u00e1xima de 26 meses<\/li>\n<li>Disciplinas (m\u00ednimo de 25 cr\u00e9ditos)<\/li>\n<li>Disserta\u00e7\u00e3o e Defesa (85 cr\u00e9ditos)<\/li>\n<li>Profici\u00eancia na l\u00edngua inglesa<\/li>\n<li>Exame de Qualifica\u00e7\u00e3o (entre 12 e 18 meses, a partir da 1\u00aa matr\u00edcula)<\/li>\n<\/ul>\n","protected":false},"excerpt":{"rendered":"<p>Dura\u00e7\u00e3o m\u00e1xima de 26 meses Disciplinas (m\u00ednimo de 25 cr\u00e9ditos) Disserta\u00e7\u00e3o e Defesa (85 cr\u00e9ditos) Profici\u00eancia na l\u00edngua inglesa Exame de Qualifica\u00e7\u00e3o (entre 12 e 18 meses, a partir da 1\u00aa matr\u00edcula)<\/p>\n","protected":false},"author":1,"featured_media":0,"parent":79,"menu_order":1,"comment_status":"closed","ping_status":"open","template":"","meta":[],"_links":{"self":[{"href":"https:\/\/www.infraestruturameioambiente.sp.gov.br\/pgibt\/wp-json\/wp\/v2\/pages\/82"}],"collection":[{"href":"https:\/\/www.infraestruturameioambiente.sp.gov.br\/pgibt\/wp-json\/wp\/v2\/pages"}],"about":[{"href":"https:\/\/www.infraestruturameioambiente.sp.gov.br\/pgibt\/wp-json\/wp\/v2\/types\/page"}],"author":[{"embeddable":true,"href":"https:\/\/www.infraestruturameioambiente.sp.gov.br\/pgibt\/wp-json\/wp\/v2\/users\/1"}],"replies":[{"embeddable":true,"href":"https:\/\/www.infraestruturameioambiente.sp.gov.br\/pgibt\/wp-json\/wp\/v2\/comments?post=82"}],"version-history":[{"count":1,"href":"https:\/\/www.infraestruturameioambiente.sp.gov.br\/pgibt\/wp-json\/wp\/v2\/pages\/82\/revisions"}],"predecessor-version":[{"id":5779,"href":"https:\/\/www.infraestruturameioambiente.sp.gov.br\/pgibt\/wp-json\/wp\/v2\/pages\/82\/revisions\/5779"}],"up":[{"embeddable":true,"href":"https:\/\/www.infraestruturameioambiente.sp.gov.br\/pgibt\/wp-json\/wp\/v2\/pages\/79"}],"wp:attachment":[{"href":"https:\/\/www.infraestruturameioambiente.sp.gov.br\/pgibt\/wp-json\/wp\/v2\/media?parent=82"}],"curies":[{"name":"wp","href":"https:\/\/api.w.org\/{rel}","templated":true}]}}