{"id":814,"date":"2013-09-17T14:47:21","date_gmt":"2013-09-17T17:47:21","guid":{"rendered":"https:\/\/www.infraestruturameioambiente.sp.gov.br\/pgibt\/?page_id=814"},"modified":"2019-10-02T11:50:23","modified_gmt":"2019-10-02T14:50:23","slug":"2012-talisson-resende-capistrano","status":"publish","type":"page","link":"https:\/\/www.infraestruturameioambiente.sp.gov.br\/pgibt\/dissertacoesteses\/2012-talisson-resende-capistrano\/","title":{"rendered":"Talisson Resende Capistrano MS"},"content":{"rendered":"<h2 style=\"text-align: center\"><a href=\"https:\/\/smastr16.blob.core.windows.net\/pgibt\/2015\/02\/faixapos6.jpg\"><img decoding=\"async\" loading=\"lazy\" class=\"aligncenter size-full wp-image-3777\" style=\"border: 0px\" src=\"https:\/\/smastr16.blob.core.windows.net\/pgibt\/2015\/02\/faixapos6.jpg\" alt=\"faixapos6\" width=\"950\" height=\"163\" srcset=\"https:\/\/smastr16.blob.core.windows.net\/pgibt\/2015\/02\/faixapos6.jpg 950w, https:\/\/smastr16.blob.core.windows.net\/pgibt\/2015\/02\/faixapos6-768x131.jpg 768w\" sizes=\"(max-width: 950px) 100vw, 950px\" \/><\/a><\/h2>\n<hr align=\"center\" noshade=\"noshade\" size=\"1\" width=\"100%\" \/>\n<h2 style=\"text-align: center\">Talisson Resende Capistrano<\/h2>\n<hr align=\"center\" noshade=\"noshade\" size=\"1\" width=\"100%\" \/>\n<hr align=\"center\" noshade=\"noshade\" size=\"1\" width=\"100%\" \/>\n<h3 style=\"text-align: center\">Flora Fanerog\u00e2mica do Estado de S\u00e3o Paulo: STYRACACEAE<\/h3>\n<hr align=\"center\" noshade=\"noshade\" size=\"1\" width=\"100%\" \/>\n<h4 style=\"text-align: center\"><strong>RESUMO<\/strong><\/h4>\n<p style=\"text-align: justify\">Esta monografia sobre Styracaceae \u00e9 parte do \u201cProjeto Flora Fanerog\u00e2mica do Estado de S\u00e3o Paulo\u201d. Um \u00fanico g\u00eanero desta fam\u00edlia,<em>Styrax\u00a0<\/em>L., ocorre no Brasil, com 23 esp\u00e9cies das quais nove ocorrem no Estado de S\u00e3o Paulo:\u00a0<em>Styrax acuminatus<\/em>\u00a0Pohl (floresta ombr\u00f3fila densa e restinga alta),\u00a0<em>S. camporum<\/em>\u00a0Pohl (floresta ombr\u00f3fila densa, floresta estacional e cerrado),\u00a0<em>S. ferrugineus<\/em>\u00a0Nees &amp; Mart. (cerrado),\u00a0<em>S. glabratus<\/em>\u00a0Schott (restinga, floresta ombr\u00f3fila densa e floresta estacional semidecidual),\u00a0<em>S. latifolius<\/em>\u00a0Pohl (floresta estacional semidecidual),\u00a0<em>S. leprosus<\/em>\u00a0Hook. &amp; Arn. (floresta ombr\u00f3fila densa e mista, em \u00e1reas acima de 700m de altitude),\u00a0<em>S. martii\u00a0<\/em>Seub. (floresta ombr\u00f3fila densa),\u00a0<em>S. pohlii<\/em>\u00a0A. DC. (floresta estacional e cerrado, afinidade com \u00e1reas rip\u00e1rias e higr\u00f3filas) e\u00a0<em>S. sieberi<\/em>\u00a0Perkins (floresta estacional e cerrad\u00e3o, esp\u00e9cie rara para o estado). Neste estudo\u00a0<em>S.<\/em>\u00a0<em>lancifolius\u00a0<\/em>Klotzsch ex Seub. \u00e9 considerado sin\u00f4nimo de<em>\u00a0S. martii.<\/em>\u00a0O tipo e a estratifica\u00e7\u00e3o do indumento da folha s\u00e3o as principais caracter\u00edsticas utilizadas para o reconhecimento das esp\u00e9cies. Descri\u00e7\u00e3o dos t\u00e1xons, chave de identifica\u00e7\u00e3o para as esp\u00e9cies, ilustra\u00e7\u00e3o, coment\u00e1rios sobre taxonomia, estado atual de conserva\u00e7\u00e3o e distribui\u00e7\u00e3o geogr\u00e1fica tamb\u00e9m s\u00e3o apresentados.<\/p>\n<p style=\"text-align: justify\"><strong>Palavras-chaves:\u00a0<\/strong>Styracaceae;\u00a0<em>Styrax<\/em>; Flora do Estado de S\u00e3o Paulo.<\/p>\n<hr align=\"center\" noshade=\"noshade\" size=\"1\" width=\"100%\" \/>\n<p style=\"text-align: center\"><a href=\"https:\/\/smastr16.blob.core.windows.net\/pgibt\/2013\/09\/Talisson_Resende_Capistrano_MS.pdf\"><img decoding=\"async\" loading=\"lazy\" class=\"aligncenter wp-image-2313 size-full\" style=\"border: 0px\" src=\"https:\/\/smastr16.blob.core.windows.net\/pgibt\/2013\/09\/pdf_grande.gif\" alt=\"pdf_grande\" width=\"60\" height=\"60\" \/><\/a><a href=\"https:\/\/smastr16.blob.core.windows.net\/pgibt\/2013\/09\/Talisson_Resende_Capistrano_MS.pdf\" target=\"_blank\" rel=\"noopener noreferrer\">Talisson Resende Capistrano<br \/>\nFlora Fanerog\u00e2mica do Estado de S\u00e3o Paulo: STYRACACEAE<\/a><\/p>\n<hr align=\"center\" noshade=\"noshade\" size=\"1\" width=\"100%\" \/>\n<p style=\"text-align: center\"><strong>\u00a0<a href=\"https:\/\/www.infraestruturameioambiente.sp.gov.br\/pgibt\/dissertacoesteses\/\">VOLTAR AS DISSERTA\u00c7\u00d5ES E TESES<\/a><\/strong><\/p>\n<hr align=\"center\" noshade=\"noshade\" size=\"1\" width=\"100%\" \/>\n","protected":false},"excerpt":{"rendered":"<p>Talisson Resende Capistrano Flora Fanerog\u00e2mica do Estado de S\u00e3o Paulo: STYRACACEAE RESUMO Esta monografia sobre Styracaceae \u00e9 parte do \u201cProjeto Flora Fanerog\u00e2mica do Estado de S\u00e3o Paulo\u201d. Um \u00fanico g\u00eanero desta fam\u00edlia,Styrax\u00a0L., ocorre no Brasil, com 23 esp\u00e9cies das quais nove ocorrem no Estado de S\u00e3o Paulo:\u00a0Styrax acuminatus\u00a0Pohl (floresta ombr\u00f3fila densa e restinga alta),\u00a0S. camporum\u00a0Pohl [&hellip;]<\/p>\n","protected":false},"author":1,"featured_media":0,"parent":249,"menu_order":0,"comment_status":"closed","ping_status":"closed","template":"","meta":[],"_links":{"self":[{"href":"https:\/\/www.infraestruturameioambiente.sp.gov.br\/pgibt\/wp-json\/wp\/v2\/pages\/814"}],"collection":[{"href":"https:\/\/www.infraestruturameioambiente.sp.gov.br\/pgibt\/wp-json\/wp\/v2\/pages"}],"about":[{"href":"https:\/\/www.infraestruturameioambiente.sp.gov.br\/pgibt\/wp-json\/wp\/v2\/types\/page"}],"author":[{"embeddable":true,"href":"https:\/\/www.infraestruturameioambiente.sp.gov.br\/pgibt\/wp-json\/wp\/v2\/users\/1"}],"replies":[{"embeddable":true,"href":"https:\/\/www.infraestruturameioambiente.sp.gov.br\/pgibt\/wp-json\/wp\/v2\/comments?post=814"}],"version-history":[{"count":2,"href":"https:\/\/www.infraestruturameioambiente.sp.gov.br\/pgibt\/wp-json\/wp\/v2\/pages\/814\/revisions"}],"predecessor-version":[{"id":7167,"href":"https:\/\/www.infraestruturameioambiente.sp.gov.br\/pgibt\/wp-json\/wp\/v2\/pages\/814\/revisions\/7167"}],"up":[{"embeddable":true,"href":"https:\/\/www.infraestruturameioambiente.sp.gov.br\/pgibt\/wp-json\/wp\/v2\/pages\/249"}],"wp:attachment":[{"href":"https:\/\/www.infraestruturameioambiente.sp.gov.br\/pgibt\/wp-json\/wp\/v2\/media?parent=814"}],"curies":[{"name":"wp","href":"https:\/\/api.w.org\/{rel}","templated":true}]}}