{"id":808,"date":"2013-09-17T14:44:12","date_gmt":"2013-09-17T17:44:12","guid":{"rendered":"https:\/\/www.infraestruturameioambiente.sp.gov.br\/pgibt\/?page_id=808"},"modified":"2013-09-17T14:44:12","modified_gmt":"2013-09-17T17:44:12","slug":"2012-simone-ferreira-da-silva","status":"publish","type":"page","link":"https:\/\/www.infraestruturameioambiente.sp.gov.br\/pgibt\/dissertacoesteses\/2012-simone-ferreira-da-silva\/","title":{"rendered":"Simone Ferreira da Silva-MS"},"content":{"rendered":"<h2 style=\"text-align: center\"><a href=\"https:\/\/smastr16.blob.core.windows.net\/pgibt\/2015\/02\/faixapos6.jpg\"><img decoding=\"async\" loading=\"lazy\" class=\"aligncenter size-full wp-image-3777\" style=\"border: 0px\" alt=\"faixapos6\" src=\"https:\/\/smastr16.blob.core.windows.net\/pgibt\/2015\/02\/faixapos6.jpg\" width=\"950\" height=\"163\" srcset=\"https:\/\/smastr16.blob.core.windows.net\/pgibt\/2015\/02\/faixapos6.jpg 950w, https:\/\/smastr16.blob.core.windows.net\/pgibt\/2015\/02\/faixapos6-768x131.jpg 768w\" sizes=\"(max-width: 950px) 100vw, 950px\" \/><\/a><\/h2>\n<hr align=\"center\" noshade=\"noshade\" size=\"1\" width=\"100%\" \/>\n<h2 style=\"text-align: center\">Simone Ferreira da Silva<\/h2>\n<hr align=\"center\" noshade=\"noshade\" size=\"1\" width=\"100%\" \/>\n<p style=\"text-align: center\">No dia 27 de abril de 2012, a aluna Simone Ferreira da Silva, bolsista FAPESP do\u00a0Programa de P\u00f3s Gradua\u00e7\u00e3o em Biodiversidade Vegetal e Meio Ambiente defendeu sua disserta\u00e7\u00e3o de mestrado intitulada:<br \/>\n\u201cBiomonitoramento das emiss\u00f5es de uma refinaria de petr\u00f3leo em Cubat\u00e3o, SP, com indiv\u00edduos jovens de\u00a0<em>Psidium guajava\u00a0<\/em>L.\u2018Paluma\u2019,<br \/>\nsob orienta\u00e7\u00e3o da Dra. Regina Maria de Moraes, do N\u00facleo de Pesquisa em Ecologia do Instituto de Bot\u00e2nica de S\u00e3o Paulo (IBt).<\/p>\n<p style=\"text-align: center\">A banca examinadora foi composta pela orientadora, Dra. Regina Maria de Moraes e pelos professores: Dr. S\u00e9rgio Tadeu Meirelles (Departamento de Ecologia da Universidade de S\u00e3o Paulo \/ USP) e Dra. Patr\u00edcia Bulbovas (N\u00facleo de Pesquisa em Ecologia \/ IBt)<\/p>\n<hr align=\"center\" noshade=\"noshade\" size=\"1\" width=\"100%\" \/>\n<h3 style=\"text-align: center\">Biomonitoramento das emiss\u00f5es de uma refinaria de petr\u00f3leo em Cubat\u00e3o, SP,<br \/>\ncom indiv\u00edduos jovens de\u00a0<em>Psidium guajava<\/em>\u00a0L. \u2018Paluma\u2019<\/h3>\n<hr align=\"center\" noshade=\"noshade\" size=\"1\" width=\"100%\" \/>\n<h4 style=\"text-align: center\"><strong>RESUMO<\/strong><\/h4>\n<p style=\"text-align: justify\">A Floresta Atl\u00e2ntica situada na regi\u00e3o da Serra do Mar em Cubat\u00e3o, S\u00e3o Paulo, \u00e9 afetada por diversos poluentes emitidos pelas v\u00e1rias ind\u00fastrias existentes no local, dentre elas, a Refinaria Presidente Bernardes. Esta refinaria alterou seu modo de obten\u00e7\u00e3o de energia, substituindo a queima de \u00f3leo em caldeiras por g\u00e1s natural, um combust\u00edvel mais limpo, a fim de reduzir o impacto de suas emiss\u00f5es, principalmente de di\u00f3xido de enxofre (SO2). A combust\u00e3o de g\u00e1s natural, entretanto, pode resultar no aumento das concentra\u00e7\u00f5es de precursores de oz\u00f4nio (O3). Considerando as poss\u00edveis altera\u00e7\u00f5es no perfil de contamina\u00e7\u00e3o atmosf\u00e9rica, foi realizado este estudo de biomonitoramento com o objetivo de verificar se as respostas de\u00a0<em>Psidium guajava\u00a0<\/em>\u2018Paluma\u2019, esp\u00e9cie bioindicadora de O3,\u00a0seriam alteradas nessa nova situa\u00e7\u00e3o. Em condi\u00e7\u00f5es ambientais, as plantas foram expostas em 5 pontos com diferentes proximidades da refinaria (CM1, CM5, CEPEMA, Centro e RP), antes e ap\u00f3s a mudan\u00e7a de combust\u00edvel. Posteriormente, um segundo experimento foi realizado em condi\u00e7\u00f5es semi-controladas, no qual as plantas foram mantidas em c\u00e2maras de topo aberto, duas delas ventiladas com ar ambiente e duas com ar filtrado. Foram realizadas 6 exposi\u00e7\u00f5es em condi\u00e7\u00f5es ambientais e 3 em condi\u00e7\u00f5es semi-controladas, com dura\u00e7\u00e3o de aproximadamente 90 dias cada uma. As plantas foram avaliadas quanto \u00e0s trocas gasosas (assimila\u00e7\u00e3o l\u00edquida de carbono, Asat; condut\u00e2ncia estom\u00e1tica, gs e transpira\u00e7\u00e3o, E), efici\u00eancia qu\u00e2ntica potencial do fotossistema II (Fv\/Fm), ac\u00famulo foliar de N e S, crescimento e manifesta\u00e7\u00e3o de inj\u00farias foliares vis\u00edveis. Em condi\u00e7\u00f5es ambientais, com a utiliza\u00e7\u00e3o do g\u00e1s natural, as plantas apresentaram redu\u00e7\u00e3o de Asat e gs assim como altera\u00e7\u00f5es no padr\u00e3o de crescimento, como aumento na altura e redu\u00e7\u00e3o na raz\u00e3o raiz\/parte a\u00e9rea, al\u00e9m de apresentarem inj\u00farias foliares vis\u00edveis induzidas por O3.\u00a0 No experimento semi-controlado, as plantas sob ar ambiente (AA) apresentaram tanto uma redu\u00e7\u00e3o de Asat em resposta a altas concentra\u00e7\u00f5es de O3, como um aumento em resposta a presen\u00e7a de NO2, sem apresentar danos efetivos em Fv\/Fm. Houve maior crescimento em di\u00e2metro em resposta ao efeito fertilizante de NO2 e ac\u00famulo foliar de N. Nos dois experimentos, as respostas de\u00a0<em>P. guajava\u00a0<\/em>\u2018Paluma\u2019 foram alteradas devido \u00e0 troca do combust\u00edvel. Al\u00e9m do O3, outros poluentes devem tamb\u00e9m estar agindo e promovendo o estresse oxidativo, ao menos em locais de maior altitude. Embora o NO2 esteja promovendo um efeito ben\u00e9fico nas plantas mantidas em c\u00e2maras de ar ambiente, este efeito n\u00e3o pode ser garantido em longo prazo. Desse modo, n\u00e3o \u00e9 poss\u00edvel garantir que a troca de combust\u00edvel tenha resultado em ganho ambiental.<\/p>\n<p style=\"text-align: justify\"><strong>Palavras-chave<\/strong>: Polui\u00e7\u00e3o atmosf\u00e9rica; Fotoss\u00edntese; Oz\u00f4nio.<\/p>\n<hr align=\"center\" noshade=\"noshade\" size=\"1\" width=\"100%\" \/>\n<p style=\"text-align: center\"><a href=\"https:\/\/smastr16.blob.core.windows.net\/pgibt\/2013\/09\/pdf_grande.gif\"><img decoding=\"async\" loading=\"lazy\" class=\"aligncenter size-full wp-image-2313\" style=\"border: 0px\" alt=\"pdf_grande\" src=\"https:\/\/smastr16.blob.core.windows.net\/pgibt\/2013\/09\/pdf_grande.gif\" width=\"60\" height=\"60\" \/><\/a><a href=\"https:\/\/smastr16.blob.core.windows.net\/pgibt\/2013\/09\/Simone_Ferreira_da_Silva_MS.pdf\" target=\"_blank\">Simone Ferreira da Silva<br \/>\nBiomonitoramento das emiss\u00f5es de uma refinaria de petr\u00f3leo em Cubat\u00e3o, SP, com indiv\u00edduos jovens de<em> Psidium guajava<\/em> L. \u2018Paluma\u2019<\/a><\/p>\n<hr align=\"center\" noshade=\"noshade\" size=\"1\" width=\"100%\" \/>\n<p style=\"text-align: center\"><strong>\u00a0<a href=\"https:\/\/www.infraestruturameioambiente.sp.gov.br\/pgibt\/dissertacoesteses\/\">VOLTAR AS DISSERTA\u00c7\u00d5ES E TESES<\/a><\/strong><\/p>\n<hr align=\"center\" noshade=\"noshade\" size=\"1\" width=\"100%\" \/>\n<h1 style=\"text-align: center\"><\/h1>\n<p>&nbsp;<\/p>\n","protected":false},"excerpt":{"rendered":"<p>Simone Ferreira da Silva No dia 27 de abril de 2012, a aluna Simone Ferreira da Silva, bolsista FAPESP do\u00a0Programa de P\u00f3s Gradua\u00e7\u00e3o em Biodiversidade Vegetal e Meio Ambiente defendeu sua disserta\u00e7\u00e3o de mestrado intitulada: \u201cBiomonitoramento das emiss\u00f5es de uma refinaria de petr\u00f3leo em Cubat\u00e3o, SP, com indiv\u00edduos jovens de\u00a0Psidium guajava\u00a0L.\u2018Paluma\u2019, sob orienta\u00e7\u00e3o da Dra. [&hellip;]<\/p>\n","protected":false},"author":1,"featured_media":0,"parent":249,"menu_order":0,"comment_status":"closed","ping_status":"open","template":"fullpage.php","meta":[],"_links":{"self":[{"href":"https:\/\/www.infraestruturameioambiente.sp.gov.br\/pgibt\/wp-json\/wp\/v2\/pages\/808"}],"collection":[{"href":"https:\/\/www.infraestruturameioambiente.sp.gov.br\/pgibt\/wp-json\/wp\/v2\/pages"}],"about":[{"href":"https:\/\/www.infraestruturameioambiente.sp.gov.br\/pgibt\/wp-json\/wp\/v2\/types\/page"}],"author":[{"embeddable":true,"href":"https:\/\/www.infraestruturameioambiente.sp.gov.br\/pgibt\/wp-json\/wp\/v2\/users\/1"}],"replies":[{"embeddable":true,"href":"https:\/\/www.infraestruturameioambiente.sp.gov.br\/pgibt\/wp-json\/wp\/v2\/comments?post=808"}],"version-history":[{"count":0,"href":"https:\/\/www.infraestruturameioambiente.sp.gov.br\/pgibt\/wp-json\/wp\/v2\/pages\/808\/revisions"}],"up":[{"embeddable":true,"href":"https:\/\/www.infraestruturameioambiente.sp.gov.br\/pgibt\/wp-json\/wp\/v2\/pages\/249"}],"wp:attachment":[{"href":"https:\/\/www.infraestruturameioambiente.sp.gov.br\/pgibt\/wp-json\/wp\/v2\/media?parent=808"}],"curies":[{"name":"wp","href":"https:\/\/api.w.org\/{rel}","templated":true}]}}