{"id":803,"date":"2013-09-17T14:40:26","date_gmt":"2013-09-17T17:40:26","guid":{"rendered":"https:\/\/www.infraestruturameioambiente.sp.gov.br\/pgibt\/?page_id=803"},"modified":"2013-09-17T14:40:26","modified_gmt":"2013-09-17T17:40:26","slug":"2012-regina-tomoko-shirasuna-ms","status":"publish","type":"page","link":"https:\/\/www.infraestruturameioambiente.sp.gov.br\/pgibt\/dissertacoesteses\/2012-regina-tomoko-shirasuna-ms\/","title":{"rendered":"Regina Tomoko Shirasuna MS"},"content":{"rendered":"<h2 style=\"text-align: center\"><a href=\"https:\/\/smastr16.blob.core.windows.net\/pgibt\/2015\/02\/faixapos6.jpg\"><img decoding=\"async\" loading=\"lazy\" class=\"aligncenter size-full wp-image-3777\" style=\"border: 0px\" alt=\"faixapos6\" src=\"https:\/\/smastr16.blob.core.windows.net\/pgibt\/2015\/02\/faixapos6.jpg\" width=\"950\" height=\"163\" srcset=\"https:\/\/smastr16.blob.core.windows.net\/pgibt\/2015\/02\/faixapos6.jpg 950w, https:\/\/smastr16.blob.core.windows.net\/pgibt\/2015\/02\/faixapos6-768x131.jpg 768w\" sizes=\"(max-width: 950px) 100vw, 950px\" \/><\/a><\/h2>\n<hr align=\"center\" noshade=\"noshade\" size=\"1\" width=\"100%\" \/>\n<h2 style=\"text-align: center\">Regina Tomoko Shirasuna<\/h2>\n<hr align=\"center\" noshade=\"noshade\" size=\"1\" width=\"100%\" \/>\n<p style=\"text-align: center\">No dia 13 de fevereiro 2012, a aluna Regina Tomoko Shirasuna do Programa de P\u00f3s-Gradua\u00e7\u00e3o em Biodiversidade Vegetal e Meio Ambiente<br \/>\ndefendeu sua disserta\u00e7\u00e3o de mestrado intitulada<br \/>\n\u201cBambus nativos (Poaceae; Bambusoideae) do Parque Estadual das Fontes do Ipiranga, S\u00e3o Paulo, Brasil\u201d.<\/p>\n<p style=\"text-align: center\">A banca examinadora foi composta pelo Prof. Dr. Tarciso de Sousa Filgueiras ((N\u00facleo de Pesquisa Curadoria do Herb\u00e1rio SP\/IBt),<br \/>\nProfa. Dra. Ana Paula S. Gon\u00e7alves (Universidade Federal de Vi\u00e7osa)<br \/>\ne Prof. Dr. Eduardo L. Martins Catharino (N\u00facleo de Pesquisa-Jardim Bot\u00e2nico e Reservas).<\/p>\n<p style=\"text-align: center\">O Parque Estadual das Fontes do Ipiranga localiza-se em uma das maiores \u00e1reas urbanas da Am\u00e9rica Latina sofrendo intensa press\u00e3o antr\u00f3pica da popula\u00e7\u00e3o do entorno. Constitui um dos mais importantes remanescentes, sendo um dos ecossistemas mais fragmentados e amea\u00e7ados do pa\u00eds, desempenhando um papel importante nos processos ecol\u00f3gicos naturais, principalmente a conserva\u00e7\u00e3o da biodiversidade e dos aqu\u00edferos e mananciais. A flora do PEFI inclui o grupo das florestas estacionais semideciduais de planalto, dentro do dom\u00ednio Mata Atl\u00e2ntica. S\u00e3o citadas quatro esp\u00e9cies de bambus amea\u00e7ados de extin\u00e7\u00e3o, sendo uma esp\u00e9cie exclusiva do parque, al\u00e9m de uma nova ocorr\u00eancia para o bioma e para o Estado de SP.<\/p>\n<hr align=\"center\" noshade=\"noshade\" size=\"1\" width=\"100%\" \/>\n<h3 style=\"text-align: center\">Bambus nativos (Poaceae-Bambusoideae) no Parque Estadual das Fontes do Ipiranga, S\u00e3o Paulo, Brasil<\/h3>\n<hr align=\"center\" noshade=\"noshade\" size=\"1\" width=\"100%\" \/>\n<h4 style=\"text-align: center\"><strong>RESUMO<\/strong><\/h4>\n<p style=\"text-align: justify\">O Parque Estadual das Fontes do Ipiranga (PEFI), com 526,36 ha., situa-se na regi\u00e3o sudeste do munic\u00edpio de S\u00e3o Paulo (23\u00ba38\u201908\u201dS e 23\u00ba40\u201918\u201dS &#8211; 46\u00ba36\u201948\u201dW e 46\u00ba38\u201900\u201dW). O PEFI faz divisa sul-sudeste com o munic\u00edpio de Diadema e constitui um dos mais importantes remanescentes florestais da capital do Estado. \u00c9 caracterizado por uma vegeta\u00e7\u00e3o do bioma Mata Atl\u00e2ntica. O presente trabalho teve por finalidade estudar a composi\u00e7\u00e3o flor\u00edstica dos bambus nativos (Bambusoideae) do PEFI contribuindo, dessa forma, para a conclus\u00e3o do estudo flor\u00edstico da fam\u00edlia Poaceae no parque e para a atualiza\u00e7\u00e3o do conhecimento das gram\u00edneas do Estado de S\u00e3o Paulo. O trabalho apresenta chaves de identifica\u00e7\u00f5es, descri\u00e7\u00f5es padronizadas, ilustra\u00e7\u00f5es, dados sobre distribui\u00e7\u00e3o e ecologia, mapeamento, nomes populares, fenologia e status conservacionista para cada esp\u00e9cie. Bambusoideae est\u00e1 representada no parque por cinco g\u00eaneros e 17 esp\u00e9cies nativas. O g\u00eanero mais especioso \u00e9\u00a0<em>Merostachys<\/em>\u00a0(9 spp.). Seguem-se\u00a0<em>Chusquea<\/em>\u00a0(3 spp.) e\u00a0<em>Olyra<\/em>\u00a0(3 spp.),\u00a0<em>Aulonemia<\/em>\u00a0e\u00a0<em>Parodiolyra<\/em>\u00a0com uma esp\u00e9cie cada. Registra-se pela primeira vez a ocorr\u00eancia de\u00a0<em>Olyra loretensis\u00a0<\/em>Mez no Estado de S\u00e3o Paulo e no bioma Mata Atl\u00e2ntica.\u00a0<em>Merostachys burmanii, M. scandens, M. skvortzovii\u00a0<\/em>e<em>\u00a0Olyra loretensis<\/em>\u00a0s\u00e3o consideradas amea\u00e7adas de extin\u00e7\u00e3o no Estado de S\u00e3o Paulo.\u00a0<em>Chusquea bambusoides<\/em>\u00a0var.\u00a0<em>minor<\/em>\u00a0McClure &amp; L.B. Sm. foi colocada na sinon\u00edmia de<em>C. bambusoides<\/em>\u00a0(Raddi) Hack. Foram identificadas duas esp\u00e9cies nativas introduzidas no parque:\u00a0<em>Raddia distichophylla\u00a0<\/em>(Schrad. ex Nees) Chase e<em>\u00a0R. sodersttromii\u00a0<\/em>R. P. Oliveira, L.G. Clark &amp; Judz.<em>,<\/em>\u00a0al\u00e9m de 11 outras esp\u00e9cies ex\u00f3ticas e duas cultivares. Apresentam-se chaves ilustradas para identifica\u00e7\u00e3o de todas as esp\u00e9cies introduzidas, como tamb\u00e9m as coordenadas geogr\u00e1ficas das touceiras, os nomes populares e fotos (Fonte financiadora: Instituto de Bot\u00e2nica de S\u00e3o Paulo).<\/p>\n<p style=\"text-align: justify\"><strong>Palavras-chave:<\/strong>\u00a0gramineae, Bambuseae, Olyreae, flor\u00edstica, taxonomia, conserva\u00e7\u00e3o, bambus cultivados (no Instituto de Bot\u00e2nica, SP).<\/p>\n<hr align=\"center\" noshade=\"noshade\" size=\"1\" width=\"100%\" \/>\n<p style=\"text-align: center\"><a href=\"https:\/\/smastr16.blob.core.windows.net\/pgibt\/2013\/09\/pdf_grande.gif\"><img decoding=\"async\" loading=\"lazy\" class=\"aligncenter size-full wp-image-2313\" style=\"border: 0px\" alt=\"pdf_grande\" src=\"https:\/\/smastr16.blob.core.windows.net\/pgibt\/2013\/09\/pdf_grande.gif\" width=\"60\" height=\"60\" \/><\/a><a href=\"https:\/\/smastr16.blob.core.windows.net\/pgibt\/2013\/09\/Regina_Tomoko_Shirasuna_MS.pdf\" target=\"_blank\">Regina Tomoko Shirasuna<br \/>\nBambus nativos (Poaceae-Bambusoideae) no Parque Estadual das Fontes do Ipiranga, S\u00e3o Paulo, Brasil<\/a><\/p>\n<hr align=\"center\" noshade=\"noshade\" size=\"1\" width=\"100%\" \/>\n<p style=\"text-align: center\"><strong>\u00a0<a href=\"https:\/\/www.infraestruturameioambiente.sp.gov.br\/pgibt\/dissertacoesteses\/\">VOLTAR AS DISSERTA\u00c7\u00d5ES E TESES<\/a><\/strong><\/p>\n<hr align=\"center\" noshade=\"noshade\" size=\"1\" width=\"100%\" \/>\n","protected":false},"excerpt":{"rendered":"<p>Regina Tomoko Shirasuna No dia 13 de fevereiro 2012, a aluna Regina Tomoko Shirasuna do Programa de P\u00f3s-Gradua\u00e7\u00e3o em Biodiversidade Vegetal e Meio Ambiente defendeu sua disserta\u00e7\u00e3o de mestrado intitulada \u201cBambus nativos (Poaceae; Bambusoideae) do Parque Estadual das Fontes do Ipiranga, S\u00e3o Paulo, Brasil\u201d. A banca examinadora foi composta pelo Prof. Dr. Tarciso de Sousa [&hellip;]<\/p>\n","protected":false},"author":1,"featured_media":0,"parent":249,"menu_order":0,"comment_status":"closed","ping_status":"closed","template":"fullpage.php","meta":[],"_links":{"self":[{"href":"https:\/\/www.infraestruturameioambiente.sp.gov.br\/pgibt\/wp-json\/wp\/v2\/pages\/803"}],"collection":[{"href":"https:\/\/www.infraestruturameioambiente.sp.gov.br\/pgibt\/wp-json\/wp\/v2\/pages"}],"about":[{"href":"https:\/\/www.infraestruturameioambiente.sp.gov.br\/pgibt\/wp-json\/wp\/v2\/types\/page"}],"author":[{"embeddable":true,"href":"https:\/\/www.infraestruturameioambiente.sp.gov.br\/pgibt\/wp-json\/wp\/v2\/users\/1"}],"replies":[{"embeddable":true,"href":"https:\/\/www.infraestruturameioambiente.sp.gov.br\/pgibt\/wp-json\/wp\/v2\/comments?post=803"}],"version-history":[{"count":0,"href":"https:\/\/www.infraestruturameioambiente.sp.gov.br\/pgibt\/wp-json\/wp\/v2\/pages\/803\/revisions"}],"up":[{"embeddable":true,"href":"https:\/\/www.infraestruturameioambiente.sp.gov.br\/pgibt\/wp-json\/wp\/v2\/pages\/249"}],"wp:attachment":[{"href":"https:\/\/www.infraestruturameioambiente.sp.gov.br\/pgibt\/wp-json\/wp\/v2\/media?parent=803"}],"curies":[{"name":"wp","href":"https:\/\/api.w.org\/{rel}","templated":true}]}}