{"id":7877,"date":"2021-07-06T22:38:31","date_gmt":"2021-07-07T01:38:31","guid":{"rendered":"https:\/\/www.infraestruturameioambiente.sp.gov.br\/pgibt\/?page_id=7877"},"modified":"2021-07-06T22:39:36","modified_gmt":"2021-07-07T01:39:36","slug":"aluisio-jose-fernandes-junior-dr","status":"publish","type":"page","link":"https:\/\/www.infraestruturameioambiente.sp.gov.br\/pgibt\/dissertacoesteses\/aluisio-jose-fernandes-junior-dr\/","title":{"rendered":"Aluisio Jos\u00e9 Fernandes J\u00fanior DR"},"content":{"rendered":"<h2 style=\"text-align: center\"><a href=\"https:\/\/www.infraestruturameioambiente.sp.gov.br\/pgibt\/\" target=\"_blank\" rel=\"noopener noreferrer\"><img decoding=\"async\" loading=\"lazy\" class=\"aligncenter wp-image-3777 size-full\" style=\"border: 0px\" src=\"https:\/\/smastr16.blob.core.windows.net\/pgibt\/2015\/02\/faixapos6.jpg\" alt=\"faixapos6\" width=\"950\" height=\"163\" srcset=\"https:\/\/smastr16.blob.core.windows.net\/pgibt\/2015\/02\/faixapos6.jpg 950w, https:\/\/smastr16.blob.core.windows.net\/pgibt\/2015\/02\/faixapos6-768x131.jpg 768w\" sizes=\"(max-width: 950px) 100vw, 950px\" \/><\/a><\/h2>\n<hr align=\"center\" noshade=\"noshade\" size=\"1\" width=\"100%\" \/>\n<h2 style=\"text-align: center\">Aluisio Jos\u00e9 Fernandes J\u00fanior<\/h2>\n<hr align=\"center\" noshade=\"noshade\" size=\"1\" width=\"100%\" \/>\n<p style=\"text-align: center\">Aluisio Jos\u00e9 Fernandes J\u00fanior, aluno do Programa de P\u00f3s-Gradua\u00e7\u00e3o em Biodiversidade Vegetal e Meio Ambiente do Instituto de Bot\u00e2nica de S\u00e3o Paulo, defendeu, no dia 29 de fevereiro de 2016, sua tese de Doutorado intitulada: \u201cRevis\u00e3o taxon\u00f4mica de <em>Peltaea<\/em> (C.Presl) Standl. (Malvaceae, Malvoideae) no Brasil e filogenia de <em>Peltaea<\/em> e g\u00eaneros afins\u201d. A banca examinadora foi composta pelo Dr. F\u00e1bio de Barros (Instituto de Bot\u00e2nica\/S\u00e3o Paulo, N\u00facleo de Pesquisa Orquid\u00e1rio do Estado), Dr. Tarciso Filgueiras (Instituto de Bot\u00e2nica\/S\u00e3o Paulo, N\u00facleo de Pesquisa Curadoria do Herb\u00e1rio), Dra. In\u00eas Cordeiro (Instituto de Bot\u00e2nica\/S\u00e3o Paulo, N\u00facleo de Pesquisa Curadoria do Herb\u00e1rio), Dra. Ros\u00e2ngela Sim\u00e3o Bianchini (Instituto de Bot\u00e2nica\/S\u00e3o Paulo, N\u00facleo de Pesquisa Curadoria do Herb\u00e1rio) e Dr. F\u00e1bio Pinheiro (Universidade Estadual de Campinas\/Instituto de Biologia). A tese defendida teve como objetivo principal apresentar a revis\u00e3o taxon\u00f4mica para o g\u00eanero <em>Peltaea<\/em> no Brasil, tratando de todas as quest\u00f5es nomenclaturais e sua filogenia.<\/p>\n<p style=\"text-align: center\">Os resultados obtidos encontram-se organizados em cinco cap\u00edtulos:<br \/>\n1) Molecular phylogeny of <em>Peltaea<\/em> (Malvaceae, Malvoideae) clarifies the classification for Hibisceae. \u00a0Foram apresentados os dados obtidos atrav\u00e9s da an\u00e1lise molecular do g\u00eanero <em>Peltaea<\/em>, utilizando cinco marcadores moleculares nucleares e plastidiais combinados (ETS, ITS, <em>ndhF<\/em>, <em>rpl16<\/em> intron, <em>trnQ<\/em>&#8211;<em>rps16<\/em>, psbA-trnH) e evolu\u00e7\u00e3o dos caracteres, propondo uma hip\u00f3tese filogen\u00e9tica para o g\u00eanero, demonstrando o posicionamento das esp\u00e9cies utilizadas e a comprova\u00e7\u00e3o do seu monofilestismo. 2) Anatomia das bract\u00e9olas do epic\u00e1lice de quatro esp\u00e9cies da tribo Malvavisceae (Malvaceae, Malvoideae). Foram apresentados a estrutura anat\u00f4mica das bract\u00e9olas do epic\u00e1lice de quatro esp\u00e9cies: <em>Pavonia communis<\/em>, <em>Pavonia boisiana<\/em>, <em>Peltaea trinervis<\/em>, <em>Phragmocarpidium heringeri<\/em>. Os cortes anat\u00f4micos foram realizados em sec\u00e7\u00f5es transversais na por\u00e7\u00e3o basal (pedicelo) e na por\u00e7\u00e3o apical (l\u00e2mina) das bract\u00e9olas, demonstrando a diferencia\u00e7\u00e3o na composi\u00e7\u00e3o entre as duas por\u00e7\u00f5es.<br \/>\n3) Estudo taxon\u00f4mico de <em>Peltaea<\/em> (Malvaceae, Malvoideae) no Brasil. Traz o tratamento taxon\u00f4mico para as esp\u00e9cies de <em>Peltaea <\/em><em>no Brasil<\/em>, apresentando uma chave de identifica\u00e7\u00e3o para as esp\u00e9cies, descri\u00e7\u00f5es morfol\u00f3gicas, lista de material examinado, dados de distribui\u00e7\u00e3o geogr\u00e1fica, coment\u00e1rios sobre a biologia e taxonomia, al\u00e9m de ilustra\u00e7\u00f5es em nanquim, fotos e mapas de ocorr\u00eancia das mesmas. Tamb\u00e9m foram tratadas quest\u00f5es nomenclaturais dos t\u00e1xons de <em>Peltaea<\/em>, bem como, t\u00e1xons relacionados. 4) Three new species of <em>Peltaea<\/em> (Malvaceae, Malvoideae) from the cerrado of Brazil. Foram descritas tr\u00eas novas esp\u00e9cies para a ci\u00eancia. <em>Peltaea brasiliana<\/em> foi descrita a partir de um material coletado em Bras\u00edlia, Distrito Federal; <em>Peltaea rupestris<\/em> foi descrita a partir de materiais coletados em Minas Gerais; <em>Peltaea stellata<\/em> foi descrita a partir de materiais coletados em Tocantins. Destas, apenas <em>Peltaea rupestris<\/em> foi encontrada em uma Unidade de Conserva\u00e7\u00e3o. O mesmo j\u00e1 enconta-se publicado na revista Phytotaxa (Fernandes-J\u00fanior &amp; Esteves 2016). 5) Rediscovery of <em>Peltaea chiquitana<\/em> (Malvaceae, Malvoideae). Foi apresentado a redescorberta, uma emeda na descri\u00e7\u00e3o e um ep\u00edtipo contendo frutos, sementes e columela. Al\u00e9m disto, foi registrado a primeira ocorr\u00eancia desta esp\u00e9cie para o Brasil nos estados do Mato Grosso e Mato Grosso do Sul.<\/p>\n<hr align=\"center\" noshade=\"noshade\" size=\"1\" width=\"100%\" \/>\n<h3 style=\"text-align: center\">Revis\u00e3o taxon\u00f4mica de <em>Peltaea<\/em> (C.Presl) Standl. (Malvaceae, Malvoideae) no Brasil e filogenia de <em>Peltaea<\/em> e g\u00eaneros afins<\/h3>\n<hr align=\"center\" noshade=\"noshade\" size=\"1\" width=\"100%\" \/>\n<p style=\"text-align: center\"><strong>ABSTRACT<\/strong><\/p>\n<p style=\"text-align: justify\"><em>Peltaea<\/em> (C.Presl) Standl. (Malvaceae, Malvoideae) comprises 21 species distributed in the Neotropical region, from Mexico to southern Brazil, with the greatest diversity in Brazil, where 17 species occur, eight of them endemic. <em>Peltaea <\/em>was always related to<em> Pavonia <\/em>and<em> Malachra <\/em>by morphology of inflorescences, foliaceous bracts, bracteoles of epicalyx and type of dehiscence of the fruit, being sometimes merged on them in different taxonomic levels, and subsequently related to genus<em> Phragmocarpidium <\/em>by the morphology of the inflorescences and foliaceous bracts, so that the delimitation of these genera has always been controversial. These genera belong to tribe Malvavisceae, regarded as morphologically distinct by the relationship between the number of styles and carpels. However, the phylogenetic studies in the last two decades showed the paraphyletism of Malvavisceae, whose species emerged together in the same clade with the species of tribes Hibisceae and Decaschistieae. Regarding the taxonomy of <em>Peltaea<\/em>, the main study was a review in the last century, which was based mainly on materials of extra Brazilian herbaria. In Brazil the scarcity of studies hampers the understanding of the actual circumscription of the genera and the delimitation and distribution of species. In addition, much of the <em>Peltaea<\/em> material was indeterminate or misidentified in Brazilian herbaria. The present study used nuclear and plastidial combined markers (ETS, ITS, ndhF, rpl16 intron, trnQ-rps16 psbA-trnH-) to infer the phylogeny to the genus and analyze the evolution of morphological characters. The taxonomic revision of the species of Peltaea occurring in Brazil was made an identification key, morphological descriptions, illustrations, comments on the taxonomic relationships, geographic distribution and conservation status. Also was realized a study of trichomes of the branches, leaves, epicalyx, calyx, petal, fruits and seeds. Thus, a total of five chapters: Molecular phylogeny of <em>Peltaea<\/em> (Malvaceae, Malvoideae) clarifies the classification for Hibisceae (Chapter 1); Anatomy of the bracteoles epicalyx of four species of Malvavisceae tribe (Malvaceae, Malvoideae) (Chapter 2); Taxonomic study <em>Peltaea<\/em> (Malvaceae, Malvoideae) in Brazil (Chapter 3); Three new species of <em>Peltaea<\/em> (Malvaceae, Malvoideae) from the cerrado of Brazil (Chapter 4); Rediscovery of <em>Peltaea<\/em> <em>chiquitana<\/em> (Malvaceae, Malvoideae) (Chapter 5). The hypothesis of the monophyletism of <em>Peltaea<\/em> was confirmed, as well as the paraphyletism of Malvavisceae. The monotypic genus <em>Phragmocarpidium<\/em> was synonymized in <em>Peltaea<\/em>, and the new combination and a new name to its unique species was proposed (<em>Peltaea<\/em> <em>cristobaliana<\/em>). Furthermore, it was proposed the combination of <em>Pavonia boisiana<\/em> in <em>Peltaea boisiana<\/em>. This study represents a new step in the taxonomic and systematic knowledge of Malvoideae. The amount of samples and morphological data generated during this thesis will allow the continuity of taxonomic studies especially in relation to genera related to <em>Peltaea<\/em>.<br \/>\nKeywords:\u00a0Anatomy, Hibisceae, Malvavisceae, Malvoideae, phylogeny, taxonomy<\/p>\n<p style=\"text-align: center\"><strong>RESUMO<\/strong><\/p>\n<p style=\"text-align: justify\"><em>Peltaea <\/em>(C.Presl) Standl. (Malvoideae, Malvaceae) compreende 21 esp\u00e9cies distribu\u00eddas na regi\u00e3o Neotropical, desde o M\u00e9xico at\u00e9 o sul do Brasil, com maior diversidade no Brasil, onde ocorrem 17 esp\u00e9cies, sendo 8 end\u00eamicas. <em>Peltaea<\/em> sempre foi relacionada aos g\u00eaneros <em>Pavonia<\/em> e <em>Malachra <\/em>pela morfologia das infloresc\u00eancias, br\u00e1cteas foli\u00e1ceas, bract\u00e9olas do epic\u00e1lice e o tipo de deisc\u00eancia dos frutos, sendo incorporado aos mesmos em diferentes n\u00edveis taxon\u00f4micos e, posteriormente, relacionado com o g\u00eanero <em>Phragmocarpidium <\/em>pela morfologia das infloresc\u00eancias e br\u00e1cteas foli\u00e1ceas, posi\u00e7\u00f5es essas que sempre foram controversas. Estes g\u00eaneros pertenciam \u00e0 tribo Malvavisceae, considerada morfologicamente distinta pela rela\u00e7\u00e3o entre o n\u00famero de estiletes e carpelos. Entretanto, os estudos filogen\u00e9ticos realizados nas duas \u00faltimas d\u00e9cadas evidenciaram o parafiletismo de Malvavisceae, visto que suas esp\u00e9cies emergiram juntas, em um mesmo clado, com as esp\u00e9cies das tribos Hibisceae e Decaschistieae. Quanto \u00e0 taxonomia de <em>Peltaea<\/em>, o principal estudo dispon\u00edvel \u00e9 uma revis\u00e3o no s\u00e9culo passado, a qual foi realizada com base principalmente em materiais de herb\u00e1rios extra-brasileiros. No Brasil a escassez de estudos vem dificultando o entendimento da circunscri\u00e7\u00e3o do g\u00eanero e da delimita\u00e7\u00e3o e distribui\u00e7\u00e3o de suas esp\u00e9cies. Al\u00e9m disso, grande parte do material de <em>Peltaea<\/em> encontrava-se indeterminado ou erroneamente identificado nos herb\u00e1rios do Brasil. O presente estudo utilizou marcadores moleculares nucleares e plastidiais combinados (ETS, ITS, <em>ndhF<\/em>, <em>rpl16<\/em> intron, <em>trnQ<\/em>&#8211;<em>rps16<\/em>, psbA-trnH) para inferir uma filogenia para o g\u00eanero e analisar a evolu\u00e7\u00e3o de caracteres morfol\u00f3gicos. A revis\u00e3o taxon\u00f4mica das esp\u00e9cies de <em>Peltaea<\/em> ocorrentes no Brasil foi feita uma chave de identifica\u00e7\u00e3o, descri\u00e7\u00f5es morfol\u00f3gicas, ilustra\u00e7\u00f5es, coment\u00e1rios sobre as rela\u00e7\u00f5es taxon\u00f4micas, distribui\u00e7\u00e3o geogr\u00e1fica e status de conserva\u00e7\u00e3o. Tamb\u00e9m foi realizado um estudo dos tricomas dos ramos, folhas, epic\u00e1lice, c\u00e1lice, p\u00e9tala, frutos e sementes. Totalizando cinco cap\u00edtulos: Molecular phylogeny of <em>Peltaea<\/em> (Malvaceae, Malvoideae) clarifies the classification for Hibisceae (Cap\u00edtulo 1); Anatomia das bract\u00e9olas do epic\u00e1lice de quatro esp\u00e9cies da tribo Malvavisceae (Malvaceae, Malvoideae) (Cap\u00edtulo 2); Estudo taxon\u00f4mico de Peltaea (Malvaceae, Malvoideae) no Brasil (Cap\u00edtulo 3); Three new species of <em>Peltaea<\/em> (Malvaceae, Malvoideae) from the cerrado of Brazil (Cap\u00edtulo 4); Rediscovery of <em>Peltaea chiquitana<\/em> (Malvaceae, Malvoideae) (Cap\u00edtulo 5). A hip\u00f3tese do monofiletismo de <em>Peltaea<\/em> foi confirmada, assim como o parafiletismo de Malvavisceae. O g\u00eanero monot\u00edpico <em>Phragmocarpidium<\/em> foi sinonimizado sob <em>Peltaea<\/em>, e a nova combina\u00e7\u00e3o e um nome novo de sua \u00fanica esp\u00e9cie foram propostos (<em>Peltaea cristobaliana<\/em>). Al\u00e9m disso, foi proposta a combina\u00e7\u00e3o de <em>Pavonia boisiana <\/em>em<em> Peltaea boisiana.<\/em> O presente estudo representa mais um passo no conhecimento taxon\u00f4mico e sistem\u00e1tico das Malvoideae. A grande quantidade de coletas e dados morfol\u00f3gicos gerados durante esta tese permitir\u00e3o a continuidade dos estudos taxon\u00f4micos principalmente naqueles g\u00eaneros relacionados a <em>Peltaea<\/em>.<br \/>\nPalavras-chave: Anatomia, filogenia, Hibisceae, Malvavisceae, Malvoideae, taxonomia<\/p>\n<hr align=\"center\" noshade=\"noshade\" size=\"1\" width=\"100%\" \/>\n<p style=\"text-align: center\"><a href=\"https:\/\/smastr16.blob.core.windows.net\/pgibt\/sites\/242\/2021\/07\/aluisio_jose_fernandes_junior_dr.pdf\" target=\"_blank\" rel=\"noopener noreferrer\"><img decoding=\"async\" loading=\"lazy\" class=\"aligncenter\" src=\"https:\/\/smastr16.blob.core.windows.net\/pgibt\/2013\/09\/pdf_grande.gif\" alt=\"pdf_grande\" width=\"60\" height=\"60\" \/><\/a><a href=\"https:\/\/smastr16.blob.core.windows.net\/pgibt\/sites\/242\/2021\/07\/aluisio_jose_fernandes_junior_dr.pdf\" target=\"_blank\" rel=\"noopener noreferrer\"><strong>Aluisio Jos\u00e9 Fernandes J\u00fanior<\/strong><\/a><br \/>\n<a href=\"https:\/\/smastr16.blob.core.windows.net\/pgibt\/sites\/242\/2021\/07\/aluisio_jose_fernandes_junior_dr.pdf\" target=\"_blank\" rel=\"noopener noreferrer\">Revis\u00e3o taxon\u00f4mica de <em>Peltaea<\/em> (C.Presl) Standl. (Malvaceae, Malvoideae) no Brasil e filogenia de <em>Peltaea<\/em> e g\u00eaneros afins<\/a><\/p>\n<hr align=\"center\" noshade=\"noshade\" size=\"1\" width=\"100%\" \/>\n<p style=\"text-align: center\"><strong>\u00a0<a href=\"https:\/\/www.infraestruturameioambiente.sp.gov.br\/pgibt\/dissertacoesteses\/\" target=\"_blank\" rel=\"noopener noreferrer\">VOLTAR AS DISSERTA\u00c7\u00d5ES E TESES<\/a><\/strong><\/p>\n<hr align=\"center\" noshade=\"noshade\" size=\"1\" width=\"100%\" \/>\n","protected":false},"excerpt":{"rendered":"<p>Aluisio Jos\u00e9 Fernandes J\u00fanior Aluisio Jos\u00e9 Fernandes J\u00fanior, aluno do Programa de P\u00f3s-Gradua\u00e7\u00e3o em Biodiversidade Vegetal e Meio Ambiente do Instituto de Bot\u00e2nica de S\u00e3o Paulo, defendeu, no dia 29 de fevereiro de 2016, sua tese de Doutorado intitulada: \u201cRevis\u00e3o taxon\u00f4mica de Peltaea (C.Presl) Standl. (Malvaceae, Malvoideae) no Brasil e filogenia de Peltaea e g\u00eaneros [&hellip;]<\/p>\n","protected":false},"author":103,"featured_media":0,"parent":249,"menu_order":0,"comment_status":"closed","ping_status":"closed","template":"","meta":[],"_links":{"self":[{"href":"https:\/\/www.infraestruturameioambiente.sp.gov.br\/pgibt\/wp-json\/wp\/v2\/pages\/7877"}],"collection":[{"href":"https:\/\/www.infraestruturameioambiente.sp.gov.br\/pgibt\/wp-json\/wp\/v2\/pages"}],"about":[{"href":"https:\/\/www.infraestruturameioambiente.sp.gov.br\/pgibt\/wp-json\/wp\/v2\/types\/page"}],"author":[{"embeddable":true,"href":"https:\/\/www.infraestruturameioambiente.sp.gov.br\/pgibt\/wp-json\/wp\/v2\/users\/103"}],"replies":[{"embeddable":true,"href":"https:\/\/www.infraestruturameioambiente.sp.gov.br\/pgibt\/wp-json\/wp\/v2\/comments?post=7877"}],"version-history":[{"count":1,"href":"https:\/\/www.infraestruturameioambiente.sp.gov.br\/pgibt\/wp-json\/wp\/v2\/pages\/7877\/revisions"}],"predecessor-version":[{"id":7879,"href":"https:\/\/www.infraestruturameioambiente.sp.gov.br\/pgibt\/wp-json\/wp\/v2\/pages\/7877\/revisions\/7879"}],"up":[{"embeddable":true,"href":"https:\/\/www.infraestruturameioambiente.sp.gov.br\/pgibt\/wp-json\/wp\/v2\/pages\/249"}],"wp:attachment":[{"href":"https:\/\/www.infraestruturameioambiente.sp.gov.br\/pgibt\/wp-json\/wp\/v2\/media?parent=7877"}],"curies":[{"name":"wp","href":"https:\/\/api.w.org\/{rel}","templated":true}]}}