{"id":7845,"date":"2021-06-28T11:36:26","date_gmt":"2021-06-28T14:36:26","guid":{"rendered":"https:\/\/www.infraestruturameioambiente.sp.gov.br\/pgibt\/?page_id=7845"},"modified":"2021-06-28T11:41:43","modified_gmt":"2021-06-28T14:41:43","slug":"monique-cristine-rodrigues-juras-dr","status":"publish","type":"page","link":"https:\/\/www.infraestruturameioambiente.sp.gov.br\/pgibt\/dissertacoesteses\/monique-cristine-rodrigues-juras-dr\/","title":{"rendered":"Monique Cristine Rodrigues Juras DR"},"content":{"rendered":"<h2 style=\"text-align: center\"><a href=\"https:\/\/www.infraestruturameioambiente.sp.gov.br\/pgibt\/\" target=\"_blank\" rel=\"noopener noreferrer\"><img decoding=\"async\" loading=\"lazy\" class=\"aligncenter wp-image-3777 size-full\" style=\"border: 0px\" src=\"https:\/\/smastr16.blob.core.windows.net\/pgibt\/2015\/02\/faixapos6.jpg\" alt=\"faixapos6\" width=\"950\" height=\"163\" srcset=\"https:\/\/smastr16.blob.core.windows.net\/pgibt\/2015\/02\/faixapos6.jpg 950w, https:\/\/smastr16.blob.core.windows.net\/pgibt\/2015\/02\/faixapos6-768x131.jpg 768w\" sizes=\"(max-width: 950px) 100vw, 950px\" \/><\/a><\/h2>\n<hr align=\"center\" noshade=\"noshade\" size=\"1\" width=\"100%\" \/>\n<h2 style=\"text-align: center\">Monique Cristine Rodrigues Juras<\/h2>\n<hr align=\"center\" noshade=\"noshade\" size=\"1\" width=\"100%\" \/>\n<p style=\"text-align: center\">Em 25 de fevereiro de 2019, Monique Cristine Rodrigues Juras, aluna de Doutorado do programa de P\u00f3s-Gradua\u00e7\u00e3o em Biodiversidade Vegetal e Meio Ambiente do Instituto de Bot\u00e2nica,\u00a0bolsista CAPES, defendeu sua Tese de Doutorado intitulada, \u201cEfeito do etileno sobre o desenvolvimento de <em>Zygopetalum maxillare<\/em> Lodd. e <em>Epidendrum denticulatum<\/em> Barb. Rodr.\u201d.<\/p>\n<p style=\"text-align: center\">A banca examinadora foi presidida pelo Dr. Rog\u00e9rio Mamoru Suzuki (N\u00facleo de pesquisas Orquid\u00e1rio do Estado &#8211; IBT), e composta pelo Dr. Gilberto Barbante Kerbauy (Universidade de S\u00e3o Paulo &#8211; USP), Dr. Shoey Kanashiro (N\u00facleo de Pesquisas em Plantas Ornamentais &#8211; IBT), Dra. Regina Maria de Moraes (N\u00facleo de Pesquisas em Ecologia &#8211; IBT) e Dr. Nelson Augusto Santos J\u00fanior L\u00facia Rossi (N\u00facleo de Pesquisas em Sementes &#8211; IBT).<\/p>\n<p style=\"text-align: center\">O projeto teve como objetivo analisar a a\u00e7\u00e3o do etileno no cultivo <em>in vitro<\/em> de duas esp\u00e9cies de orqu\u00eddeas, <em>Zygopetalum maxillare<\/em> e <em>Epidendrum denticulatum<\/em>, durante a germina\u00e7\u00e3o de sementes, crescimento de pl\u00e2ntulas e clonagem. Al\u00e9m de verificar a influ\u00eancia da ilumina\u00e7\u00e3o na emiss\u00e3o de etileno e crescimento das esp\u00e9cies. As esp\u00e9cies estudadas possuem caracter\u00edsticas opostas de crescimento, sendo <em>Zygopetalum maxillare<\/em> uma esp\u00e9cie ep\u00edfita encontrada em Floresta Ombr\u00f3fila e F<em>loresta Estacional Semidecidual, com sensibilidade \u00e0 luz solar e bem adaptada ao sombreamento<\/em>, possui baixa germina\u00e7\u00e3o e necessidade de longo per\u00edodo para germinar; diferentemente de <em>Epidendrum denticulatum<\/em>, esp\u00e9cie terr\u00edcola encontrada em Campos Rupestres e Florestas de Galeria, com afinidade \u00e0 alta luminosidade, que apresenta elevada porcentagem de germina\u00e7\u00e3o e em curto per\u00edodo. Tais mecanismos de adapta\u00e7\u00e3o foram essenciais na produ\u00e7\u00e3o de etileno, as esp\u00e9cies apresentaram respostas opostas com rela\u00e7\u00e3o \u00e0 ilumina\u00e7\u00e3o e a\u00e7\u00e3o do etileno. Os resultados proporcionaram um melhor entendimento da a\u00e7\u00e3o do etileno durante o desenvolvimento destas esp\u00e9cies, subsidiando futuros programas de propaga\u00e7\u00e3o das orqu\u00eddeas nativas brasileiras.<\/p>\n<hr align=\"center\" noshade=\"noshade\" size=\"1\" width=\"100%\" \/>\n<h3 style=\"text-align: center\">Efeito do etileno sobre o desenvolvimento de <em>Zygopetalum maxillare<\/em> Lodd. e <em>Epidendrum denticulatum<\/em> Barb. Rodr.<\/h3>\n<hr align=\"center\" noshade=\"noshade\" size=\"1\" width=\"100%\" \/>\n<p style=\"text-align: center\"><strong>ABSTRACT<\/strong><\/p>\n<p style=\"text-align: justify\">Over the years micropropagation techniques of orchids have been improved to obtain a\u00a0greater number of plants and reproduction of species of difficult cultivation and can contribute to the conservation of endangered species, since, increasing the number of plants available for commercialization makes illegal collection of species less attractive. The present study aims to verify the influence of ethylene during the development of two orchids of the Atlantic Rainforest, <em>Epidendrum denticulatum <\/em>and <em>Zygopetalum maxillare<\/em>. The experiment was divided in two phases: the first consisted of the germination process until the formation of plants or etiolated shoot, comparing the luminosity and ethylene liberation (Chapter I); the second phase analyzed the regeneration of explants via direct organogenesis, with addition of ethylene regulators (Chapter II). Throughout the development of the plants the liberated ethylene was quantified using gas chromatography at the end of each culture stage biometric parameters were evaluated; measuring length of shoot and root, number of leaves, roots and axial buds. There was correlation between ethylene production and developmental stages for these two species of Orchidaceae (Chapter I), the germination in the dark was slow but stimulated sprouts and nodes formation. During direct organogenesis (Chapter II), the largest plants developed at the lowest concentrations of ethylene; however, the addition of CEPA promoted greater differentiation of explants in plants.The present study provided an understanding of the effect of ethylene contributing to an efficient reproduction and preventing the extinction of endangered orchids.<br \/>\nKeywords:\u00a0Direct organogenesis, <em>In vitro <\/em>culture, Orchid, Plant hormone, Seed germination<\/p>\n<p style=\"text-align: center\"><strong>RESUMO<\/strong><\/p>\n<p style=\"text-align: justify\">Ao longo dos anos as t\u00e9cnicas de micropropaga\u00e7\u00e3o v\u00eam sendo aperfei\u00e7oadas para a obten\u00e7\u00e3o de maior n\u00famero de plantas e reprodu\u00e7\u00e3o de esp\u00e9cies de dif\u00edcil cultivo, podendo contribuir para a conserva\u00e7\u00e3o de esp\u00e9cies amea\u00e7adas de extin\u00e7\u00e3o, uma vez que, o aumento do n\u00famero de plantas dispon\u00edveis para comercializa\u00e7\u00e3o, torna a coleta ilegal de esp\u00e9cies cada vez menos atraente. O presente estudo tem como objetivo verificar a influ\u00eancia do etileno durante o desenvolvimento de duas orqu\u00eddeas da Mata Atl\u00e2ntica, <em>Epidendrum denticulatum <\/em>e <em>Zygopetalum maxillare. <\/em>O experimento foi dividido em duas etapas: a primeira etapa consistiu no processo de germina\u00e7\u00e3o at\u00e9 a forma\u00e7\u00e3o de plantas ou caules estiolados (Cap. I); a segunda etapa analisou a regenera\u00e7\u00e3o de explantes via organog\u00eanese direta, com a adi\u00e7\u00e3o de reguladores de etileno (Cap. II). Durante todo o desenvolvimento das plantas foi quantificado o etileno liberado, utilizando cromatografia gasosa, ao t\u00e9rmino de cada etapa de cultivo foram avaliados par\u00e2metros biom\u00e9tricos; medindo-se comprimento de caule e raiz, n\u00famero de\u00a0folhas, ra\u00edzes e gemas. Houve correla\u00e7\u00e3o entre a produ\u00e7\u00e3o de etileno e as fases de desenvolvimento para estas duas esp\u00e9cies de Orchidaceae (Cap. I), a germina\u00e7\u00e3o no escuro foi lenta mas estimulou brota\u00e7\u00f5es e a forma\u00e7\u00e3o de n\u00f3s. Durante a organog\u00eanese direta (Cap. II), as maiores plantas desenvolveram-se nas menores concentra\u00e7\u00f5es de etileno emitido; no entanto, a adi\u00e7\u00e3o de CEPA promoveu maior diferencia\u00e7\u00e3o dos explantes em plantas. O estudo proporcionou a compreens\u00e3o do efeito do etileno contribuindo para uma reprodu\u00e7\u00e3o eficiente e dando subs\u00eddios para prevenir a extin\u00e7\u00e3o de orqu\u00eddeas amea\u00e7adas.<br \/>\nPalavras-chave: Cultivo <em>in vitro<\/em>, Horm\u00f4nio vegetal, Germina\u00e7\u00e3o de sementes, Orqu\u00eddea, Organog\u00eanese direta<\/p>\n<hr align=\"center\" noshade=\"noshade\" size=\"1\" width=\"100%\" \/>\n<p style=\"text-align: center\" data-wp-editing=\"1\"><a href=\"https:\/\/smastr16.blob.core.windows.net\/pgibt\/sites\/242\/2021\/06\/monique_juras_dr.pdf\" target=\"_blank\" rel=\"noopener noreferrer\"><img decoding=\"async\" loading=\"lazy\" class=\"aligncenter\" src=\"https:\/\/smastr16.blob.core.windows.net\/pgibt\/2013\/09\/pdf_grande.gif\" alt=\"pdf_grande\" width=\"60\" height=\"60\" \/><\/a><a href=\"https:\/\/smastr16.blob.core.windows.net\/pgibt\/sites\/242\/2021\/06\/monique_juras_dr.pdf\" target=\"_blank\" rel=\"noopener noreferrer\"><strong>Monique Cristine Rodrigues Juras<\/strong><\/a><br \/>\n<a href=\"https:\/\/smastr16.blob.core.windows.net\/pgibt\/sites\/242\/2021\/06\/monique_juras_dr.pdf\" target=\"_blank\" rel=\"noopener noreferrer\">Efeito do etileno sobre o desenvolvimento de <em>Zygopetalum maxillare<\/em> Lodd. e <em>Epidendrum denticulatum<\/em> Barb. Rodr.<\/a><\/p>\n<hr align=\"center\" noshade=\"noshade\" size=\"1\" width=\"100%\" \/>\n<p style=\"text-align: center\"><strong>\u00a0<a href=\"https:\/\/www.infraestruturameioambiente.sp.gov.br\/pgibt\/dissertacoesteses\/\" target=\"_blank\" rel=\"noopener noreferrer\">VOLTAR AS DISSERTA\u00c7\u00d5ES E TESES<\/a><\/strong><\/p>\n<hr align=\"center\" noshade=\"noshade\" size=\"1\" width=\"100%\" \/>\n","protected":false},"excerpt":{"rendered":"<p>Monique Cristine Rodrigues Juras Em 25 de fevereiro de 2019, Monique Cristine Rodrigues Juras, aluna de Doutorado do programa de P\u00f3s-Gradua\u00e7\u00e3o em Biodiversidade Vegetal e Meio Ambiente do Instituto de Bot\u00e2nica,\u00a0bolsista CAPES, defendeu sua Tese de Doutorado intitulada, \u201cEfeito do etileno sobre o desenvolvimento de Zygopetalum maxillare Lodd. e Epidendrum denticulatum Barb. Rodr.\u201d. A banca [&hellip;]<\/p>\n","protected":false},"author":103,"featured_media":0,"parent":249,"menu_order":0,"comment_status":"closed","ping_status":"closed","template":"","meta":[],"_links":{"self":[{"href":"https:\/\/www.infraestruturameioambiente.sp.gov.br\/pgibt\/wp-json\/wp\/v2\/pages\/7845"}],"collection":[{"href":"https:\/\/www.infraestruturameioambiente.sp.gov.br\/pgibt\/wp-json\/wp\/v2\/pages"}],"about":[{"href":"https:\/\/www.infraestruturameioambiente.sp.gov.br\/pgibt\/wp-json\/wp\/v2\/types\/page"}],"author":[{"embeddable":true,"href":"https:\/\/www.infraestruturameioambiente.sp.gov.br\/pgibt\/wp-json\/wp\/v2\/users\/103"}],"replies":[{"embeddable":true,"href":"https:\/\/www.infraestruturameioambiente.sp.gov.br\/pgibt\/wp-json\/wp\/v2\/comments?post=7845"}],"version-history":[{"count":4,"href":"https:\/\/www.infraestruturameioambiente.sp.gov.br\/pgibt\/wp-json\/wp\/v2\/pages\/7845\/revisions"}],"predecessor-version":[{"id":7850,"href":"https:\/\/www.infraestruturameioambiente.sp.gov.br\/pgibt\/wp-json\/wp\/v2\/pages\/7845\/revisions\/7850"}],"up":[{"embeddable":true,"href":"https:\/\/www.infraestruturameioambiente.sp.gov.br\/pgibt\/wp-json\/wp\/v2\/pages\/249"}],"wp:attachment":[{"href":"https:\/\/www.infraestruturameioambiente.sp.gov.br\/pgibt\/wp-json\/wp\/v2\/media?parent=7845"}],"curies":[{"name":"wp","href":"https:\/\/api.w.org\/{rel}","templated":true}]}}