{"id":7834,"date":"2021-06-23T11:20:18","date_gmt":"2021-06-23T14:20:18","guid":{"rendered":"https:\/\/www.infraestruturameioambiente.sp.gov.br\/pgibt\/?page_id=7834"},"modified":"2021-06-23T11:20:18","modified_gmt":"2021-06-23T14:20:18","slug":"nicolas-nathan-dos-santos-ms","status":"publish","type":"page","link":"https:\/\/www.infraestruturameioambiente.sp.gov.br\/pgibt\/dissertacoesteses\/nicolas-nathan-dos-santos-ms\/","title":{"rendered":"Nicolas Nathan dos Santos MS"},"content":{"rendered":"<h2 style=\"text-align: center\"><a href=\"https:\/\/www.infraestruturameioambiente.sp.gov.br\/pgibt\/\" target=\"_blank\" rel=\"noopener noreferrer\"><img decoding=\"async\" loading=\"lazy\" class=\"aligncenter wp-image-3777 size-full\" style=\"border: 0px\" src=\"https:\/\/smastr16.blob.core.windows.net\/pgibt\/2015\/02\/faixapos6.jpg\" alt=\"faixapos6\" width=\"950\" height=\"163\" srcset=\"https:\/\/smastr16.blob.core.windows.net\/pgibt\/2015\/02\/faixapos6.jpg 950w, https:\/\/smastr16.blob.core.windows.net\/pgibt\/2015\/02\/faixapos6-768x131.jpg 768w\" sizes=\"(max-width: 950px) 100vw, 950px\" \/><\/a><\/h2>\n<hr align=\"center\" noshade=\"noshade\" size=\"1\" width=\"100%\" \/>\n<h2 style=\"text-align: center\">Nicolas Nathan dos Santos<\/h2>\n<hr align=\"center\" noshade=\"noshade\" size=\"1\" width=\"100%\" \/>\n<p style=\"text-align: center\"><img decoding=\"async\" loading=\"lazy\" class=\"alignnone wp-image-7835 \" src=\"https:\/\/smastr16.blob.core.windows.net\/pgibt\/sites\/242\/2021\/06\/imagem-1-222x192.jpg\" alt=\"\" width=\"291\" height=\"252\" srcset=\"https:\/\/smastr16.blob.core.windows.net\/pgibt\/sites\/242\/2021\/06\/imagem-1-222x192.jpg 222w, https:\/\/smastr16.blob.core.windows.net\/pgibt\/sites\/242\/2021\/06\/imagem-1-833x720.jpg 833w, https:\/\/smastr16.blob.core.windows.net\/pgibt\/sites\/242\/2021\/06\/imagem-1-768x664.jpg 768w, https:\/\/smastr16.blob.core.windows.net\/pgibt\/sites\/242\/2021\/06\/imagem-1-250x216.jpg 250w, https:\/\/smastr16.blob.core.windows.net\/pgibt\/sites\/242\/2021\/06\/imagem-1-550x475.jpg 550w, https:\/\/smastr16.blob.core.windows.net\/pgibt\/sites\/242\/2021\/06\/imagem-1-800x691.jpg 800w, https:\/\/smastr16.blob.core.windows.net\/pgibt\/sites\/242\/2021\/06\/imagem-1-208x180.jpg 208w, https:\/\/smastr16.blob.core.windows.net\/pgibt\/sites\/242\/2021\/06\/imagem-1-347x300.jpg 347w, https:\/\/smastr16.blob.core.windows.net\/pgibt\/sites\/242\/2021\/06\/imagem-1-579x500.jpg 579w, https:\/\/smastr16.blob.core.windows.net\/pgibt\/sites\/242\/2021\/06\/imagem-1.jpg 1280w\" sizes=\"(max-width: 291px) 100vw, 291px\" \/><\/p>\n<p style=\"text-align: center\">No dia 27 de setembro de 2019, o aluno da P\u00f3s-gradua\u00e7\u00e3o em Biodiversidade Vegetal e Meio Ambiente do Instituto de Bot\u00e2nica de S\u00e3o Paulo (IBt), Nicolas Nathan dos Santos defendeu sua disserta\u00e7\u00e3o de Mestrado intitulada: \u201cEstrutura e composi\u00e7\u00e3o de remanescente de floresta Atl\u00e2ntica em \u00e1reas urbanas localizadas na regi\u00e3o metropolitana do munic\u00edpio de S\u00e3o Paulo, Brasil\u201d.<\/p>\n<p style=\"text-align: center\">A banca examinadora foi composta pelo orientador Dr. Eduardo Pereira Cabral Gomes do N\u00facleo de Pesquisas em Ecologia (IBt), pela Dra. In\u00eas Cordeiro do N\u00facleo Curadoria do Herb\u00e1rio (IBt) e pela Dra.\u00a0L\u00facia Rossi do N\u00facleo Curadoria do Herb\u00e1rio (IBt).<\/p>\n<hr align=\"center\" noshade=\"noshade\" size=\"1\" width=\"100%\" \/>\n<h3 style=\"text-align: center\">Estrutura e composi\u00e7\u00e3o de remanescente de floresta Atl\u00e2ntica em \u00e1reas urbanas localizadas na regi\u00e3o metropolitana do munic\u00edpio de S\u00e3o Paulo, Brasil<\/h3>\n<hr align=\"center\" noshade=\"noshade\" size=\"1\" width=\"100%\" \/>\n<p style=\"text-align: center\"><strong>ABSTRACT<\/strong><\/p>\n<p style=\"text-align: justify\">The urbanization process causes rearrangements of the flora through disturbances, affecting composition, structure and biodiversity of the remnants. In Brazil, the Atlantic Forest is the biome that has suffered the most loss of area to urbanization and agriculture. In addition, even highly fragmented it still maintains a profuse biodiversity being one of the most important global biodiversity hotspots. In the Atlantic Forest observes that such rearrangements promote loss of biodiversity and biotic heterogeneity. It increasing susceptibility to homogenization (increasing similarity levels) through the proliferation of specific groups of native and non-native invasive species, making landscapes more homogeneous and less resilient to environmental changes. The present study aimed to characterize the composition and structure of the urban forest remnant in the Vila dos Rem\u00e9dios Municipal Park. It determines the floristic similarity of the fragment with others located in S\u00e3o Paulo metropolitan area and the similarity of reproductive characteristics in dispersion and pollination syndrome in order to determine the occurrence of biotic homogenization. The Park has a total area of 10.98 ha such 8.0 ha of remainder. In these 8.0 ha, 10 transects of 2 x 50 m were randomly arranged and without overlap. The sampling of individuals was differentiated into three size classes (CT): CT3 (dap \u2265 2.5 cm), CT2 (dap &lt;2.5 cm) and CT1 (individuals between 30.0 and 1.30 cm in height in a subplot of 1 x 10 m randomly chosen within each of the 2 x 50 m transections). A total of 1059 individuals were sampled distributed in 99 species, 79 genera and 40 families. Fabaceae was the family with the highest species richness followed by Myrtaceae, Lauraceae, Rubiaceae and Piperaceae. Most species were classified as early secondary, zoochoric and zoophilic. The species with the highest dominance and importance value for CT3 were <em>Guarea macrophylla<\/em>, <em>Aiouea montana<\/em>, <em>Coffea arabica<\/em>, <em>Myrciaria floribunda <\/em>and <em>Archontophoenix cunninghamiana<\/em>. The basal area in CT3 was 68.63 m\u00b2 ha\u02c9\u00b9 and the density was 3330 individuals ha\u02c9\u00b9. The great contribution of non-native invasive species <em>C<\/em>. <em>arabica <\/em>and <em>A<\/em>. <em>cunninghamiana <\/em>to the structure of the Park characterizes as disturbed due to biological invasion. The remnants compared with Vila dos Rem\u00e9dios Park were those municipal parks: Santo Dias, Trianon, Alfredo Volpi, Burle Marx and Previd\u00eancia; a section of Parque Estadual Fontes do Ipiranga (PEFI) and; three wood sections of Instituto Butantan (areas of Remanescente, Eucaliptal and Lago Drenado). Among the remnants compared, the highest values of diversity and richness were obtained in PEFI and Previd\u00eancia. In addition, the lowest values were obtained in Vila dos Rem\u00e9dios and in three sections of Instituto Butantan.\u00a0From the ordination by nonmetric multidimensional scaling, it was observed that all the remnants are dissimilar from each other. Except condition for the pair formed between Burle Marx and Previd\u00eancia, and the section of Butantan Remanescente and Vila dos Rem\u00e9dios. Comparing the remnants in S\u00e3o Paulo metropolitan area it is possible to affirm that the biotic homogenization process is not established yet, due to the floristic dissimilarity between them. Biotic heterogeneity in the metropolitan area is highlighted if the predominance of secondary species (early and late) and zoochoric species. However, Vila dos Rem\u00e9dios Park and Butantan Institute wood have low diversity that is associated with biological invasion; these make them the remnants more susceptible to homogenization.<br \/>\nKeywords: Atlantic Forest; biotic homogenization; urban forest; Vila dos Rem\u00e9dios<\/p>\n<p style=\"text-align: center\"><strong>RESUMO<\/strong><\/p>\n<p style=\"text-align: justify\">O processo de urbaniza\u00e7\u00e3o causa rearranjos na flora atrav\u00e9s de perturba\u00e7\u00f5es, que afetam composi\u00e7\u00e3o, estrutura e biodiversidade dos remanescentes. No Brasil a Mata Atl\u00e2ntica \u00e9 o bioma que sofreu maior perda de \u00e1rea para a urbaniza\u00e7\u00e3o e agricultura e, mesmo que altamente fragmentada, ainda mant\u00eam uma profusa biodiversidade, sendo um dos importantes <em>hotspots <\/em>globais de biodiversidade. Na Mata Atl\u00e2ntica observa-se que tais rearranjos promovem perdas da biodiversidade e na heterogeneidade bi\u00f3tica, aumentando a suscetibilidade \u00e0 homogeneiza\u00e7\u00e3o (aumento dos n\u00edveis de similaridade) atrav\u00e9s da prolifera\u00e7\u00e3o de grupos espec\u00edficos de esp\u00e9cies nativas e n\u00e3o-nativas invasoras, tornando as paisagens mais homog\u00eaneas e menos resilientes \u00e0s mudan\u00e7as ambientais. O presente estudo teve como objetivos caracterizar a composi\u00e7\u00e3o e estrutura de um remanescente florestal urbano do Parque Municipal Vila dos Rem\u00e9dios; determinar a similaridade flor\u00edstica e de s\u00edndromes de dispers\u00e3o e poliniza\u00e7\u00e3o, com outros remanescentes da regi\u00e3o metropolitana de S\u00e3o Paulo, a fim de se detectar a poss\u00edvel ocorr\u00eancia de homogeneiza\u00e7\u00e3o bi\u00f3tica. O Parque apresenta \u00e1rea total de 10,98 ha<em>, <\/em>sendo 8,0 ha do remanescente. Nesses 8,0 ha foram estabelecidas 10 transec\u00e7\u00f5es de 2 x 50 m dispostas aleatoriamente e sem sobreposi\u00e7\u00e3o. A amostragem dos indiv\u00edduos foi diferenciada em tr\u00eas classes de tamanhos: CT3 (dap \u2265 2,5 cm), CT2 (dap &lt; 2,5 cm) e CT1 (indiv\u00edduos de altura entre 30,0 e 130,0 cm em uma subparcela de 1 x 10 m escolhida aleatoriamente dentro de cada uma das transec\u00e7\u00f5es de 2 x 50 m). No total foram amostrados 1059 indiv\u00edduos distribu\u00eddos em 99 esp\u00e9cies, 79 g\u00eaneros e 40 fam\u00edlias. Fabaceae foi a fam\u00edlia com maior riqueza de esp\u00e9cies seguida por Myrtaceae, Lauraceae, Rubiaceae e Piperaceae. A maioria das esp\u00e9cies s\u00e3o secund\u00e1rias iniciais, zooc\u00f3ricas e zoof\u00edlicas. As esp\u00e9cies com maior domin\u00e2ncia e valor de import\u00e2ncia para CT3 foram <em>Guarea macrophylla<\/em>, <em>Aiouea montana<\/em>, <em>Coffea arabica<\/em>, <em>Myrciaria floribunda <\/em>e <em>Archontophoenix cunninghamiana<\/em>. A \u00e1rea basal na CT3 foi de 68,63 m\u00b2 ha\u02c9\u00b9 e a densidade de 3330 indiv\u00edduos ha\u02c9\u00b9. A grande preval\u00eancia estrutural das esp\u00e9cies n\u00e3o-nativas invasoras <em>C<\/em>. <em>arabica <\/em>e <em>A<\/em>. caracterizam o Parque Vila dos Rem\u00e9dios como perturbado devido \u00e0 invas\u00e3o biol\u00f3gica. Os remanescentes comparados com o Parque Vila dos Rem\u00e9dios foram os Parques Municipais Santo Dias, Trianon, Alfredo Volpi, Burle Marx e Previd\u00eancia, um trecho do Parque Estadual Fontes do Ipiranga (PEFI) e tr\u00eas trechos da mata do Instituto Butantan (trecho de Remanescente, Eucaliptal e Capoeira sobre Lago Drenado). Entre os remanescentes comparados, os maiores valores de diversidade e riqueza foram encontrados no PEFI e Parque Previd\u00eancia e os menores nos tr\u00eas trechos do Instituto Butantan e Parque Vila dos Rem\u00e9dios.\u00a0Pela ordena\u00e7\u00e3o por escalonamento multidimensional n\u00e3o m\u00e9trico, todos os remanescentes analisados s\u00e3o dissimilares entre si, com exce\u00e7\u00e3o do par formado pelos Parques Burle Marx e Previd\u00eancia e o trecho de Remanescente do Butantan e o Parque Vila dos Rem\u00e9dios. Comparando os remanescentes da regi\u00e3o metropolitana de S\u00e3o Paulo \u00e9 poss\u00edvel afirmar que o processo de homogeneiza\u00e7\u00e3o bi\u00f3tica ainda n\u00e3o est\u00e1 estabelecido devido \u00e0 dissimilaridade flor\u00edstica entre eles. A heterogeneidade bi\u00f3tica na regi\u00e3o metropolitana \u00e9 evidenciada pela predomin\u00e2ncia de esp\u00e9cies secund\u00e1rias (iniciais e tardias) e zooc\u00f3ricas. Entretanto, o Parque Vila dos Rem\u00e9dios e a mata do Instituto Butantan por apresentarem baixa diversidade, associada a intensa invas\u00e3o biol\u00f3gica, s\u00e3o os remanescentes mais suscet\u00edveis \u00e0 homogeneiza\u00e7\u00e3o.<br \/>\nPalavras-chave: floresta urbana; homogeneiza\u00e7\u00e3o bi\u00f3tica; Mata Atl\u00e2ntica; Vila dos Rem\u00e9dios<\/p>\n<hr align=\"center\" noshade=\"noshade\" size=\"1\" width=\"100%\" \/>\n<p style=\"text-align: center\"><a href=\"https:\/\/smastr16.blob.core.windows.net\/pgibt\/sites\/242\/2021\/06\/nicolas_dos_santos_-ms.pdf\" target=\"_blank\" rel=\"noopener noreferrer\"><img decoding=\"async\" loading=\"lazy\" class=\"aligncenter\" src=\"https:\/\/smastr16.blob.core.windows.net\/pgibt\/2013\/09\/pdf_grande.gif\" alt=\"pdf_grande\" width=\"60\" height=\"60\" \/><\/a><a href=\"https:\/\/smastr16.blob.core.windows.net\/pgibt\/sites\/242\/2021\/06\/nicolas_dos_santos_-ms.pdf\" target=\"_blank\" rel=\"noopener noreferrer\"><strong>Nicolas Nathan dos Santos <\/strong><\/a><br \/>\n<a href=\"https:\/\/smastr16.blob.core.windows.net\/pgibt\/sites\/242\/2021\/06\/nicolas_dos_santos_-ms.pdf\" target=\"_blank\" rel=\"noopener noreferrer\">Estrutura e composi\u00e7\u00e3o de remanescente de floresta Atl\u00e2ntica em \u00e1reas urbanas localizadas na regi\u00e3o metropolitana do munic\u00edpio de S\u00e3o Paulo, Brasil<\/a><\/p>\n<hr align=\"center\" noshade=\"noshade\" size=\"1\" width=\"100%\" \/>\n<p style=\"text-align: center\"><strong>\u00a0<a href=\"https:\/\/www.infraestruturameioambiente.sp.gov.br\/pgibt\/dissertacoesteses\/\" target=\"_blank\" rel=\"noopener noreferrer\">VOLTAR AS DISSERTA\u00c7\u00d5ES E TESES<\/a><\/strong><\/p>\n<hr align=\"center\" noshade=\"noshade\" size=\"1\" width=\"100%\" \/>\n","protected":false},"excerpt":{"rendered":"<p>Nicolas Nathan dos Santos No dia 27 de setembro de 2019, o aluno da P\u00f3s-gradua\u00e7\u00e3o em Biodiversidade Vegetal e Meio Ambiente do Instituto de Bot\u00e2nica de S\u00e3o Paulo (IBt), Nicolas Nathan dos Santos defendeu sua disserta\u00e7\u00e3o de Mestrado intitulada: \u201cEstrutura e composi\u00e7\u00e3o de remanescente de floresta Atl\u00e2ntica em \u00e1reas urbanas localizadas na regi\u00e3o metropolitana do [&hellip;]<\/p>\n","protected":false},"author":103,"featured_media":0,"parent":249,"menu_order":0,"comment_status":"closed","ping_status":"closed","template":"","meta":[],"_links":{"self":[{"href":"https:\/\/www.infraestruturameioambiente.sp.gov.br\/pgibt\/wp-json\/wp\/v2\/pages\/7834"}],"collection":[{"href":"https:\/\/www.infraestruturameioambiente.sp.gov.br\/pgibt\/wp-json\/wp\/v2\/pages"}],"about":[{"href":"https:\/\/www.infraestruturameioambiente.sp.gov.br\/pgibt\/wp-json\/wp\/v2\/types\/page"}],"author":[{"embeddable":true,"href":"https:\/\/www.infraestruturameioambiente.sp.gov.br\/pgibt\/wp-json\/wp\/v2\/users\/103"}],"replies":[{"embeddable":true,"href":"https:\/\/www.infraestruturameioambiente.sp.gov.br\/pgibt\/wp-json\/wp\/v2\/comments?post=7834"}],"version-history":[{"count":1,"href":"https:\/\/www.infraestruturameioambiente.sp.gov.br\/pgibt\/wp-json\/wp\/v2\/pages\/7834\/revisions"}],"predecessor-version":[{"id":7837,"href":"https:\/\/www.infraestruturameioambiente.sp.gov.br\/pgibt\/wp-json\/wp\/v2\/pages\/7834\/revisions\/7837"}],"up":[{"embeddable":true,"href":"https:\/\/www.infraestruturameioambiente.sp.gov.br\/pgibt\/wp-json\/wp\/v2\/pages\/249"}],"wp:attachment":[{"href":"https:\/\/www.infraestruturameioambiente.sp.gov.br\/pgibt\/wp-json\/wp\/v2\/media?parent=7834"}],"curies":[{"name":"wp","href":"https:\/\/api.w.org\/{rel}","templated":true}]}}