{"id":7821,"date":"2021-06-17T23:32:25","date_gmt":"2021-06-18T02:32:25","guid":{"rendered":"https:\/\/www.infraestruturameioambiente.sp.gov.br\/pgibt\/?page_id=7821"},"modified":"2021-06-17T23:32:25","modified_gmt":"2021-06-18T02:32:25","slug":"roberta-keyla-kojima-ms","status":"publish","type":"page","link":"https:\/\/www.infraestruturameioambiente.sp.gov.br\/pgibt\/dissertacoesteses\/roberta-keyla-kojima-ms\/","title":{"rendered":"Roberta Keyla Kojima MS"},"content":{"rendered":"<h2 style=\"text-align: center\"><a href=\"https:\/\/www.infraestruturameioambiente.sp.gov.br\/pgibt\/\" target=\"_blank\" rel=\"noopener noreferrer\"><img decoding=\"async\" loading=\"lazy\" class=\"aligncenter wp-image-3777 size-full\" style=\"border: 0px\" src=\"https:\/\/smastr16.blob.core.windows.net\/pgibt\/2015\/02\/faixapos6.jpg\" alt=\"faixapos6\" width=\"950\" height=\"163\" srcset=\"https:\/\/smastr16.blob.core.windows.net\/pgibt\/2015\/02\/faixapos6.jpg 950w, https:\/\/smastr16.blob.core.windows.net\/pgibt\/2015\/02\/faixapos6-768x131.jpg 768w\" sizes=\"(max-width: 950px) 100vw, 950px\" \/><\/a><\/h2>\n<hr align=\"center\" noshade=\"noshade\" size=\"1\" width=\"100%\" \/>\n<h2 style=\"text-align: center\">Roberta Keyla Kojima<\/h2>\n<hr align=\"center\" noshade=\"noshade\" size=\"1\" width=\"100%\" \/>\n<p style=\"text-align: center\"><img decoding=\"async\" loading=\"lazy\" class=\"alignnone wp-image-7822 \" src=\"https:\/\/smastr16.blob.core.windows.net\/pgibt\/sites\/242\/2021\/06\/img_2092-256x192.jpg\" alt=\"\" width=\"424\" height=\"318\" srcset=\"https:\/\/smastr16.blob.core.windows.net\/pgibt\/sites\/242\/2021\/06\/img_2092-256x192.jpg 256w, https:\/\/smastr16.blob.core.windows.net\/pgibt\/sites\/242\/2021\/06\/img_2092-960x720.jpg 960w, https:\/\/smastr16.blob.core.windows.net\/pgibt\/sites\/242\/2021\/06\/img_2092-768x576.jpg 768w, https:\/\/smastr16.blob.core.windows.net\/pgibt\/sites\/242\/2021\/06\/img_2092-1536x1152.jpg 1536w, https:\/\/smastr16.blob.core.windows.net\/pgibt\/sites\/242\/2021\/06\/img_2092-2048x1536.jpg 2048w, https:\/\/smastr16.blob.core.windows.net\/pgibt\/sites\/242\/2021\/06\/img_2092-250x188.jpg 250w, https:\/\/smastr16.blob.core.windows.net\/pgibt\/sites\/242\/2021\/06\/img_2092-550x413.jpg 550w, https:\/\/smastr16.blob.core.windows.net\/pgibt\/sites\/242\/2021\/06\/img_2092-800x600.jpg 800w, https:\/\/smastr16.blob.core.windows.net\/pgibt\/sites\/242\/2021\/06\/img_2092-240x180.jpg 240w, https:\/\/smastr16.blob.core.windows.net\/pgibt\/sites\/242\/2021\/06\/img_2092-400x300.jpg 400w, https:\/\/smastr16.blob.core.windows.net\/pgibt\/sites\/242\/2021\/06\/img_2092-667x500.jpg 667w\" sizes=\"(max-width: 424px) 100vw, 424px\" \/><\/p>\n<p style=\"text-align: center\">No dia 30 de setembro de 2019, no anfiteatro do Instituto de Bot\u00e2nica (IBt \u2013 SP), Roberta Keyla Kojima, aluna de mestrado do Programa de P\u00f3s-gradua\u00e7\u00e3o em Biodiversidade Vegetal e Meio Ambiente e bolsista do Conselho Nacional de Desenvolvimento Cient\u00edfico e Tecnol\u00f3gico (CNPq), defendeu a sua disserta\u00e7\u00e3o intitulada: \u201cConvolvulaceae do Parque Nacional da Serra da Canastra, Minas Gerais, Brasil\u201d, sob a orienta\u00e7\u00e3o da Dra. Ros\u00e2ngela Sim\u00e3o-Bianchini.<\/p>\n<p style=\"text-align: center\">A banca examinadora foi presidida pela Dra. Ros\u00e2ngela Sim\u00e3o-Bianchini (Instituto de Bot\u00e2nica \u2013 SP), tendo como membros o Dr. Rodrigo Sampaio Rodrigues (Secretaria de Educa\u00e7\u00e3o \u2013 SP) e Dra. L\u00facia Rossi (Instituto de Bot\u00e2nica \u2013 SP).<\/p>\n<p style=\"text-align: center\">O trabalho consistiu no estudo dos representantes de Convolvulaceae no Parque Nacional da Serra da Canastra, importante Unidade de Conserva\u00e7\u00e3o situada na por\u00e7\u00e3o sudoeste do Estado de Minas Gerais, inserida no dom\u00ednio fitogeogr\u00e1fico do Cerrado. Foram utilizadas ferramentas de taxonomia cl\u00e1ssica, an\u00e1lises e descri\u00e7\u00f5es morfol\u00f3gicas das esp\u00e9cies. Como resultado, observou-se a que a fam\u00edlia \u00e9 bem representada no Parque, com poucas esp\u00e9cies ruderais dentro da \u00e1rea. O manuscrito \u201c<em>Bonamia eustachioi <\/em>(Convolvulaceae), a new species from Brazil associated to environment of rocky Cerrado and Caatinga\u201d foi submetido para a revista Brittonia. A monografia \u201cConvolvulaceae from the Serra da Canastra National Park, Minas Gerais, Brazil\u201d j\u00e1 est\u00e1 nas normas da revista Rodrigu\u00e9sia, aguardando a publica\u00e7\u00e3o da nova esp\u00e9cie para ser submetida. O estudo contribuiu para aprimorar o conhecimento de Convolvulaceae em Minas Gerais e no Brasil.<\/p>\n<hr align=\"center\" noshade=\"noshade\" size=\"1\" width=\"100%\" \/>\n<h3 style=\"text-align: center\">Convolvulaceae do Parque Nacional da Serra da Canastra, Minas Gerais, Brasil<\/h3>\n<hr align=\"center\" noshade=\"noshade\" size=\"1\" width=\"100%\" \/>\n<p style=\"text-align: center\"><strong>ABSTRACT<\/strong><\/p>\n<p style=\"text-align: justify\">Convolvulaceae is broadly distributed, with the greater number of species in the tropical and subtropical region. In Brazil, it occurs in all kinds of vegetation. The relief differences found in Minas Gerais, in addition to the soil and climate specificity, resulted in landscapes covered by characteristic vegetation types, which are inserted under the Cerrado (the biggest of the State), Atlantic Rainforest and Caatinga domains. The Serra da Canastra National Park (PNSC) is managed by Instituto Chico Mendes de Conserva\u00e7\u00e3o da Biodiversidade (ICMBio) and is the second bigger Conservation Unit of Minas Gerais. A taxonomic treatment and a floristic survey of the species of Convolvulaceae in PNSC were carried out in order to contribute with the knowledge of the local flora, clarifying morphological aspects and the distribution of species. A fieldwork expedition of 11 days was made to collect samples for study; also, botanic materials deposited in herbaria were analyzed, mainly those of the Uberl\u00e2ndia Federal University (HUFU), that holds the collection of the flora of Serra da Canastra. We confirmed the occurrence of five genera and 23 species of Convolvulaceae in the PNSC: <em>Bonamia eustachioi<\/em> A.L.C. Moreira &amp; Kojima, <em>Distimake maragniensis <\/em>(Choisy) Petrongari &amp; Sim.-Bianch., <em>D. tomentous <\/em>(Choisy) Petrongari &amp; Sim.-Bianch., <em>Evolvulus aurigenius <\/em>Mart., <em>E. cressoides <\/em>Mart., <em>E. glomeratus <\/em>Nees &amp; Mart., <em>E. goyazensis <\/em>Dammer, <em>E. lagopodioides <\/em>Meisn<em>.<\/em>, <em>E. pterygophyllus<\/em> Mart., <em>Ipomoea. acutisepala <\/em>O\u2019Donell, <em>I. aprica <\/em>House, <em>I. argentea <\/em>Meisn., <em>I. campestris <\/em>Meisn., <em>I. delphinioides <\/em>Choisy, <em>I. fiebrigii <\/em>Hassl. ex O&#8217;Donell, <em>I. langsdorffii <\/em>Choisy, <em>I. pinifolia <\/em>Meisn., <em>I. pohlii <\/em>Choisy,<em> I. procumbens <\/em>Mart. ex Choisy, <em>I. prucurrens <\/em>Meisn., <em>I. verbasciformis <\/em>(Meisn.) O\u2019Donell, <em>Jacquemontia prostrata <\/em>Choisy and <em>J. sphaerostigma <\/em>(Cav.) Rusby<em>.<\/em> This work includes identification keys for genera and species, morphologic descriptions, comments for each taxon, illustrations, and photographs of specimens in nature (Chapter 1). It was constated the occurrence of a new species: <em>Bonamia eustachioi<\/em> A.L.C. Moreira &amp; Kojima (Chapter 2). A study describing the morpho-anatomical underground system of <em>E. pterygophyllus <\/em>var. <em>puberulus <\/em>Meisn. was conducted (Chapter 3). Finally, it was elaborated a field guide for the Convolvulaceae of PNSC (Chapter 4).<br \/>\nKeywords: Rare species, Flora of Brazil, Morning glory, Solanales, Taxonomy<\/p>\n<p style=\"text-align: center\"><strong>RESUMO<\/strong><\/p>\n<p style=\"text-align: justify\">Convolvulaceae est\u00e1 amplamente distribu\u00edda, com maior n\u00famero de esp\u00e9cies nas regi\u00f5es tropicais e subtropicais. No Brasil, ocorrem em todas as forma\u00e7\u00f5es vegetais. As diferentes formas de relevo em Minas Gerais, somadas \u00e0s especificidades de solo e clima, propiciaram paisagens recobertas por vegeta\u00e7\u00f5es caracter\u00edsticas, inseridas nos dom\u00ednios do Cerrado (maior do Estado), da Mata Atl\u00e2ntica e da Caatinga. O Parque Nacional da Serra da Canastra (PNSC) \u00e9 gerido pelo Instituto Chico Mendes de Conserva\u00e7\u00e3o da Biodiversidade (ICMBio), sendo a segunda maior unidade de conserva\u00e7\u00e3o de Minas Gerais. Foram feitos o tratamento taxon\u00f4mico e o estudo flor\u00edstico de Convolvulaceae do PNSC com o objetivo de contribuir com o conhecimento da flora local, esclarecendo aspectos morfol\u00f3gicos e de distribui\u00e7\u00e3o das esp\u00e9cies na \u00e1rea. Foi realizada viagem ao campo com dura\u00e7\u00e3o de 11 dias para coleta de amostras para estudo. Foram, tamb\u00e9m, analisados materiais bot\u00e2nicos depositados em herb\u00e1rios, destacando o da Universidade Federal de Uberl\u00e2ndia (HUFU), que abriga a cole\u00e7\u00e3o da flora da Serra da Canastra. Confirmou-se a ocorr\u00eancia de cinco g\u00eaneros e 23 esp\u00e9cies de Convolvulaceae para o PNSC: <em>Bonamia eustachioi<\/em> A.L.C. Moreira &amp; Kojima, <em>Distimake maragniensis <\/em>(Choisy) Petrongari &amp; Sim.-Bianch., <em>D. tomentous <\/em>(Choisy) Petrongari &amp; Sim.-Bianch., <em>Evolvulus aurigenius <\/em>Mart., <em>E. cressoides <\/em>Mart., <em>E. glomeratus <\/em>Nees &amp; Mart., <em>E. goyazensis <\/em>Dammer, <em>E. lagopodioides <\/em>Meisn<em>.<\/em>, <em>E. pterygophyllus<\/em> Mart., <em>Ipomoea. acutisepala <\/em>O\u2019Donell, <em>I. aprica <\/em>House, <em>I. argentea <\/em>Meisn., <em>I. campestris <\/em>Meisn., <em>I. delphinioides <\/em>Choisy, <em>I. fiebrigii <\/em>Hassl. ex O&#8217;Donell, <em>I. langsdorffii <\/em>Choisy, <em>I. pinifolia <\/em>Meisn., <em>I. pohlii <\/em>Choisy, <em>I. procumbens <\/em>Mart. ex Choisy, <em>I. procurrens <\/em>Meisn., <em>I. verbasciformis <\/em>(Meisn.) O\u2019Donell, <em>Jacquemontia prostrata <\/em>Choisy e <em>J. sphaerostigma <\/em>(Cav.) Rusby. S\u00e3o apresentadas chaves de identifica\u00e7\u00e3o para g\u00eaneros e esp\u00e9cies, descri\u00e7\u00f5es morfol\u00f3gicas, coment\u00e1rios para cada t\u00e1xon, ilustra\u00e7\u00f5es e fotos dos esp\u00e9cimes no campo (Cap\u00edtulo 1). Constatou-se a ocorr\u00eancia de uma nova esp\u00e9cie: <em>Bonamia eustachioi<\/em> A.L.C. Moreira &amp; Kojima (Cap\u00edtulo 2). Foi feito o estudo de descri\u00e7\u00e3o morfo-anat\u00f4mica do sistema subterr\u00e2neo de <em>E. pterygophyllus <\/em>Mart. var. <em>puberulus <\/em>Meisn. (Cap\u00edtulo 3). Por fim, foi elaborado um guia de campo das Convolvulaceae do PNSC (Cap\u00edtulo 4).<br \/>\nPalavras-chave: Esp\u00e9cies raras, Flora do Brasil, Jetirana, Solanales, Taxonomia<\/p>\n<hr align=\"center\" noshade=\"noshade\" size=\"1\" width=\"100%\" \/>\n<p style=\"text-align: center\"><a href=\"https:\/\/smastr16.blob.core.windows.net\/pgibt\/sites\/242\/2021\/06\/roberta_keyla_kojima_ms-1.pdf\" target=\"_blank\" rel=\"noopener noreferrer\"><img decoding=\"async\" loading=\"lazy\" class=\"aligncenter\" src=\"https:\/\/smastr16.blob.core.windows.net\/pgibt\/2013\/09\/pdf_grande.gif\" alt=\"pdf_grande\" width=\"60\" height=\"60\" \/><\/a><a href=\"https:\/\/smastr16.blob.core.windows.net\/pgibt\/sites\/242\/2021\/06\/roberta_keyla_kojima_ms-1.pdf\" target=\"_blank\" rel=\"noopener noreferrer\"><strong>Roberta Keyla Kojima<\/strong><\/a><br \/>\n<a href=\"https:\/\/smastr16.blob.core.windows.net\/pgibt\/sites\/242\/2021\/06\/roberta_keyla_kojima_ms-1.pdf\" target=\"_blank\" rel=\"noopener noreferrer\">Convolvulaceae do Parque Nacional da Serra da Canastra, Minas Gerais, Brasil<\/a><\/p>\n<hr align=\"center\" noshade=\"noshade\" size=\"1\" width=\"100%\" \/>\n<p style=\"text-align: center\"><strong>\u00a0<a href=\"https:\/\/www.infraestruturameioambiente.sp.gov.br\/pgibt\/dissertacoesteses\/\" target=\"_blank\" rel=\"noopener noreferrer\">VOLTAR AS DISSERTA\u00c7\u00d5ES E TESES<\/a><\/strong><\/p>\n<hr align=\"center\" noshade=\"noshade\" size=\"1\" width=\"100%\" \/>\n","protected":false},"excerpt":{"rendered":"<p>Roberta Keyla Kojima No dia 30 de setembro de 2019, no anfiteatro do Instituto de Bot\u00e2nica (IBt \u2013 SP), Roberta Keyla Kojima, aluna de mestrado do Programa de P\u00f3s-gradua\u00e7\u00e3o em Biodiversidade Vegetal e Meio Ambiente e bolsista do Conselho Nacional de Desenvolvimento Cient\u00edfico e Tecnol\u00f3gico (CNPq), defendeu a sua disserta\u00e7\u00e3o intitulada: \u201cConvolvulaceae do Parque Nacional [&hellip;]<\/p>\n","protected":false},"author":103,"featured_media":0,"parent":249,"menu_order":0,"comment_status":"closed","ping_status":"closed","template":"","meta":[],"_links":{"self":[{"href":"https:\/\/www.infraestruturameioambiente.sp.gov.br\/pgibt\/wp-json\/wp\/v2\/pages\/7821"}],"collection":[{"href":"https:\/\/www.infraestruturameioambiente.sp.gov.br\/pgibt\/wp-json\/wp\/v2\/pages"}],"about":[{"href":"https:\/\/www.infraestruturameioambiente.sp.gov.br\/pgibt\/wp-json\/wp\/v2\/types\/page"}],"author":[{"embeddable":true,"href":"https:\/\/www.infraestruturameioambiente.sp.gov.br\/pgibt\/wp-json\/wp\/v2\/users\/103"}],"replies":[{"embeddable":true,"href":"https:\/\/www.infraestruturameioambiente.sp.gov.br\/pgibt\/wp-json\/wp\/v2\/comments?post=7821"}],"version-history":[{"count":2,"href":"https:\/\/www.infraestruturameioambiente.sp.gov.br\/pgibt\/wp-json\/wp\/v2\/pages\/7821\/revisions"}],"predecessor-version":[{"id":7825,"href":"https:\/\/www.infraestruturameioambiente.sp.gov.br\/pgibt\/wp-json\/wp\/v2\/pages\/7821\/revisions\/7825"}],"up":[{"embeddable":true,"href":"https:\/\/www.infraestruturameioambiente.sp.gov.br\/pgibt\/wp-json\/wp\/v2\/pages\/249"}],"wp:attachment":[{"href":"https:\/\/www.infraestruturameioambiente.sp.gov.br\/pgibt\/wp-json\/wp\/v2\/media?parent=7821"}],"curies":[{"name":"wp","href":"https:\/\/api.w.org\/{rel}","templated":true}]}}