{"id":7810,"date":"2021-06-11T22:37:31","date_gmt":"2021-06-12T01:37:31","guid":{"rendered":"https:\/\/www.infraestruturameioambiente.sp.gov.br\/pgibt\/?page_id=7810"},"modified":"2022-09-09T12:07:41","modified_gmt":"2022-09-09T15:07:41","slug":"marina-lemy-koga-ms","status":"publish","type":"page","link":"https:\/\/www.infraestruturameioambiente.sp.gov.br\/pgibt\/dissertacoesteses\/marina-lemy-koga-ms\/","title":{"rendered":"Marina Lemy Koga MS"},"content":{"rendered":"<h2 style=\"text-align: center\"><a href=\"https:\/\/www.infraestruturameioambiente.sp.gov.br\/pgibt\/\" target=\"_blank\" rel=\"noopener noreferrer\"><img decoding=\"async\" loading=\"lazy\" class=\"aligncenter wp-image-3777 size-full\" style=\"border: 0px\" src=\"https:\/\/smastr16.blob.core.windows.net\/pgibt\/2015\/02\/faixapos6.jpg\" alt=\"faixapos6\" width=\"950\" height=\"163\" srcset=\"https:\/\/smastr16.blob.core.windows.net\/pgibt\/2015\/02\/faixapos6.jpg 950w, https:\/\/smastr16.blob.core.windows.net\/pgibt\/2015\/02\/faixapos6-768x131.jpg 768w\" sizes=\"(max-width: 950px) 100vw, 950px\" \/><\/a><\/h2>\n<hr align=\"center\" noshade=\"noshade\" size=\"1\" width=\"100%\" \/>\n<h2 style=\"text-align: center\">Marina Lemy Koga<\/h2>\n<hr align=\"center\" noshade=\"noshade\" size=\"1\" width=\"100%\" \/>\n<p style=\"text-align: center\"><img decoding=\"async\" loading=\"lazy\" class=\"alignnone wp-image-7811 \" src=\"https:\/\/smastr16.blob.core.windows.net\/pgibt\/sites\/242\/2021\/06\/imagem1-223x192.jpg\" alt=\"\" width=\"344\" height=\"296\" srcset=\"https:\/\/smastr16.blob.core.windows.net\/pgibt\/sites\/242\/2021\/06\/imagem1-223x192.jpg 223w, https:\/\/smastr16.blob.core.windows.net\/pgibt\/sites\/242\/2021\/06\/imagem1-250x215.jpg 250w, https:\/\/smastr16.blob.core.windows.net\/pgibt\/sites\/242\/2021\/06\/imagem1-209x180.jpg 209w, https:\/\/smastr16.blob.core.windows.net\/pgibt\/sites\/242\/2021\/06\/imagem1-348x300.jpg 348w, https:\/\/smastr16.blob.core.windows.net\/pgibt\/sites\/242\/2021\/06\/imagem1.jpg 454w\" sizes=\"(max-width: 344px) 100vw, 344px\" \/><\/p>\n<p style=\"text-align: justify\">Em 07 de maio de 2020, Marina Lemy Koga, aluna de Mestrado do Programa de P\u00f3s-gradua\u00e7\u00e3o em Biodiversidade Vegetal e Meio Ambiente do Instituto de Bot\u00e2nica (IBt-SP) e bolsista do Conselho Nacional de Desenvolvimento Cient\u00edfico e Tecnol\u00f3gico (CNPq), defendeu a sua disserta\u00e7\u00e3o intitulada: \u201cBri\u00f3fitas do Parque Estadual do Rio Turvo (PERT), no Estado de S\u00e3o Paulo\u201d de forma remota, atrav\u00e9s da plataforma de videoconfer\u00eancias Jitsi Meet.<\/p>\n<p style=\"text-align: justify\">A banca examinadora foi presidida pelo Dr. Denilson Fernandes Peralta (Instituto de Bot\u00e2nica \u2013 IBt-SP), tendo como membros Dra. Ju\u00e7ara Bordin (Universidade Estadual do Rio Grande do Sul &#8211; UERGS) e Dra. Sonia Aragaki (Instituto de Bot\u00e2nica \u2013 IBt-SP). Ap\u00f3s a argui\u00e7\u00e3o da banca examinadora, os integrantes deliberaram conceder o t\u00edtulo de Mestre \u00e0 aluna.<\/p>\n<p style=\"text-align: justify\">O trabalho consiste no levantamento flor\u00edstico de bri\u00f3fitas do Parque Estadual do Rio Turvo (PERT), localizado no Vale do Ribeira, no sul do Estado de S\u00e3o Paulo (SP). Foram identificadas 414 esp\u00e9cies ao todo, sendo 204 musgos, 203 hep\u00e1ticas e sete ant\u00f3ceros. A an\u00e1lise de aspectos reprodutivos e ecol\u00f3gicos permitiu compreender a riqueza das fam\u00edlias diante das condi\u00e7\u00f5es dos microambientes. Apesar da interven\u00e7\u00e3o antr\u00f3pica na \u00e1rea, indicadores como a presen\u00e7a de esp\u00e9cies raras e o registro de novas ocorr\u00eancias para SP revelam o PERT como grande reduto de biodiversidade, sendo essencial na conserva\u00e7\u00e3o da Mata Atl\u00e2ntica. Al\u00e9m disso, atrav\u00e9s de uma an\u00e1lise comparativa de similaridade flor\u00edstica entre o PERT e dezessete \u00e1reas localizadas neste mesmo dom\u00ednio fitogeogr\u00e1fico, ao longo de um gradiente latitudinal, foi poss\u00edvel verificar que a \u00e1rea mais semelhante ao PERT \u00e9 o Parque Estadual Serra do Mar, N\u00facleo Santa Virg\u00ednia.<\/p>\n<hr align=\"center\" noshade=\"noshade\" size=\"1\" width=\"100%\" \/>\n<h3 style=\"text-align: center\">Bri\u00f3fitas do Parque Estadual do Rio Turvo (PERT), no Estado de S\u00e3o Paulo<\/h3>\n<hr align=\"center\" noshade=\"noshade\" size=\"1\" width=\"100%\" \/>\n<p style=\"text-align: center\"><strong>ABSTRACT<\/strong><\/p>\n<p style=\"text-align: justify\">Bryophytes are non-vascular, poiquilohydric plants (highly susceptible to absorption and loss of moisture) and dependent on water for sexual reproduction. 1,582 species of bryophytes are recognized for Brazil and 911 spp. for the State of S\u00e3o Paulo (SP). The Rio Turvo State Park (RTSP) is a large conservation unit (approximately 74,000 hectares), located in the south of SP, more specifically in the Vale do Ribeira region. The Atlantic Forest (AF) is the phytogeographic domain that has the greatest richness (1,356 spp.) and the highest rate of endemism of bryophytes in the country, occupying a privileged position in the list of hotspots on the planet. In order to provide subsidies for the preservation of this important and threatened domain, this study proposed the realization of a floristic survey in the RTSP, following the free-walking method, discussing the geographical distribution of species, colonization by substrates and reproductive aspects. 414 spp. were found, which represent 45% of the richness known for SP and 30% for AF, being 7 spp. of hornwortss, 203 of liverworts and 204 of mosses. Considering the ecological aspects, there was a predominance of corticolous substrate (40% of the occurrences), mat life form (47% of the species) and the dioicous sexual system, indicating that environmental characteristics, such as high humidity, dense vegetation and consequent shading rate are determining factors in the floristic composition. Despite the anthropic intervention in the area, RTSP demonstrates its relevance by harbouring a huge biodiversity, evidenced by the considerable presence of rare species and first occurrences of 16 spp. for SP. In order to understand the differences in richness and floristic composition among areas of the Atlantic Forest distributed along a latitudinal gradient, we performed a comparative analysis of similarity from a matrix (of presence and absence of species) embracing 18 conservation units and areas that presented more than 100 spp. of bryophytes, distributed in tropical and temperate zones, including the RTSP. The cluster analysis obtained by the PAST software resulted in four groups, whose similarities can be attributed to the type of vegetation in common, relief, climate and longitude, since inland regions differ from the coastal ones, especially in terms of annual rainfall. Of the areas applied in the study, the one that is most similar to RTSP is the Serra do Mar State Park, n\u00facleo Santa Virg\u00ednia.<br \/>\n<strong>Keywords<\/strong>: bryophytes, hornworts, liverworts, mosses, floristics, distribution, similarity analysis, ombrophilous forest, conservation unit, Vale do Ribeira, Atlantic Forest<\/p>\n<p style=\"text-align: center\"><strong>RESUMO<\/strong><\/p>\n<p style=\"text-align: justify\">As bri\u00f3fitas s\u00e3o plantas avasculares, poiquilo\u00eddricas (s\u00e3o altamente suscept\u00edveis \u00e0 absor\u00e7\u00e3o e perda de umidade) e dependentes de \u00e1gua para a reprodu\u00e7\u00e3o sexuada. S\u00e3o reconhecidas 1.582 esp\u00e9cies de bri\u00f3fitas para o Brasil e 911 spp. para o Estado de S\u00e3o Paulo (SP). O Parque Estadual do Rio Turvo (PERT) \u00e9 uma grande unidade de conserva\u00e7\u00e3o (\u00e1rea aproximada de 74 mil hectares), localizada no sul de SP, mais especificamente na regi\u00e3o do Vale do Ribeira. A Mata Atl\u00e2ntica (MA) \u00e9 o dom\u00ednio fitogeogr\u00e1fico que apresenta a maior taxa de riqueza (1.356 spp.) e endemismo de bri\u00f3fitas no pa\u00eds, ocupando posi\u00e7\u00e3o privilegiada na lista de <em>hotspots<\/em> do planeta. Visando fornecer subs\u00eddios para a preserva\u00e7\u00e3o desse importante e amea\u00e7ado dom\u00ednio, este estudo prop\u00f4s a realiza\u00e7\u00e3o de um levantamento flor\u00edstico no PERT, seguindo o m\u00e9todo de caminhadas livres, discutindo a distribui\u00e7\u00e3o geogr\u00e1fica das esp\u00e9cies, a coloniza\u00e7\u00e3o por substratos e aspectos reprodutivos. Foram encontradas 414 spp., que representam 45% da riqueza conhecida para SP e 30% para a MA, sendo 7 spp. de ant\u00f3ceros, 203 de hep\u00e1ticas e 204 de musgos. Quanto aos aspectos ecol\u00f3gicos, houve predomin\u00e2ncia da coloniza\u00e7\u00e3o em substrato cortic\u00edcola (40% das ocorr\u00eancias), forma de vida em tapete (47% das esp\u00e9cies) e do sistema sexual dioico, indicando que caracter\u00edsticas ambientais, como a alta umidade, vegeta\u00e7\u00e3o densa e consequente sombreamento s\u00e3o fatores determinantes na composi\u00e7\u00e3o flor\u00edstica. Apesar de estar sujeito \u00e0 interven\u00e7\u00e3o antr\u00f3pica, o PERT demonstra sua relev\u00e2ncia pela imensa biodiversidade que abriga, evidenciada pela consider\u00e1vel presen\u00e7a de esp\u00e9cies raras e ocorr\u00eancias in\u00e9ditas de 16 spp. para SP. Com o intuito de compreender as diferen\u00e7as de riqueza e composi\u00e7\u00e3o flor\u00edstica entre \u00e1reas de Mata Atl\u00e2ntica distribu\u00eddas ao longo de um gradiente latitudinal, realizamos uma an\u00e1lise comparativa de similaridade a partir da matriz de presen\u00e7a e aus\u00eancia de esp\u00e9cies de 18 unidades de conserva\u00e7\u00e3o e \u00e1reas que apresentassem mais de 100 spp. de bri\u00f3fitas, distribu\u00eddas nas zonas tropical e temperada, incluindo o PERT. A an\u00e1lise de agrupamento obtida pelo programa PAST resultou em quatro grupos, cujas similaridades podem ser atribu\u00eddas ao tipo de vegeta\u00e7\u00e3o em comum, relevo, clima e longitude, visto que regi\u00f5es interioranas diferem das litor\u00e2neas, principalmente no quesito pluviosidade anual. Das \u00e1reas aplicadas no estudo, a que mais se assemelha ao PERT \u00e9 o Parque Estadual Serra do Mar, n\u00facleo Santa Virg\u00ednia.<br \/>\n<strong>Palavras-chave:<\/strong> bri\u00f3fitas, ant\u00f3ceros, hep\u00e1ticas, musgos, flor\u00edstica, distribui\u00e7\u00e3o, an\u00e1lise de similaridade, floresta ombr\u00f3fila, unidade de conserva\u00e7\u00e3o, Vale do Ribeira, Mata Atl\u00e2ntica<\/p>\n<hr align=\"center\" noshade=\"noshade\" size=\"1\" width=\"100%\" \/>\n<p style=\"text-align: center\"><a href=\"https:\/\/smastr16.blob.core.windows.net\/pgibt\/sites\/242\/2021\/06\/marina_lemy_koga_ms.pdf\" target=\"_blank\" rel=\"noopener noreferrer\"><img decoding=\"async\" loading=\"lazy\" class=\"aligncenter\" src=\"https:\/\/smastr16.blob.core.windows.net\/pgibt\/2013\/09\/pdf_grande.gif\" alt=\"pdf_grande\" width=\"60\" height=\"60\" \/><\/a><a href=\"https:\/\/smastr16.blob.core.windows.net\/pgibt\/sites\/242\/2021\/06\/marina_lemy_koga_ms.pdf\" target=\"_blank\" rel=\"noopener noreferrer\"><strong>Marina Lemy Koga<\/strong><\/a><br \/>\n<a href=\"https:\/\/smastr16.blob.core.windows.net\/pgibt\/sites\/242\/2021\/06\/marina_lemy_koga_ms.pdf\" target=\"_blank\" rel=\"noopener noreferrer\">Bri\u00f3fitas do Parque Estadual do Rio Turvo (PERT), no Estado de S\u00e3o Paulo<\/a><\/p>\n<hr align=\"center\" noshade=\"noshade\" size=\"1\" width=\"100%\" \/>\n<p style=\"text-align: center\"><strong>\u00a0<a href=\"https:\/\/www.infraestruturameioambiente.sp.gov.br\/pgibt\/dissertacoesteses\/\" target=\"_blank\" rel=\"noopener noreferrer\">VOLTAR AS DISSERTA\u00c7\u00d5ES E TESES<\/a><\/strong><\/p>\n<hr align=\"center\" noshade=\"noshade\" size=\"1\" width=\"100%\" \/>\n","protected":false},"excerpt":{"rendered":"<p>Marina Lemy Koga Em 07 de maio de 2020, Marina Lemy Koga, aluna de Mestrado do Programa de P\u00f3s-gradua\u00e7\u00e3o em Biodiversidade Vegetal e Meio Ambiente do Instituto de Bot\u00e2nica (IBt-SP) e bolsista do Conselho Nacional de Desenvolvimento Cient\u00edfico e Tecnol\u00f3gico (CNPq), defendeu a sua disserta\u00e7\u00e3o intitulada: \u201cBri\u00f3fitas do Parque Estadual do Rio Turvo (PERT), no [&hellip;]<\/p>\n","protected":false},"author":103,"featured_media":0,"parent":249,"menu_order":0,"comment_status":"closed","ping_status":"closed","template":"","meta":[],"_links":{"self":[{"href":"https:\/\/www.infraestruturameioambiente.sp.gov.br\/pgibt\/wp-json\/wp\/v2\/pages\/7810"}],"collection":[{"href":"https:\/\/www.infraestruturameioambiente.sp.gov.br\/pgibt\/wp-json\/wp\/v2\/pages"}],"about":[{"href":"https:\/\/www.infraestruturameioambiente.sp.gov.br\/pgibt\/wp-json\/wp\/v2\/types\/page"}],"author":[{"embeddable":true,"href":"https:\/\/www.infraestruturameioambiente.sp.gov.br\/pgibt\/wp-json\/wp\/v2\/users\/103"}],"replies":[{"embeddable":true,"href":"https:\/\/www.infraestruturameioambiente.sp.gov.br\/pgibt\/wp-json\/wp\/v2\/comments?post=7810"}],"version-history":[{"count":3,"href":"https:\/\/www.infraestruturameioambiente.sp.gov.br\/pgibt\/wp-json\/wp\/v2\/pages\/7810\/revisions"}],"predecessor-version":[{"id":8238,"href":"https:\/\/www.infraestruturameioambiente.sp.gov.br\/pgibt\/wp-json\/wp\/v2\/pages\/7810\/revisions\/8238"}],"up":[{"embeddable":true,"href":"https:\/\/www.infraestruturameioambiente.sp.gov.br\/pgibt\/wp-json\/wp\/v2\/pages\/249"}],"wp:attachment":[{"href":"https:\/\/www.infraestruturameioambiente.sp.gov.br\/pgibt\/wp-json\/wp\/v2\/media?parent=7810"}],"curies":[{"name":"wp","href":"https:\/\/api.w.org\/{rel}","templated":true}]}}